{"id":9,"date":"2016-11-15T04:24:58","date_gmt":"2016-11-15T03:24:58","guid":{"rendered":"http:\/\/evileu.de\/zum-schwarzen-pinguin\/?page_id=9"},"modified":"2017-03-18T15:11:03","modified_gmt":"2017-03-18T14:11:03","slug":"kaffeetassen-sprueche","status":"publish","type":"page","link":"https:\/\/evileu.de\/zum-schwarzen-pinguin\/kaffeetassen-sprueche\/","title":{"rendered":"Kaffeetassen-Spr\u00fcche"},"content":{"rendered":"<p>Kaffee ist meiner Erfahrung nach der Treibstoff in der IT, und auch in vielen anderen Berufssparten. In jedem Betrieb gibt es mindestens eine Kaffeemaschine, wird eine Kaffeekasse gef\u00fchrt und trinkt man\u00a0 als heiliges Ritual am Morgen die erste Tasse des geliebten Gebr\u00e4us, bevor man mit der Tagesarbeit anf\u00e4ngt.<\/p>\n<p>Psychologisch und menschlich interessant wird es da, wo jeder seine eigene Kaffeetasse mitbringt. Die Bilder und Spr\u00fcche auf der Tasse sagen mehr \u00fcber das Firmenklima und die eigene Befindlichkeit aus, als man zun\u00e4chst meinen mag. Ich sammle solche Spr\u00fcche, und werde sie in loser Folge hier reinstellen, zum Schmunzeln und zum Nachdenken.<\/p>\n<h2><span style=\"text-decoration: underline;\"><strong>A wie Abnehmen:<\/strong><\/span><\/h2>\n<p>&#8222;Ich will 10 kg abnehmen. 13 fehlen noch.&#8220;<\/p>\n<h2>A wie Arbeit:<\/h2>\n<p>Nicht hetzen! Ich bin hier bei der Arbeit, nicht auf der Flucht.<\/p>\n<h2><span style=\"text-decoration: underline;\"><strong>C wie Chef:<\/strong><\/span><\/h2>\n<p>&#8222;\u00a71: Der Chef hat immer Recht. \u00a7 2: Sollte der Chef einmal nicht recht haben, tritt automatisch \u00a7 1 in Kraft.&#8220;<\/p>\n<h2><strong><span style=\"text-decoration: underline;\">S wie Schizophrenie<\/span>:<\/strong><\/h2>\n<p>&#8222;Fr\u00fcher war ich schizophren, heute geht&#8217;s uns gut.&#8220;<\/p>\n","protected":false},"excerpt":{"rendered":"<p>Kaffee ist meiner Erfahrung nach der Treibstoff in der IT, und auch in vielen anderen Berufssparten. In jedem Betrieb gibt es mindestens eine Kaffeemaschine, wird eine Kaffeekasse gef\u00fchrt und trinkt man\u00a0 als heiliges Ritual am Morgen die erste Tasse des geliebten Gebr\u00e4us, bevor man mit der Tagesarbeit anf\u00e4ngt. Psychologisch und menschlich interessant wird es da, [&hellip;]<\/p>\n","protected":false},"author":1,"featured_media":0,"parent":0,"menu_order":3,"comment_status":"closed","ping_status":"closed","template":"","meta":[],"_links":{"self":[{"href":"https:\/\/evileu.de\/zum-schwarzen-pinguin\/wp-json\/wp\/v2\/pages\/9"}],"collection":[{"href":"https:\/\/evileu.de\/zum-schwarzen-pinguin\/wp-json\/wp\/v2\/pages"}],"about":[{"href":"https:\/\/evileu.de\/zum-schwarzen-pinguin\/wp-json\/wp\/v2\/types\/page"}],"author":[{"embeddable":true,"href":"https:\/\/evileu.de\/zum-schwarzen-pinguin\/wp-json\/wp\/v2\/users\/1"}],"replies":[{"embeddable":true,"href":"https:\/\/evileu.de\/zum-schwarzen-pinguin\/wp-json\/wp\/v2\/comments?post=9"}],"version-history":[{"count":3,"href":"https:\/\/evileu.de\/zum-schwarzen-pinguin\/wp-json\/wp\/v2\/pages\/9\/revisions"}],"predecessor-version":[{"id":333,"href":"https:\/\/evileu.de\/zum-schwarzen-pinguin\/wp-json\/wp\/v2\/pages\/9\/revisions\/333"}],"wp:attachment":[{"href":"https:\/\/evileu.de\/zum-schwarzen-pinguin\/wp-json\/wp\/v2\/media?parent=9"}],"curies":[{"name":"wp","href":"https:\/\/api.w.org\/{rel}","templated":true}]}}