{"id":35,"date":"2017-02-10T02:36:21","date_gmt":"2017-02-10T01:36:21","guid":{"rendered":"http:\/\/evileu.de\/zum-schwarzen-pinguin\/?page_id=35"},"modified":"2025-02-09T18:05:03","modified_gmt":"2025-02-09T17:05:03","slug":"willkommen","status":"publish","type":"page","link":"https:\/\/evileu.de\/zum-schwarzen-pinguin\/","title":{"rendered":"Willkommen im Bistro"},"content":{"rendered":"<h2>Der Feierabendtreff zum Abchillen<\/h2>\n<p>Das Bistro zum schwarzen Pinguin ist immer noch der Feierabendtreff f\u00fcr alle ITler, die zwischen B\u00fcroschlu\u00df und Heimfahrt noch irgendwo abchillen wollen, und nette Unterhaltung mit Gleichgesinnten zum Entspannen suchen. Hier wird \u00fcber Freud und Leid der programmierenden Zunft geplaudert, und auch aus dem N\u00e4hk\u00e4stchen.<\/p>\n<h2>Am Anfang war der WordPress-Blog<\/h2>\n<p>Den Anfang habe ich mit meinem Blog &#8222;WordPress f\u00fcr alte Programmierer&#8220; gemacht &#8211; hier ging es um einen lockeren Ansatz und Tipps aus der Praxis, um die bekannte Blog-Software (oder das bekannteste beinahe-CMS der Welt) besser kennenzulernen. Inzwischen habe ich aber das Thema WordPress, und auch die nahen Verwandten Joomla und Drupa,l so ersch\u00f6pfend behandelt, dass es einfach nicht mehr genug zu interessanten Blog-Beitr\u00e4gen hergibt.<\/p>\n<h2>Tsch\u00fcss Windows, Willkommen Linux!<\/h2>\n<p>Wie mittlerweile allgemein bekannt sein d\u00fcrfte, wird Microsoft im Herbst diesen Jahres die Unterst\u00fctzung f\u00fcr Windows 10 einstellen. Da das neue Windows 11 wesentlich h\u00f6here Systemanforderungen hat, wird es auf vielen \u00e4lteren Rechnern nicht mehr laufen. Brauchen wir ale neue Rechner? Nein! Wir sagen MIcrosoft Adieu und steigen auf ein neues Betriebssystem\u00a0 um. Public Domain, OpenSource, kostenlos, stabil, sicher und seit Jahren bew\u00e4hrt, das ist Linux! Ich habe bereits mehrere Versionen getestet, und ich muss ehrlich sagen, <a href=\"https:\/\/evileu.de\/zum-schwarzen-pinguin\/2025\/02\/08\/ubuntu-22-04-erster-eindruck\/\">der erste Eindruck ist SUPER<\/a>. Es ist einfach zu bedienen, es gibt jede Menge tolle Software, es gibt verschiedene Betriebssystemvarianten zur Auswahl, auch welche die mit \u00e4lterer Hardware noch gut laufen. Ich habe bereits eine ganze Latte Linux-Software getestet, und bin \u00fcberzeugt davon, dass jeder nach kurzer Einarbeitung damit klarkommt. Schaut mal die <a href=\"https:\/\/evileu.de\/zum-schwarzen-pinguin\/2025\/02\/08\/die-grosse-gegenueberstellung-linux-vs-windows-software\/\">Grosse Gegen\u00fcberstellung<\/a> an, das ist ein guter Einstieg! Stay tuned, zum Thema Linux hab ich noch viel zu erz\u00e4hlen!<\/p>\n<p>Sal\u00fc einstweilen, man sieht sich am Stammtisch!<\/p>\n<p>Beste Gr\u00fc\u00dfe von Evi Leu,<br \/>\nFachinformatikerin<\/p>\n","protected":false},"excerpt":{"rendered":"<p>Der Feierabendtreff zum Abchillen Das Bistro zum schwarzen Pinguin ist immer noch der Feierabendtreff f\u00fcr alle ITler, die zwischen B\u00fcroschlu\u00df und Heimfahrt noch irgendwo abchillen wollen, und nette Unterhaltung mit Gleichgesinnten zum Entspannen suchen. Hier wird \u00fcber Freud und Leid der programmierenden Zunft geplaudert, und auch aus dem N\u00e4hk\u00e4stchen. Am Anfang war der WordPress-Blog Den [&hellip;]<\/p>\n","protected":false},"author":1,"featured_media":0,"parent":0,"menu_order":1,"comment_status":"closed","ping_status":"closed","template":"","meta":[],"_links":{"self":[{"href":"https:\/\/evileu.de\/zum-schwarzen-pinguin\/wp-json\/wp\/v2\/pages\/35"}],"collection":[{"href":"https:\/\/evileu.de\/zum-schwarzen-pinguin\/wp-json\/wp\/v2\/pages"}],"about":[{"href":"https:\/\/evileu.de\/zum-schwarzen-pinguin\/wp-json\/wp\/v2\/types\/page"}],"author":[{"embeddable":true,"href":"https:\/\/evileu.de\/zum-schwarzen-pinguin\/wp-json\/wp\/v2\/users\/1"}],"replies":[{"embeddable":true,"href":"https:\/\/evileu.de\/zum-schwarzen-pinguin\/wp-json\/wp\/v2\/comments?post=35"}],"version-history":[{"count":16,"href":"https:\/\/evileu.de\/zum-schwarzen-pinguin\/wp-json\/wp\/v2\/pages\/35\/revisions"}],"predecessor-version":[{"id":1749,"href":"https:\/\/evileu.de\/zum-schwarzen-pinguin\/wp-json\/wp\/v2\/pages\/35\/revisions\/1749"}],"wp:attachment":[{"href":"https:\/\/evileu.de\/zum-schwarzen-pinguin\/wp-json\/wp\/v2\/media?parent=35"}],"curies":[{"name":"wp","href":"https:\/\/api.w.org\/{rel}","templated":true}]}}