{"id":152,"date":"2017-02-16T04:50:34","date_gmt":"2017-02-16T03:50:34","guid":{"rendered":"http:\/\/evileu.de\/zum-schwarzen-pinguin\/?page_id=152"},"modified":"2017-02-16T04:50:34","modified_gmt":"2017-02-16T03:50:34","slug":"the-gimp-bildbearbeitung-auch-fuer-profis","status":"publish","type":"page","link":"https:\/\/evileu.de\/zum-schwarzen-pinguin\/software-for-fun\/the-gimp-bildbearbeitung-auch-fuer-profis\/","title":{"rendered":"The GIMP &#8211; Bildbearbeitung auch f\u00fcr Profis"},"content":{"rendered":"<p>Darf ich vostellen: mein guter Kumpel GIMP, das tolle freie Bildbearbeitungs- und Grafikprogramm f\u00fcr alle.<\/p>\n<div id=\"attachment_153\" style=\"width: 250px\" class=\"wp-caption alignnone\"><img aria-describedby=\"caption-attachment-153\" decoding=\"async\" loading=\"lazy\" class=\"size-full wp-image-153\" src=\"http:\/\/evileu.de\/zum-schwarzen-pinguin\/wp-content\/uploads\/2017\/02\/240px-The_GIMP_icon_-_gnome.svg_.png\" alt=\"The_GIMP_Icon\" width=\"240\" height=\"240\" srcset=\"https:\/\/evileu.de\/zum-schwarzen-pinguin\/wp-content\/uploads\/2017\/02\/240px-The_GIMP_icon_-_gnome.svg_.png 240w, https:\/\/evileu.de\/zum-schwarzen-pinguin\/wp-content\/uploads\/2017\/02\/240px-The_GIMP_icon_-_gnome.svg_-150x150.png 150w\" sizes=\"(max-width: 240px) 100vw, 240px\" \/><p id=\"caption-attachment-153\" class=\"wp-caption-text\">The_GIMP_Icon<\/p><\/div>\n<p>GIMP ist Freeware und\u00a0 schon seit 1995 kostenlos erh\u00e4ltlich. Mehr \u00fcber GIMP Geschichte, und Funktionen k\u00f6nnt ihr <a href=\"https:\/\/de.wikipedia.org\/wiki\/GIMP\">hier bei Wiki<\/a> nachlesen, und wer noch mehr \u00fcber den pfiffigen Allesk\u00f6nner wissen will, kann sich auch in den zahlreichen GIMP-Foren tummeln oder unz\u00e4hlige GIMP-Videos auf YouTube gucken, da k\u00f6nnt ihr ruhig selber googlen. Mir ist das deutschsprachige <a href=\"http:\/\/www.gimpforum.de\/index.php\">GIMP Forum 3.0<\/a> am sympathischsten, es ist zwar eine eher ruhige Community, aber es gibt tolle Tutorials, und die Mitglieder sind sehr, sehr freundlich und hilfsbereit.<\/p>\n<p>Und was kann er nun, der GIMP? Ich behaupte mal ganz frech, GIMP kann so gut wie alles, was der &#8222;gro\u00dfe&#8220; Photoshop kann. Bildbearbeitung nat\u00fcrlich, sowohl Fotos als auch Grafiken lassen sich mit GIMP nach Wunsch verbessern, ver\u00e4ndern, transformieren, verfremden, zu Composings zusammenbauen&#8230; es gibt unz\u00e4hlige M\u00f6glichkeiten. Auch bei der Erstellung von Schriftgrafiken ist der GIMP ein vielseitiger Helfer mit absolut professionellen M\u00f6glichkeiten.<\/p>\n<p>Ich benutze den GIMP vor allem zum Erstellen von Logos und Collagen, und zur Nachbearbeitung eingescannter Gem\u00e4lde, damit sie am Bildschirm besser zur Geltung kommen. Eine GIMP-Collage ist zum Beispiel auch meine Startseite, die ist aus verschiedenen Fotos und handgemalten Komponenten zusammengesetzt:<\/p>\n<div id=\"attachment_154\" style=\"width: 809px\" class=\"wp-caption alignnone\"><img aria-describedby=\"caption-attachment-154\" decoding=\"async\" loading=\"lazy\" class=\"wp-image-154 size-full\" src=\"http:\/\/evileu.de\/zum-schwarzen-pinguin\/wp-content\/uploads\/2017\/02\/Ladenzeile_unten.jpg\" alt=\"Startseite_Ladenzeile\" width=\"799\" height=\"551\" srcset=\"https:\/\/evileu.de\/zum-schwarzen-pinguin\/wp-content\/uploads\/2017\/02\/Ladenzeile_unten.jpg 799w, https:\/\/evileu.de\/zum-schwarzen-pinguin\/wp-content\/uploads\/2017\/02\/Ladenzeile_unten-300x207.jpg 300w, https:\/\/evileu.de\/zum-schwarzen-pinguin\/wp-content\/uploads\/2017\/02\/Ladenzeile_unten-768x530.jpg 768w, https:\/\/evileu.de\/zum-schwarzen-pinguin\/wp-content\/uploads\/2017\/02\/Ladenzeile_unten-624x430.jpg 624w\" sizes=\"(max-width: 799px) 100vw, 799px\" \/><p id=\"caption-attachment-154\" class=\"wp-caption-text\">Startseite_Ladenzeile<\/p><\/div>\n<p>Ich benutze den GIMP schon seit vielen Jahren, und bin in Sachen Grafikverarbeitung noch nie auf etwas gestossen, was GIMP nicht genausogut wie sein teuerer Kollege Photoshop kann. Der Funktionsumfang ist gigantisch, f\u00fcr manche Funktionalit\u00e4ten brauchts ein bi\u00dfchen Rechereche und T\u00fcftelei, aber da gibts jede Menge Unterst\u00fctzung in den Fachforen und wie gesagt auch auf YouTube. Selber Lernen macht Spa\u00df! \ud83d\ude09<\/p>\n<p>&nbsp;<\/p>\n","protected":false},"excerpt":{"rendered":"<p>Darf ich vostellen: mein guter Kumpel GIMP, das tolle freie Bildbearbeitungs- und Grafikprogramm f\u00fcr alle. GIMP ist Freeware und\u00a0 schon seit 1995 kostenlos erh\u00e4ltlich. Mehr \u00fcber GIMP Geschichte, und Funktionen k\u00f6nnt ihr hier bei Wiki nachlesen, und wer noch mehr \u00fcber den pfiffigen Allesk\u00f6nner wissen will, kann sich auch in den zahlreichen GIMP-Foren tummeln oder [&hellip;]<\/p>\n","protected":false},"author":1,"featured_media":0,"parent":150,"menu_order":1,"comment_status":"closed","ping_status":"closed","template":"","meta":[],"_links":{"self":[{"href":"https:\/\/evileu.de\/zum-schwarzen-pinguin\/wp-json\/wp\/v2\/pages\/152"}],"collection":[{"href":"https:\/\/evileu.de\/zum-schwarzen-pinguin\/wp-json\/wp\/v2\/pages"}],"about":[{"href":"https:\/\/evileu.de\/zum-schwarzen-pinguin\/wp-json\/wp\/v2\/types\/page"}],"author":[{"embeddable":true,"href":"https:\/\/evileu.de\/zum-schwarzen-pinguin\/wp-json\/wp\/v2\/users\/1"}],"replies":[{"embeddable":true,"href":"https:\/\/evileu.de\/zum-schwarzen-pinguin\/wp-json\/wp\/v2\/comments?post=152"}],"version-history":[{"count":1,"href":"https:\/\/evileu.de\/zum-schwarzen-pinguin\/wp-json\/wp\/v2\/pages\/152\/revisions"}],"predecessor-version":[{"id":155,"href":"https:\/\/evileu.de\/zum-schwarzen-pinguin\/wp-json\/wp\/v2\/pages\/152\/revisions\/155"}],"up":[{"embeddable":true,"href":"https:\/\/evileu.de\/zum-schwarzen-pinguin\/wp-json\/wp\/v2\/pages\/150"}],"wp:attachment":[{"href":"https:\/\/evileu.de\/zum-schwarzen-pinguin\/wp-json\/wp\/v2\/media?parent=152"}],"curies":[{"name":"wp","href":"https:\/\/api.w.org\/{rel}","templated":true}]}}