{"id":8,"date":"2016-11-30T05:37:34","date_gmt":"2016-11-30T04:37:34","guid":{"rendered":"http:\/\/evileu.de\/systemberatung\/?page_id=8"},"modified":"2017-09-05T14:00:21","modified_gmt":"2017-09-05T12:00:21","slug":"willkommen","status":"publish","type":"page","link":"https:\/\/evileu.de\/systemberatung\/","title":{"rendered":"Ihre neue Homepage"},"content":{"rendered":"<h2>Schnell und kosteng\u00fcnstig zu ihrem Web-Auftritt<\/h2>\n<p>Sie brauchen eine Webseite, die auch bezahlbar ist? Sie wollen nicht monatelang auf ihre neue Webpr\u00e4senz warten, sondern bald starten? Dann sind Sie bei mir richtig!<\/p>\n<h2>Webdesign mit WordPress<\/h2>\n<p>Ich setze auf WordPress als Basis f\u00fcr ihren Internetauftritt, damit ist eine schnelle Realisierung einer ansprechenden Homepage keine Hexerei. WordPress ist die weltweit erfolgreichste Software f\u00fcr unkompliziertes Webdesign, und v\u00f6llig kostenlos erh\u00e4ltlich.\u00a0 Ebenfalls kostenfrei sind die unz\u00e4hligen frei erh\u00e4ltlichen Programmerweiterungen, die keinen Wunsch offen lassen. Onlineshop oder Kontaktformular, Diashow oder Suchmaschinen-Optimierung, alles ist m\u00f6glich und in kurzer Zeit und kosteng\u00fcnstig realisierbar.<\/p>\n<p>Sie bezahlen nicht f\u00fcr teure Software, es entstehen nur die einmaligen Kosten f\u00fcr meine Arbeit zur Einrichtung ihrer Webseiten, und die (meist sehr g\u00fcnstigen) monatlichen Geb\u00fchren bei ihrem Internet-Provider.<\/p>\n<h2>Meine Zielgruppe<\/h2>\n<p>Ob f\u00fcr Privatpersonen, Einzelunternehmer, \u00c4rzte, Rechtsanw\u00e4lte, Handwerker, Freiberufler, Vereine und Gastst\u00e4tten, kleine und mittlere Betriebe und viele mehr, lassen Sie ihre Homepage schnell, individuell und kompetent gestalten, und das zum unschlagbar g\u00fcnstigen Preis.<\/p>\n<h2>Meine Angebote<\/h2>\n<p>Das <a href=\"http:\/\/evileu.de\/systemberatung\/angebote\/basispaket\/\">Basispaket<\/a> erhalten Sie bereits ab 450 \u20ac (ohne Providerkosten), <a href=\"http:\/\/evileu.de\/systemberatung\/angebote\/homepage-erweiterungen\/\">Erweiterungen<\/a> nach Wunsch werden individuell berechnet. Dazu biete ich Ihnen eine z\u00fcgige Auftragsabwicklung, so da\u00df im Regelfall ab der ersten Grundlagenbesprechung bereits innerhalb von 14 Tagen ihre eigene Webseite Online gehen kann.<\/p>\n<h2>Webdesign mit WordPress<\/h2>\n<p>Die Seiten werden mit WordPress gestaltet, das hei\u00dft f\u00fcr Sie: gr\u00f6\u00dftm\u00f6gliche Aktualit\u00e4t und Zukunftssicherheit, einfache Wartung, ansprechendes Design und unbegrenzte Erweiterbarkeit.<br \/>\nKleinere \u00c4nderungen (z.B. Sonderangebote, Wochenkarten, Termine &amp; Aktuelles) k\u00f6nnen Sie nach einer kurzen Schulung selbst durchf\u00fchren, so da\u00df zuk\u00fcnftig keine hohen Kosten f\u00fcr die Wartung und Aktualisierung der Seiten anfallen werden.<\/p>\n<h2>Werbematerialien individuell und professionell<\/h2>\n<p>Als zus\u00e4tzlichen Service biete ich Ihnen die Erstellung der passenden <a href=\"http:\/\/evileu.de\/systemberatung\/angebote\/werbematerial\/\">Werbematerialien<\/a> (Flyer, Prospekte, Visitenkarten etc.) zu ihrer Homepage an. Diese werden von einer in langj\u00e4hriger Zusammenarbeit bew\u00e4hrten technischen Redakteurin gestaltet und gen\u00fcgen selbst h\u00f6chsten professionellen Anspr\u00fcchen.<\/p>\n<h2>Wer das Besondere liebt: handgemalte Illustrationen<\/h2>\n<p>F\u00fcr den ganz besonderen individuellen Look gestalte ich auch handgemalte <a href=\"http:\/\/evileu.de\/systemberatung\/angebote\/kreative-bildgestaltung\/\">Illustrationen<\/a> nach ihren W\u00fcnschen. F\u00fcr Webseiten mit individuellem Touch, ideal f\u00fcr Kreative und alle, die das Besondere lieben!<\/p>\n<p>Schreiben sie mir eine E-Mail an <a href=\"mailto:evi.s.leu@gmx.de\">evi.s.leu@gmx.de<\/a>, und ich setze mich baldm\u00f6glichst mit Ihnen in Verbindung.<\/p>\n<p>Mit besten Gr\u00fc\u00dfen,<br \/>\nIhre Evi Leu<\/p>\n<hr \/>\n","protected":false},"excerpt":{"rendered":"<p>Schnell und kosteng\u00fcnstig zu ihrem Web-Auftritt Sie brauchen eine Webseite, die auch bezahlbar ist? Sie wollen nicht monatelang auf ihre neue Webpr\u00e4senz warten, sondern bald starten? Dann sind Sie bei mir richtig! Webdesign mit WordPress Ich setze auf WordPress als Basis f\u00fcr ihren Internetauftritt, damit ist eine schnelle Realisierung einer ansprechenden Homepage keine Hexerei. WordPress &hellip; <a href=\"https:\/\/evileu.de\/systemberatung\/\" class=\"more-link\"><span class=\"screen-reader-text\">Ihre neue Homepage<\/span> weiterlesen <span class=\"meta-nav\">&rarr;<\/span><\/a><\/p>\n","protected":false},"author":1,"featured_media":0,"parent":0,"menu_order":1,"comment_status":"closed","ping_status":"closed","template":"","meta":[],"_links":{"self":[{"href":"https:\/\/evileu.de\/systemberatung\/wp-json\/wp\/v2\/pages\/8"}],"collection":[{"href":"https:\/\/evileu.de\/systemberatung\/wp-json\/wp\/v2\/pages"}],"about":[{"href":"https:\/\/evileu.de\/systemberatung\/wp-json\/wp\/v2\/types\/page"}],"author":[{"embeddable":true,"href":"https:\/\/evileu.de\/systemberatung\/wp-json\/wp\/v2\/users\/1"}],"replies":[{"embeddable":true,"href":"https:\/\/evileu.de\/systemberatung\/wp-json\/wp\/v2\/comments?post=8"}],"version-history":[{"count":15,"href":"https:\/\/evileu.de\/systemberatung\/wp-json\/wp\/v2\/pages\/8\/revisions"}],"predecessor-version":[{"id":250,"href":"https:\/\/evileu.de\/systemberatung\/wp-json\/wp\/v2\/pages\/8\/revisions\/250"}],"wp:attachment":[{"href":"https:\/\/evileu.de\/systemberatung\/wp-json\/wp\/v2\/media?parent=8"}],"curies":[{"name":"wp","href":"https:\/\/api.w.org\/{rel}","templated":true}]}}