{"id":30,"date":"2016-11-30T05:53:27","date_gmt":"2016-11-30T04:53:27","guid":{"rendered":"http:\/\/evileu.de\/systemberatung\/?page_id=30"},"modified":"2016-12-08T12:58:35","modified_gmt":"2016-12-08T11:58:35","slug":"kreative-bildgestaltung","status":"publish","type":"page","link":"https:\/\/evileu.de\/systemberatung\/angebote\/kreative-bildgestaltung\/","title":{"rendered":"Kreative Bildgestaltung"},"content":{"rendered":"<p>Ich bin nicht nur Fachinformatikerin, sondern auch Malerin, wie Sie auf meinen <a href=\"http:\/\/evileu.de\">Hobby-Webseiten<\/a> unschwer erkennen k\u00f6nnen.<\/p>\n<figure id=\"attachment_57\" aria-describedby=\"caption-attachment-57\" style=\"width: 300px\" class=\"wp-caption alignnone\"><img decoding=\"async\" loading=\"lazy\" class=\"size-medium wp-image-57\" src=\"http:\/\/evileu.de\/systemberatung\/wp-content\/uploads\/2016\/11\/Computer-300x269.jpg\" alt=\"computer\" width=\"300\" height=\"269\" srcset=\"https:\/\/evileu.de\/systemberatung\/wp-content\/uploads\/2016\/11\/Computer-300x269.jpg 300w, https:\/\/evileu.de\/systemberatung\/wp-content\/uploads\/2016\/11\/Computer.jpg 662w\" sizes=\"(max-width: 300px) 100vw, 300px\" \/><figcaption id=\"caption-attachment-57\" class=\"wp-caption-text\">computer<\/figcaption><\/figure>\n<p>Auf Wunsch gestalte ich f\u00fcr Ihre Homepage ganz individuelle, kreative Illustrationen, mit denen Sie sich garantiert von der Bilderflut im Web abheben. Nichts ist unm\u00f6glich, auch ganz verr\u00fcckte Ideen kann ich realisieren! Mit Tusche und Aquarell, mit Acryl oder \u00d6lfarben, den Gestaltungsm\u00f6glichkeiten sind keine Grenzen gesetzt. Besuchen Sie meine <a href=\"http:\/\/evileu.de\" target=\"_blank\">Hobbyseiten<\/a> und lassen Sie sich inspirieren! Die originelle Bildgestaltung ist nicht teuer, eine h\u00fcbsche kleine Illustration bekommen Sie schon ab 20 \u20ac. Das Original k\u00f6nnen Sie sich dann sch\u00f6n rahmen und als Blickfang an die Wand h\u00e4ngen.<\/p>\n<figure id=\"attachment_59\" aria-describedby=\"caption-attachment-59\" style=\"width: 269px\" class=\"wp-caption alignnone\"><img decoding=\"async\" loading=\"lazy\" class=\"size-medium wp-image-59\" src=\"http:\/\/evileu.de\/systemberatung\/wp-content\/uploads\/2016\/11\/Ende-269x300.jpg\" alt=\"ende\" width=\"269\" height=\"300\" srcset=\"https:\/\/evileu.de\/systemberatung\/wp-content\/uploads\/2016\/11\/Ende-269x300.jpg 269w, https:\/\/evileu.de\/systemberatung\/wp-content\/uploads\/2016\/11\/Ende.jpg 390w\" sizes=\"(max-width: 269px) 100vw, 269px\" \/><figcaption id=\"caption-attachment-59\" class=\"wp-caption-text\">ende<\/figcaption><\/figure>\n","protected":false},"excerpt":{"rendered":"<p>Ich bin nicht nur Fachinformatikerin, sondern auch Malerin, wie Sie auf meinen Hobby-Webseiten unschwer erkennen k\u00f6nnen. Auf Wunsch gestalte ich f\u00fcr Ihre Homepage ganz individuelle, kreative Illustrationen, mit denen Sie sich garantiert von der Bilderflut im Web abheben. Nichts ist unm\u00f6glich, auch ganz verr\u00fcckte Ideen kann ich realisieren! Mit Tusche und Aquarell, mit Acryl oder &hellip; <a href=\"https:\/\/evileu.de\/systemberatung\/angebote\/kreative-bildgestaltung\/\" class=\"more-link\"><span class=\"screen-reader-text\">Kreative Bildgestaltung<\/span> weiterlesen <span class=\"meta-nav\">&rarr;<\/span><\/a><\/p>\n","protected":false},"author":1,"featured_media":0,"parent":15,"menu_order":3,"comment_status":"closed","ping_status":"closed","template":"","meta":[],"_links":{"self":[{"href":"https:\/\/evileu.de\/systemberatung\/wp-json\/wp\/v2\/pages\/30"}],"collection":[{"href":"https:\/\/evileu.de\/systemberatung\/wp-json\/wp\/v2\/pages"}],"about":[{"href":"https:\/\/evileu.de\/systemberatung\/wp-json\/wp\/v2\/types\/page"}],"author":[{"embeddable":true,"href":"https:\/\/evileu.de\/systemberatung\/wp-json\/wp\/v2\/users\/1"}],"replies":[{"embeddable":true,"href":"https:\/\/evileu.de\/systemberatung\/wp-json\/wp\/v2\/comments?post=30"}],"version-history":[{"count":5,"href":"https:\/\/evileu.de\/systemberatung\/wp-json\/wp\/v2\/pages\/30\/revisions"}],"predecessor-version":[{"id":60,"href":"https:\/\/evileu.de\/systemberatung\/wp-json\/wp\/v2\/pages\/30\/revisions\/60"}],"up":[{"embeddable":true,"href":"https:\/\/evileu.de\/systemberatung\/wp-json\/wp\/v2\/pages\/15"}],"wp:attachment":[{"href":"https:\/\/evileu.de\/systemberatung\/wp-json\/wp\/v2\/media?parent=30"}],"curies":[{"name":"wp","href":"https:\/\/api.w.org\/{rel}","templated":true}]}}