{"id":27,"date":"2016-11-30T05:50:35","date_gmt":"2016-11-30T04:50:35","guid":{"rendered":"http:\/\/evileu.de\/systemberatung\/?page_id=27"},"modified":"2016-11-30T05:51:15","modified_gmt":"2016-11-30T04:51:15","slug":"werbematerial","status":"publish","type":"page","link":"https:\/\/evileu.de\/systemberatung\/angebote\/werbematerial\/","title":{"rendered":"Werbematerial"},"content":{"rendered":"<p>Sie ben\u00f6tigen Flyer, Prospekte, Visitenkarten? Oder Sie brauchen erstmal ein sch\u00f6nes Firmenlogo?<\/p>\n<p><img decoding=\"async\" loading=\"lazy\" class=\"alignnone wp-image-6 size-thumbnail\" src=\"http:\/\/evileu.de\/systemberatung\/wp-content\/uploads\/2016\/11\/lila_signaturEL-150x150.jpg\" alt=\"lila_signaturel\" width=\"150\" height=\"150\" srcset=\"https:\/\/evileu.de\/systemberatung\/wp-content\/uploads\/2016\/11\/lila_signaturEL-150x150.jpg 150w, https:\/\/evileu.de\/systemberatung\/wp-content\/uploads\/2016\/11\/lila_signaturEL-300x300.jpg 300w, https:\/\/evileu.de\/systemberatung\/wp-content\/uploads\/2016\/11\/lila_signaturEL.jpg 420w\" sizes=\"(max-width: 150px) 100vw, 150px\" \/><\/p>\n<p>Ich arbeite mit einer erfahrenen technischen Redakteurin zusammen, die ihre Werbematerialien professionell und ansprechend gestaltet. Nennen Sie uns ihre W\u00fcnsche und Anforderungen, wir machen Ihnen ein g\u00fcnstiges Angebot. Gedruckt wird im Regelfall bei <a href=\"http:\/\/www.flyeralarm.com\/de\" target=\"_blank\">flyeralarm.com<\/a>, da wir hier bei Qualit\u00e4t und z\u00fcgiger Abwicklung gute Erfahrungen gemacht haben.<\/p>\n","protected":false},"excerpt":{"rendered":"<p>Sie ben\u00f6tigen Flyer, Prospekte, Visitenkarten? Oder Sie brauchen erstmal ein sch\u00f6nes Firmenlogo? Ich arbeite mit einer erfahrenen technischen Redakteurin zusammen, die ihre Werbematerialien professionell und ansprechend gestaltet. Nennen Sie uns ihre W\u00fcnsche und Anforderungen, wir machen Ihnen ein g\u00fcnstiges Angebot. Gedruckt wird im Regelfall bei flyeralarm.com, da wir hier bei Qualit\u00e4t und z\u00fcgiger Abwicklung gute &hellip; <a href=\"https:\/\/evileu.de\/systemberatung\/angebote\/werbematerial\/\" class=\"more-link\"><span class=\"screen-reader-text\">Werbematerial<\/span> weiterlesen <span class=\"meta-nav\">&rarr;<\/span><\/a><\/p>\n","protected":false},"author":1,"featured_media":0,"parent":15,"menu_order":2,"comment_status":"closed","ping_status":"closed","template":"","meta":[],"_links":{"self":[{"href":"https:\/\/evileu.de\/systemberatung\/wp-json\/wp\/v2\/pages\/27"}],"collection":[{"href":"https:\/\/evileu.de\/systemberatung\/wp-json\/wp\/v2\/pages"}],"about":[{"href":"https:\/\/evileu.de\/systemberatung\/wp-json\/wp\/v2\/types\/page"}],"author":[{"embeddable":true,"href":"https:\/\/evileu.de\/systemberatung\/wp-json\/wp\/v2\/users\/1"}],"replies":[{"embeddable":true,"href":"https:\/\/evileu.de\/systemberatung\/wp-json\/wp\/v2\/comments?post=27"}],"version-history":[{"count":2,"href":"https:\/\/evileu.de\/systemberatung\/wp-json\/wp\/v2\/pages\/27\/revisions"}],"predecessor-version":[{"id":29,"href":"https:\/\/evileu.de\/systemberatung\/wp-json\/wp\/v2\/pages\/27\/revisions\/29"}],"up":[{"embeddable":true,"href":"https:\/\/evileu.de\/systemberatung\/wp-json\/wp\/v2\/pages\/15"}],"wp:attachment":[{"href":"https:\/\/evileu.de\/systemberatung\/wp-json\/wp\/v2\/media?parent=27"}],"curies":[{"name":"wp","href":"https:\/\/api.w.org\/{rel}","templated":true}]}}