{"id":24,"date":"2016-11-30T05:49:43","date_gmt":"2016-11-30T04:49:43","guid":{"rendered":"http:\/\/evileu.de\/systemberatung\/?page_id=24"},"modified":"2017-02-09T06:30:40","modified_gmt":"2017-02-09T05:30:40","slug":"homepage-erweiterungen","status":"publish","type":"page","link":"https:\/\/evileu.de\/systemberatung\/angebote\/homepage-erweiterungen\/","title":{"rendered":"Homepage-Erweiterungen"},"content":{"rendered":"<p>Sonderw\u00fcnsche? Fragen Sie mich \u2013 alles ist m\u00f6glich mit WordPress Plugins! Sie sagen mir was Sie ben\u00f6tigen, ich finde das geeignete Tool bzw. habe sowas schon mal gemacht und kann eine fertige L\u00f6sung \u201eaus meinem Zauberhut\u201c ziehen.<\/p>\n<p>Ob Katalog oder Bildergalerie, Online-Shop mit Paypal-Option, Chat-Forum, Newsletter oder Portfolio, Kundenlogin oder individuelle Formulare, die WordPress-Erweiterungen (Plugins) bieten eine enorme Vielfalt an Erweiterungs- und Gestaltungsm\u00f6glichkeiten f\u00fcr Ihre Homepage. Kosten werden je nach Aufwand individuell berechnet, f\u00fcr reine Programmierarbeit berechne ich 30 \u20ac pro Stunde. Eine erste Vorbesprechung zur Ermittlung Ihrer W\u00fcnsche ist aber f\u00fcr Sie kostenlos!<\/p>\n","protected":false},"excerpt":{"rendered":"<p>Sonderw\u00fcnsche? Fragen Sie mich \u2013 alles ist m\u00f6glich mit WordPress Plugins! Sie sagen mir was Sie ben\u00f6tigen, ich finde das geeignete Tool bzw. habe sowas schon mal gemacht und kann eine fertige L\u00f6sung \u201eaus meinem Zauberhut\u201c ziehen. Ob Katalog oder Bildergalerie, Online-Shop mit Paypal-Option, Chat-Forum, Newsletter oder Portfolio, Kundenlogin oder individuelle Formulare, die WordPress-Erweiterungen (Plugins) &hellip; <a href=\"https:\/\/evileu.de\/systemberatung\/angebote\/homepage-erweiterungen\/\" class=\"more-link\"><span class=\"screen-reader-text\">Homepage-Erweiterungen<\/span> weiterlesen <span class=\"meta-nav\">&rarr;<\/span><\/a><\/p>\n","protected":false},"author":1,"featured_media":0,"parent":15,"menu_order":1,"comment_status":"closed","ping_status":"closed","template":"","meta":[],"_links":{"self":[{"href":"https:\/\/evileu.de\/systemberatung\/wp-json\/wp\/v2\/pages\/24"}],"collection":[{"href":"https:\/\/evileu.de\/systemberatung\/wp-json\/wp\/v2\/pages"}],"about":[{"href":"https:\/\/evileu.de\/systemberatung\/wp-json\/wp\/v2\/types\/page"}],"author":[{"embeddable":true,"href":"https:\/\/evileu.de\/systemberatung\/wp-json\/wp\/v2\/users\/1"}],"replies":[{"embeddable":true,"href":"https:\/\/evileu.de\/systemberatung\/wp-json\/wp\/v2\/comments?post=24"}],"version-history":[{"count":3,"href":"https:\/\/evileu.de\/systemberatung\/wp-json\/wp\/v2\/pages\/24\/revisions"}],"predecessor-version":[{"id":144,"href":"https:\/\/evileu.de\/systemberatung\/wp-json\/wp\/v2\/pages\/24\/revisions\/144"}],"up":[{"embeddable":true,"href":"https:\/\/evileu.de\/systemberatung\/wp-json\/wp\/v2\/pages\/15"}],"wp:attachment":[{"href":"https:\/\/evileu.de\/systemberatung\/wp-json\/wp\/v2\/media?parent=24"}],"curies":[{"name":"wp","href":"https:\/\/api.w.org\/{rel}","templated":true}]}}