{"id":17,"date":"2016-11-30T05:43:13","date_gmt":"2016-11-30T04:43:13","guid":{"rendered":"http:\/\/evileu.de\/systemberatung\/?page_id=17"},"modified":"2016-11-30T05:48:25","modified_gmt":"2016-11-30T04:48:25","slug":"basispaket","status":"publish","type":"page","link":"https:\/\/evileu.de\/systemberatung\/angebote\/basispaket\/","title":{"rendered":"Basispaket 450 \u20ac"},"content":{"rendered":"<p>Ihr rundum-sorglos-Paket f\u00fcr Ihre Homepage in 14 Tagen! F\u00fcr nur 450 \u20ac erhalten Sie folgende Leistungen:<\/p>\n<ul>\n<li>Startup-Besprechung zur Ermittlung Ihrer Anforderungen<\/li>\n<li>Hilfe bei der Wahl des geeigneten Providers und Reservierung des Domain-Namens<\/li>\n<li>Gestaltung Ihrer Homepage mit der jeweils aktuellsten Version von WordPress<\/li>\n<li>Bis zu 10 Unterseiten<\/li>\n<li>Bis zu 20 Bilder, auf Wunsch auch mit Animationen (Diashows)<\/li>\n<li>eine frei gestaltbare Blog-Seite f\u00fcr ihre individuellen Beitr\u00e4ge<\/li>\n<li>ein ma\u00dfgeschneidertes Kontaktformular<\/li>\n<li>Suchmaschinenoptimierung<\/li>\n<li>individuelle Schulung und gr\u00fcndliche Einweisung, damit Sie kleinere \u00c4nderungen selbst durchf\u00fchren k\u00f6nnen.<\/li>\n<\/ul>\n<p>Im Regelfall ist Ihre individuelle Homepage innerhalb von 14 Tagen fertig und kann dann sofort life gehen.<\/p>\n","protected":false},"excerpt":{"rendered":"<p>Ihr rundum-sorglos-Paket f\u00fcr Ihre Homepage in 14 Tagen! F\u00fcr nur 450 \u20ac erhalten Sie folgende Leistungen: Startup-Besprechung zur Ermittlung Ihrer Anforderungen Hilfe bei der Wahl des geeigneten Providers und Reservierung des Domain-Namens Gestaltung Ihrer Homepage mit der jeweils aktuellsten Version von WordPress Bis zu 10 Unterseiten Bis zu 20 Bilder, auf Wunsch auch mit Animationen &hellip; <a href=\"https:\/\/evileu.de\/systemberatung\/angebote\/basispaket\/\" class=\"more-link\"><span class=\"screen-reader-text\">Basispaket 450 \u20ac<\/span> weiterlesen <span class=\"meta-nav\">&rarr;<\/span><\/a><\/p>\n","protected":false},"author":1,"featured_media":0,"parent":15,"menu_order":0,"comment_status":"closed","ping_status":"closed","template":"","meta":[],"_links":{"self":[{"href":"https:\/\/evileu.de\/systemberatung\/wp-json\/wp\/v2\/pages\/17"}],"collection":[{"href":"https:\/\/evileu.de\/systemberatung\/wp-json\/wp\/v2\/pages"}],"about":[{"href":"https:\/\/evileu.de\/systemberatung\/wp-json\/wp\/v2\/types\/page"}],"author":[{"embeddable":true,"href":"https:\/\/evileu.de\/systemberatung\/wp-json\/wp\/v2\/users\/1"}],"replies":[{"embeddable":true,"href":"https:\/\/evileu.de\/systemberatung\/wp-json\/wp\/v2\/comments?post=17"}],"version-history":[{"count":2,"href":"https:\/\/evileu.de\/systemberatung\/wp-json\/wp\/v2\/pages\/17\/revisions"}],"predecessor-version":[{"id":23,"href":"https:\/\/evileu.de\/systemberatung\/wp-json\/wp\/v2\/pages\/17\/revisions\/23"}],"up":[{"embeddable":true,"href":"https:\/\/evileu.de\/systemberatung\/wp-json\/wp\/v2\/pages\/15"}],"wp:attachment":[{"href":"https:\/\/evileu.de\/systemberatung\/wp-json\/wp\/v2\/media?parent=17"}],"curies":[{"name":"wp","href":"https:\/\/api.w.org\/{rel}","templated":true}]}}