{"id":143,"date":"2017-02-09T07:04:23","date_gmt":"2017-02-09T06:04:23","guid":{"rendered":"http:\/\/evileu.de\/systemberatung\/?page_id=143"},"modified":"2017-09-01T11:33:43","modified_gmt":"2017-09-01T09:33:43","slug":"ueber-mich-und-mein-geschaeft","status":"publish","type":"page","link":"https:\/\/evileu.de\/systemberatung\/ueber-mich-und-mein-geschaeft\/","title":{"rendered":"\u00dcber mich und mein Gesch\u00e4ft"},"content":{"rendered":"<h2>\u00dcber mich<\/h2>\n<p>Gr\u00fc\u00df Gott, ich bin die Evi Leu. Ich bin Jahrgang 1960 und ein echtes bayrischen &#8222;Gwachs&#8220;, geboren in Straubing und in M\u00fcnchen daheim. Ich bin von Beruf Fachinformatikerin und schon seit den fr\u00fchen 80er Jahren in der Computerbranche t\u00e4tig, also eine richtige alte H\u00e4sin in dem Gesch\u00e4ft. Sie k\u00f6nnen sich darauf verlassen, da\u00df sie bei mir kompetent und auch f\u00fcr den Laien verst\u00e4ndlich beraten werden. Ich erkl\u00e4re ihnen genau, was wir f\u00fcr ihren Internetauftritt brauchen, welche technischen Mittel daf\u00fcr notwendig sind, und welche Kosten entstehen.<\/p>\n<h2>\u00dcber mein Gesch\u00e4ft<\/h2>\n<p>Ich bin ein echtes ein-Frau-Unternehmen, bei mir bekommen sie alle Dienstleistungen rund um die Homepage aus einer Hand. Ich begleite sie von der ersten Idee f\u00fcr ihre Visitenkarte im Internet bis zur Auswahl geeigneter Inhalte (Texte und Bilder), von der technisch sauberen und optisch ansprechenden Gestaltung ihrer Webseiten \u00fcber die Entscheidung f\u00fcr den richtigen Provider bis hin zur Ver\u00f6ffentlichung ihrer neuen Homepage.<\/p>\n<h2>Ihre Homepage: immer aktuell<\/h2>\n<p>Da ich die meisten Webseiten mit WordPress gestalte, ist das Einpflegen aktueller Inhalte v\u00f6llig unproblematisch.\u00a0 Um nur ein paar Beispiele zu nennen:<\/p>\n<ul>\n<li>wechselnde Wochenkarte im Restaurant<\/li>\n<li>WSV in der Boutique<\/li>\n<li>Sonderaktion Winterreifen beim Autohaus<\/li>\n<li>monatliches Mandanten-Informationsschreiben beim Steuerberater<\/li>\n<li>Saisonale Angebote in der Pension<\/li>\n<\/ul>\n<p>und vieles mehr, kleine Aktualisierungen dieser Art sind \u00fcberhaupt kein Problem. Auf Wunsch f\u00fchre ich mit Ihnen auch eine kleine Schulung durch, in der sie sehen k\u00f6nnen wie leicht es mit WordPress ist, eigene Inhalte zu gestalten und Seiten aktuell zu halten.<\/p>\n<h2>Aktualisierungs- Service<\/h2>\n<p>Wenn sie sich das nicht zutrauen oder keine Zeit f\u00fcr so etwas haben, biete ich ihnen einen Aktualisierungs-Service an, der nach Aufwand in Stunden abgerechnet wird. Wieviel das letztendlich kostet, kommt darauf an wie umfangreich und h\u00e4ufig die von ihnen gew\u00fcnschten Aktualisierungen sind. Wenn sie mir z.B. die neue Wochenkarte f\u00fcr ihr Gasthaus als Word-Dokument liefern, das kostet dann einmal in der Woche ca. 30 \u20ac.<\/p>\n<p>Wenn Sie gr\u00f6\u00dfere \u00c4nderungsw\u00fcnsche haben, reden wir erst einmal ausf\u00fchrlich dar\u00fcber, und dann mache ich ihnen ein Angebot je nach technischem und redaktionellen Aufwand, damit sie wissen welche Kosten in etwa auf sie zukommen. Durch meine langj\u00e4hrige Erfahrung kann ich sehr gut absch\u00e4tzen, wieviele Arbeitsstunden ein Auftrag erfordern wird, da gibt es bei den endg\u00fcltigen Kosten keine b\u00f6sen \u00dcberraschungen.<\/p>\n<h2>Modernisierung alter Homepages<\/h2>\n<p>Als besonderen Service biete ich auch die \u00dcbernahme und Umstellung bereits bestehender &#8222;alter&#8220; Homepages an. Ich bin schon sehr lange im Gesch\u00e4ft und kenne auch die Technologien von vor vielen Jahren noch wie meine Westentasche. Wenn sie bereits eine Homepage besitzen, die nur ein wenig aufgepeppt und modernisiert geh\u00f6rt, sprechen sie mit mir! Meistens ist der Aufwand f\u00fcr den Umzug einer alten Seite gar nicht so wild, wenn z.B. bestehende Texte \u00fcbernommen werden k\u00f6nnen und der Aufbau einer Seite mit Men\u00fcs und Unterseiten nicht gro\u00dfartig ge\u00e4ndert werden soll. Zeigen sie mir ihre alte Homepage, und ich mache ihnen ein verl\u00e4ssliches Angebot f\u00fcr die Umstellung auf moderne, zukunftssichere Technologie mit WordPress.<\/p>\n<h2>Meine Kunden<\/h2>\n<p>Ob Metzgerei oder Autowerkstatt, Arzt oder Steuerberater, Modeboutique, Lebensmittelhandel oder Gastronomie, ich gestalte ihren Internetauftritt passend zu ihrem Gesch\u00e4ft, zu \u00fcberschaubaren Kosten. Die individuelle Beratung steht bei mir ganz oben, sie k\u00f6nnen sich darauf verlassen dass ich ihnen ein Angebot mache, das auch zu ihrer Firma passt.<\/p>\n<h2>Und was kostet das?<\/h2>\n<p>Ihr neuer Internetauftritt kann sehr g\u00fcnstig sein, eine &#8222;digitale Visitenkarte&#8220; z.B. f\u00fcr eine Arztpraxis, ein Einzelhandelsgesch\u00e4ft oder eine Anwaltskanzlei ist schon ab ca. 300 \u20ac machbar.\u00a0 F\u00fcr eine etwas umfangreichere Homepage mit bis zu 10 Unterseiten, zum Beispiel f\u00fcr Gastronomiebetriebe oder gr\u00f6\u00dfere Ladengesch\u00e4fte,\u00a0 empfehle ich ihnen mein <a href=\"http:\/\/evileu.de\/systemberatung\/angebote\/basispaket\/\">Basispaket<\/a> f\u00fcr 450 \u20ac.<\/p>\n<p>F\u00fcr Sonderw\u00fcnsche und umfangreichere Erweiterungen ihrer Homepage (Fotogalerien, Online-Shop, Datenbankanbindung etc.) erstelle ich ihnen ein individuelles Angebot nach einem ersten kostenlosen Beratungsgespr\u00e4ch.<\/p>\n<h2>Kontakt<\/h2>\n<p>Neugierig geworden? Schreiben sie mir eine E-Mail an <a href=\"mailto:evi.s.leu@gmx.de\">evi.s.leu@gmx.de<\/a>, ich antworte baldm\u00f6glichst, dann k\u00f6nnen wir ein individuelles Beratungsgespr\u00e4ch vereinbaren.<\/p>\n<p>&nbsp;<\/p>\n","protected":false},"excerpt":{"rendered":"<p>\u00dcber mich Gr\u00fc\u00df Gott, ich bin die Evi Leu. Ich bin Jahrgang 1960 und ein echtes bayrischen &#8222;Gwachs&#8220;, geboren in Straubing und in M\u00fcnchen daheim. Ich bin von Beruf Fachinformatikerin und schon seit den fr\u00fchen 80er Jahren in der Computerbranche t\u00e4tig, also eine richtige alte H\u00e4sin in dem Gesch\u00e4ft. Sie k\u00f6nnen sich darauf verlassen, da\u00df &hellip; <a href=\"https:\/\/evileu.de\/systemberatung\/ueber-mich-und-mein-geschaeft\/\" class=\"more-link\"><span class=\"screen-reader-text\">\u00dcber mich und mein Gesch\u00e4ft<\/span> weiterlesen <span class=\"meta-nav\">&rarr;<\/span><\/a><\/p>\n","protected":false},"author":1,"featured_media":0,"parent":0,"menu_order":3,"comment_status":"closed","ping_status":"closed","template":"","meta":[],"_links":{"self":[{"href":"https:\/\/evileu.de\/systemberatung\/wp-json\/wp\/v2\/pages\/143"}],"collection":[{"href":"https:\/\/evileu.de\/systemberatung\/wp-json\/wp\/v2\/pages"}],"about":[{"href":"https:\/\/evileu.de\/systemberatung\/wp-json\/wp\/v2\/types\/page"}],"author":[{"embeddable":true,"href":"https:\/\/evileu.de\/systemberatung\/wp-json\/wp\/v2\/users\/1"}],"replies":[{"embeddable":true,"href":"https:\/\/evileu.de\/systemberatung\/wp-json\/wp\/v2\/comments?post=143"}],"version-history":[{"count":6,"href":"https:\/\/evileu.de\/systemberatung\/wp-json\/wp\/v2\/pages\/143\/revisions"}],"predecessor-version":[{"id":203,"href":"https:\/\/evileu.de\/systemberatung\/wp-json\/wp\/v2\/pages\/143\/revisions\/203"}],"wp:attachment":[{"href":"https:\/\/evileu.de\/systemberatung\/wp-json\/wp\/v2\/media?parent=143"}],"curies":[{"name":"wp","href":"https:\/\/api.w.org\/{rel}","templated":true}]}}