{"id":174,"date":"2018-12-14T18:31:27","date_gmt":"2018-12-14T17:31:27","guid":{"rendered":"https:\/\/evileu.de\/praxis-dr-inselfisch\/?page_id=174"},"modified":"2018-12-14T18:31:27","modified_gmt":"2018-12-14T17:31:27","slug":"feierabend","status":"publish","type":"page","link":"https:\/\/evileu.de\/praxis-dr-inselfisch\/feierabend\/","title":{"rendered":"Feierabend"},"content":{"rendered":"<p>Nach des Tages M\u00fchen und F\u00e4hrnissen hat man sich sein Aben\u00addessen redlich ver\u00addi\u00adent.<\/p>\n<p><img decoding=\"async\" loading=\"lazy\" class=\"alignnone size-medium wp-image-175\" src=\"https:\/\/evileu.de\/praxis-dr-inselfisch\/wp-content\/uploads\/2018\/12\/feierabend-300x212.jpg\" alt=\"feierabend\" width=\"300\" height=\"212\" srcset=\"https:\/\/evileu.de\/praxis-dr-inselfisch\/wp-content\/uploads\/2018\/12\/feierabend-300x212.jpg 300w, https:\/\/evileu.de\/praxis-dr-inselfisch\/wp-content\/uploads\/2018\/12\/feierabend-768x543.jpg 768w, https:\/\/evileu.de\/praxis-dr-inselfisch\/wp-content\/uploads\/2018\/12\/feierabend-1024x723.jpg 1024w, https:\/\/evileu.de\/praxis-dr-inselfisch\/wp-content\/uploads\/2018\/12\/feierabend.jpg 1724w\" sizes=\"(max-width: 300px) 100vw, 300px\"><\/p>\n<p>Jet\u00adzt ist auch die richtige Zeit, die Gedanken zu st\u00e4rken f\u00fcr einen sch\u00f6\u00adnen Feier\u00adabend.<\/p>\n<p><img decoding=\"async\" loading=\"lazy\" class=\"alignnone size-medium wp-image-176\" src=\"https:\/\/evileu.de\/praxis-dr-inselfisch\/wp-content\/uploads\/2018\/12\/st\u00e4rkst\u00e4rkst\u00e4rk-193x300.jpg\" alt=\"st\u00e4rkst\u00e4rkst\u00e4rk\" width=\"193\" height=\"300\" srcset=\"https:\/\/evileu.de\/praxis-dr-inselfisch\/wp-content\/uploads\/2018\/12\/st\u00e4rkst\u00e4rkst\u00e4rk-193x300.jpg 193w, https:\/\/evileu.de\/praxis-dr-inselfisch\/wp-content\/uploads\/2018\/12\/st\u00e4rkst\u00e4rkst\u00e4rk-768x1194.jpg 768w, https:\/\/evileu.de\/praxis-dr-inselfisch\/wp-content\/uploads\/2018\/12\/st\u00e4rkst\u00e4rkst\u00e4rk-658x1024.jpg 658w, https:\/\/evileu.de\/praxis-dr-inselfisch\/wp-content\/uploads\/2018\/12\/st\u00e4rkst\u00e4rkst\u00e4rk.jpg 1135w\" sizes=\"(max-width: 193px) 100vw, 193px\"><\/p>\n<p>Dann kann man nochmal in Ruhe etwas f\u00fcr sich sel\u00adber machen.<\/p>\n<p><img decoding=\"async\" loading=\"lazy\" class=\"alignnone size-medium wp-image-177\" src=\"https:\/\/evileu.de\/praxis-dr-inselfisch\/wp-content\/uploads\/2018\/12\/einsfuermich-210x300.jpg\" alt=\"einsfuermich\" width=\"210\" height=\"300\" srcset=\"https:\/\/evileu.de\/praxis-dr-inselfisch\/wp-content\/uploads\/2018\/12\/einsfuermich-210x300.jpg 210w, https:\/\/evileu.de\/praxis-dr-inselfisch\/wp-content\/uploads\/2018\/12\/einsfuermich-768x1096.jpg 768w, https:\/\/evileu.de\/praxis-dr-inselfisch\/wp-content\/uploads\/2018\/12\/einsfuermich-718x1024.jpg 718w, https:\/\/evileu.de\/praxis-dr-inselfisch\/wp-content\/uploads\/2018\/12\/einsfuermich.jpg 1207w\" sizes=\"(max-width: 210px) 100vw, 210px\"><\/p>\n<p>So hat man den Tag dann doch erfol\u00adgre\u00adich herumge\u00adbracht, mor\u00adgen kanns wieder los\u00adge\u00adhen.<\/p>\n<p><img decoding=\"async\" loading=\"lazy\" class=\"alignnone size-medium wp-image-178\" src=\"https:\/\/evileu.de\/praxis-dr-inselfisch\/wp-content\/uploads\/2018\/12\/spitze-198x300.jpg\" alt=\"spitze\" width=\"198\" height=\"300\" srcset=\"https:\/\/evileu.de\/praxis-dr-inselfisch\/wp-content\/uploads\/2018\/12\/spitze-198x300.jpg 198w, https:\/\/evileu.de\/praxis-dr-inselfisch\/wp-content\/uploads\/2018\/12\/spitze-768x1161.jpg 768w, https:\/\/evileu.de\/praxis-dr-inselfisch\/wp-content\/uploads\/2018\/12\/spitze-677x1024.jpg 677w, https:\/\/evileu.de\/praxis-dr-inselfisch\/wp-content\/uploads\/2018\/12\/spitze.jpg 1183w\" sizes=\"(max-width: 198px) 100vw, 198px\"><\/p>\n","protected":false},"excerpt":{"rendered":"<p>Nach des Tages M\u00fchen und F\u00e4hrnissen hat man sich sein Aben\u00addessen redlich ver\u00addi\u00adent. Jet\u00adzt ist auch die richtige Zeit, die Gedanken zu st\u00e4rken f\u00fcr einen sch\u00f6\u00adnen Feier\u00adabend. Dann kann man nochmal in Ruhe etwas f\u00fcr sich sel\u00adber machen. So hat \u2026 <a href=\"https:\/\/evileu.de\/praxis-dr-inselfisch\/feierabend\/\">Weit\u00ader\u00adlesen <span class=\"meta-nav\">\u2192<\/span><\/a><\/p>\n","protected":false},"author":1,"featured_media":0,"parent":0,"menu_order":0,"comment_status":"closed","ping_status":"closed","template":"","meta":{"wp_typography_post_enhancements_disabled":false},"_links":{"self":[{"href":"https:\/\/evileu.de\/praxis-dr-inselfisch\/wp-json\/wp\/v2\/pages\/174"}],"collection":[{"href":"https:\/\/evileu.de\/praxis-dr-inselfisch\/wp-json\/wp\/v2\/pages"}],"about":[{"href":"https:\/\/evileu.de\/praxis-dr-inselfisch\/wp-json\/wp\/v2\/types\/page"}],"author":[{"embeddable":true,"href":"https:\/\/evileu.de\/praxis-dr-inselfisch\/wp-json\/wp\/v2\/users\/1"}],"replies":[{"embeddable":true,"href":"https:\/\/evileu.de\/praxis-dr-inselfisch\/wp-json\/wp\/v2\/comments?post=174"}],"version-history":[{"count":1,"href":"https:\/\/evileu.de\/praxis-dr-inselfisch\/wp-json\/wp\/v2\/pages\/174\/revisions"}],"predecessor-version":[{"id":179,"href":"https:\/\/evileu.de\/praxis-dr-inselfisch\/wp-json\/wp\/v2\/pages\/174\/revisions\/179"}],"wp:attachment":[{"href":"https:\/\/evileu.de\/praxis-dr-inselfisch\/wp-json\/wp\/v2\/media?parent=174"}],"curies":[{"name":"wp","href":"https:\/\/api.w.org\/{rel}","templated":true}]}}