{"id":151,"date":"2018-12-14T17:13:23","date_gmt":"2018-12-14T16:13:23","guid":{"rendered":"https:\/\/evileu.de\/praxis-dr-inselfisch\/?page_id=151"},"modified":"2018-12-14T17:13:23","modified_gmt":"2018-12-14T16:13:23","slug":"der-kleine-blaue-drache","status":"publish","type":"page","link":"https:\/\/evileu.de\/praxis-dr-inselfisch\/der-kleine-blaue-drache\/","title":{"rendered":"Der kleine blaue Drache"},"content":{"rendered":"<p>Der kleine blaue Drache mit den orangen Fl\u00fcgeln ist Stam\u00adm\u00adgast in der Prax\u00adis Dr. Inselfisch. Er l\u00e4\u00dft mich an allen H\u00f6hen und Tiefen seines bewegten Drachen\u00adlebens teil\u00adhaben, und ich freue mich jedes mal wenn er mich besuchen kommt, weil er sich trotz manch\u00ader Widrigkeit\u00aden, die ihm passieren, nicht kleinkriegen l\u00e4\u00dft. Ich habe hier Por\u00adtraits von ihm in allen m\u00f6glichen Lebensla\u00adgen gesam\u00admelt, vielle\u00adicht erken\u00adnt man sich in der einen oder anderen Sit\u00adu\u00ada\u00adtion wieder. Viel Spa\u00df beim Anguck\u00aden!<\/p>\n<p><img decoding=\"async\" loading=\"lazy\" class=\"wp-image-152 size-medium\" src=\"https:\/\/evileu.de\/praxis-dr-inselfisch\/wp-content\/uploads\/2018\/12\/aufdieplaetze-209x300.jpg\" alt=\"aufdieplaetze\" width=\"209\" height=\"300\" srcset=\"https:\/\/evileu.de\/praxis-dr-inselfisch\/wp-content\/uploads\/2018\/12\/aufdieplaetze-209x300.jpg 209w, https:\/\/evileu.de\/praxis-dr-inselfisch\/wp-content\/uploads\/2018\/12\/aufdieplaetze-768x1103.jpg 768w, https:\/\/evileu.de\/praxis-dr-inselfisch\/wp-content\/uploads\/2018\/12\/aufdieplaetze-713x1024.jpg 713w, https:\/\/evileu.de\/praxis-dr-inselfisch\/wp-content\/uploads\/2018\/12\/aufdieplaetze.jpg 1195w\" sizes=\"(max-width: 209px) 100vw, 209px\"><\/p>\n","protected":false},"excerpt":{"rendered":"<p>Der kleine blaue Drache mit den orangen Fl\u00fcgeln ist Stam\u00adm\u00adgast in der Prax\u00adis Dr. Inselfisch. Er l\u00e4\u00dft mich an allen H\u00f6hen und Tiefen seines bewegten Drachen\u00adlebens teil\u00adhaben, und ich freue mich jedes mal wenn er mich besuchen kommt, weil er \u2026 <a href=\"https:\/\/evileu.de\/praxis-dr-inselfisch\/der-kleine-blaue-drache\/\">Weit\u00ader\u00adlesen <span class=\"meta-nav\">\u2192<\/span><\/a><\/p>\n","protected":false},"author":1,"featured_media":0,"parent":0,"menu_order":0,"comment_status":"closed","ping_status":"closed","template":"","meta":{"wp_typography_post_enhancements_disabled":false},"_links":{"self":[{"href":"https:\/\/evileu.de\/praxis-dr-inselfisch\/wp-json\/wp\/v2\/pages\/151"}],"collection":[{"href":"https:\/\/evileu.de\/praxis-dr-inselfisch\/wp-json\/wp\/v2\/pages"}],"about":[{"href":"https:\/\/evileu.de\/praxis-dr-inselfisch\/wp-json\/wp\/v2\/types\/page"}],"author":[{"embeddable":true,"href":"https:\/\/evileu.de\/praxis-dr-inselfisch\/wp-json\/wp\/v2\/users\/1"}],"replies":[{"embeddable":true,"href":"https:\/\/evileu.de\/praxis-dr-inselfisch\/wp-json\/wp\/v2\/comments?post=151"}],"version-history":[{"count":1,"href":"https:\/\/evileu.de\/praxis-dr-inselfisch\/wp-json\/wp\/v2\/pages\/151\/revisions"}],"predecessor-version":[{"id":153,"href":"https:\/\/evileu.de\/praxis-dr-inselfisch\/wp-json\/wp\/v2\/pages\/151\/revisions\/153"}],"wp:attachment":[{"href":"https:\/\/evileu.de\/praxis-dr-inselfisch\/wp-json\/wp\/v2\/media?parent=151"}],"curies":[{"name":"wp","href":"https:\/\/api.w.org\/{rel}","templated":true}]}}