{"id":36,"date":"2024-02-28T15:18:56","date_gmt":"2024-02-28T14:18:56","guid":{"rendered":"https:\/\/evileu.de\/postkartenkiosk\/?page_id=36"},"modified":"2024-02-29T15:50:40","modified_gmt":"2024-02-29T14:50:40","slug":"die-engerl","status":"publish","type":"page","link":"https:\/\/evileu.de\/postkartenkiosk\/die-engerl\/","title":{"rendered":"Die Engerl"},"content":{"rendered":"<figure id=\"attachment_37\" aria-describedby=\"caption-attachment-37\" style=\"width: 209px\" class=\"wp-caption alignnone\"><img loading=\"lazy\" decoding=\"async\" class=\"wp-image-37 size-medium\" src=\"https:\/\/evileu.de\/postkartenkiosk\/wp-content\/uploads\/2024\/02\/Freiheit-209x300.jpg\" alt=\"Freiheit\" width=\"209\" height=\"300\" srcset=\"https:\/\/evileu.de\/postkartenkiosk\/wp-content\/uploads\/2024\/02\/Freiheit-209x300.jpg 209w, https:\/\/evileu.de\/postkartenkiosk\/wp-content\/uploads\/2024\/02\/Freiheit-712x1024.jpg 712w, https:\/\/evileu.de\/postkartenkiosk\/wp-content\/uploads\/2024\/02\/Freiheit-768x1105.jpg 768w, https:\/\/evileu.de\/postkartenkiosk\/wp-content\/uploads\/2024\/02\/Freiheit-1068x1536.jpg 1068w, https:\/\/evileu.de\/postkartenkiosk\/wp-content\/uploads\/2024\/02\/Freiheit.jpg 1189w\" sizes=\"auto, (max-width: 209px) 100vw, 209px\" \/><figcaption id=\"caption-attachment-37\" class=\"wp-caption-text\">Freiheit<\/figcaption><\/figure>\n<p>Die Engerl stehen f\u00fcr positive Gef\u00fchle und wirken heilsam und friedvoll. Ich habe sie in Zusammenarbeit mit meiner Schwester und meiner besten Freundin entworfen. Falls Sie ein bestimmtes positives Gef\u00fchl vermissen, schreiben Sie mir bitte eine E-Mail an:<\/p>\n<p><a href=\"mailto:evi.s.leu@gmx.de\">evi.s.leu@gmx.de<\/a><\/p>\n<p>Durchaus m\u00f6glich, dass ich daf\u00fcr schon ein Engerl habe, und wenn nicht, kann ich ja eins malen!<\/p>\n<p><img loading=\"lazy\" decoding=\"async\" class=\"alignnone size-medium wp-image-149\" src=\"https:\/\/evileu.de\/postkartenkiosk\/wp-content\/uploads\/2024\/02\/Zuversicht-148x300.jpg\" alt=\"Zuversicht\" width=\"148\" height=\"300\" srcset=\"https:\/\/evileu.de\/postkartenkiosk\/wp-content\/uploads\/2024\/02\/Zuversicht-148x300.jpg 148w, https:\/\/evileu.de\/postkartenkiosk\/wp-content\/uploads\/2024\/02\/Zuversicht-507x1024.jpg 507w, https:\/\/evileu.de\/postkartenkiosk\/wp-content\/uploads\/2024\/02\/Zuversicht-768x1552.jpg 768w, https:\/\/evileu.de\/postkartenkiosk\/wp-content\/uploads\/2024\/02\/Zuversicht-760x1536.jpg 760w, https:\/\/evileu.de\/postkartenkiosk\/wp-content\/uploads\/2024\/02\/Zuversicht.jpg 978w\" sizes=\"auto, (max-width: 148px) 100vw, 148px\" \/><\/p>\n","protected":false},"excerpt":{"rendered":"<p>Die Engerl stehen f\u00fcr positive Gef\u00fchle und wirken heilsam und friedvoll. Ich habe sie in Zusammenarbeit mit meiner Schwester und meiner besten Freundin entworfen. Falls Sie ein bestimmtes positives Gef\u00fchl vermissen, schreiben Sie mir bitte eine E-Mail an: evi.s.leu@gmx.de Durchaus m\u00f6glich, dass ich daf\u00fcr schon ein Engerl habe, und wenn nicht, kann ich ja eins &hellip; <a href=\"https:\/\/evileu.de\/postkartenkiosk\/die-engerl\/\" class=\"more-link\"><span class=\"screen-reader-text\">Die Engerl<\/span> weiterlesen <span class=\"meta-nav\">&rarr;<\/span><\/a><\/p>\n","protected":false},"author":1,"featured_media":0,"parent":0,"menu_order":5,"comment_status":"closed","ping_status":"closed","template":"","meta":{"footnotes":""},"class_list":["post-36","page","type-page","status-publish","hentry"],"_links":{"self":[{"href":"https:\/\/evileu.de\/postkartenkiosk\/wp-json\/wp\/v2\/pages\/36","targetHints":{"allow":["GET"]}}],"collection":[{"href":"https:\/\/evileu.de\/postkartenkiosk\/wp-json\/wp\/v2\/pages"}],"about":[{"href":"https:\/\/evileu.de\/postkartenkiosk\/wp-json\/wp\/v2\/types\/page"}],"author":[{"embeddable":true,"href":"https:\/\/evileu.de\/postkartenkiosk\/wp-json\/wp\/v2\/users\/1"}],"replies":[{"embeddable":true,"href":"https:\/\/evileu.de\/postkartenkiosk\/wp-json\/wp\/v2\/comments?post=36"}],"version-history":[{"count":6,"href":"https:\/\/evileu.de\/postkartenkiosk\/wp-json\/wp\/v2\/pages\/36\/revisions"}],"predecessor-version":[{"id":155,"href":"https:\/\/evileu.de\/postkartenkiosk\/wp-json\/wp\/v2\/pages\/36\/revisions\/155"}],"wp:attachment":[{"href":"https:\/\/evileu.de\/postkartenkiosk\/wp-json\/wp\/v2\/media?parent=36"}],"curies":[{"name":"wp","href":"https:\/\/api.w.org\/{rel}","templated":true}]}}