{"id":32,"date":"2024-02-28T15:16:31","date_gmt":"2024-02-28T14:16:31","guid":{"rendered":"https:\/\/evileu.de\/postkartenkiosk\/?page_id=32"},"modified":"2024-02-29T13:11:15","modified_gmt":"2024-02-29T12:11:15","slug":"aus-dem-blauen-land","status":"publish","type":"page","link":"https:\/\/evileu.de\/postkartenkiosk\/aus-dem-blauen-land\/","title":{"rendered":"Aus dem Blauen Land"},"content":{"rendered":"<p>Wo ist das blaue Land? So nennt man eine Gegend in Oberbayern, zwischen M\u00fcnchen und den Bergen der Alpen. Es gibt hier viel Sch\u00f6nes zu sehen, die Seen und den Flu\u00df Isar, K\u00f6nigsschl\u00f6sser und Bauernh\u00f6fe und vieles andere mehr.<\/p>\n<figure id=\"attachment_33\" aria-describedby=\"caption-attachment-33\" style=\"width: 300px\" class=\"wp-caption alignnone\"><img loading=\"lazy\" decoding=\"async\" class=\"size-medium wp-image-33\" src=\"https:\/\/evileu.de\/postkartenkiosk\/wp-content\/uploads\/2024\/02\/Alle-gehen-baden-300x213.jpg\" alt=\"Alle gehen baden\" width=\"300\" height=\"213\" srcset=\"https:\/\/evileu.de\/postkartenkiosk\/wp-content\/uploads\/2024\/02\/Alle-gehen-baden-300x213.jpg 300w, https:\/\/evileu.de\/postkartenkiosk\/wp-content\/uploads\/2024\/02\/Alle-gehen-baden-1024x726.jpg 1024w, https:\/\/evileu.de\/postkartenkiosk\/wp-content\/uploads\/2024\/02\/Alle-gehen-baden-768x545.jpg 768w, https:\/\/evileu.de\/postkartenkiosk\/wp-content\/uploads\/2024\/02\/Alle-gehen-baden.jpg 1410w\" sizes=\"auto, (max-width: 300px) 100vw, 300px\" \/><figcaption id=\"caption-attachment-33\" class=\"wp-caption-text\">Alle gehen baden<\/figcaption><\/figure>\n<p>Im blauen Land meiner Kinderb\u00fccher gibt es ein Schlo\u00df an einem See, dort wohnen der K\u00f6nig und die K\u00f6nigin, und die Hofk\u00f6chin Madame Babette und Ritter Rollbert, der Chef der k\u00f6niglichen Palastwachen. Und nat\u00fcrlich die Kinder! Allen voran Joschi, der ehemalige Zauberlehrling, Lexi die kleine Meerjungfrau, der Elf Joey und noch viele andere mehr. Kommen Sie mit mir auf eine Rundreise, es gibt viel zu entdecken!<\/p>\n<figure id=\"attachment_100\" aria-describedby=\"caption-attachment-100\" style=\"width: 300px\" class=\"wp-caption alignnone\"><img loading=\"lazy\" decoding=\"async\" class=\"size-medium wp-image-100\" src=\"https:\/\/evileu.de\/postkartenkiosk\/wp-content\/uploads\/2024\/02\/Auf-grosser-Fahrt-300x214.jpg\" alt=\"Auf grosser Fahrt\" width=\"300\" height=\"214\" srcset=\"https:\/\/evileu.de\/postkartenkiosk\/wp-content\/uploads\/2024\/02\/Auf-grosser-Fahrt-300x214.jpg 300w, https:\/\/evileu.de\/postkartenkiosk\/wp-content\/uploads\/2024\/02\/Auf-grosser-Fahrt-1024x730.jpg 1024w, https:\/\/evileu.de\/postkartenkiosk\/wp-content\/uploads\/2024\/02\/Auf-grosser-Fahrt-768x547.jpg 768w, https:\/\/evileu.de\/postkartenkiosk\/wp-content\/uploads\/2024\/02\/Auf-grosser-Fahrt-1536x1095.jpg 1536w, https:\/\/evileu.de\/postkartenkiosk\/wp-content\/uploads\/2024\/02\/Auf-grosser-Fahrt.jpg 1754w\" sizes=\"auto, (max-width: 300px) 100vw, 300px\" \/><figcaption id=\"caption-attachment-100\" class=\"wp-caption-text\">Auf grosser Fahrt<\/figcaption><\/figure>\n","protected":false},"excerpt":{"rendered":"<p>Wo ist das blaue Land? So nennt man eine Gegend in Oberbayern, zwischen M\u00fcnchen und den Bergen der Alpen. Es gibt hier viel Sch\u00f6nes zu sehen, die Seen und den Flu\u00df Isar, K\u00f6nigsschl\u00f6sser und Bauernh\u00f6fe und vieles andere mehr. Im blauen Land meiner Kinderb\u00fccher gibt es ein Schlo\u00df an einem See, dort wohnen der K\u00f6nig &hellip; <a href=\"https:\/\/evileu.de\/postkartenkiosk\/aus-dem-blauen-land\/\" class=\"more-link\"><span class=\"screen-reader-text\">Aus dem Blauen Land<\/span> weiterlesen <span class=\"meta-nav\">&rarr;<\/span><\/a><\/p>\n","protected":false},"author":1,"featured_media":0,"parent":0,"menu_order":4,"comment_status":"closed","ping_status":"closed","template":"","meta":{"footnotes":""},"class_list":["post-32","page","type-page","status-publish","hentry"],"_links":{"self":[{"href":"https:\/\/evileu.de\/postkartenkiosk\/wp-json\/wp\/v2\/pages\/32","targetHints":{"allow":["GET"]}}],"collection":[{"href":"https:\/\/evileu.de\/postkartenkiosk\/wp-json\/wp\/v2\/pages"}],"about":[{"href":"https:\/\/evileu.de\/postkartenkiosk\/wp-json\/wp\/v2\/types\/page"}],"author":[{"embeddable":true,"href":"https:\/\/evileu.de\/postkartenkiosk\/wp-json\/wp\/v2\/users\/1"}],"replies":[{"embeddable":true,"href":"https:\/\/evileu.de\/postkartenkiosk\/wp-json\/wp\/v2\/comments?post=32"}],"version-history":[{"count":4,"href":"https:\/\/evileu.de\/postkartenkiosk\/wp-json\/wp\/v2\/pages\/32\/revisions"}],"predecessor-version":[{"id":101,"href":"https:\/\/evileu.de\/postkartenkiosk\/wp-json\/wp\/v2\/pages\/32\/revisions\/101"}],"wp:attachment":[{"href":"https:\/\/evileu.de\/postkartenkiosk\/wp-json\/wp\/v2\/media?parent=32"}],"curies":[{"name":"wp","href":"https:\/\/api.w.org\/{rel}","templated":true}]}}