{"id":20,"date":"2024-02-28T15:04:45","date_gmt":"2024-02-28T14:04:45","guid":{"rendered":"https:\/\/evileu.de\/postkartenkiosk\/?page_id=20"},"modified":"2024-02-28T23:04:18","modified_gmt":"2024-02-28T22:04:18","slug":"flo-der-kleine-blaue-drache","status":"publish","type":"page","link":"https:\/\/evileu.de\/postkartenkiosk\/flo-der-kleine-blaue-drache\/","title":{"rendered":"Flo, der kleine blaue Drache"},"content":{"rendered":"<p>Flo, der kleine blaue Drache ist ein Kind unserer Zeit. Er k\u00e4mpft oftmals gegen die T\u00fccken des Alltags, l\u00e4\u00dft sich aber nicht unterkriegen und besiegt seinen inneren Schweinehund mit frischem Mut und munterer Motivation.<\/p>\n<p>Manchmal mag er Morgens nicht aufstehen:<\/p>\n<figure id=\"attachment_44\" aria-describedby=\"caption-attachment-44\" style=\"width: 207px\" class=\"wp-caption alignnone\"><img loading=\"lazy\" decoding=\"async\" class=\"wp-image-44 size-medium\" src=\"https:\/\/evileu.de\/postkartenkiosk\/wp-content\/uploads\/2024\/02\/magnonet-207x300.jpg\" alt=\"magnonet\" width=\"207\" height=\"300\" srcset=\"https:\/\/evileu.de\/postkartenkiosk\/wp-content\/uploads\/2024\/02\/magnonet-207x300.jpg 207w, https:\/\/evileu.de\/postkartenkiosk\/wp-content\/uploads\/2024\/02\/magnonet-707x1024.jpg 707w, https:\/\/evileu.de\/postkartenkiosk\/wp-content\/uploads\/2024\/02\/magnonet-768x1112.jpg 768w, https:\/\/evileu.de\/postkartenkiosk\/wp-content\/uploads\/2024\/02\/magnonet-1061x1536.jpg 1061w, https:\/\/evileu.de\/postkartenkiosk\/wp-content\/uploads\/2024\/02\/magnonet.jpg 1189w\" sizes=\"auto, (max-width: 207px) 100vw, 207px\" \/><figcaption id=\"caption-attachment-44\" class=\"wp-caption-text\">magnonet<\/figcaption><\/figure>\n<p>Dann wirds halt ein St\u00fcndchen sp\u00e4ter, aber danach gehts mit Schwung in den Tag<\/p>\n<figure id=\"attachment_157\" aria-describedby=\"caption-attachment-157\" style=\"width: 300px\" class=\"wp-caption alignnone\"><img loading=\"lazy\" decoding=\"async\" class=\"wp-image-157 size-medium\" src=\"https:\/\/evileu.de\/praxis-dr-inselfisch\/wp-content\/uploads\/2018\/12\/packmaswieder-300x218.jpg\" alt=\"packmaswieder\" width=\"300\" height=\"218\" \/><figcaption id=\"caption-attachment-157\" class=\"wp-caption-text\">packmaswieder<\/figcaption><\/figure>\n<div>Frisch gest\u00e4rkt kann man\u00a0 dem Tag ins Auge sehen:<\/div>\n<div><\/div>\n<div>\n<figure id=\"attachment_158\" aria-describedby=\"caption-attachment-158\" style=\"width: 209px\" class=\"wp-caption alignnone\"><img loading=\"lazy\" decoding=\"async\" class=\"wp-image-158 size-medium\" src=\"https:\/\/evileu.de\/praxis-dr-inselfisch\/wp-content\/uploads\/2018\/12\/aufdieplaetze-1-209x300.jpg\" alt=\"aufdieplaetze\" width=\"209\" height=\"300\" \/><figcaption id=\"caption-attachment-158\" class=\"wp-caption-text\">aufdieplaetze<\/figcaption><\/figure>\n<\/div>\n<p>&nbsp;<\/p>\n<div>Und mit neuer Energie geht es\u00a0 ans Tagwerk.<\/div>\n<div>\n<figure id=\"attachment_159\" aria-describedby=\"caption-attachment-159\" style=\"width: 300px\" class=\"wp-caption alignnone\"><img loading=\"lazy\" decoding=\"async\" class=\"wp-image-159 size-medium\" src=\"https:\/\/evileu.de\/praxis-dr-inselfisch\/wp-content\/uploads\/2018\/12\/attacke-300x218.jpg\" alt=\"attacke\" width=\"300\" height=\"218\" \/><figcaption id=\"caption-attachment-159\" class=\"wp-caption-text\">attacke<\/figcaption><\/figure>\n<\/div>\n","protected":false},"excerpt":{"rendered":"<p>Flo, der kleine blaue Drache ist ein Kind unserer Zeit. Er k\u00e4mpft oftmals gegen die T\u00fccken des Alltags, l\u00e4\u00dft sich aber nicht unterkriegen und besiegt seinen inneren Schweinehund mit frischem Mut und munterer Motivation. Manchmal mag er Morgens nicht aufstehen: Dann wirds halt ein St\u00fcndchen sp\u00e4ter, aber danach gehts mit Schwung in den Tag Frisch &hellip; <a href=\"https:\/\/evileu.de\/postkartenkiosk\/flo-der-kleine-blaue-drache\/\" class=\"more-link\"><span class=\"screen-reader-text\">Flo, der kleine blaue Drache<\/span> weiterlesen <span class=\"meta-nav\">&rarr;<\/span><\/a><\/p>\n","protected":false},"author":1,"featured_media":0,"parent":0,"menu_order":2,"comment_status":"closed","ping_status":"closed","template":"","meta":{"footnotes":""},"class_list":["post-20","page","type-page","status-publish","hentry"],"_links":{"self":[{"href":"https:\/\/evileu.de\/postkartenkiosk\/wp-json\/wp\/v2\/pages\/20","targetHints":{"allow":["GET"]}}],"collection":[{"href":"https:\/\/evileu.de\/postkartenkiosk\/wp-json\/wp\/v2\/pages"}],"about":[{"href":"https:\/\/evileu.de\/postkartenkiosk\/wp-json\/wp\/v2\/types\/page"}],"author":[{"embeddable":true,"href":"https:\/\/evileu.de\/postkartenkiosk\/wp-json\/wp\/v2\/users\/1"}],"replies":[{"embeddable":true,"href":"https:\/\/evileu.de\/postkartenkiosk\/wp-json\/wp\/v2\/comments?post=20"}],"version-history":[{"count":7,"href":"https:\/\/evileu.de\/postkartenkiosk\/wp-json\/wp\/v2\/pages\/20\/revisions"}],"predecessor-version":[{"id":23,"href":"https:\/\/evileu.de\/postkartenkiosk\/wp-json\/wp\/v2\/pages\/20\/revisions\/23"}],"wp:attachment":[{"href":"https:\/\/evileu.de\/postkartenkiosk\/wp-json\/wp\/v2\/media?parent=20"}],"curies":[{"name":"wp","href":"https:\/\/api.w.org\/{rel}","templated":true}]}}