{"id":12,"date":"2024-02-28T14:38:42","date_gmt":"2024-02-28T13:38:42","guid":{"rendered":"https:\/\/evileu.de\/postkartenkiosk\/?page_id=12"},"modified":"2024-02-28T18:04:17","modified_gmt":"2024-02-28T17:04:17","slug":"willkommen","status":"publish","type":"page","link":"https:\/\/evileu.de\/postkartenkiosk\/","title":{"rendered":"Willkommen"},"content":{"rendered":"<h2>Liebe Besucherinnen und Besucher meines Postkartenkiosk,<\/h2>\n<p>Bl\u00fcmchen das strickende H\u00fchnchen, Bernhard die Glasmaus, Flo der kleine blaue Drache, die Engerl und viele andere Figuren aus meinen Kinderb\u00fcchern habe ich als Postkarten gestaltet. Oft lustig, manchmal nachdenklich, immer einmalig und mit Liebe zum Detail. Ob f\u00fcr Geburtstag, Feiertage, besondere Anl\u00e4sse oder einfach so zum Schmunzeln, bei mir finden Sie immer die richtige Karte.<\/p>\n<h3>Kauf und Versand<\/h3>\n<p>Wenn Sie hier Postkarten kaufen wollen, schreiben sie mir bitte eine E-Mail an:<\/p>\n<p><a href=\"mailto:evi.s.leu@gmx.de\">evi.s.leu@gmx.de<\/a><\/p>\n<p>Ich melde mich dann baldm\u00f6glichst bei Ihnen.<\/p>\n<p>4 St\u00fcck im Postkartenformat DIN A6 nach Ihren W\u00fcnschen auf feinem mattweissen Karton ausgedruckt kosten 8 \u20ac plus 2 \u20ac Versand.<\/p>\n<p>Es funktioniert folgendermassen: Sie suchen sich vier Postkarten aus und teilen mir die Titel mit. Ich drucke ganz individuell f\u00fcr Sie und schneide zu. Auf eine A4 Seite passen vier Postkarten, also erhalten Sie mindestens vier Karten. Sie k\u00f6nnen nat\u00fcrlich auch 8, 12, 16 Karten usw. bestellen, aber das Minumum ist vier.<\/p>\n<h2>Zahlung<\/h2>\n<p>Bitte haben Sie Verst\u00e4ndnis daf\u00fcr, da\u00df ich nur gegen Vorauskasse (Bank\u00fcberweisung) oder Zahlung per PayPal versende. Meine Bankdaten erhalten Sie nach Vereinbarung per E-Mail.<\/p>\n<p>Herzliche\u00a0 Gr\u00fc\u00dfe,<\/p>\n<p>Evi Silvia Leu<\/p>\n<p>&nbsp;<\/p>\n","protected":false},"excerpt":{"rendered":"<p>Liebe Besucherinnen und Besucher meines Postkartenkiosk, Bl\u00fcmchen das strickende H\u00fchnchen, Bernhard die Glasmaus, Flo der kleine blaue Drache, die Engerl und viele andere Figuren aus meinen Kinderb\u00fcchern habe ich als Postkarten gestaltet. Oft lustig, manchmal nachdenklich, immer einmalig und mit Liebe zum Detail. Ob f\u00fcr Geburtstag, Feiertage, besondere Anl\u00e4sse oder einfach so zum Schmunzeln, bei &hellip; <a href=\"https:\/\/evileu.de\/postkartenkiosk\/\" class=\"more-link\"><span class=\"screen-reader-text\">Willkommen<\/span> weiterlesen <span class=\"meta-nav\">&rarr;<\/span><\/a><\/p>\n","protected":false},"author":1,"featured_media":0,"parent":0,"menu_order":0,"comment_status":"closed","ping_status":"closed","template":"","meta":{"footnotes":""},"class_list":["post-12","page","type-page","status-publish","hentry"],"_links":{"self":[{"href":"https:\/\/evileu.de\/postkartenkiosk\/wp-json\/wp\/v2\/pages\/12","targetHints":{"allow":["GET"]}}],"collection":[{"href":"https:\/\/evileu.de\/postkartenkiosk\/wp-json\/wp\/v2\/pages"}],"about":[{"href":"https:\/\/evileu.de\/postkartenkiosk\/wp-json\/wp\/v2\/types\/page"}],"author":[{"embeddable":true,"href":"https:\/\/evileu.de\/postkartenkiosk\/wp-json\/wp\/v2\/users\/1"}],"replies":[{"embeddable":true,"href":"https:\/\/evileu.de\/postkartenkiosk\/wp-json\/wp\/v2\/comments?post=12"}],"version-history":[{"count":7,"href":"https:\/\/evileu.de\/postkartenkiosk\/wp-json\/wp\/v2\/pages\/12\/revisions"}],"predecessor-version":[{"id":57,"href":"https:\/\/evileu.de\/postkartenkiosk\/wp-json\/wp\/v2\/pages\/12\/revisions\/57"}],"wp:attachment":[{"href":"https:\/\/evileu.de\/postkartenkiosk\/wp-json\/wp\/v2\/media?parent=12"}],"curies":[{"name":"wp","href":"https:\/\/api.w.org\/{rel}","templated":true}]}}