{"id":573,"date":"2025-01-24T15:18:47","date_gmt":"2025-01-24T14:18:47","guid":{"rendered":"https:\/\/evileu.de\/ohrring-paradies\/?page_id=573"},"modified":"2025-01-24T15:18:47","modified_gmt":"2025-01-24T14:18:47","slug":"meine-anderen-shops","status":"publish","type":"page","link":"https:\/\/evileu.de\/ohrring-paradies\/meine-anderen-shops\/","title":{"rendered":"Meine anderen Shops"},"content":{"rendered":"<h2><b>Evi\u2019s Finest Schmuck &#8211; <\/b><b>Faszination<\/b> <b>der Glasperlen<\/b><b><\/b><\/h2>\n<p><img loading=\"lazy\" decoding=\"async\" class=\"alignnone wp-image-574 size-large\" src=\"https:\/\/evileu.de\/ohrring-paradies\/wp-content\/uploads\/2025\/01\/header_evisfinest-1024x195.jpg\" alt=\"header_evisfinest\" width=\"474\" height=\"90\" srcset=\"https:\/\/evileu.de\/ohrring-paradies\/wp-content\/uploads\/2025\/01\/header_evisfinest-1024x195.jpg 1024w, https:\/\/evileu.de\/ohrring-paradies\/wp-content\/uploads\/2025\/01\/header_evisfinest-300x57.jpg 300w, https:\/\/evileu.de\/ohrring-paradies\/wp-content\/uploads\/2025\/01\/header_evisfinest-768x146.jpg 768w, https:\/\/evileu.de\/ohrring-paradies\/wp-content\/uploads\/2025\/01\/header_evisfinest.jpg 1260w\" sizes=\"auto, (max-width: 474px) 100vw, 474px\" \/><\/p>\n<p><a href=\"https:\/\/www.evileu.de\/evisfinest\/\">https:\/\/www.evileu.de\/evisfinest\/<\/a><\/p>\n<p>Meine\u00a0 Kollektion umfa\u00dft \u00fcber 180 einzigartige handgefertigte Schmuckst\u00fccke aus ausgesuchten, besonderen, einmaligen und teils antiken Glasperlen aus aller Herren L\u00e4nder. Hier finden auch Sie ihr Lieblingsst\u00fcck!<\/p>\n<h2>Geschenkboutique &#8211; Handgemachtes mit Herz<\/h2>\n<p><img loading=\"lazy\" decoding=\"async\" class=\"alignnone wp-image-575 size-large\" src=\"https:\/\/evileu.de\/ohrring-paradies\/wp-content\/uploads\/2025\/01\/cropped-headerbild_boutique-1024x194.jpg\" alt=\"header geschenkboutique\" width=\"474\" height=\"90\" srcset=\"https:\/\/evileu.de\/ohrring-paradies\/wp-content\/uploads\/2025\/01\/cropped-headerbild_boutique-1024x194.jpg 1024w, https:\/\/evileu.de\/ohrring-paradies\/wp-content\/uploads\/2025\/01\/cropped-headerbild_boutique-300x57.jpg 300w, https:\/\/evileu.de\/ohrring-paradies\/wp-content\/uploads\/2025\/01\/cropped-headerbild_boutique-768x146.jpg 768w, https:\/\/evileu.de\/ohrring-paradies\/wp-content\/uploads\/2025\/01\/cropped-headerbild_boutique.jpg 1260w\" sizes=\"auto, (max-width: 474px) 100vw, 474px\" \/><\/p>\n<p><a href=\"https:\/\/evileu.de\/geschenkboutique\/\">https:\/\/evileu.de\/geschenkboutique\/<\/a><\/p>\n<p>In meiner Geschenkboutique finden Sie handgemachte Kreationen mit Herz, die von mir selbst in kunsthandwerklicher Feinarbeit mit viel Liebe gefertigt werden. Ob\u00a0 Vodoo-B\u00e4rchen oder Rucksacktascherl, filigrane Seidenb\u00e4ndchen-Stickerei oder sch\u00f6n gestrickte Handstulpen, so gut wie alles ist selbst entworfen.<\/p>\n<h2><b>Der Postkartenkiosk &#8211; <\/b>Originelle K\u00fcnstlerpostkarten f\u00fcr jeden<br \/>\nAnlass<\/h2>\n<p><img loading=\"lazy\" decoding=\"async\" class=\"alignnone wp-image-576 size-large\" src=\"https:\/\/evileu.de\/ohrring-paradies\/wp-content\/uploads\/2025\/01\/header_postkartenkiosk-1024x195.jpg\" alt=\"header_postkartenkiosk\" width=\"474\" height=\"90\" srcset=\"https:\/\/evileu.de\/ohrring-paradies\/wp-content\/uploads\/2025\/01\/header_postkartenkiosk-1024x195.jpg 1024w, https:\/\/evileu.de\/ohrring-paradies\/wp-content\/uploads\/2025\/01\/header_postkartenkiosk-300x57.jpg 300w, https:\/\/evileu.de\/ohrring-paradies\/wp-content\/uploads\/2025\/01\/header_postkartenkiosk-768x146.jpg 768w, https:\/\/evileu.de\/ohrring-paradies\/wp-content\/uploads\/2025\/01\/header_postkartenkiosk.jpg 1260w\" sizes=\"auto, (max-width: 474px) 100vw, 474px\" \/><\/p>\n<p><a href=\"https:\/\/evileu.de\/postkartenkiosk\/\">https:\/\/evileu.de\/postkartenkiosk\/<\/a><\/p>\n<p>Bl\u00fcmchen das strickende H\u00fchnchen, Bernhard die Glasmaus, Flo der kleine blaue Drache, die Engerl und viele andere Figuren aus meinen Kinderb\u00fcchern habe ich als Postkarten gestaltet. Oft lustig, manchmal nachdenklich, immer einmalig und mit Liebe zum Detail. Ob f\u00fcr Geburtstag, Feiertage, besondere Anl\u00e4sse oder einfach so zum Schmunzeln, bei mir finden Sie immer die richtige Karte.<\/p>\n<p>&nbsp;<\/p>\n","protected":false},"excerpt":{"rendered":"<p>Evi\u2019s Finest Schmuck &#8211; Faszination der Glasperlen https:\/\/www.evileu.de\/evisfinest\/ Meine\u00a0 Kollektion umfa\u00dft \u00fcber 180 einzigartige handgefertigte Schmuckst\u00fccke aus ausgesuchten, besonderen, einmaligen und teils antiken Glasperlen aus aller Herren L\u00e4nder. Hier finden auch Sie ihr Lieblingsst\u00fcck! Geschenkboutique &#8211; Handgemachtes mit Herz https:\/\/evileu.de\/geschenkboutique\/ In meiner Geschenkboutique finden Sie handgemachte Kreationen mit Herz, die von mir selbst in kunsthandwerklicher &hellip; <a href=\"https:\/\/evileu.de\/ohrring-paradies\/meine-anderen-shops\/\" class=\"more-link\"><span class=\"screen-reader-text\">Meine anderen Shops<\/span> weiterlesen <span class=\"meta-nav\">&rarr;<\/span><\/a><\/p>\n","protected":false},"author":1,"featured_media":0,"parent":0,"menu_order":17,"comment_status":"closed","ping_status":"closed","template":"","meta":{"footnotes":""},"class_list":["post-573","page","type-page","status-publish","hentry"],"_links":{"self":[{"href":"https:\/\/evileu.de\/ohrring-paradies\/wp-json\/wp\/v2\/pages\/573","targetHints":{"allow":["GET"]}}],"collection":[{"href":"https:\/\/evileu.de\/ohrring-paradies\/wp-json\/wp\/v2\/pages"}],"about":[{"href":"https:\/\/evileu.de\/ohrring-paradies\/wp-json\/wp\/v2\/types\/page"}],"author":[{"embeddable":true,"href":"https:\/\/evileu.de\/ohrring-paradies\/wp-json\/wp\/v2\/users\/1"}],"replies":[{"embeddable":true,"href":"https:\/\/evileu.de\/ohrring-paradies\/wp-json\/wp\/v2\/comments?post=573"}],"version-history":[{"count":1,"href":"https:\/\/evileu.de\/ohrring-paradies\/wp-json\/wp\/v2\/pages\/573\/revisions"}],"predecessor-version":[{"id":577,"href":"https:\/\/evileu.de\/ohrring-paradies\/wp-json\/wp\/v2\/pages\/573\/revisions\/577"}],"wp:attachment":[{"href":"https:\/\/evileu.de\/ohrring-paradies\/wp-json\/wp\/v2\/media?parent=573"}],"curies":[{"name":"wp","href":"https:\/\/api.w.org\/{rel}","templated":true}]}}