{"id":358,"date":"2024-02-03T15:28:46","date_gmt":"2024-02-03T14:28:46","guid":{"rendered":"https:\/\/evileu.de\/ohrring-paradies\/?page_id=358"},"modified":"2024-02-03T23:32:38","modified_gmt":"2024-02-03T22:32:38","slug":"maschenmarkierer","status":"publish","type":"page","link":"https:\/\/evileu.de\/ohrring-paradies\/maschenmarkierer\/","title":{"rendered":"Maschenmarkierer"},"content":{"rendered":"<p>Liebe Handarbeitsfreund*innen,<\/p>\n<p>jede kennt und liebt sie: sch\u00f6ne Maschenmarkierer mit Perlenanh\u00e4ngern! Ebenso sch\u00f6n anzusehen wie praktisch, und sie geben auch super kleine Geschenke ab. Ich fertige sie mit einer stabilen Drahtschlaufe, die \u00fcber Nadeln bis ca. St\u00e4rke 6 pa\u00dft. Aus einem P\u00e4rle Perlenanh\u00e4nger nach ihrem Wunsch werden (logisch :)) zwei Maschenmarkierer, sie kosten genau wie die Ohrringe 5 \u20ac das Paar. Dazu kommen 3 \u20ac f\u00fcr den Versand. Einzelne Maschenmarkierer wenn gew\u00fcnscht kosten 3 \u20ac plus Versand, spezielle Farbw\u00fcnsche werden gern ber\u00fccksichtigt.<\/p>\n<p><img loading=\"lazy\" decoding=\"async\" class=\"alignnone wp-image-360\" src=\"https:\/\/evileu.de\/ohrring-paradies\/wp-content\/uploads\/2024\/02\/Strickzeug-300x221.jpg\" alt=\"Strickzeug\" width=\"251\" height=\"185\" srcset=\"https:\/\/evileu.de\/ohrring-paradies\/wp-content\/uploads\/2024\/02\/Strickzeug-300x221.jpg 300w, https:\/\/evileu.de\/ohrring-paradies\/wp-content\/uploads\/2024\/02\/Strickzeug-1024x753.jpg 1024w, https:\/\/evileu.de\/ohrring-paradies\/wp-content\/uploads\/2024\/02\/Strickzeug-768x565.jpg 768w, https:\/\/evileu.de\/ohrring-paradies\/wp-content\/uploads\/2024\/02\/Strickzeug-1536x1130.jpg 1536w, https:\/\/evileu.de\/ohrring-paradies\/wp-content\/uploads\/2024\/02\/Strickzeug-2048x1506.jpg 2048w\" sizes=\"auto, (max-width: 251px) 100vw, 251px\" \/>\u00a0 \u00a0 \u00a0<img loading=\"lazy\" decoding=\"async\" class=\"alignnone wp-image-375\" src=\"https:\/\/evileu.de\/ohrring-paradies\/wp-content\/uploads\/2024\/02\/MaMaRosa-199x300.jpg\" alt=\"MaMaRosa\" width=\"160\" height=\"241\" srcset=\"https:\/\/evileu.de\/ohrring-paradies\/wp-content\/uploads\/2024\/02\/MaMaRosa-199x300.jpg 199w, https:\/\/evileu.de\/ohrring-paradies\/wp-content\/uploads\/2024\/02\/MaMaRosa-679x1024.jpg 679w, https:\/\/evileu.de\/ohrring-paradies\/wp-content\/uploads\/2024\/02\/MaMaRosa-768x1159.jpg 768w, https:\/\/evileu.de\/ohrring-paradies\/wp-content\/uploads\/2024\/02\/MaMaRosa-1018x1536.jpg 1018w, https:\/\/evileu.de\/ohrring-paradies\/wp-content\/uploads\/2024\/02\/MaMaRosa-1357x2048.jpg 1357w, https:\/\/evileu.de\/ohrring-paradies\/wp-content\/uploads\/2024\/02\/MaMaRosa.jpg 1384w\" sizes=\"auto, (max-width: 160px) 100vw, 160px\" \/><\/p>\n<p>Heisser Tipp: wenn man zwei verschiedenfarbige Maschenmarkierer nimmt, hat man Marker f\u00fcr den Anfang und das Ende der Reihe. Zum Beispiel ein gr\u00fcner MaMa f\u00fcr den Anfang, ein roter MaMa f\u00fcr das Ende. Das kann f\u00fcr manche Muster sehr praktisch sein! Nennen sie mir einfach ihre Farbw\u00fcnsche, ich habe fast alle Farben vorr\u00e4tig!<\/p>\n<p><img loading=\"lazy\" decoding=\"async\" class=\"alignnone size-medium wp-image-374\" src=\"https:\/\/evileu.de\/ohrring-paradies\/wp-content\/uploads\/2024\/02\/MaMarotgruen-180x300.jpg\" alt=\"MaMarotgruen\" width=\"180\" height=\"300\" srcset=\"https:\/\/evileu.de\/ohrring-paradies\/wp-content\/uploads\/2024\/02\/MaMarotgruen-180x300.jpg 180w, https:\/\/evileu.de\/ohrring-paradies\/wp-content\/uploads\/2024\/02\/MaMarotgruen-613x1024.jpg 613w, https:\/\/evileu.de\/ohrring-paradies\/wp-content\/uploads\/2024\/02\/MaMarotgruen-768x1283.jpg 768w, https:\/\/evileu.de\/ohrring-paradies\/wp-content\/uploads\/2024\/02\/MaMarotgruen-919x1536.jpg 919w, https:\/\/evileu.de\/ohrring-paradies\/wp-content\/uploads\/2024\/02\/MaMarotgruen-1226x2048.jpg 1226w, https:\/\/evileu.de\/ohrring-paradies\/wp-content\/uploads\/2024\/02\/MaMarotgruen.jpg 1360w\" sizes=\"auto, (max-width: 180px) 100vw, 180px\" \/> <img loading=\"lazy\" decoding=\"async\" class=\"alignnone size-medium wp-image-376\" src=\"https:\/\/evileu.de\/ohrring-paradies\/wp-content\/uploads\/2024\/02\/MaMaorangegruen-206x300.jpg\" alt=\"MaMaorangegruen\" width=\"206\" height=\"300\" srcset=\"https:\/\/evileu.de\/ohrring-paradies\/wp-content\/uploads\/2024\/02\/MaMaorangegruen-206x300.jpg 206w, https:\/\/evileu.de\/ohrring-paradies\/wp-content\/uploads\/2024\/02\/MaMaorangegruen-704x1024.jpg 704w, https:\/\/evileu.de\/ohrring-paradies\/wp-content\/uploads\/2024\/02\/MaMaorangegruen-768x1116.jpg 768w, https:\/\/evileu.de\/ohrring-paradies\/wp-content\/uploads\/2024\/02\/MaMaorangegruen-1057x1536.jpg 1057w, https:\/\/evileu.de\/ohrring-paradies\/wp-content\/uploads\/2024\/02\/MaMaorangegruen-1409x2048.jpg 1409w, https:\/\/evileu.de\/ohrring-paradies\/wp-content\/uploads\/2024\/02\/MaMaorangegruen.jpg 1464w\" sizes=\"auto, (max-width: 206px) 100vw, 206px\" \/><\/p>\n<p><img loading=\"lazy\" decoding=\"async\" class=\"alignnone size-medium wp-image-382\" src=\"https:\/\/evileu.de\/ohrring-paradies\/wp-content\/uploads\/2024\/02\/MaMarotgruen2-187x300.jpg\" alt=\"MaMarotgruen2\" width=\"187\" height=\"300\" srcset=\"https:\/\/evileu.de\/ohrring-paradies\/wp-content\/uploads\/2024\/02\/MaMarotgruen2-187x300.jpg 187w, https:\/\/evileu.de\/ohrring-paradies\/wp-content\/uploads\/2024\/02\/MaMarotgruen2-638x1024.jpg 638w, https:\/\/evileu.de\/ohrring-paradies\/wp-content\/uploads\/2024\/02\/MaMarotgruen2-768x1233.jpg 768w, https:\/\/evileu.de\/ohrring-paradies\/wp-content\/uploads\/2024\/02\/MaMarotgruen2-957x1536.jpg 957w, https:\/\/evileu.de\/ohrring-paradies\/wp-content\/uploads\/2024\/02\/MaMarotgruen2.jpg 1256w\" sizes=\"auto, (max-width: 187px) 100vw, 187px\" \/><\/p>\n<p>&nbsp;<\/p>\n","protected":false},"excerpt":{"rendered":"<p>Liebe Handarbeitsfreund*innen, jede kennt und liebt sie: sch\u00f6ne Maschenmarkierer mit Perlenanh\u00e4ngern! Ebenso sch\u00f6n anzusehen wie praktisch, und sie geben auch super kleine Geschenke ab. Ich fertige sie mit einer stabilen Drahtschlaufe, die \u00fcber Nadeln bis ca. St\u00e4rke 6 pa\u00dft. Aus einem P\u00e4rle Perlenanh\u00e4nger nach ihrem Wunsch werden (logisch :)) zwei Maschenmarkierer, sie kosten genau wie &hellip; <a href=\"https:\/\/evileu.de\/ohrring-paradies\/maschenmarkierer\/\" class=\"more-link\"><span class=\"screen-reader-text\">Maschenmarkierer<\/span> weiterlesen <span class=\"meta-nav\">&rarr;<\/span><\/a><\/p>\n","protected":false},"author":1,"featured_media":0,"parent":0,"menu_order":15,"comment_status":"closed","ping_status":"closed","template":"","meta":{"footnotes":""},"class_list":["post-358","page","type-page","status-publish","hentry"],"_links":{"self":[{"href":"https:\/\/evileu.de\/ohrring-paradies\/wp-json\/wp\/v2\/pages\/358","targetHints":{"allow":["GET"]}}],"collection":[{"href":"https:\/\/evileu.de\/ohrring-paradies\/wp-json\/wp\/v2\/pages"}],"about":[{"href":"https:\/\/evileu.de\/ohrring-paradies\/wp-json\/wp\/v2\/types\/page"}],"author":[{"embeddable":true,"href":"https:\/\/evileu.de\/ohrring-paradies\/wp-json\/wp\/v2\/users\/1"}],"replies":[{"embeddable":true,"href":"https:\/\/evileu.de\/ohrring-paradies\/wp-json\/wp\/v2\/comments?post=358"}],"version-history":[{"count":9,"href":"https:\/\/evileu.de\/ohrring-paradies\/wp-json\/wp\/v2\/pages\/358\/revisions"}],"predecessor-version":[{"id":361,"href":"https:\/\/evileu.de\/ohrring-paradies\/wp-json\/wp\/v2\/pages\/358\/revisions\/361"}],"wp:attachment":[{"href":"https:\/\/evileu.de\/ohrring-paradies\/wp-json\/wp\/v2\/media?parent=358"}],"curies":[{"name":"wp","href":"https:\/\/api.w.org\/{rel}","templated":true}]}}