{"id":277,"date":"2024-02-01T09:19:51","date_gmt":"2024-02-01T08:19:51","guid":{"rendered":"https:\/\/evileu.de\/ohrring-paradies\/?page_id=277"},"modified":"2024-02-01T16:14:52","modified_gmt":"2024-02-01T15:14:52","slug":"lesezeichen","status":"publish","type":"page","link":"https:\/\/evileu.de\/ohrring-paradies\/lesezeichen\/","title":{"rendered":"Lesezeichen"},"content":{"rendered":"<p>Was tun, wenn man keine Ohringe tragen kann weil man keine Ohrl\u00f6cher hat? Die Schmuckst\u00fccke eignen sich auch wunderbar als sch\u00f6ne Lesezeichen. Ich kn\u00fcpfe sie an ein farblich passendes Organza-Band von ca. 40 cm L\u00e4nge, dann kann man sie in sein Lieblingsbuch klemmen.<\/p>\n<p><img loading=\"lazy\" decoding=\"async\" class=\"alignnone size-medium wp-image-280\" src=\"https:\/\/evileu.de\/ohrring-paradies\/wp-content\/uploads\/2024\/02\/IMG_20240201_090910-119x300.jpg\" alt=\"Lesezeichen\" width=\"119\" height=\"300\" srcset=\"https:\/\/evileu.de\/ohrring-paradies\/wp-content\/uploads\/2024\/02\/IMG_20240201_090910-119x300.jpg 119w, https:\/\/evileu.de\/ohrring-paradies\/wp-content\/uploads\/2024\/02\/IMG_20240201_090910-407x1024.jpg 407w, https:\/\/evileu.de\/ohrring-paradies\/wp-content\/uploads\/2024\/02\/IMG_20240201_090910-768x1930.jpg 768w, https:\/\/evileu.de\/ohrring-paradies\/wp-content\/uploads\/2024\/02\/IMG_20240201_090910-611x1536.jpg 611w, https:\/\/evileu.de\/ohrring-paradies\/wp-content\/uploads\/2024\/02\/IMG_20240201_090910-815x2048.jpg 815w, https:\/\/evileu.de\/ohrring-paradies\/wp-content\/uploads\/2024\/02\/IMG_20240201_090910-scaled.jpg 1019w\" sizes=\"auto, (max-width: 119px) 100vw, 119px\" \/><\/p>\n<p>Die Lesezeichen kosten 4 \u20ac das St\u00fcck, dazu kommen Versandkosten in H\u00f6he von 3 \u20ac. Bei mehreren Lesezeichen pro Lieferung wird der Versand nur einmal berechnet. Bestellungen bitte per E-Mail an <a href=\"mailto:evi.s.leu@gmx.de\">evi.s.leu@gmx.de<\/a><\/p>\n<p>Lesezeichen eignen sich auch wunderbar als kleine Geschenke, nehmen sie einfach die Lieblingsfarbe des Empf\u00e4ngers und sie kommen gut an!<\/p>\n","protected":false},"excerpt":{"rendered":"<p>Was tun, wenn man keine Ohringe tragen kann weil man keine Ohrl\u00f6cher hat? Die Schmuckst\u00fccke eignen sich auch wunderbar als sch\u00f6ne Lesezeichen. Ich kn\u00fcpfe sie an ein farblich passendes Organza-Band von ca. 40 cm L\u00e4nge, dann kann man sie in sein Lieblingsbuch klemmen. Die Lesezeichen kosten 4 \u20ac das St\u00fcck, dazu kommen Versandkosten in H\u00f6he &hellip; <a href=\"https:\/\/evileu.de\/ohrring-paradies\/lesezeichen\/\" class=\"more-link\"><span class=\"screen-reader-text\">Lesezeichen<\/span> weiterlesen <span class=\"meta-nav\">&rarr;<\/span><\/a><\/p>\n","protected":false},"author":1,"featured_media":0,"parent":0,"menu_order":13,"comment_status":"closed","ping_status":"closed","template":"","meta":{"footnotes":""},"class_list":["post-277","page","type-page","status-publish","hentry"],"_links":{"self":[{"href":"https:\/\/evileu.de\/ohrring-paradies\/wp-json\/wp\/v2\/pages\/277","targetHints":{"allow":["GET"]}}],"collection":[{"href":"https:\/\/evileu.de\/ohrring-paradies\/wp-json\/wp\/v2\/pages"}],"about":[{"href":"https:\/\/evileu.de\/ohrring-paradies\/wp-json\/wp\/v2\/types\/page"}],"author":[{"embeddable":true,"href":"https:\/\/evileu.de\/ohrring-paradies\/wp-json\/wp\/v2\/users\/1"}],"replies":[{"embeddable":true,"href":"https:\/\/evileu.de\/ohrring-paradies\/wp-json\/wp\/v2\/comments?post=277"}],"version-history":[{"count":5,"href":"https:\/\/evileu.de\/ohrring-paradies\/wp-json\/wp\/v2\/pages\/277\/revisions"}],"predecessor-version":[{"id":291,"href":"https:\/\/evileu.de\/ohrring-paradies\/wp-json\/wp\/v2\/pages\/277\/revisions\/291"}],"wp:attachment":[{"href":"https:\/\/evileu.de\/ohrring-paradies\/wp-json\/wp\/v2\/media?parent=277"}],"curies":[{"name":"wp","href":"https:\/\/api.w.org\/{rel}","templated":true}]}}