{"id":2,"date":"2024-01-22T10:44:49","date_gmt":"2024-01-22T09:44:49","guid":{"rendered":"https:\/\/evileu.de\/ohrring-paradies\/?page_id=2"},"modified":"2024-04-11T18:26:20","modified_gmt":"2024-04-11T16:26:20","slug":"beispiel-seite","status":"publish","type":"page","link":"https:\/\/evileu.de\/ohrring-paradies\/","title":{"rendered":"Willkommen"},"content":{"rendered":"<h2>Herzlich Willkommen, liebe Besucher meines Ohrring-Paradieses!<\/h2>\n<p>Ich sammele seit vielen Jahren einzigartige Kristall- und Glasschliffperlen und gestalte damit unverwechselbare Schmuckst\u00fccke, die es so nicht woanders zu kaufen gibt. Die St\u00fccke\u00a0 sind allesamt Unikate und absolut einzigartig.<\/p>\n<p>Wenn Sie\u00a0 ein Paar Ohrringe erwerben m\u00f6chten, schreiben Sie mir eine E-Mail an <a href=\"mailto:evi.s.leu@gmx.de\">evi.s.leu@gmx.de<\/a>\u00a0 ich melde mich dann gern bei Ihnen. Die Ohrringe kosten 5 \u20ac das Paar, dazu kommen 3 \u20ac f\u00fcr den Versand mit Briefpost im gef\u00fctterten Umschlag. Bei mehreren Ohringen in einer Sendung wird die Versandgeb\u00fchr nur einmal berechnet. Die Bezahlung erfolgt per PayPal oder Vorauskasse\/Bank\u00fcberweisung.<\/p>\n<p>Hinweis: Kinder und Jugendliche unter 18 Jahren, die PayPal nicht nutzen k\u00f6nnen, aber \u00fcber ein eigenes Girokonto verf\u00fcgen, k\u00f6nnen per Bank\u00fcberweisung bezahlen. Dabei sollte der Betrag den Taschengeldrahmen von 10-12 \u20ac nicht \u00fcbersteigen. Bei\u00a0 mir ist auch eine Bezahlung mit Briefmarken m\u00f6glich &#8211; schreibt mir eine E-Mail, dann regeln wir das.<\/p>\n<p>Bei den Ohrringen ist es ja so eine Sache: Man braucht zwei Gleiche, oder zumindest zwei, die sich sehr \u00e4hneln. Das ist nicht immer ganz leicht, manchmal muss ich lange suchen bis ich ein passendes P\u00e4rchen beieinander habe. Manchmal sind sie auch nicht ganz gleich, nur sehr \u00e4hnlich. Die Ohrringe sind zwischen 2 und 4 cm gro\u00df und werden auf nickelfreie und hypoallergene offene Haken montiert. Die Haken gibt es in silber- und goldfarben.<\/p>\n<p><img loading=\"lazy\" decoding=\"async\" class=\"alignnone wp-image-550 \" src=\"https:\/\/evileu.de\/ohrring-paradies\/wp-content\/uploads\/2024\/04\/Kugelchen-Bairischblau-2-256x300.jpg\" alt=\"Kugelchen Bairischblau 2\" width=\"180\" height=\"210\" srcset=\"https:\/\/evileu.de\/ohrring-paradies\/wp-content\/uploads\/2024\/04\/Kugelchen-Bairischblau-2-256x300.jpg 256w, https:\/\/evileu.de\/ohrring-paradies\/wp-content\/uploads\/2024\/04\/Kugelchen-Bairischblau-2-768x899.jpg 768w, https:\/\/evileu.de\/ohrring-paradies\/wp-content\/uploads\/2024\/04\/Kugelchen-Bairischblau-2.jpg 803w\" sizes=\"auto, (max-width: 180px) 100vw, 180px\" \/> \u00a0\u00a0 <img loading=\"lazy\" decoding=\"async\" class=\"alignnone wp-image-533 \" src=\"https:\/\/evileu.de\/ohrring-paradies\/wp-content\/uploads\/2024\/03\/Hobbitblume-Loewenzahn-225x300.jpg\" alt=\"Hobbitblume L\u00f6wenzahn\" width=\"157\" height=\"209\" srcset=\"https:\/\/evileu.de\/ohrring-paradies\/wp-content\/uploads\/2024\/03\/Hobbitblume-Loewenzahn-225x300.jpg 225w, https:\/\/evileu.de\/ohrring-paradies\/wp-content\/uploads\/2024\/03\/Hobbitblume-Loewenzahn-767x1024.jpg 767w, https:\/\/evileu.de\/ohrring-paradies\/wp-content\/uploads\/2024\/03\/Hobbitblume-Loewenzahn-768x1025.jpg 768w, https:\/\/evileu.de\/ohrring-paradies\/wp-content\/uploads\/2024\/03\/Hobbitblume-Loewenzahn-1150x1536.jpg 1150w, https:\/\/evileu.de\/ohrring-paradies\/wp-content\/uploads\/2024\/03\/Hobbitblume-Loewenzahn.jpg 1408w\" sizes=\"auto, (max-width: 157px) 100vw, 157px\" \/><\/p>\n<p>Wenn sie irgendwo das W\u00f6rtchen &#8222;verkauft&#8220; sehen, nicht verzagen! Es ist sehr wahrscheinlich, dass ich in meiner Schatzkammer ein P\u00e4rchen in der gleichen Farbe finde, das dem Verkauften ein bisschen \u00e4hnlich sieht. Schreiben sie mir eine E-Mail, dann zaubere ich!<\/p>\n<p>Und jetzt viel Spa\u00df beim St\u00f6bern!<\/p>\n<p>Herzliche Gr\u00fc\u00dfe,<\/p>\n<p>Ihre Evi Silvia Leu<\/p>\n<p><img loading=\"lazy\" decoding=\"async\" class=\"alignnone size-medium wp-image-566\" src=\"https:\/\/evileu.de\/ohrring-paradies\/wp-content\/uploads\/2024\/04\/Locken-255x300.jpg\" alt=\"Evi mit Locken\" width=\"255\" height=\"300\" srcset=\"https:\/\/evileu.de\/ohrring-paradies\/wp-content\/uploads\/2024\/04\/Locken-255x300.jpg 255w, https:\/\/evileu.de\/ohrring-paradies\/wp-content\/uploads\/2024\/04\/Locken-871x1024.jpg 871w, https:\/\/evileu.de\/ohrring-paradies\/wp-content\/uploads\/2024\/04\/Locken-768x903.jpg 768w, https:\/\/evileu.de\/ohrring-paradies\/wp-content\/uploads\/2024\/04\/Locken-1306x1536.jpg 1306w, https:\/\/evileu.de\/ohrring-paradies\/wp-content\/uploads\/2024\/04\/Locken.jpg 1716w\" sizes=\"auto, (max-width: 255px) 100vw, 255px\" \/><\/p>\n<p>&nbsp;<\/p>\n<p>&nbsp;<\/p>\n","protected":false},"excerpt":{"rendered":"<p>Herzlich Willkommen, liebe Besucher meines Ohrring-Paradieses! Ich sammele seit vielen Jahren einzigartige Kristall- und Glasschliffperlen und gestalte damit unverwechselbare Schmuckst\u00fccke, die es so nicht woanders zu kaufen gibt. Die St\u00fccke\u00a0 sind allesamt Unikate und absolut einzigartig. Wenn Sie\u00a0 ein Paar Ohrringe erwerben m\u00f6chten, schreiben Sie mir eine E-Mail an evi.s.leu@gmx.de\u00a0 ich melde mich dann gern &hellip; <a href=\"https:\/\/evileu.de\/ohrring-paradies\/\" class=\"more-link\"><span class=\"screen-reader-text\">Willkommen<\/span> weiterlesen <span class=\"meta-nav\">&rarr;<\/span><\/a><\/p>\n","protected":false},"author":1,"featured_media":0,"parent":0,"menu_order":0,"comment_status":"closed","ping_status":"open","template":"","meta":{"footnotes":""},"class_list":["post-2","page","type-page","status-publish","hentry"],"_links":{"self":[{"href":"https:\/\/evileu.de\/ohrring-paradies\/wp-json\/wp\/v2\/pages\/2","targetHints":{"allow":["GET"]}}],"collection":[{"href":"https:\/\/evileu.de\/ohrring-paradies\/wp-json\/wp\/v2\/pages"}],"about":[{"href":"https:\/\/evileu.de\/ohrring-paradies\/wp-json\/wp\/v2\/types\/page"}],"author":[{"embeddable":true,"href":"https:\/\/evileu.de\/ohrring-paradies\/wp-json\/wp\/v2\/users\/1"}],"replies":[{"embeddable":true,"href":"https:\/\/evileu.de\/ohrring-paradies\/wp-json\/wp\/v2\/comments?post=2"}],"version-history":[{"count":26,"href":"https:\/\/evileu.de\/ohrring-paradies\/wp-json\/wp\/v2\/pages\/2\/revisions"}],"predecessor-version":[{"id":570,"href":"https:\/\/evileu.de\/ohrring-paradies\/wp-json\/wp\/v2\/pages\/2\/revisions\/570"}],"wp:attachment":[{"href":"https:\/\/evileu.de\/ohrring-paradies\/wp-json\/wp\/v2\/media?parent=2"}],"curies":[{"name":"wp","href":"https:\/\/api.w.org\/{rel}","templated":true}]}}