{"id":199,"date":"2024-01-27T11:18:20","date_gmt":"2024-01-27T10:18:20","guid":{"rendered":"https:\/\/evileu.de\/ohrring-paradies\/?page_id=199"},"modified":"2024-02-03T15:59:42","modified_gmt":"2024-02-03T14:59:42","slug":"solitaere","status":"publish","type":"page","link":"https:\/\/evileu.de\/ohrring-paradies\/solitaere\/","title":{"rendered":"Solit\u00e4re"},"content":{"rendered":"<p>Manchmal finde ich zu besonderen Perlen keine zweite, so dass kein P\u00e4rchen daraus werden kann. Und manchmal bleiben mir auch grosse Perlen \u00fcber, die f\u00fcr Ohrringe zu schwer sind. Die sind aber zu schade um in der Schublade zu vergammeln. Besonders die grossen facettierten Glasschliffperlen sind so sch\u00f6n, die kann man wirklich gut als Schmuck tragen. Ich kombiniere die einzigartigen Solit\u00e4re mit farblich passenden kleineren Perlen und montiere Aufh\u00e4nger mit einem Ringerl dran, so dass man sie an einer Kette oder Kordel um den Hals tragen kann.<\/p>\n<p>Die grossen Perlen sind ca. 1,5-2 cm im Durchmesser. Ein Solit\u00e4r-Anh\u00e4nger kostet 3 \u20ac, dazu kommen nochmal 3 \u20ac f\u00fcr den Briefpost-Versand im wattierten Umschlag. Bei mehreren Anh\u00e4ngern in einer Sendung wird die Versandgeb\u00fchr nur einmal berechnet. Bestellungen bitte per E-Mail an <a href=\"mailto:evi.s.leu@gmx.de\">evi.s.leu@gmx.de<\/a><\/p>\n<p>Ich habe hier einmal zwei Solit\u00e4re neben ein Teelicht gelegt, damit man die Gr\u00f6\u00dfe ungef\u00e4hr absch\u00e4tzen kann, das sind schon sch\u00f6ne gro\u00dfe Kristallkugeln!<\/p>\n<p><img loading=\"lazy\" decoding=\"async\" class=\"alignnone size-medium wp-image-203\" src=\"https:\/\/evileu.de\/ohrring-paradies\/wp-content\/uploads\/2024\/01\/groessenvergleich-teelicht-300x292.jpg\" alt=\"groessenvergleich-teelicht\" width=\"300\" height=\"292\" srcset=\"https:\/\/evileu.de\/ohrring-paradies\/wp-content\/uploads\/2024\/01\/groessenvergleich-teelicht-300x292.jpg 300w, https:\/\/evileu.de\/ohrring-paradies\/wp-content\/uploads\/2024\/01\/groessenvergleich-teelicht-1024x996.jpg 1024w, https:\/\/evileu.de\/ohrring-paradies\/wp-content\/uploads\/2024\/01\/groessenvergleich-teelicht-768x747.jpg 768w, https:\/\/evileu.de\/ohrring-paradies\/wp-content\/uploads\/2024\/01\/groessenvergleich-teelicht-1536x1493.jpg 1536w, https:\/\/evileu.de\/ohrring-paradies\/wp-content\/uploads\/2024\/01\/groessenvergleich-teelicht-2048x1991.jpg 2048w\" sizes=\"auto, (max-width: 300px) 100vw, 300px\" \/><\/p>\n<p>Und hier kommt eine kleine Galerie der Solit\u00e4re:<\/p>\n<p>Topas<\/p>\n<p><img loading=\"lazy\" decoding=\"async\" class=\"alignnone size-medium wp-image-207\" src=\"https:\/\/evileu.de\/ohrring-paradies\/wp-content\/uploads\/2024\/01\/topas-209x300.jpg\" alt=\"topas\" width=\"209\" height=\"300\" srcset=\"https:\/\/evileu.de\/ohrring-paradies\/wp-content\/uploads\/2024\/01\/topas-209x300.jpg 209w, https:\/\/evileu.de\/ohrring-paradies\/wp-content\/uploads\/2024\/01\/topas-712x1024.jpg 712w, https:\/\/evileu.de\/ohrring-paradies\/wp-content\/uploads\/2024\/01\/topas-768x1105.jpg 768w, https:\/\/evileu.de\/ohrring-paradies\/wp-content\/uploads\/2024\/01\/topas-1068x1536.jpg 1068w, https:\/\/evileu.de\/ohrring-paradies\/wp-content\/uploads\/2024\/01\/topas.jpg 1090w\" sizes=\"auto, (max-width: 209px) 100vw, 209px\" \/><\/p>\n<p>Rosenquarz<br \/>\nverkauft<\/p>\n<p><img loading=\"lazy\" decoding=\"async\" class=\"alignnone size-medium wp-image-208\" src=\"https:\/\/evileu.de\/ohrring-paradies\/wp-content\/uploads\/2024\/01\/rosenquarz-1-196x300.jpg\" alt=\"rosenquarz\" width=\"196\" height=\"300\" srcset=\"https:\/\/evileu.de\/ohrring-paradies\/wp-content\/uploads\/2024\/01\/rosenquarz-1-196x300.jpg 196w, https:\/\/evileu.de\/ohrring-paradies\/wp-content\/uploads\/2024\/01\/rosenquarz-1-669x1024.jpg 669w, https:\/\/evileu.de\/ohrring-paradies\/wp-content\/uploads\/2024\/01\/rosenquarz-1-768x1176.jpg 768w, https:\/\/evileu.de\/ohrring-paradies\/wp-content\/uploads\/2024\/01\/rosenquarz-1-1003x1536.jpg 1003w, https:\/\/evileu.de\/ohrring-paradies\/wp-content\/uploads\/2024\/01\/rosenquarz-1.jpg 1067w\" sizes=\"auto, (max-width: 196px) 100vw, 196px\" \/><\/p>\n<p>Amethyst<\/p>\n<p><img loading=\"lazy\" decoding=\"async\" class=\"alignnone size-medium wp-image-209\" src=\"https:\/\/evileu.de\/ohrring-paradies\/wp-content\/uploads\/2024\/01\/amethyst-1-209x300.jpg\" alt=\"amethyst\" width=\"209\" height=\"300\" srcset=\"https:\/\/evileu.de\/ohrring-paradies\/wp-content\/uploads\/2024\/01\/amethyst-1-209x300.jpg 209w, https:\/\/evileu.de\/ohrring-paradies\/wp-content\/uploads\/2024\/01\/amethyst-1-712x1024.jpg 712w, https:\/\/evileu.de\/ohrring-paradies\/wp-content\/uploads\/2024\/01\/amethyst-1-768x1105.jpg 768w, https:\/\/evileu.de\/ohrring-paradies\/wp-content\/uploads\/2024\/01\/amethyst-1-1068x1536.jpg 1068w, https:\/\/evileu.de\/ohrring-paradies\/wp-content\/uploads\/2024\/01\/amethyst-1.jpg 1078w\" sizes=\"auto, (max-width: 209px) 100vw, 209px\" \/><\/p>\n<p>Rubin<\/p>\n<p><img loading=\"lazy\" decoding=\"async\" class=\"alignnone size-medium wp-image-210\" src=\"https:\/\/evileu.de\/ohrring-paradies\/wp-content\/uploads\/2024\/01\/rubin-192x300.jpg\" alt=\"rubin\" width=\"192\" height=\"300\" srcset=\"https:\/\/evileu.de\/ohrring-paradies\/wp-content\/uploads\/2024\/01\/rubin-192x300.jpg 192w, https:\/\/evileu.de\/ohrring-paradies\/wp-content\/uploads\/2024\/01\/rubin-656x1024.jpg 656w, https:\/\/evileu.de\/ohrring-paradies\/wp-content\/uploads\/2024\/01\/rubin-768x1199.jpg 768w, https:\/\/evileu.de\/ohrring-paradies\/wp-content\/uploads\/2024\/01\/rubin.jpg 979w\" sizes=\"auto, (max-width: 192px) 100vw, 192px\" \/><\/p>\n<p>Saphir<\/p>\n<p><img loading=\"lazy\" decoding=\"async\" class=\"alignnone size-medium wp-image-211\" src=\"https:\/\/evileu.de\/ohrring-paradies\/wp-content\/uploads\/2024\/01\/saphir-229x300.jpg\" alt=\"saphir\" width=\"229\" height=\"300\" srcset=\"https:\/\/evileu.de\/ohrring-paradies\/wp-content\/uploads\/2024\/01\/saphir-229x300.jpg 229w, https:\/\/evileu.de\/ohrring-paradies\/wp-content\/uploads\/2024\/01\/saphir-781x1024.jpg 781w, https:\/\/evileu.de\/ohrring-paradies\/wp-content\/uploads\/2024\/01\/saphir-768x1007.jpg 768w, https:\/\/evileu.de\/ohrring-paradies\/wp-content\/uploads\/2024\/01\/saphir.jpg 1133w\" sizes=\"auto, (max-width: 229px) 100vw, 229px\" \/><\/p>\n<p>Smaragd<\/p>\n<p><img loading=\"lazy\" decoding=\"async\" class=\"alignnone size-medium wp-image-212\" src=\"https:\/\/evileu.de\/ohrring-paradies\/wp-content\/uploads\/2024\/01\/smaragd-238x300.jpg\" alt=\"smaragd\" width=\"238\" height=\"300\" srcset=\"https:\/\/evileu.de\/ohrring-paradies\/wp-content\/uploads\/2024\/01\/smaragd-238x300.jpg 238w, https:\/\/evileu.de\/ohrring-paradies\/wp-content\/uploads\/2024\/01\/smaragd-814x1024.jpg 814w, https:\/\/evileu.de\/ohrring-paradies\/wp-content\/uploads\/2024\/01\/smaragd-768x967.jpg 768w, https:\/\/evileu.de\/ohrring-paradies\/wp-content\/uploads\/2024\/01\/smaragd-1220x1536.jpg 1220w, https:\/\/evileu.de\/ohrring-paradies\/wp-content\/uploads\/2024\/01\/smaragd.jpg 1276w\" sizes=\"auto, (max-width: 238px) 100vw, 238px\" \/><\/p>\n<p>Bernstein<\/p>\n<p><img loading=\"lazy\" decoding=\"async\" class=\"alignnone size-medium wp-image-213\" src=\"https:\/\/evileu.de\/ohrring-paradies\/wp-content\/uploads\/2024\/01\/bernstein-1-218x300.jpg\" alt=\"bernstein\" width=\"218\" height=\"300\" srcset=\"https:\/\/evileu.de\/ohrring-paradies\/wp-content\/uploads\/2024\/01\/bernstein-1-218x300.jpg 218w, https:\/\/evileu.de\/ohrring-paradies\/wp-content\/uploads\/2024\/01\/bernstein-1-744x1024.jpg 744w, https:\/\/evileu.de\/ohrring-paradies\/wp-content\/uploads\/2024\/01\/bernstein-1-768x1056.jpg 768w, https:\/\/evileu.de\/ohrring-paradies\/wp-content\/uploads\/2024\/01\/bernstein-1.jpg 1100w\" sizes=\"auto, (max-width: 218px) 100vw, 218px\" \/><\/p>\n<p>Mondstein<\/p>\n<p><img loading=\"lazy\" decoding=\"async\" class=\"alignnone size-medium wp-image-214\" src=\"https:\/\/evileu.de\/ohrring-paradies\/wp-content\/uploads\/2024\/01\/mondstein-1-235x300.jpg\" alt=\"mondstein\" width=\"235\" height=\"300\" srcset=\"https:\/\/evileu.de\/ohrring-paradies\/wp-content\/uploads\/2024\/01\/mondstein-1-235x300.jpg 235w, https:\/\/evileu.de\/ohrring-paradies\/wp-content\/uploads\/2024\/01\/mondstein-1-802x1024.jpg 802w, https:\/\/evileu.de\/ohrring-paradies\/wp-content\/uploads\/2024\/01\/mondstein-1-768x981.jpg 768w, https:\/\/evileu.de\/ohrring-paradies\/wp-content\/uploads\/2024\/01\/mondstein-1.jpg 1128w\" sizes=\"auto, (max-width: 235px) 100vw, 235px\" \/><\/p>\n<p>Bergkristall<\/p>\n<p><img loading=\"lazy\" decoding=\"async\" class=\"alignnone size-medium wp-image-215\" src=\"https:\/\/evileu.de\/ohrring-paradies\/wp-content\/uploads\/2024\/01\/bergkristall-268x300.jpg\" alt=\"bergkristall\" width=\"268\" height=\"300\" srcset=\"https:\/\/evileu.de\/ohrring-paradies\/wp-content\/uploads\/2024\/01\/bergkristall-268x300.jpg 268w, https:\/\/evileu.de\/ohrring-paradies\/wp-content\/uploads\/2024\/01\/bergkristall-914x1024.jpg 914w, https:\/\/evileu.de\/ohrring-paradies\/wp-content\/uploads\/2024\/01\/bergkristall-768x861.jpg 768w, https:\/\/evileu.de\/ohrring-paradies\/wp-content\/uploads\/2024\/01\/bergkristall.jpg 1237w\" sizes=\"auto, (max-width: 268px) 100vw, 268px\" \/><\/p>\n","protected":false},"excerpt":{"rendered":"<p>Manchmal finde ich zu besonderen Perlen keine zweite, so dass kein P\u00e4rchen daraus werden kann. Und manchmal bleiben mir auch grosse Perlen \u00fcber, die f\u00fcr Ohrringe zu schwer sind. Die sind aber zu schade um in der Schublade zu vergammeln. Besonders die grossen facettierten Glasschliffperlen sind so sch\u00f6n, die kann man wirklich gut als Schmuck &hellip; <a href=\"https:\/\/evileu.de\/ohrring-paradies\/solitaere\/\" class=\"more-link\"><span class=\"screen-reader-text\">Solit\u00e4re<\/span> weiterlesen <span class=\"meta-nav\">&rarr;<\/span><\/a><\/p>\n","protected":false},"author":1,"featured_media":0,"parent":0,"menu_order":14,"comment_status":"closed","ping_status":"closed","template":"","meta":{"footnotes":""},"class_list":["post-199","page","type-page","status-publish","hentry"],"_links":{"self":[{"href":"https:\/\/evileu.de\/ohrring-paradies\/wp-json\/wp\/v2\/pages\/199","targetHints":{"allow":["GET"]}}],"collection":[{"href":"https:\/\/evileu.de\/ohrring-paradies\/wp-json\/wp\/v2\/pages"}],"about":[{"href":"https:\/\/evileu.de\/ohrring-paradies\/wp-json\/wp\/v2\/types\/page"}],"author":[{"embeddable":true,"href":"https:\/\/evileu.de\/ohrring-paradies\/wp-json\/wp\/v2\/users\/1"}],"replies":[{"embeddable":true,"href":"https:\/\/evileu.de\/ohrring-paradies\/wp-json\/wp\/v2\/comments?post=199"}],"version-history":[{"count":9,"href":"https:\/\/evileu.de\/ohrring-paradies\/wp-json\/wp\/v2\/pages\/199\/revisions"}],"predecessor-version":[{"id":363,"href":"https:\/\/evileu.de\/ohrring-paradies\/wp-json\/wp\/v2\/pages\/199\/revisions\/363"}],"wp:attachment":[{"href":"https:\/\/evileu.de\/ohrring-paradies\/wp-json\/wp\/v2\/media?parent=199"}],"curies":[{"name":"wp","href":"https:\/\/api.w.org\/{rel}","templated":true}]}}