{"id":67,"date":"2016-11-26T16:47:51","date_gmt":"2016-11-26T15:47:51","guid":{"rendered":"http:\/\/evileu.de\/oddballs\/?page_id=67"},"modified":"2018-11-23T07:02:14","modified_gmt":"2018-11-23T06:02:14","slug":"handstulpen","status":"publish","type":"page","link":"https:\/\/evileu.de\/oddballs\/alle_anleitungen\/handstulpen\/","title":{"rendered":"Handstulpen"},"content":{"rendered":"<div data-canvas-width=\"591.0434781152293\">\n<h2>Elegante Handstulpen \u201eMilady\u201c im Ajourmuster<\/h2>\n<p><strong>Garn:<\/strong> Sockenwolle 4f\u00e4dig \u00a0\u00a0\u00a0 <strong>Handarbeitsart:<\/strong> Stricken<\/p>\n<p><strong>Konfektion:<\/strong> M-L \u00a0\u00a0\u00a0 <strong>Maschenprobe:<\/strong> keine \u00a0\u00a0\u00a0 <strong>Nadelst\u00e4rke:<\/strong> 2 &#8211; 2,5<\/p>\n<div><\/div>\n<\/div>\n<figure id=\"attachment_74\" aria-describedby=\"caption-attachment-74\" style=\"width: 300px\" class=\"wp-caption alignnone\"><a href=\"http:\/\/evileu.de\/oddballs\/wp-content\/uploads\/2016\/11\/milady_burgund.jpg\"><img decoding=\"async\" loading=\"lazy\" class=\"wp-image-74 size-medium\" src=\"http:\/\/evileu.de\/oddballs\/wp-content\/uploads\/2016\/11\/milady_burgund-300x225.jpg\" alt=\"milady burgund\" width=\"300\" height=\"225\" srcset=\"https:\/\/evileu.de\/oddballs\/wp-content\/uploads\/2016\/11\/milady_burgund-300x225.jpg 300w, https:\/\/evileu.de\/oddballs\/wp-content\/uploads\/2016\/11\/milady_burgund-24x18.jpg 24w, https:\/\/evileu.de\/oddballs\/wp-content\/uploads\/2016\/11\/milady_burgund-36x27.jpg 36w, https:\/\/evileu.de\/oddballs\/wp-content\/uploads\/2016\/11\/milady_burgund-48x36.jpg 48w, https:\/\/evileu.de\/oddballs\/wp-content\/uploads\/2016\/11\/milady_burgund.jpg 333w\" sizes=\"(max-width: 300px) 100vw, 300px\" \/><\/a><figcaption id=\"caption-attachment-74\" class=\"wp-caption-text\">milady burgund<\/figcaption><\/figure>\n<div data-canvas-width=\"591.0434781152293\">\n<p>Diese feinen Handstulpen sind in wenigen Stunden gestrickt, und man kommt mit 50 g Wolle locker hin.<\/p>\n<h3><a href=\"http:\/\/evileu.de\/oddballs\/wp-content\/uploads\/2016\/11\/milady.pdf\">milady<\/a> alsPDF<\/h3>\n<\/div>\n<p><a href=\"http:\/\/evileu.de\/oddballs\/wp-content\/uploads\/2016\/11\/trenner_oddballs.jpg\"><img decoding=\"async\" loading=\"lazy\" class=\"aligncenter wp-image-81 size-full\" src=\"http:\/\/evileu.de\/oddballs\/wp-content\/uploads\/2016\/11\/trenner_oddballs.jpg\" alt=\"trenner_oddballs\" width=\"800\" height=\"67\" srcset=\"https:\/\/evileu.de\/oddballs\/wp-content\/uploads\/2016\/11\/trenner_oddballs.jpg 800w, https:\/\/evileu.de\/oddballs\/wp-content\/uploads\/2016\/11\/trenner_oddballs-300x25.jpg 300w, https:\/\/evileu.de\/oddballs\/wp-content\/uploads\/2016\/11\/trenner_oddballs-768x64.jpg 768w, https:\/\/evileu.de\/oddballs\/wp-content\/uploads\/2016\/11\/trenner_oddballs-24x2.jpg 24w, https:\/\/evileu.de\/oddballs\/wp-content\/uploads\/2016\/11\/trenner_oddballs-36x3.jpg 36w, https:\/\/evileu.de\/oddballs\/wp-content\/uploads\/2016\/11\/trenner_oddballs-48x4.jpg 48w\" sizes=\"(max-width: 800px) 100vw, 800px\" \/><\/a><\/p>\n<h2>Rustikale Handstulpen \u201eHerbstblattl\u201c im Ajourmuster<\/h2>\n<p><strong>Garn:<\/strong> Sockenwollle doppelt \u00a0\u00a0\u00a0 <strong>Handarbeitsart:<\/strong> Stricken<\/p>\n<p><strong>Konfektion:<\/strong> M-L \u00a0\u00a0\u00a0 <strong>Maschenprobe:<\/strong> keine \u00a0\u00a0\u00a0 <strong>Nadelst\u00e4rke:<\/strong> 4-5<\/p>\n<figure id=\"attachment_84\" aria-describedby=\"caption-attachment-84\" style=\"width: 333px\" class=\"wp-caption aligncenter\"><a href=\"http:\/\/evileu.de\/oddballs\/wp-content\/uploads\/2016\/11\/herbstblattl_petrol.jpg\"><img decoding=\"async\" loading=\"lazy\" class=\"wp-image-84 size-full\" src=\"http:\/\/evileu.de\/oddballs\/wp-content\/uploads\/2016\/11\/herbstblattl_petrol.jpg\" alt=\"herbstblattl petrol\" width=\"333\" height=\"250\" srcset=\"https:\/\/evileu.de\/oddballs\/wp-content\/uploads\/2016\/11\/herbstblattl_petrol.jpg 333w, https:\/\/evileu.de\/oddballs\/wp-content\/uploads\/2016\/11\/herbstblattl_petrol-300x225.jpg 300w, https:\/\/evileu.de\/oddballs\/wp-content\/uploads\/2016\/11\/herbstblattl_petrol-24x18.jpg 24w, https:\/\/evileu.de\/oddballs\/wp-content\/uploads\/2016\/11\/herbstblattl_petrol-36x27.jpg 36w, https:\/\/evileu.de\/oddballs\/wp-content\/uploads\/2016\/11\/herbstblattl_petrol-48x36.jpg 48w\" sizes=\"(max-width: 333px) 100vw, 333px\" \/><\/a><figcaption id=\"caption-attachment-84\" class=\"wp-caption-text\">herbstblattl petrol<\/figcaption><\/figure>\n<p>Aus dickerem Garn mit 4er Nadeln sind diese attraktiven Stulpen schnell gestrickt. Das Ajour-Blattmuster sieht besonders in dunkeln Farben edel aus.<\/p>\n<h3><a href=\"http:\/\/evileu.de\/oddballs\/wp-content\/uploads\/2016\/11\/herbstblattl.pdf\">herbstblattl<\/a> als PDF<\/h3>\n<p><a href=\"http:\/\/evileu.de\/oddballs\/wp-content\/uploads\/2016\/11\/trenner_oddballs.jpg\"><img decoding=\"async\" loading=\"lazy\" class=\"size-full wp-image-81 aligncenter\" src=\"http:\/\/evileu.de\/oddballs\/wp-content\/uploads\/2016\/11\/trenner_oddballs.jpg\" alt=\"trenner_oddballs\" width=\"800\" height=\"67\" srcset=\"https:\/\/evileu.de\/oddballs\/wp-content\/uploads\/2016\/11\/trenner_oddballs.jpg 800w, https:\/\/evileu.de\/oddballs\/wp-content\/uploads\/2016\/11\/trenner_oddballs-300x25.jpg 300w, https:\/\/evileu.de\/oddballs\/wp-content\/uploads\/2016\/11\/trenner_oddballs-768x64.jpg 768w, https:\/\/evileu.de\/oddballs\/wp-content\/uploads\/2016\/11\/trenner_oddballs-24x2.jpg 24w, https:\/\/evileu.de\/oddballs\/wp-content\/uploads\/2016\/11\/trenner_oddballs-36x3.jpg 36w, https:\/\/evileu.de\/oddballs\/wp-content\/uploads\/2016\/11\/trenner_oddballs-48x4.jpg 48w\" sizes=\"(max-width: 800px) 100vw, 800px\" \/><\/a><\/p>\n<h2>Handstulpen \u201eZackenmuster\u201c im Ajourmuster<\/h2>\n<p><strong>Garn:<\/strong> 6f\u00e4dig (LL ca. 420 m\/150 Gramm) \u00a0\u00a0\u00a0 <strong>Handarbeitsart:<\/strong> Stricken<\/p>\n<p><strong>Konfektion:<\/strong> M-L \u00a0\u00a0\u00a0 <strong>Maschenprobe:<\/strong> keine \u00a0\u00a0\u00a0 <strong>Nadelst\u00e4rke:<\/strong> 3-3,5<\/p>\n<figure id=\"attachment_90\" aria-describedby=\"caption-attachment-90\" style=\"width: 300px\" class=\"wp-caption aligncenter\"><a href=\"http:\/\/evileu.de\/oddballs\/wp-content\/uploads\/2016\/11\/zackenmuster.jpg\"><img decoding=\"async\" loading=\"lazy\" class=\"wp-image-90 size-medium\" src=\"http:\/\/evileu.de\/oddballs\/wp-content\/uploads\/2016\/11\/zackenmuster-300x225.jpg\" alt=\"zackenmuster\" width=\"300\" height=\"225\" srcset=\"https:\/\/evileu.de\/oddballs\/wp-content\/uploads\/2016\/11\/zackenmuster-300x225.jpg 300w, https:\/\/evileu.de\/oddballs\/wp-content\/uploads\/2016\/11\/zackenmuster-24x18.jpg 24w, https:\/\/evileu.de\/oddballs\/wp-content\/uploads\/2016\/11\/zackenmuster-36x27.jpg 36w, https:\/\/evileu.de\/oddballs\/wp-content\/uploads\/2016\/11\/zackenmuster-48x36.jpg 48w, https:\/\/evileu.de\/oddballs\/wp-content\/uploads\/2016\/11\/zackenmuster.jpg 333w\" sizes=\"(max-width: 300px) 100vw, 300px\" \/><\/a><figcaption id=\"caption-attachment-90\" class=\"wp-caption-text\">zackenmuster<\/figcaption><\/figure>\n<div data-canvas-width=\"591.0434781152293\">\u00a0Aus 6f\u00e4digem Garn mit 3,5er Nadeln sind diese attraktiven Stulpen schnell gestrickt. Das Ajour-Zackenmuster sieht in allen Farben edel aus.<\/div>\n<h3 data-canvas-width=\"591.0434781152293\"><a href=\"http:\/\/evileu.de\/oddballs\/wp-content\/uploads\/2016\/11\/zackenmuster.pdf\">zackenmuster<\/a> als PDF<\/h3>\n<div data-canvas-width=\"591.0434781152293\"><a href=\"http:\/\/evileu.de\/oddballs\/wp-content\/uploads\/2016\/11\/trenner_oddballs.jpg\"><img decoding=\"async\" loading=\"lazy\" class=\"aligncenter size-full wp-image-81\" src=\"http:\/\/evileu.de\/oddballs\/wp-content\/uploads\/2016\/11\/trenner_oddballs.jpg\" alt=\"trenner_oddballs\" width=\"800\" height=\"67\" srcset=\"https:\/\/evileu.de\/oddballs\/wp-content\/uploads\/2016\/11\/trenner_oddballs.jpg 800w, https:\/\/evileu.de\/oddballs\/wp-content\/uploads\/2016\/11\/trenner_oddballs-300x25.jpg 300w, https:\/\/evileu.de\/oddballs\/wp-content\/uploads\/2016\/11\/trenner_oddballs-768x64.jpg 768w, https:\/\/evileu.de\/oddballs\/wp-content\/uploads\/2016\/11\/trenner_oddballs-24x2.jpg 24w, https:\/\/evileu.de\/oddballs\/wp-content\/uploads\/2016\/11\/trenner_oddballs-36x3.jpg 36w, https:\/\/evileu.de\/oddballs\/wp-content\/uploads\/2016\/11\/trenner_oddballs-48x4.jpg 48w\" sizes=\"(max-width: 800px) 100vw, 800px\" \/><\/a><\/div>\n<div data-canvas-width=\"591.0434781152293\">\n<h2>Ajourmuster f\u00fcr Handstulpen &#8222;Faerie&#8220;<\/h2>\n<p><strong>Konfektion:<\/strong> S, M, L je nach Garnst\u00e4rke \u00a0\u00a0\u00a0 <strong>Maschenprobe:<\/strong> keine \u00a0\u00a0\u00a0 <strong>Nadelst\u00e4rke:<\/strong> 2-2,5<\/p>\n<figure id=\"attachment_97\" aria-describedby=\"caption-attachment-97\" style=\"width: 333px\" class=\"wp-caption aligncenter\"><a href=\"http:\/\/evileu.de\/oddballs\/wp-content\/uploads\/2016\/11\/faerie.jpg\"><img decoding=\"async\" loading=\"lazy\" class=\"wp-image-97 size-full\" src=\"http:\/\/evileu.de\/oddballs\/wp-content\/uploads\/2016\/11\/faerie.jpg\" alt=\"faerie\" width=\"333\" height=\"250\" srcset=\"https:\/\/evileu.de\/oddballs\/wp-content\/uploads\/2016\/11\/faerie.jpg 333w, https:\/\/evileu.de\/oddballs\/wp-content\/uploads\/2016\/11\/faerie-300x225.jpg 300w, https:\/\/evileu.de\/oddballs\/wp-content\/uploads\/2016\/11\/faerie-24x18.jpg 24w, https:\/\/evileu.de\/oddballs\/wp-content\/uploads\/2016\/11\/faerie-36x27.jpg 36w, https:\/\/evileu.de\/oddballs\/wp-content\/uploads\/2016\/11\/faerie-48x36.jpg 48w\" sizes=\"(max-width: 333px) 100vw, 333px\" \/><\/a><figcaption id=\"caption-attachment-97\" class=\"wp-caption-text\">faerie<\/figcaption><\/figure>\n<p>Die Faerie werden genauso gestrickt wie die Handstulpen Milady, nur schl\u00e4gt man 2 Maschen mehr an, damit das Muster aufgeht. Achtung! Die Handstulpen fallen je nach verwendetem Garn und je nachdem wie fest oder locker man strickt sehr unterschiedlich gro\u00df aus. Am Besten erstmal stricken und dann jemand suchen, dem sie passen \ud83d\ude09<\/p>\n<h3><a href=\"http:\/\/evileu.de\/oddballs\/wp-content\/uploads\/2016\/11\/faerie.pdf\">faerie<\/a> als PDF<\/h3>\n<p><a href=\"http:\/\/evileu.de\/oddballs\/wp-content\/uploads\/2016\/11\/trenner_oddballs.jpg\"><img decoding=\"async\" loading=\"lazy\" class=\"aligncenter size-full wp-image-81\" src=\"http:\/\/evileu.de\/oddballs\/wp-content\/uploads\/2016\/11\/trenner_oddballs.jpg\" alt=\"trenner_oddballs\" width=\"800\" height=\"67\" srcset=\"https:\/\/evileu.de\/oddballs\/wp-content\/uploads\/2016\/11\/trenner_oddballs.jpg 800w, https:\/\/evileu.de\/oddballs\/wp-content\/uploads\/2016\/11\/trenner_oddballs-300x25.jpg 300w, https:\/\/evileu.de\/oddballs\/wp-content\/uploads\/2016\/11\/trenner_oddballs-768x64.jpg 768w, https:\/\/evileu.de\/oddballs\/wp-content\/uploads\/2016\/11\/trenner_oddballs-24x2.jpg 24w, https:\/\/evileu.de\/oddballs\/wp-content\/uploads\/2016\/11\/trenner_oddballs-36x3.jpg 36w, https:\/\/evileu.de\/oddballs\/wp-content\/uploads\/2016\/11\/trenner_oddballs-48x4.jpg 48w\" sizes=\"(max-width: 800px) 100vw, 800px\" \/><\/a><\/p>\n<h2>Mehrfarbige warme Handstulpen \u201eHarlequine\u201c<\/h2>\n<p><strong>Garn:<\/strong> Sockenwolle 4f\u00e4dig <strong>Handarbeitsart:<\/strong>Stricken<\/p>\n<p><strong>Konfektion:<\/strong>M-L <strong>Maschenprobe:<\/strong>keine <strong>Nadelst\u00e4rke:<\/strong>2,5<\/p>\n<\/div>\n<figure id=\"attachment_105\" aria-describedby=\"caption-attachment-105\" style=\"width: 333px\" class=\"wp-caption aligncenter\"><a href=\"http:\/\/evileu.de\/oddballs\/wp-content\/uploads\/2016\/11\/harlequine.jpg\"><img decoding=\"async\" loading=\"lazy\" class=\"wp-image-105 size-full\" src=\"http:\/\/evileu.de\/oddballs\/wp-content\/uploads\/2016\/11\/harlequine.jpg\" alt=\"harlequine\" width=\"333\" height=\"250\" srcset=\"https:\/\/evileu.de\/oddballs\/wp-content\/uploads\/2016\/11\/harlequine.jpg 333w, https:\/\/evileu.de\/oddballs\/wp-content\/uploads\/2016\/11\/harlequine-300x225.jpg 300w, https:\/\/evileu.de\/oddballs\/wp-content\/uploads\/2016\/11\/harlequine-24x18.jpg 24w, https:\/\/evileu.de\/oddballs\/wp-content\/uploads\/2016\/11\/harlequine-36x27.jpg 36w, https:\/\/evileu.de\/oddballs\/wp-content\/uploads\/2016\/11\/harlequine-48x36.jpg 48w\" sizes=\"(max-width: 333px) 100vw, 333px\" \/><\/a><figcaption id=\"caption-attachment-105\" class=\"wp-caption-text\">harlequine<\/figcaption><\/figure>\n<p>Diese extra warmen Handstulpen im Jaquardmuster haben eine super Passform. Gestrickt werden sie mit Sockenwolle 4f\u00e4dig, durch das farbige Einstrickmuster wird das Gestrick dicht und sch\u00f6n warm., weil man ja 2 F\u00e4den in einer Reihe verarbeitet. Damit das mit dem Fadenvern\u00e4hen nicht zum Marathon ausartet, habe ich die Fadenendchen beim Farbwechsel gleich mit eingestrickt.<\/p>\n<h3><a href=\"http:\/\/evileu.de\/oddballs\/wp-content\/uploads\/2016\/11\/harlequine.pdf\">harlequine<\/a> als PDF<\/h3>\n<p><a href=\"http:\/\/evileu.de\/oddballs\/wp-content\/uploads\/2016\/11\/trenner_oddballs.jpg\"><img decoding=\"async\" loading=\"lazy\" class=\"aligncenter size-full wp-image-81\" src=\"http:\/\/evileu.de\/oddballs\/wp-content\/uploads\/2016\/11\/trenner_oddballs.jpg\" alt=\"trenner_oddballs\" width=\"800\" height=\"67\" srcset=\"https:\/\/evileu.de\/oddballs\/wp-content\/uploads\/2016\/11\/trenner_oddballs.jpg 800w, https:\/\/evileu.de\/oddballs\/wp-content\/uploads\/2016\/11\/trenner_oddballs-300x25.jpg 300w, https:\/\/evileu.de\/oddballs\/wp-content\/uploads\/2016\/11\/trenner_oddballs-768x64.jpg 768w, https:\/\/evileu.de\/oddballs\/wp-content\/uploads\/2016\/11\/trenner_oddballs-24x2.jpg 24w, https:\/\/evileu.de\/oddballs\/wp-content\/uploads\/2016\/11\/trenner_oddballs-36x3.jpg 36w, https:\/\/evileu.de\/oddballs\/wp-content\/uploads\/2016\/11\/trenner_oddballs-48x4.jpg 48w\" sizes=\"(max-width: 800px) 100vw, 800px\" \/><\/a><\/p>\n","protected":false},"excerpt":{"rendered":"<p>Elegante Handstulpen \u201eMilady\u201c im Ajourmuster Garn: Sockenwolle 4f\u00e4dig \u00a0\u00a0\u00a0 Handarbeitsart: Stricken Konfektion: M-L \u00a0\u00a0\u00a0 Maschenprobe: keine \u00a0\u00a0\u00a0 Nadelst\u00e4rke: 2 &#8211; 2,5 Diese feinen Handstulpen sind in wenigen Stunden gestrickt, und man kommt mit 50 g Wolle locker hin. milady alsPDF Rustikale Handstulpen \u201eHerbstblattl\u201c im Ajourmuster Garn: Sockenwollle doppelt \u00a0\u00a0\u00a0 Handarbeitsart: Stricken Konfektion: M-L \u00a0\u00a0\u00a0 Maschenprobe: &hellip; <a href=\"https:\/\/evileu.de\/oddballs\/alle_anleitungen\/handstulpen\/\" class=\"more-link\"><span class=\"screen-reader-text\">Handstulpen<\/span> weiterlesen <span class=\"meta-nav\">&rarr;<\/span><\/a><\/p>\n","protected":false},"author":1,"featured_media":0,"parent":2,"menu_order":1,"comment_status":"open","ping_status":"closed","template":"","meta":[],"_links":{"self":[{"href":"https:\/\/evileu.de\/oddballs\/wp-json\/wp\/v2\/pages\/67"}],"collection":[{"href":"https:\/\/evileu.de\/oddballs\/wp-json\/wp\/v2\/pages"}],"about":[{"href":"https:\/\/evileu.de\/oddballs\/wp-json\/wp\/v2\/types\/page"}],"author":[{"embeddable":true,"href":"https:\/\/evileu.de\/oddballs\/wp-json\/wp\/v2\/users\/1"}],"replies":[{"embeddable":true,"href":"https:\/\/evileu.de\/oddballs\/wp-json\/wp\/v2\/comments?post=67"}],"version-history":[{"count":22,"href":"https:\/\/evileu.de\/oddballs\/wp-json\/wp\/v2\/pages\/67\/revisions"}],"predecessor-version":[{"id":683,"href":"https:\/\/evileu.de\/oddballs\/wp-json\/wp\/v2\/pages\/67\/revisions\/683"}],"up":[{"embeddable":true,"href":"https:\/\/evileu.de\/oddballs\/wp-json\/wp\/v2\/pages\/2"}],"wp:attachment":[{"href":"https:\/\/evileu.de\/oddballs\/wp-json\/wp\/v2\/media?parent=67"}],"curies":[{"name":"wp","href":"https:\/\/api.w.org\/{rel}","templated":true}]}}