{"id":563,"date":"2017-08-11T11:37:53","date_gmt":"2017-08-11T09:37:53","guid":{"rendered":"http:\/\/evileu.de\/oddballs\/?page_id=563"},"modified":"2017-08-21T12:03:18","modified_gmt":"2017-08-21T10:03:18","slug":"gestrickter-quilt-aus-gefuellten-sechsecken","status":"publish","type":"page","link":"https:\/\/evileu.de\/oddballs\/besondere-handarbeitstechniken\/gestrickter-quilt-aus-gefuellten-sechsecken\/","title":{"rendered":"Gestrickter Quilt aus gef\u00fcllten Sechsecken"},"content":{"rendered":"<p>Diese Technik hei\u00dft im Englischen &#8222;Beekeepers Quilt&#8220;, also Bienenz\u00fcchter-Quilt, weil die Sechsecke die Form von Bienenwaben haben. Der Quilt eignet sich bestens zur Resteverwertung und gibt z.B. ganz prima Sitzkissen oder Stuhlauflagen ab. Ich stricke mir hier eine Auflage f\u00fcr meine Sitzbank im Winterg\u00e4rtchen.<\/p>\n<figure id=\"attachment_559\" aria-describedby=\"caption-attachment-559\" style=\"width: 1600px\" class=\"wp-caption aligncenter\"><a href=\"http:\/\/evileu.de\/oddballs\/wp-content\/uploads\/2017\/08\/beekeepers_quilt.jpg\"><img decoding=\"async\" loading=\"lazy\" class=\"size-full wp-image-559\" src=\"http:\/\/evileu.de\/oddballs\/wp-content\/uploads\/2017\/08\/beekeepers_quilt.jpg\" alt=\"beekeepers_quilt\" width=\"1600\" height=\"1200\" srcset=\"https:\/\/evileu.de\/oddballs\/wp-content\/uploads\/2017\/08\/beekeepers_quilt.jpg 1600w, https:\/\/evileu.de\/oddballs\/wp-content\/uploads\/2017\/08\/beekeepers_quilt-300x225.jpg 300w, https:\/\/evileu.de\/oddballs\/wp-content\/uploads\/2017\/08\/beekeepers_quilt-768x576.jpg 768w, https:\/\/evileu.de\/oddballs\/wp-content\/uploads\/2017\/08\/beekeepers_quilt-1024x768.jpg 1024w, https:\/\/evileu.de\/oddballs\/wp-content\/uploads\/2017\/08\/beekeepers_quilt-24x18.jpg 24w, https:\/\/evileu.de\/oddballs\/wp-content\/uploads\/2017\/08\/beekeepers_quilt-36x27.jpg 36w, https:\/\/evileu.de\/oddballs\/wp-content\/uploads\/2017\/08\/beekeepers_quilt-48x36.jpg 48w\" sizes=\"(max-width: 1600px) 100vw, 1600px\" \/><\/a><figcaption id=\"caption-attachment-559\" class=\"wp-caption-text\">beekeepers_quilt<\/figcaption><\/figure>\n<p>Zugegeben, das Zusammenn\u00e4hen der Puzzleteile ist ein bi\u00dfchen ein Geduldsspiel, aber das h\u00fcbsche Gesamtbild und das weiche, volumin\u00f6se Endergebnis lohnen die kleine M\u00fche!<\/p>\n<h2>Anleitung f\u00fcr Handstrickenrinnen:<\/h2>\n<h2><a href=\"http:\/\/evileu.de\/oddballs\/wp-content\/uploads\/2017\/08\/AnleitungSechsecke.pdf\">Hier klicken f\u00fcr die Anleitung f\u00fcr Sechsecke (handgestrickt) als PDF<br \/>\n<\/a><\/h2>\n<h2>Anleitung f\u00fcr die Strickmaschine:<\/h2>\n<p>Jetzt habe ich mir ausget\u00fcftelt, wie man die kleinen Dingerle auch auf der Maschine stricken kann. Das geht ganz prima auf der Doppelbett, wer Socken kann, kann auch die Sechsecke!<\/p>\n<h2><a href=\"http:\/\/evileu.de\/oddballs\/wp-content\/uploads\/2017\/08\/AnleitungBienenwabenquilt_Singer.pdf\">Hier klicken f\u00fcr die Anleitung Bienenwabenquilt_Singer<\/a><\/h2>\n<p>&nbsp;<\/p>\n<p>Und hier kommt noch die Englischsprachige Version:<\/p>\n<h2><a href=\"http:\/\/evileu.de\/oddballs\/wp-content\/uploads\/2017\/08\/Beekeepers_quilt_singer_english.pdf\">Beekeepers_quilt_singer_english<\/a><\/h2>\n","protected":false},"excerpt":{"rendered":"<p>Diese Technik hei\u00dft im Englischen &#8222;Beekeepers Quilt&#8220;, also Bienenz\u00fcchter-Quilt, weil die Sechsecke die Form von Bienenwaben haben. Der Quilt eignet sich bestens zur Resteverwertung und gibt z.B. ganz prima Sitzkissen oder Stuhlauflagen ab. Ich stricke mir hier eine Auflage f\u00fcr meine Sitzbank im Winterg\u00e4rtchen. Zugegeben, das Zusammenn\u00e4hen der Puzzleteile ist ein bi\u00dfchen ein Geduldsspiel, aber &hellip; <a href=\"https:\/\/evileu.de\/oddballs\/besondere-handarbeitstechniken\/gestrickter-quilt-aus-gefuellten-sechsecken\/\" class=\"more-link\"><span class=\"screen-reader-text\">Gestrickter Quilt aus gef\u00fcllten Sechsecken<\/span> weiterlesen <span class=\"meta-nav\">&rarr;<\/span><\/a><\/p>\n","protected":false},"author":1,"featured_media":0,"parent":393,"menu_order":4,"comment_status":"closed","ping_status":"closed","template":"","meta":[],"_links":{"self":[{"href":"https:\/\/evileu.de\/oddballs\/wp-json\/wp\/v2\/pages\/563"}],"collection":[{"href":"https:\/\/evileu.de\/oddballs\/wp-json\/wp\/v2\/pages"}],"about":[{"href":"https:\/\/evileu.de\/oddballs\/wp-json\/wp\/v2\/types\/page"}],"author":[{"embeddable":true,"href":"https:\/\/evileu.de\/oddballs\/wp-json\/wp\/v2\/users\/1"}],"replies":[{"embeddable":true,"href":"https:\/\/evileu.de\/oddballs\/wp-json\/wp\/v2\/comments?post=563"}],"version-history":[{"count":8,"href":"https:\/\/evileu.de\/oddballs\/wp-json\/wp\/v2\/pages\/563\/revisions"}],"predecessor-version":[{"id":654,"href":"https:\/\/evileu.de\/oddballs\/wp-json\/wp\/v2\/pages\/563\/revisions\/654"}],"up":[{"embeddable":true,"href":"https:\/\/evileu.de\/oddballs\/wp-json\/wp\/v2\/pages\/393"}],"wp:attachment":[{"href":"https:\/\/evileu.de\/oddballs\/wp-json\/wp\/v2\/media?parent=563"}],"curies":[{"name":"wp","href":"https:\/\/api.w.org\/{rel}","templated":true}]}}