{"id":429,"date":"2016-12-12T05:17:01","date_gmt":"2016-12-12T04:17:01","guid":{"rendered":"http:\/\/evileu.de\/oddballs\/?page_id=429"},"modified":"2016-12-12T05:17:01","modified_gmt":"2016-12-12T04:17:01","slug":"norwegerjacke-aufgeschnitten-fuer-mutige","status":"publish","type":"page","link":"https:\/\/evileu.de\/oddballs\/besondere-handarbeitstechniken\/norwegerjacke-aufgeschnitten-fuer-mutige\/","title":{"rendered":"Norwegerjacke aufgeschnitten (f\u00fcr Mutige)"},"content":{"rendered":"<p>Wenn man einen Raglan von oben (RVO) stricken kann, ist das schon die halbe Miete. Jacquard- und Norwegermuster Stricken ist beim RVO ja so sch\u00f6n einfach, weil man nur rechte Maschen strickt &#8211; ich finde\u00a0 Einstrickmuster\u00a0 von links einfach nur schrecklich umst\u00e4ndlich und vermeide sie wo es nur geht. Aber wie gesagt, beim RVO gehts ja immer nur rechtsrum, und da sind die farbigen Muster sehr leicht zu stricken.<\/p>\n<figure id=\"attachment_378\" aria-describedby=\"caption-attachment-378\" style=\"width: 225px\" class=\"wp-caption aligncenter\"><a href=\"http:\/\/evileu.de\/oddballs\/wp-content\/uploads\/2016\/12\/nordlicht_ruecken.jpg\"><img decoding=\"async\" loading=\"lazy\" class=\"wp-image-378 size-medium\" src=\"http:\/\/evileu.de\/oddballs\/wp-content\/uploads\/2016\/12\/nordlicht_ruecken-225x300.jpg\" alt=\"nordlicht_ruecken\" width=\"225\" height=\"300\" srcset=\"https:\/\/evileu.de\/oddballs\/wp-content\/uploads\/2016\/12\/nordlicht_ruecken-225x300.jpg 225w, https:\/\/evileu.de\/oddballs\/wp-content\/uploads\/2016\/12\/nordlicht_ruecken-18x24.jpg 18w, https:\/\/evileu.de\/oddballs\/wp-content\/uploads\/2016\/12\/nordlicht_ruecken-27x36.jpg 27w, https:\/\/evileu.de\/oddballs\/wp-content\/uploads\/2016\/12\/nordlicht_ruecken-36x48.jpg 36w, https:\/\/evileu.de\/oddballs\/wp-content\/uploads\/2016\/12\/nordlicht_ruecken.jpg 720w\" sizes=\"(max-width: 225px) 100vw, 225px\" \/><\/a><figcaption id=\"caption-attachment-378\" class=\"wp-caption-text\">nordlicht_ruecken<\/figcaption><\/figure>\n<p>Allerdings werden die mit doppeltem Faden gestrickten Muster auch sehr dicht und warm, mir meistens zu warm! So einen dicken Norwegerpulli kann ich nur draussen bei klirrenden Minusgraden anziehen, f\u00fcr drinnen ist mir der viel zu &#8222;heizkr\u00e4ftig&#8220;.\u00a0 Was mache ich also mit den allzu molligen Pullis? Ich mache eine Jacke draus, und zwar nach Norwegerart aufgeschnitten.<\/p>\n<p>Man strickt ganz normal einen Raglan von oben, der hat erstmal noch kein Halsb\u00fcndchen, das kommt erst zum Schlu\u00df. Hei\u00dfer Tipp: den Rundenanfang (da, wo der Farbwechsel ist) verlegt man in die vordere Mitte, da wo das Teil sp\u00e4ter aufgeschnitten wird. Dann spart man sich das F\u00e4den-vern\u00e4hen!<\/p>\n<p>Man kann auch in der vorderen Mitte einen &#8222;Steek&#8220; arbeiten, das ist ein 3-5 cm breiter Streifen in einem kleinen\u00a0zweifarbigen Muster, so da\u00df man gleich erkennt, wo die Mitte ist. Ist aber nicht unbedingt notwendig.<\/p>\n<p>So, und wenn der Pulli jetzt mal fertig gestrickt ist, gehts los: N\u00e4hmaschine her, passendes Garn einf\u00e4deln, schmalen Zickzackstich (Stichl\u00e4nge etwa 3\/4) einstellen und links und rechts der vorderen Mitte jeweils vom Halsausschnitt bis unten zum B\u00fcndchen durchn\u00e4hen. Der Abstand zwischen den N\u00e4hten soll etwa 3-4 cm betragen, ich zeichne das mal ungef\u00e4hr auf:<\/p>\n<figure id=\"attachment_431\" aria-describedby=\"caption-attachment-431\" style=\"width: 324px\" class=\"wp-caption aligncenter\"><a href=\"http:\/\/evileu.de\/oddballs\/wp-content\/uploads\/2016\/12\/goldbunt_nahtlinie.jpg\"><img decoding=\"async\" loading=\"lazy\" class=\"size-full wp-image-431\" src=\"http:\/\/evileu.de\/oddballs\/wp-content\/uploads\/2016\/12\/goldbunt_nahtlinie.jpg\" alt=\"goldbunt_nahtlinie\" width=\"324\" height=\"295\" srcset=\"https:\/\/evileu.de\/oddballs\/wp-content\/uploads\/2016\/12\/goldbunt_nahtlinie.jpg 324w, https:\/\/evileu.de\/oddballs\/wp-content\/uploads\/2016\/12\/goldbunt_nahtlinie-300x273.jpg 300w, https:\/\/evileu.de\/oddballs\/wp-content\/uploads\/2016\/12\/goldbunt_nahtlinie-24x22.jpg 24w, https:\/\/evileu.de\/oddballs\/wp-content\/uploads\/2016\/12\/goldbunt_nahtlinie-36x33.jpg 36w, https:\/\/evileu.de\/oddballs\/wp-content\/uploads\/2016\/12\/goldbunt_nahtlinie-48x44.jpg 48w\" sizes=\"(max-width: 324px) 100vw, 324px\" \/><\/a><figcaption id=\"caption-attachment-431\" class=\"wp-caption-text\">goldbunt_nahtlinie<\/figcaption><\/figure>\n<p>So, und jetzt gilts: grosse, scharfe Schere nehmen und in der Mitte zwischen den Nahtlinien aufschneiden, dabei fallen schonmal alle Fadenendchen weg!<\/p>\n<p>Wenn man ganz sicher gehen will, vers\u00e4ubert man jetzt noch die aufgeschnittenen Kanten mit einem breiten Zickzackstich. Dann klappt man die aufgeschittene Kante glatt nach innen und n\u00e4ht sie von Hand mit Spannstichen fest, das sieht dann ungef\u00e4hr so aus:<\/p>\n<figure id=\"attachment_432\" aria-describedby=\"caption-attachment-432\" style=\"width: 519px\" class=\"wp-caption aligncenter\"><a href=\"http:\/\/evileu.de\/oddballs\/wp-content\/uploads\/2016\/12\/african_queen_blende_innen_detail.jpg\"><img decoding=\"async\" loading=\"lazy\" class=\"size-full wp-image-432\" src=\"http:\/\/evileu.de\/oddballs\/wp-content\/uploads\/2016\/12\/african_queen_blende_innen_detail.jpg\" alt=\"african_queen_blende_innen_detail\" width=\"519\" height=\"561\" srcset=\"https:\/\/evileu.de\/oddballs\/wp-content\/uploads\/2016\/12\/african_queen_blende_innen_detail.jpg 519w, https:\/\/evileu.de\/oddballs\/wp-content\/uploads\/2016\/12\/african_queen_blende_innen_detail-278x300.jpg 278w, https:\/\/evileu.de\/oddballs\/wp-content\/uploads\/2016\/12\/african_queen_blende_innen_detail-22x24.jpg 22w, https:\/\/evileu.de\/oddballs\/wp-content\/uploads\/2016\/12\/african_queen_blende_innen_detail-33x36.jpg 33w, https:\/\/evileu.de\/oddballs\/wp-content\/uploads\/2016\/12\/african_queen_blende_innen_detail-44x48.jpg 44w\" sizes=\"(max-width: 519px) 100vw, 519px\" \/><\/a><figcaption id=\"caption-attachment-432\" class=\"wp-caption-text\">african_queen_blende_innen_detail<\/figcaption><\/figure>\n<p>Ihr m\u00fc\u00dft keine Bange haben da\u00df Maschen fallen oder sich aufribbeln, die werden von den Zickzack-N\u00e4hten bombenfest gehalten!<\/p>\n<p>Jetzt kann man das Halsb\u00fcndchen anstricken, und evtl. auch den Bund am unteren Rand.<\/p>\n<p>Wenn die vorderen Blenden angen\u00e4ht sind, kann man aus dem Rand Maschen auffassen und noch eine Blende im Rippenmuster dranstricken, oder man umh\u00e4kelt die Kante einfach mit einer Reihe fester Maschen, so wie ich es hier gemacht habe, das sieht auch sehr sauber aus:<\/p>\n<figure id=\"attachment_433\" aria-describedby=\"caption-attachment-433\" style=\"width: 1600px\" class=\"wp-caption aligncenter\"><a href=\"http:\/\/evileu.de\/oddballs\/wp-content\/uploads\/2016\/12\/african_queen_detail.jpg\"><img decoding=\"async\" loading=\"lazy\" class=\"size-full wp-image-433\" src=\"http:\/\/evileu.de\/oddballs\/wp-content\/uploads\/2016\/12\/african_queen_detail.jpg\" alt=\"african_queen_detail\" width=\"1600\" height=\"1200\" srcset=\"https:\/\/evileu.de\/oddballs\/wp-content\/uploads\/2016\/12\/african_queen_detail.jpg 1600w, https:\/\/evileu.de\/oddballs\/wp-content\/uploads\/2016\/12\/african_queen_detail-300x225.jpg 300w, https:\/\/evileu.de\/oddballs\/wp-content\/uploads\/2016\/12\/african_queen_detail-768x576.jpg 768w, https:\/\/evileu.de\/oddballs\/wp-content\/uploads\/2016\/12\/african_queen_detail-1024x768.jpg 1024w, https:\/\/evileu.de\/oddballs\/wp-content\/uploads\/2016\/12\/african_queen_detail-24x18.jpg 24w, https:\/\/evileu.de\/oddballs\/wp-content\/uploads\/2016\/12\/african_queen_detail-36x27.jpg 36w, https:\/\/evileu.de\/oddballs\/wp-content\/uploads\/2016\/12\/african_queen_detail-48x36.jpg 48w\" sizes=\"(max-width: 1600px) 100vw, 1600px\" \/><\/a><figcaption id=\"caption-attachment-433\" class=\"wp-caption-text\">african_queen_detail<\/figcaption><\/figure>\n<p>Fertig ist die aufgeschnittene Jacke!<\/p>\n<figure id=\"attachment_436\" aria-describedby=\"caption-attachment-436\" style=\"width: 1200px\" class=\"wp-caption aligncenter\"><a href=\"http:\/\/evileu.de\/oddballs\/wp-content\/uploads\/2016\/12\/african_queen.jpg\"><img decoding=\"async\" loading=\"lazy\" class=\"size-full wp-image-436\" src=\"http:\/\/evileu.de\/oddballs\/wp-content\/uploads\/2016\/12\/african_queen.jpg\" alt=\"african_queen\" width=\"1200\" height=\"1600\" srcset=\"https:\/\/evileu.de\/oddballs\/wp-content\/uploads\/2016\/12\/african_queen.jpg 1200w, https:\/\/evileu.de\/oddballs\/wp-content\/uploads\/2016\/12\/african_queen-225x300.jpg 225w, https:\/\/evileu.de\/oddballs\/wp-content\/uploads\/2016\/12\/african_queen-768x1024.jpg 768w, https:\/\/evileu.de\/oddballs\/wp-content\/uploads\/2016\/12\/african_queen-18x24.jpg 18w, https:\/\/evileu.de\/oddballs\/wp-content\/uploads\/2016\/12\/african_queen-27x36.jpg 27w, https:\/\/evileu.de\/oddballs\/wp-content\/uploads\/2016\/12\/african_queen-36x48.jpg 36w\" sizes=\"(max-width: 1200px) 100vw, 1200px\" \/><\/a><figcaption id=\"caption-attachment-436\" class=\"wp-caption-text\">african_queen<\/figcaption><\/figure>\n<p>Ich n\u00e4he allerdings immer (bei jeder gestrickten Jacke oder Weste) an der Innenkante des Halsausschnitts noch ein festes Satin- oder Nahtband ein, damit der Ausschnitt halt bekommt und nicht ausleiert. Das ist zwar ein bi\u00dfchen Arbeit, lohnt sich aber wegen der besonders guten Pa\u00dfform.<\/p>\n<figure id=\"attachment_437\" aria-describedby=\"caption-attachment-437\" style=\"width: 1200px\" class=\"wp-caption aligncenter\"><a href=\"http:\/\/evileu.de\/oddballs\/wp-content\/uploads\/2016\/12\/african_queen_blende_innen_nahaufnahme.jpg\"><img decoding=\"async\" loading=\"lazy\" class=\"size-full wp-image-437\" src=\"http:\/\/evileu.de\/oddballs\/wp-content\/uploads\/2016\/12\/african_queen_blende_innen_nahaufnahme.jpg\" alt=\"african_queen_blende_innen_nahaufnahme\" width=\"1200\" height=\"1600\" srcset=\"https:\/\/evileu.de\/oddballs\/wp-content\/uploads\/2016\/12\/african_queen_blende_innen_nahaufnahme.jpg 1200w, https:\/\/evileu.de\/oddballs\/wp-content\/uploads\/2016\/12\/african_queen_blende_innen_nahaufnahme-225x300.jpg 225w, https:\/\/evileu.de\/oddballs\/wp-content\/uploads\/2016\/12\/african_queen_blende_innen_nahaufnahme-768x1024.jpg 768w, https:\/\/evileu.de\/oddballs\/wp-content\/uploads\/2016\/12\/african_queen_blende_innen_nahaufnahme-18x24.jpg 18w, https:\/\/evileu.de\/oddballs\/wp-content\/uploads\/2016\/12\/african_queen_blende_innen_nahaufnahme-27x36.jpg 27w, https:\/\/evileu.de\/oddballs\/wp-content\/uploads\/2016\/12\/african_queen_blende_innen_nahaufnahme-36x48.jpg 36w\" sizes=\"(max-width: 1200px) 100vw, 1200px\" \/><\/a><figcaption id=\"caption-attachment-437\" class=\"wp-caption-text\">african_queen_blende_innen_nahaufnahme<\/figcaption><\/figure>\n<p>Hier seht ihr noch ein anderes aufgeschnittenes Modell nach dem selben Prinzip, es hei\u00dft &#8222;Nordlicht&#8220; und ist aus Sockenwolle doppelt mit 5er Nadeln gestrickt, also so richtig sch\u00f6n dick und mollig warm:<\/p>\n<figure id=\"attachment_435\" aria-describedby=\"caption-attachment-435\" style=\"width: 300px\" class=\"wp-caption aligncenter\"><a href=\"http:\/\/evileu.de\/oddballs\/wp-content\/uploads\/2016\/12\/nordlicht_vorn_detail.jpg\"><img decoding=\"async\" loading=\"lazy\" class=\"wp-image-435 size-medium\" src=\"http:\/\/evileu.de\/oddballs\/wp-content\/uploads\/2016\/12\/nordlicht_vorn_detail-300x225.jpg\" alt=\"nordlicht_vorn_detail\" width=\"300\" height=\"225\" srcset=\"https:\/\/evileu.de\/oddballs\/wp-content\/uploads\/2016\/12\/nordlicht_vorn_detail-300x225.jpg 300w, https:\/\/evileu.de\/oddballs\/wp-content\/uploads\/2016\/12\/nordlicht_vorn_detail-768x576.jpg 768w, https:\/\/evileu.de\/oddballs\/wp-content\/uploads\/2016\/12\/nordlicht_vorn_detail-1024x768.jpg 1024w, https:\/\/evileu.de\/oddballs\/wp-content\/uploads\/2016\/12\/nordlicht_vorn_detail-24x18.jpg 24w, https:\/\/evileu.de\/oddballs\/wp-content\/uploads\/2016\/12\/nordlicht_vorn_detail-36x27.jpg 36w, https:\/\/evileu.de\/oddballs\/wp-content\/uploads\/2016\/12\/nordlicht_vorn_detail-48x36.jpg 48w, https:\/\/evileu.de\/oddballs\/wp-content\/uploads\/2016\/12\/nordlicht_vorn_detail.jpg 1600w\" sizes=\"(max-width: 300px) 100vw, 300px\" \/><\/a><figcaption id=\"caption-attachment-435\" class=\"wp-caption-text\">nordlicht_vorn_detail<\/figcaption><\/figure>\n<p>So sieht das edle St\u00fcck im Ganzen aus:<\/p>\n<figure id=\"attachment_434\" aria-describedby=\"caption-attachment-434\" style=\"width: 194px\" class=\"wp-caption aligncenter\"><a href=\"http:\/\/evileu.de\/oddballs\/wp-content\/uploads\/2016\/12\/nordlicht_vorn.jpg\"><img decoding=\"async\" loading=\"lazy\" class=\"wp-image-434 size-medium\" src=\"http:\/\/evileu.de\/oddballs\/wp-content\/uploads\/2016\/12\/nordlicht_vorn-194x300.jpg\" alt=\"nordlicht_vorn\" width=\"194\" height=\"300\" srcset=\"https:\/\/evileu.de\/oddballs\/wp-content\/uploads\/2016\/12\/nordlicht_vorn-194x300.jpg 194w, https:\/\/evileu.de\/oddballs\/wp-content\/uploads\/2016\/12\/nordlicht_vorn-768x1186.jpg 768w, https:\/\/evileu.de\/oddballs\/wp-content\/uploads\/2016\/12\/nordlicht_vorn-663x1024.jpg 663w, https:\/\/evileu.de\/oddballs\/wp-content\/uploads\/2016\/12\/nordlicht_vorn-16x24.jpg 16w, https:\/\/evileu.de\/oddballs\/wp-content\/uploads\/2016\/12\/nordlicht_vorn-23x36.jpg 23w, https:\/\/evileu.de\/oddballs\/wp-content\/uploads\/2016\/12\/nordlicht_vorn-31x48.jpg 31w, https:\/\/evileu.de\/oddballs\/wp-content\/uploads\/2016\/12\/nordlicht_vorn.jpg 909w\" sizes=\"(max-width: 194px) 100vw, 194px\" \/><\/a><figcaption id=\"caption-attachment-434\" class=\"wp-caption-text\">nordlicht_vorn<\/figcaption><\/figure>\n<p>Das war jetzt nicht schwer, oder? Wer gerne bunte Einstrickmuster strickt, sollte die Methode des Aufschneidens auf jeden Fall mal ausprobieren. Ich finde, eine Jacke macht nicht ganz so warm wie ein dicker Pulli und ist auch schneller aus- und wieder angezogen.\u00a0 Traut euch nur, es ist wirklich nicht schlimm!<\/p>\n<p><a href=\"http:\/\/evileu.de\/oddballs\/wp-content\/uploads\/2016\/11\/trenner_oddballs.jpg\"><img decoding=\"async\" loading=\"lazy\" class=\"aligncenter size-full wp-image-81\" src=\"http:\/\/evileu.de\/oddballs\/wp-content\/uploads\/2016\/11\/trenner_oddballs.jpg\" alt=\"trenner_oddballs\" width=\"800\" height=\"67\" srcset=\"https:\/\/evileu.de\/oddballs\/wp-content\/uploads\/2016\/11\/trenner_oddballs.jpg 800w, https:\/\/evileu.de\/oddballs\/wp-content\/uploads\/2016\/11\/trenner_oddballs-300x25.jpg 300w, https:\/\/evileu.de\/oddballs\/wp-content\/uploads\/2016\/11\/trenner_oddballs-768x64.jpg 768w, https:\/\/evileu.de\/oddballs\/wp-content\/uploads\/2016\/11\/trenner_oddballs-24x2.jpg 24w, https:\/\/evileu.de\/oddballs\/wp-content\/uploads\/2016\/11\/trenner_oddballs-36x3.jpg 36w, https:\/\/evileu.de\/oddballs\/wp-content\/uploads\/2016\/11\/trenner_oddballs-48x4.jpg 48w\" sizes=\"(max-width: 800px) 100vw, 800px\" \/><\/a><\/p>\n","protected":false},"excerpt":{"rendered":"<p>Wenn man einen Raglan von oben (RVO) stricken kann, ist das schon die halbe Miete. Jacquard- und Norwegermuster Stricken ist beim RVO ja so sch\u00f6n einfach, weil man nur rechte Maschen strickt &#8211; ich finde\u00a0 Einstrickmuster\u00a0 von links einfach nur schrecklich umst\u00e4ndlich und vermeide sie wo es nur geht. Aber wie gesagt, beim RVO gehts &hellip; <a href=\"https:\/\/evileu.de\/oddballs\/besondere-handarbeitstechniken\/norwegerjacke-aufgeschnitten-fuer-mutige\/\" class=\"more-link\"><span class=\"screen-reader-text\">Norwegerjacke aufgeschnitten (f\u00fcr Mutige)<\/span> weiterlesen <span class=\"meta-nav\">&rarr;<\/span><\/a><\/p>\n","protected":false},"author":1,"featured_media":0,"parent":393,"menu_order":2,"comment_status":"closed","ping_status":"closed","template":"","meta":[],"_links":{"self":[{"href":"https:\/\/evileu.de\/oddballs\/wp-json\/wp\/v2\/pages\/429"}],"collection":[{"href":"https:\/\/evileu.de\/oddballs\/wp-json\/wp\/v2\/pages"}],"about":[{"href":"https:\/\/evileu.de\/oddballs\/wp-json\/wp\/v2\/types\/page"}],"author":[{"embeddable":true,"href":"https:\/\/evileu.de\/oddballs\/wp-json\/wp\/v2\/users\/1"}],"replies":[{"embeddable":true,"href":"https:\/\/evileu.de\/oddballs\/wp-json\/wp\/v2\/comments?post=429"}],"version-history":[{"count":2,"href":"https:\/\/evileu.de\/oddballs\/wp-json\/wp\/v2\/pages\/429\/revisions"}],"predecessor-version":[{"id":438,"href":"https:\/\/evileu.de\/oddballs\/wp-json\/wp\/v2\/pages\/429\/revisions\/438"}],"up":[{"embeddable":true,"href":"https:\/\/evileu.de\/oddballs\/wp-json\/wp\/v2\/pages\/393"}],"wp:attachment":[{"href":"https:\/\/evileu.de\/oddballs\/wp-json\/wp\/v2\/media?parent=429"}],"curies":[{"name":"wp","href":"https:\/\/api.w.org\/{rel}","templated":true}]}}