{"id":418,"date":"2016-12-07T05:58:17","date_gmt":"2016-12-07T04:58:17","guid":{"rendered":"http:\/\/evileu.de\/oddballs\/?page_id=418"},"modified":"2016-12-07T06:41:06","modified_gmt":"2016-12-07T05:41:06","slug":"raglan-von-oben-rvo","status":"publish","type":"page","link":"https:\/\/evileu.de\/oddballs\/besondere-handarbeitstechniken\/raglan-von-oben-rvo\/","title":{"rendered":"Raglan von oben (RVO)"},"content":{"rendered":"<p>Der Raglan von oben ist eine voll geniale Technik, bei der ein sehr gut sitzender Raglanpulli an einem St\u00fcck vom Halsausschnitt aus nach unten gestrickt wird. Die Berechnung ist ein kleines bi\u00dfchen knifflig, es ist sehr n\u00fctzlich, wenn man einen gut passenden Raglanpullover als Vorlage hat, von dem man die Ma\u00dfe abnehmen kann. Hat man den nicht, mu\u00df man die K\u00f6rpermasse sehr sorgf\u00e4ltig ausmessen, aber das ist auch halb so wild, weil man die Gr\u00f6\u00dfe w\u00e4hrend des Strickens noch anpassen kann. Auch die \u00c4rmell\u00e4nge und die K\u00f6rperl\u00e4nge kann man w\u00e4hrend des Strickens noch anpassen, man h\u00e4lt sich das bereits gestrickte Teil einfach an und schaut ob es schon lang genug ist. Ich zeige euch hier mal einen fertigen Raglanpulli:<\/p>\n<figure id=\"attachment_422\" aria-describedby=\"caption-attachment-422\" style=\"width: 400px\" class=\"wp-caption aligncenter\"><a href=\"http:\/\/evileu.de\/oddballs\/wp-content\/uploads\/2016\/12\/goldbunt-1.jpg\"><img decoding=\"async\" loading=\"lazy\" class=\"size-full wp-image-422\" src=\"http:\/\/evileu.de\/oddballs\/wp-content\/uploads\/2016\/12\/goldbunt-1.jpg\" alt=\"goldbunt\" width=\"400\" height=\"353\" srcset=\"https:\/\/evileu.de\/oddballs\/wp-content\/uploads\/2016\/12\/goldbunt-1.jpg 400w, https:\/\/evileu.de\/oddballs\/wp-content\/uploads\/2016\/12\/goldbunt-1-300x265.jpg 300w, https:\/\/evileu.de\/oddballs\/wp-content\/uploads\/2016\/12\/goldbunt-1-24x21.jpg 24w, https:\/\/evileu.de\/oddballs\/wp-content\/uploads\/2016\/12\/goldbunt-1-36x32.jpg 36w, https:\/\/evileu.de\/oddballs\/wp-content\/uploads\/2016\/12\/goldbunt-1-48x42.jpg 48w\" sizes=\"(max-width: 400px) 100vw, 400px\" \/><\/a><figcaption id=\"caption-attachment-422\" class=\"wp-caption-text\">goldbunt<\/figcaption><\/figure>\n<p>Dadurch, da\u00df man nach dem Halsausschnitt immer nur rechte Maschen in Runden strickt, sind Jaquardmuster beim RVO besonders sch\u00f6n zu arbeiten (ich hasse Jaquard von links!) und gehen recht flott von der Hand.<br \/>\nDie B\u00fcndchen strickt man als Letztes, hier habe ich sie mit doppelten Hebemaschen gearbeitet, damit sie nicht schlabbrig werden und die Form gut halten.<br \/>\nDie Fadenenden beim Farbwechsel habe ich gleich mit eingestrickt, damit war nicht viel Arbeit beim Vern\u00e4hen, die Ausarbeitung und Fertigstellung ging ebenfalls ratzfatz.<\/p>\n<p>Und wie berechnet man nun einen Raglan von oben? Daf\u00fcr empfehle ich euch eine geniale Webseite, auf der Step by Step genauestens beschrieben ist, wie man einen RVO konstruiert.<\/p>\n<p><a href=\"http:\/\/www.raglanvonoben.de\/index.html\">Hier ist der Link auf die raglan-von-oben-seite<\/a> von Elena Weich<\/p>\n<p>Ich habe allerdings noch ein Excel-Chart f\u00fcr euch, anhand dessen ihr euch die Ma\u00dfe f\u00fcr den RVO selber ausrechnen k\u00f6nnt:<\/p>\n<p><a href=\"http:\/\/evileu.de\/oddballs\/wp-content\/uploads\/2016\/12\/RVO-Rechner.xls\">rvo-rechner<\/a> als Excel-Arbeitsblatt.<\/p>\n<p>Wie man das Ganze dann strickt, das schreibe ich vielleicht ein andermal, aber eigentlich ist das auf Elena Weichs Seite so gut beschrieben, da\u00df ich mir nicht unbedingt die doppelte Arbeit machen m\u00f6chte. Lest euch da mal durch, und dann nichts wie ran! Ein RVO ist schneller gestrickt als ihr denkt!<\/p>\n<figure id=\"attachment_426\" aria-describedby=\"caption-attachment-426\" style=\"width: 400px\" class=\"wp-caption aligncenter\"><a href=\"http:\/\/evileu.de\/oddballs\/wp-content\/uploads\/2016\/12\/fleurdelys-1.jpg\"><img decoding=\"async\" loading=\"lazy\" class=\"size-full wp-image-426\" src=\"http:\/\/evileu.de\/oddballs\/wp-content\/uploads\/2016\/12\/fleurdelys-1.jpg\" alt=\"fleurdelys\" width=\"400\" height=\"515\" srcset=\"https:\/\/evileu.de\/oddballs\/wp-content\/uploads\/2016\/12\/fleurdelys-1.jpg 400w, https:\/\/evileu.de\/oddballs\/wp-content\/uploads\/2016\/12\/fleurdelys-1-233x300.jpg 233w, https:\/\/evileu.de\/oddballs\/wp-content\/uploads\/2016\/12\/fleurdelys-1-19x24.jpg 19w, https:\/\/evileu.de\/oddballs\/wp-content\/uploads\/2016\/12\/fleurdelys-1-28x36.jpg 28w, https:\/\/evileu.de\/oddballs\/wp-content\/uploads\/2016\/12\/fleurdelys-1-37x48.jpg 37w\" sizes=\"(max-width: 400px) 100vw, 400px\" \/><\/a><figcaption id=\"caption-attachment-426\" class=\"wp-caption-text\">fleurdelys<\/figcaption><\/figure>\n<p><a href=\"http:\/\/evileu.de\/oddballs\/wp-content\/uploads\/2016\/11\/trenner_oddballs-1.jpg\"><img decoding=\"async\" loading=\"lazy\" class=\"aligncenter size-full wp-image-165\" src=\"http:\/\/evileu.de\/oddballs\/wp-content\/uploads\/2016\/11\/trenner_oddballs-1.jpg\" alt=\"trenner_oddballs\" width=\"800\" height=\"67\" srcset=\"https:\/\/evileu.de\/oddballs\/wp-content\/uploads\/2016\/11\/trenner_oddballs-1.jpg 800w, https:\/\/evileu.de\/oddballs\/wp-content\/uploads\/2016\/11\/trenner_oddballs-1-300x25.jpg 300w, https:\/\/evileu.de\/oddballs\/wp-content\/uploads\/2016\/11\/trenner_oddballs-1-768x64.jpg 768w, https:\/\/evileu.de\/oddballs\/wp-content\/uploads\/2016\/11\/trenner_oddballs-1-24x2.jpg 24w, https:\/\/evileu.de\/oddballs\/wp-content\/uploads\/2016\/11\/trenner_oddballs-1-36x3.jpg 36w, https:\/\/evileu.de\/oddballs\/wp-content\/uploads\/2016\/11\/trenner_oddballs-1-48x4.jpg 48w\" sizes=\"(max-width: 800px) 100vw, 800px\" \/><\/a><\/p>\n","protected":false},"excerpt":{"rendered":"<p>Der Raglan von oben ist eine voll geniale Technik, bei der ein sehr gut sitzender Raglanpulli an einem St\u00fcck vom Halsausschnitt aus nach unten gestrickt wird. Die Berechnung ist ein kleines bi\u00dfchen knifflig, es ist sehr n\u00fctzlich, wenn man einen gut passenden Raglanpullover als Vorlage hat, von dem man die Ma\u00dfe abnehmen kann. Hat man &hellip; <a href=\"https:\/\/evileu.de\/oddballs\/besondere-handarbeitstechniken\/raglan-von-oben-rvo\/\" class=\"more-link\"><span class=\"screen-reader-text\">Raglan von oben (RVO)<\/span> weiterlesen <span class=\"meta-nav\">&rarr;<\/span><\/a><\/p>\n","protected":false},"author":1,"featured_media":0,"parent":393,"menu_order":1,"comment_status":"closed","ping_status":"closed","template":"","meta":[],"_links":{"self":[{"href":"https:\/\/evileu.de\/oddballs\/wp-json\/wp\/v2\/pages\/418"}],"collection":[{"href":"https:\/\/evileu.de\/oddballs\/wp-json\/wp\/v2\/pages"}],"about":[{"href":"https:\/\/evileu.de\/oddballs\/wp-json\/wp\/v2\/types\/page"}],"author":[{"embeddable":true,"href":"https:\/\/evileu.de\/oddballs\/wp-json\/wp\/v2\/users\/1"}],"replies":[{"embeddable":true,"href":"https:\/\/evileu.de\/oddballs\/wp-json\/wp\/v2\/comments?post=418"}],"version-history":[{"count":5,"href":"https:\/\/evileu.de\/oddballs\/wp-json\/wp\/v2\/pages\/418\/revisions"}],"predecessor-version":[{"id":427,"href":"https:\/\/evileu.de\/oddballs\/wp-json\/wp\/v2\/pages\/418\/revisions\/427"}],"up":[{"embeddable":true,"href":"https:\/\/evileu.de\/oddballs\/wp-json\/wp\/v2\/pages\/393"}],"wp:attachment":[{"href":"https:\/\/evileu.de\/oddballs\/wp-json\/wp\/v2\/media?parent=418"}],"curies":[{"name":"wp","href":"https:\/\/api.w.org\/{rel}","templated":true}]}}