{"id":398,"date":"2016-12-07T05:03:54","date_gmt":"2016-12-07T04:03:54","guid":{"rendered":"http:\/\/evileu.de\/oddballs\/?page_id=398"},"modified":"2016-12-07T05:42:12","modified_gmt":"2016-12-07T04:42:12","slug":"freeform-das-knifflige-puzzlespiel","status":"publish","type":"page","link":"https:\/\/evileu.de\/oddballs\/besondere-handarbeitstechniken\/freeform-das-knifflige-puzzlespiel\/","title":{"rendered":"Freeform: das knifflige Puzzlespiel"},"content":{"rendered":"<p>Freeform, oft auch &#8222;Freeform H\u00e4keln&#8220; genannt, ist eine besondere Form der Patchworktechnik und wird aus unregelm\u00e4\u00dfigen gestrickten und geh\u00e4kelten Elementen zusammengesetzt. Das Titelbild dieser Seite ist \u00fcbrigens ein Detail eines\u00a0 Freeform-Projekts, dieser Weste hier n\u00e4mlich:<\/p>\n<div id='gallery-1' class='gallery galleryid-398 gallery-columns-3 gallery-size-thumbnail'><figure class='gallery-item'>\n\t\t\t<div class='gallery-icon portrait'>\n\t\t\t\t<a href='https:\/\/evileu.de\/oddballs\/besondere-handarbeitstechniken\/freeform-das-knifflige-puzzlespiel\/strandgut_s\/'><img width=\"150\" height=\"150\" src=\"https:\/\/evileu.de\/oddballs\/wp-content\/uploads\/2016\/12\/strandgut_s-150x150.png\" class=\"attachment-thumbnail size-thumbnail\" alt=\"strandgut\" decoding=\"async\" loading=\"lazy\" aria-describedby=\"gallery-1-400\" \/><\/a>\n\t\t\t<\/div>\n\t\t\t\t<figcaption class='wp-caption-text gallery-caption' id='gallery-1-400'>\n\t\t\t\tstrandgut\n\t\t\t\t<\/figcaption><\/figure><figure class='gallery-item'>\n\t\t\t<div class='gallery-icon portrait'>\n\t\t\t\t<a href='https:\/\/evileu.de\/oddballs\/besondere-handarbeitstechniken\/freeform-das-knifflige-puzzlespiel\/strandgut_v\/'><img width=\"150\" height=\"150\" src=\"https:\/\/evileu.de\/oddballs\/wp-content\/uploads\/2016\/12\/strandgut_v-150x150.png\" class=\"attachment-thumbnail size-thumbnail\" alt=\"\" decoding=\"async\" loading=\"lazy\" \/><\/a>\n\t\t\t<\/div><\/figure>\n\t\t<\/div>\n\n<p>Freeform sieht toll aus,\u00a0 die meisten Freeform-Arbeiten sind richtige Kunstwerke, es ist aber auch eine Heidenarbeit und ein echtes Geduldsspiel f\u00fcr T\u00fcftlerinnen.<\/p>\n<figure id=\"attachment_399\" aria-describedby=\"caption-attachment-399\" style=\"width: 1600px\" class=\"wp-caption aligncenter\"><a href=\"http:\/\/evileu.de\/oddballs\/wp-content\/uploads\/2016\/12\/lilabraun-detail.jpg\"><img decoding=\"async\" loading=\"lazy\" class=\"size-full wp-image-399\" src=\"http:\/\/evileu.de\/oddballs\/wp-content\/uploads\/2016\/12\/lilabraun-detail.jpg\" alt=\"lilabraun-detail\" width=\"1600\" height=\"1200\" srcset=\"https:\/\/evileu.de\/oddballs\/wp-content\/uploads\/2016\/12\/lilabraun-detail.jpg 1600w, https:\/\/evileu.de\/oddballs\/wp-content\/uploads\/2016\/12\/lilabraun-detail-300x225.jpg 300w, https:\/\/evileu.de\/oddballs\/wp-content\/uploads\/2016\/12\/lilabraun-detail-768x576.jpg 768w, https:\/\/evileu.de\/oddballs\/wp-content\/uploads\/2016\/12\/lilabraun-detail-1024x768.jpg 1024w, https:\/\/evileu.de\/oddballs\/wp-content\/uploads\/2016\/12\/lilabraun-detail-24x18.jpg 24w, https:\/\/evileu.de\/oddballs\/wp-content\/uploads\/2016\/12\/lilabraun-detail-36x27.jpg 36w, https:\/\/evileu.de\/oddballs\/wp-content\/uploads\/2016\/12\/lilabraun-detail-48x36.jpg 48w\" sizes=\"(max-width: 1600px) 100vw, 1600px\" \/><\/a><figcaption id=\"caption-attachment-399\" class=\"wp-caption-text\">lilabraun-detail<\/figcaption><\/figure>\n<p>Wenn ihr mal so richtige Meisterwerke der Freeform-Technik sehen wollt, googlet mal bei Prudence Mapstone vorbei, ihre Arbeiten sind der reine Wahnsinn und echte Textilkunst h\u00f6chsten Kalibers.\u00a0 Missus Mapstone bietet auf ihrer Seite auch Tutorials (leider nur in Englisch) zum Kauf an, und ich kann nur sagen: das lohnt sich! Wenn man in die Freeform-Technik einsteigen will, kann man bei Prudence Mapstone echt was lernen.<\/p>\n<p>Wenn man ein gr\u00f6\u00dferes Teil (eine Weste oder Jacke etwa) anfertigen will, macht man sich am Besten einen Papierschnitt, auf den man die Puzzlest\u00fcckchen dann auflegt, oder man schreibt sich die Ma\u00dfe ganz genau auf und vermi\u00dft das Freeformteil immer wieder, das kann dann so aussehen (der wei\u00dfe Faden markiert die &#8222;gedachte&#8220; Seitennaht):<\/p>\n<figure id=\"attachment_405\" aria-describedby=\"caption-attachment-405\" style=\"width: 1600px\" class=\"wp-caption aligncenter\"><a href=\"http:\/\/evileu.de\/oddballs\/wp-content\/uploads\/2016\/12\/freeform-schnitt.jpg\"><img decoding=\"async\" loading=\"lazy\" class=\"size-full wp-image-405\" src=\"http:\/\/evileu.de\/oddballs\/wp-content\/uploads\/2016\/12\/freeform-schnitt.jpg\" alt=\"freeform-schnitt\" width=\"1600\" height=\"1200\" srcset=\"https:\/\/evileu.de\/oddballs\/wp-content\/uploads\/2016\/12\/freeform-schnitt.jpg 1600w, https:\/\/evileu.de\/oddballs\/wp-content\/uploads\/2016\/12\/freeform-schnitt-300x225.jpg 300w, https:\/\/evileu.de\/oddballs\/wp-content\/uploads\/2016\/12\/freeform-schnitt-768x576.jpg 768w, https:\/\/evileu.de\/oddballs\/wp-content\/uploads\/2016\/12\/freeform-schnitt-1024x768.jpg 1024w, https:\/\/evileu.de\/oddballs\/wp-content\/uploads\/2016\/12\/freeform-schnitt-24x18.jpg 24w, https:\/\/evileu.de\/oddballs\/wp-content\/uploads\/2016\/12\/freeform-schnitt-36x27.jpg 36w, https:\/\/evileu.de\/oddballs\/wp-content\/uploads\/2016\/12\/freeform-schnitt-48x36.jpg 48w\" sizes=\"(max-width: 1600px) 100vw, 1600px\" \/><\/a><figcaption id=\"caption-attachment-405\" class=\"wp-caption-text\">freeform-schnitt<\/figcaption><\/figure>\n<p>Hier seht ihr das fertige Teil:<\/p>\n<figure id=\"attachment_406\" aria-describedby=\"caption-attachment-406\" style=\"width: 1200px\" class=\"wp-caption aligncenter\"><a href=\"http:\/\/evileu.de\/oddballs\/wp-content\/uploads\/2016\/12\/lilabraun-weste.jpg\"><img decoding=\"async\" loading=\"lazy\" class=\"size-full wp-image-406\" src=\"http:\/\/evileu.de\/oddballs\/wp-content\/uploads\/2016\/12\/lilabraun-weste.jpg\" alt=\"lilabraun-weste\" width=\"1200\" height=\"1600\" srcset=\"https:\/\/evileu.de\/oddballs\/wp-content\/uploads\/2016\/12\/lilabraun-weste.jpg 1200w, https:\/\/evileu.de\/oddballs\/wp-content\/uploads\/2016\/12\/lilabraun-weste-225x300.jpg 225w, https:\/\/evileu.de\/oddballs\/wp-content\/uploads\/2016\/12\/lilabraun-weste-768x1024.jpg 768w, https:\/\/evileu.de\/oddballs\/wp-content\/uploads\/2016\/12\/lilabraun-weste-18x24.jpg 18w, https:\/\/evileu.de\/oddballs\/wp-content\/uploads\/2016\/12\/lilabraun-weste-27x36.jpg 27w, https:\/\/evileu.de\/oddballs\/wp-content\/uploads\/2016\/12\/lilabraun-weste-36x48.jpg 36w\" sizes=\"(max-width: 1200px) 100vw, 1200px\" \/><\/a><figcaption id=\"caption-attachment-406\" class=\"wp-caption-text\">lilabraun-weste<\/figcaption><\/figure>\n<p>F\u00fcr Einsteiger in die Freeform-Technik empfehle ich allerdings dringend, mit einem ganz einfachen rechteckigen Teil anzufangen, das Zusammensetzen der Arbeit ist schon knifflig genug. Hier seht ihr zum Beispiel eine Freeform-Tasche die aus zwei Rechtecken gefertigt wurde. Ich habe alle m\u00f6glichen Reste von Filzwolle daf\u00fcr verarbeitet, einen Rand und die Trageb\u00e4nder mit festen Maschen angeh\u00e4kelt und das fertige Teil dann in der Waschmaschine gefilzt:<\/p>\n<figure id=\"attachment_407\" aria-describedby=\"caption-attachment-407\" style=\"width: 1146px\" class=\"wp-caption aligncenter\"><a href=\"http:\/\/evileu.de\/oddballs\/wp-content\/uploads\/2016\/12\/freeform-tasche-1.jpg\"><img decoding=\"async\" loading=\"lazy\" class=\"size-full wp-image-407\" src=\"http:\/\/evileu.de\/oddballs\/wp-content\/uploads\/2016\/12\/freeform-tasche-1.jpg\" alt=\"freeform-tasche\" width=\"1146\" height=\"978\" srcset=\"https:\/\/evileu.de\/oddballs\/wp-content\/uploads\/2016\/12\/freeform-tasche-1.jpg 1146w, https:\/\/evileu.de\/oddballs\/wp-content\/uploads\/2016\/12\/freeform-tasche-1-300x256.jpg 300w, https:\/\/evileu.de\/oddballs\/wp-content\/uploads\/2016\/12\/freeform-tasche-1-768x655.jpg 768w, https:\/\/evileu.de\/oddballs\/wp-content\/uploads\/2016\/12\/freeform-tasche-1-1024x874.jpg 1024w, https:\/\/evileu.de\/oddballs\/wp-content\/uploads\/2016\/12\/freeform-tasche-1-24x20.jpg 24w, https:\/\/evileu.de\/oddballs\/wp-content\/uploads\/2016\/12\/freeform-tasche-1-36x31.jpg 36w, https:\/\/evileu.de\/oddballs\/wp-content\/uploads\/2016\/12\/freeform-tasche-1-48x41.jpg 48w\" sizes=\"(max-width: 1146px) 100vw, 1146px\" \/><\/a><figcaption id=\"caption-attachment-407\" class=\"wp-caption-text\">freeform-tasche<\/figcaption><\/figure>\n<p>Ebenfalls f\u00fcr Anf\u00e4nger besser geeignet als gr\u00f6\u00dfere Projekte sind gerade Schals in Freeform-Technik, ich zeig euch hier mal ein Beispiel, wo man auch sieht welches Material ich mir f\u00fcr dieses Projekt zusammengestellt habe<\/p>\n<figure id=\"attachment_409\" aria-describedby=\"caption-attachment-409\" style=\"width: 1600px\" class=\"wp-caption aligncenter\"><a href=\"http:\/\/evileu.de\/oddballs\/wp-content\/uploads\/2016\/12\/freeform-material.jpg\"><img decoding=\"async\" loading=\"lazy\" class=\"size-full wp-image-409\" src=\"http:\/\/evileu.de\/oddballs\/wp-content\/uploads\/2016\/12\/freeform-material.jpg\" alt=\"freeform-material\" width=\"1600\" height=\"1200\" srcset=\"https:\/\/evileu.de\/oddballs\/wp-content\/uploads\/2016\/12\/freeform-material.jpg 1600w, https:\/\/evileu.de\/oddballs\/wp-content\/uploads\/2016\/12\/freeform-material-300x225.jpg 300w, https:\/\/evileu.de\/oddballs\/wp-content\/uploads\/2016\/12\/freeform-material-768x576.jpg 768w, https:\/\/evileu.de\/oddballs\/wp-content\/uploads\/2016\/12\/freeform-material-1024x768.jpg 1024w, https:\/\/evileu.de\/oddballs\/wp-content\/uploads\/2016\/12\/freeform-material-24x18.jpg 24w, https:\/\/evileu.de\/oddballs\/wp-content\/uploads\/2016\/12\/freeform-material-36x27.jpg 36w, https:\/\/evileu.de\/oddballs\/wp-content\/uploads\/2016\/12\/freeform-material-48x36.jpg 48w\" sizes=\"(max-width: 1600px) 100vw, 1600px\" \/><\/a><figcaption id=\"caption-attachment-409\" class=\"wp-caption-text\">freeform-material<\/figcaption><\/figure>\n<p>Und hier noch ein fertiger Schal:<\/p>\n<figure id=\"attachment_410\" aria-describedby=\"caption-attachment-410\" style=\"width: 1200px\" class=\"wp-caption aligncenter\"><a href=\"http:\/\/evileu.de\/oddballs\/wp-content\/uploads\/2016\/12\/freeform-schal-1.jpg\"><img decoding=\"async\" loading=\"lazy\" class=\"size-full wp-image-410\" src=\"http:\/\/evileu.de\/oddballs\/wp-content\/uploads\/2016\/12\/freeform-schal-1.jpg\" alt=\"freeform-schal-1\" width=\"1200\" height=\"1600\" srcset=\"https:\/\/evileu.de\/oddballs\/wp-content\/uploads\/2016\/12\/freeform-schal-1.jpg 1200w, https:\/\/evileu.de\/oddballs\/wp-content\/uploads\/2016\/12\/freeform-schal-1-225x300.jpg 225w, https:\/\/evileu.de\/oddballs\/wp-content\/uploads\/2016\/12\/freeform-schal-1-768x1024.jpg 768w, https:\/\/evileu.de\/oddballs\/wp-content\/uploads\/2016\/12\/freeform-schal-1-18x24.jpg 18w, https:\/\/evileu.de\/oddballs\/wp-content\/uploads\/2016\/12\/freeform-schal-1-27x36.jpg 27w, https:\/\/evileu.de\/oddballs\/wp-content\/uploads\/2016\/12\/freeform-schal-1-36x48.jpg 36w\" sizes=\"(max-width: 1200px) 100vw, 1200px\" \/><\/a><figcaption id=\"caption-attachment-410\" class=\"wp-caption-text\">freeform-schal-1<\/figcaption><\/figure>\n<p>Und hier noch ein Schal mit Detailfotos:<\/p>\n<div id='gallery-2' class='gallery galleryid-398 gallery-columns-3 gallery-size-thumbnail'><figure class='gallery-item'>\n\t\t\t<div class='gallery-icon portrait'>\n\t\t\t\t<a href='https:\/\/evileu.de\/oddballs\/besondere-handarbeitstechniken\/freeform-das-knifflige-puzzlespiel\/lila-gruen-angezogen\/'><img width=\"150\" height=\"150\" src=\"https:\/\/evileu.de\/oddballs\/wp-content\/uploads\/2016\/12\/lila-gruen-angezogen-150x150.jpg\" class=\"attachment-thumbnail size-thumbnail\" alt=\"\" decoding=\"async\" loading=\"lazy\" aria-describedby=\"gallery-2-412\" \/><\/a>\n\t\t\t<\/div>\n\t\t\t\t<figcaption class='wp-caption-text gallery-caption' id='gallery-2-412'>\n\t\t\t\tlila-gruen-angezogen\n\t\t\t\t<\/figcaption><\/figure><figure class='gallery-item'>\n\t\t\t<div class='gallery-icon portrait'>\n\t\t\t\t<a href='https:\/\/evileu.de\/oddballs\/besondere-handarbeitstechniken\/freeform-das-knifflige-puzzlespiel\/lila-gruen-ende\/'><img width=\"150\" height=\"150\" src=\"https:\/\/evileu.de\/oddballs\/wp-content\/uploads\/2016\/12\/lila-gruen-ende-150x150.jpg\" class=\"attachment-thumbnail size-thumbnail\" alt=\"\" decoding=\"async\" loading=\"lazy\" aria-describedby=\"gallery-2-413\" \/><\/a>\n\t\t\t<\/div>\n\t\t\t\t<figcaption class='wp-caption-text gallery-caption' id='gallery-2-413'>\n\t\t\t\tlila-gruen-ende\n\t\t\t\t<\/figcaption><\/figure><figure class='gallery-item'>\n\t\t\t<div class='gallery-icon portrait'>\n\t\t\t\t<a href='https:\/\/evileu.de\/oddballs\/besondere-handarbeitstechniken\/freeform-das-knifflige-puzzlespiel\/lila-gruen-mitte\/'><img width=\"150\" height=\"150\" src=\"https:\/\/evileu.de\/oddballs\/wp-content\/uploads\/2016\/12\/lila-gruen-mitte-150x150.jpg\" class=\"attachment-thumbnail size-thumbnail\" alt=\"\" decoding=\"async\" loading=\"lazy\" aria-describedby=\"gallery-2-414\" \/><\/a>\n\t\t\t<\/div>\n\t\t\t\t<figcaption class='wp-caption-text gallery-caption' id='gallery-2-414'>\n\t\t\t\tlila-gruen-mitte\n\t\t\t\t<\/figcaption><\/figure>\n\t\t<\/div>\n\n<p>Freeform ist eine Herausforderung an Handarbeiterinnen, die das Knifflige und Besondere lieben. Man kann ja mal klein anfangen, mit einer Tasche oder einem Kissen zum Beispiel, ehe man sich an gr\u00f6ssere Projekte wagt. Wichtig ist, da\u00df man die Puzzleteile so geschickt aneinanderf\u00fcgt, da\u00df sie gerade liegen und sich nicht w\u00f6lben oder werfen. Da hilft nur: ausprobierenen und \u00fcben!<\/p>\n<p>F\u00fcr den Anfang tut man sich leichter, wenn man nur Garne einer \u00e4hnlichen St\u00e4rke verwendet, dann braucht man auch nicht so viele verschiedene Strick- und H\u00e4kelnadeln. Wie man jetzt vom Einzelteil zum Patch zum kompletten Projekt kommt, dar\u00fcber schreibe ich evtl. noch mal ein Tutorial, aber das wird eine aufw\u00e4ndigere Geschicht, daf\u00fcr mu\u00df ich erst mal Zeit haben. Bis dahin, schaut mal bei Prudence Mapstone vorbei und la\u00dft euch inspirieren! Freeform ist eine tolle Technik und ergibt spektakul\u00e4re, einzigartige Fibre-Art-Unikate.<\/p>\n<figure id=\"attachment_416\" aria-describedby=\"caption-attachment-416\" style=\"width: 1200px\" class=\"wp-caption aligncenter\"><a href=\"http:\/\/evileu.de\/oddballs\/wp-content\/uploads\/2016\/12\/strandgut-ausschnitt.jpg\"><img decoding=\"async\" loading=\"lazy\" class=\"size-full wp-image-416\" src=\"http:\/\/evileu.de\/oddballs\/wp-content\/uploads\/2016\/12\/strandgut-ausschnitt.jpg\" alt=\"strandgut-ausschnitt\" width=\"1200\" height=\"1600\" srcset=\"https:\/\/evileu.de\/oddballs\/wp-content\/uploads\/2016\/12\/strandgut-ausschnitt.jpg 1200w, https:\/\/evileu.de\/oddballs\/wp-content\/uploads\/2016\/12\/strandgut-ausschnitt-225x300.jpg 225w, https:\/\/evileu.de\/oddballs\/wp-content\/uploads\/2016\/12\/strandgut-ausschnitt-768x1024.jpg 768w, https:\/\/evileu.de\/oddballs\/wp-content\/uploads\/2016\/12\/strandgut-ausschnitt-18x24.jpg 18w, https:\/\/evileu.de\/oddballs\/wp-content\/uploads\/2016\/12\/strandgut-ausschnitt-27x36.jpg 27w, https:\/\/evileu.de\/oddballs\/wp-content\/uploads\/2016\/12\/strandgut-ausschnitt-36x48.jpg 36w\" sizes=\"(max-width: 1200px) 100vw, 1200px\" \/><\/a><figcaption id=\"caption-attachment-416\" class=\"wp-caption-text\">strandgut-ausschnitt<\/figcaption><\/figure>\n<p><a href=\"http:\/\/evileu.de\/oddballs\/wp-content\/uploads\/2016\/11\/trenner_oddballs-1.jpg\"><img decoding=\"async\" loading=\"lazy\" class=\"aligncenter size-full wp-image-165\" src=\"http:\/\/evileu.de\/oddballs\/wp-content\/uploads\/2016\/11\/trenner_oddballs-1.jpg\" alt=\"trenner_oddballs\" width=\"800\" height=\"67\" srcset=\"https:\/\/evileu.de\/oddballs\/wp-content\/uploads\/2016\/11\/trenner_oddballs-1.jpg 800w, https:\/\/evileu.de\/oddballs\/wp-content\/uploads\/2016\/11\/trenner_oddballs-1-300x25.jpg 300w, https:\/\/evileu.de\/oddballs\/wp-content\/uploads\/2016\/11\/trenner_oddballs-1-768x64.jpg 768w, https:\/\/evileu.de\/oddballs\/wp-content\/uploads\/2016\/11\/trenner_oddballs-1-24x2.jpg 24w, https:\/\/evileu.de\/oddballs\/wp-content\/uploads\/2016\/11\/trenner_oddballs-1-36x3.jpg 36w, https:\/\/evileu.de\/oddballs\/wp-content\/uploads\/2016\/11\/trenner_oddballs-1-48x4.jpg 48w\" sizes=\"(max-width: 800px) 100vw, 800px\" \/><\/a><\/p>\n","protected":false},"excerpt":{"rendered":"<p>Freeform, oft auch &#8222;Freeform H\u00e4keln&#8220; genannt, ist eine besondere Form der Patchworktechnik und wird aus unregelm\u00e4\u00dfigen gestrickten und geh\u00e4kelten Elementen zusammengesetzt. Das Titelbild dieser Seite ist \u00fcbrigens ein Detail eines\u00a0 Freeform-Projekts, dieser Weste hier n\u00e4mlich: Freeform sieht toll aus,\u00a0 die meisten Freeform-Arbeiten sind richtige Kunstwerke, es ist aber auch eine Heidenarbeit und ein echtes Geduldsspiel &hellip; <a href=\"https:\/\/evileu.de\/oddballs\/besondere-handarbeitstechniken\/freeform-das-knifflige-puzzlespiel\/\" class=\"more-link\"><span class=\"screen-reader-text\">Freeform: das knifflige Puzzlespiel<\/span> weiterlesen <span class=\"meta-nav\">&rarr;<\/span><\/a><\/p>\n","protected":false},"author":1,"featured_media":0,"parent":393,"menu_order":0,"comment_status":"closed","ping_status":"closed","template":"","meta":[],"_links":{"self":[{"href":"https:\/\/evileu.de\/oddballs\/wp-json\/wp\/v2\/pages\/398"}],"collection":[{"href":"https:\/\/evileu.de\/oddballs\/wp-json\/wp\/v2\/pages"}],"about":[{"href":"https:\/\/evileu.de\/oddballs\/wp-json\/wp\/v2\/types\/page"}],"author":[{"embeddable":true,"href":"https:\/\/evileu.de\/oddballs\/wp-json\/wp\/v2\/users\/1"}],"replies":[{"embeddable":true,"href":"https:\/\/evileu.de\/oddballs\/wp-json\/wp\/v2\/comments?post=398"}],"version-history":[{"count":6,"href":"https:\/\/evileu.de\/oddballs\/wp-json\/wp\/v2\/pages\/398\/revisions"}],"predecessor-version":[{"id":417,"href":"https:\/\/evileu.de\/oddballs\/wp-json\/wp\/v2\/pages\/398\/revisions\/417"}],"up":[{"embeddable":true,"href":"https:\/\/evileu.de\/oddballs\/wp-json\/wp\/v2\/pages\/393"}],"wp:attachment":[{"href":"https:\/\/evileu.de\/oddballs\/wp-json\/wp\/v2\/media?parent=398"}],"curies":[{"name":"wp","href":"https:\/\/api.w.org\/{rel}","templated":true}]}}