{"id":375,"date":"2016-12-04T17:48:38","date_gmt":"2016-12-04T16:48:38","guid":{"rendered":"http:\/\/evileu.de\/oddballs\/?page_id=375"},"modified":"2022-01-31T10:47:59","modified_gmt":"2022-01-31T09:47:59","slug":"jacken","status":"publish","type":"page","link":"https:\/\/evileu.de\/oddballs\/galerie\/jacken\/","title":{"rendered":"Jacken"},"content":{"rendered":"<p>F\u00fcr Jacken gilt eigentlich das selbe, was ich schon f\u00fcr Pullover gesagt habe: aus dicker Schurwolle gestrickt sind sie mir eigentlich f\u00fcr drinnen zu warm, ich hab sie selten an, obwohl ich da schon ein paar besonders sch\u00f6ne Exemplare habe.<\/p>\n<h2>Ma\u00dfwerk<\/h2>\n<p>Den Anfang macht hier mal ein nach Horst Schulz Patchwork-gestricktes Teil, das ich &#8222;Ma\u00dfwerk&#8220; genannt habe, weil mich die Linienf\u00fchrung an gotische Architektur erinnert. Die Jacke ist aus dicker Wolle mit 6er Nadeln gestrickt und sehr dicht und schwer, die ist nur was f\u00fcr richtig kalte Tage.<\/p>\n<figure id=\"attachment_376\" aria-describedby=\"caption-attachment-376\" style=\"width: 400px\" class=\"wp-caption aligncenter\"><a href=\"http:\/\/evileu.de\/oddballs\/wp-content\/uploads\/2016\/12\/masswerk.jpg\"><img decoding=\"async\" loading=\"lazy\" class=\"size-full wp-image-376\" src=\"http:\/\/evileu.de\/oddballs\/wp-content\/uploads\/2016\/12\/masswerk.jpg\" alt=\"masswerk\" width=\"400\" height=\"372\" srcset=\"https:\/\/evileu.de\/oddballs\/wp-content\/uploads\/2016\/12\/masswerk.jpg 400w, https:\/\/evileu.de\/oddballs\/wp-content\/uploads\/2016\/12\/masswerk-300x279.jpg 300w, https:\/\/evileu.de\/oddballs\/wp-content\/uploads\/2016\/12\/masswerk-24x22.jpg 24w, https:\/\/evileu.de\/oddballs\/wp-content\/uploads\/2016\/12\/masswerk-36x33.jpg 36w, https:\/\/evileu.de\/oddballs\/wp-content\/uploads\/2016\/12\/masswerk-48x45.jpg 48w\" sizes=\"(max-width: 400px) 100vw, 400px\" \/><\/a><figcaption id=\"caption-attachment-376\" class=\"wp-caption-text\">masswerk<\/figcaption><\/figure>\n<h2>Buchenlaub<\/h2>\n<p>Auch das n\u00e4chste St\u00fcck ist ein &#8222;Schulz&#8220; in einem relativ simplen Streifenmuster, hier mag ich die leuchtenden Farben besonders gern, die hab ich von buntem Herbstlaub abgekupfert:<\/p>\n<figure id=\"attachment_377\" aria-describedby=\"caption-attachment-377\" style=\"width: 300px\" class=\"wp-caption aligncenter\"><a href=\"http:\/\/evileu.de\/oddballs\/wp-content\/uploads\/2016\/12\/buchenlaub.jpg\"><img decoding=\"async\" loading=\"lazy\" class=\"size-full wp-image-377\" src=\"http:\/\/evileu.de\/oddballs\/wp-content\/uploads\/2016\/12\/buchenlaub.jpg\" alt=\"buchenlaub\" width=\"300\" height=\"400\" srcset=\"https:\/\/evileu.de\/oddballs\/wp-content\/uploads\/2016\/12\/buchenlaub.jpg 300w, https:\/\/evileu.de\/oddballs\/wp-content\/uploads\/2016\/12\/buchenlaub-225x300.jpg 225w, https:\/\/evileu.de\/oddballs\/wp-content\/uploads\/2016\/12\/buchenlaub-18x24.jpg 18w, https:\/\/evileu.de\/oddballs\/wp-content\/uploads\/2016\/12\/buchenlaub-27x36.jpg 27w, https:\/\/evileu.de\/oddballs\/wp-content\/uploads\/2016\/12\/buchenlaub-36x48.jpg 36w\" sizes=\"(max-width: 300px) 100vw, 300px\" \/><\/a><figcaption id=\"caption-attachment-377\" class=\"wp-caption-text\">buchenlaub<\/figcaption><\/figure>\n<h2>Nordlicht<\/h2>\n<p>Jetzt kommt ein besonders farbenpr\u00e4chtiges Teil, das habe ich nach der <a href=\"http:\/\/evileu.de\/oddballs\/besondere-handarbeitstechniken\/norwegerjacke-aufgeschnitten-fuer-mutige\/\">Methode RVO (Raglan-von-oben)<\/a>\u00a0 in einem St\u00fcck gestrickt und dann aufgeschnitten. Ich stricke n\u00e4mlich Jaquardmuster nicht gern von links, immer nur rechtsrum wie beim RVO finde ich viel einfacher. Man mu\u00df sich halt dann trauen und das fertige Teil vorne in der Mitte aufschneiden, aber dazu gibts <a href=\"http:\/\/evileu.de\/oddballs\/besondere-handarbeitstechniken\/norwegerjacke-aufgeschnitten-fuer-mutige\/\">hier eine Anleitung<\/a>. Das ist n\u00e4mlich eigentlich gar nicht weiter schwer, man n\u00e4ht die Kanten einfach mit der N\u00e4hmaschine im Zickzackstich ab und schneidet dann beherzt durch. Keine Bange, da l\u00f6st sich schon nichts auf! Die Kanten werden dann noch umgen\u00e4ht und flach angeheftet, das h\u00e4lt bombenfest.<\/p>\n<div id='gallery-1' class='gallery galleryid-375 gallery-columns-3 gallery-size-thumbnail'><figure class='gallery-item'>\n\t\t\t<div class='gallery-icon portrait'>\n\t\t\t\t<a href='https:\/\/evileu.de\/oddballs\/galerie\/jacken\/nordlicht_ruecken\/'><img width=\"150\" height=\"150\" src=\"https:\/\/evileu.de\/oddballs\/wp-content\/uploads\/2016\/12\/nordlicht_ruecken-150x150.jpg\" class=\"attachment-thumbnail size-thumbnail\" alt=\"nordlicht_ruecken\" decoding=\"async\" loading=\"lazy\" aria-describedby=\"gallery-1-378\" \/><\/a>\n\t\t\t<\/div>\n\t\t\t\t<figcaption class='wp-caption-text gallery-caption' id='gallery-1-378'>\n\t\t\t\tnordlicht_ruecken\n\t\t\t\t<\/figcaption><\/figure><figure class='gallery-item'>\n\t\t\t<div class='gallery-icon portrait'>\n\t\t\t\t<a href='https:\/\/evileu.de\/oddballs\/galerie\/jacken\/nordlicht_vorne\/'><img width=\"150\" height=\"150\" src=\"https:\/\/evileu.de\/oddballs\/wp-content\/uploads\/2016\/12\/nordlicht_vorne-150x150.jpg\" class=\"attachment-thumbnail size-thumbnail\" alt=\"\" decoding=\"async\" loading=\"lazy\" \/><\/a>\n\t\t\t<\/div><\/figure>\n\t\t<\/div>\n\n<h2>Ziegelmuster<\/h2>\n<p>Noch ein echter Schulz, die hab ich direkt nach der Anleitung in seinem Buch gestrickt, das bekannte &#8222;Ziegelmuster&#8220;:<\/p>\n<figure id=\"attachment_380\" aria-describedby=\"caption-attachment-380\" style=\"width: 400px\" class=\"wp-caption aligncenter\"><a href=\"http:\/\/evileu.de\/oddballs\/wp-content\/uploads\/2016\/12\/ziegel.jpg\"><img decoding=\"async\" loading=\"lazy\" class=\"wp-image-380 size-full\" src=\"http:\/\/evileu.de\/oddballs\/wp-content\/uploads\/2016\/12\/ziegel.jpg\" alt=\"ziegelmuster\" width=\"400\" height=\"454\" srcset=\"https:\/\/evileu.de\/oddballs\/wp-content\/uploads\/2016\/12\/ziegel.jpg 400w, https:\/\/evileu.de\/oddballs\/wp-content\/uploads\/2016\/12\/ziegel-264x300.jpg 264w, https:\/\/evileu.de\/oddballs\/wp-content\/uploads\/2016\/12\/ziegel-21x24.jpg 21w, https:\/\/evileu.de\/oddballs\/wp-content\/uploads\/2016\/12\/ziegel-32x36.jpg 32w, https:\/\/evileu.de\/oddballs\/wp-content\/uploads\/2016\/12\/ziegel-42x48.jpg 42w\" sizes=\"(max-width: 400px) 100vw, 400px\" \/><\/a><figcaption id=\"caption-attachment-380\" class=\"wp-caption-text\">ziegel<\/figcaption><\/figure>\n<h2>Trip around the world<\/h2>\n<p>Als n\u00e4chstes ein echtes Lieblingsst\u00fcck in Streifentechnik, das Muster hab ich bei den traditionellen Stoff-Patchwork-Sachen abgeschaut, das ist ein &#8222;Trip around the World&#8220;, hier mal die R\u00fcckenansicht:<\/p>\n<figure id=\"attachment_381\" aria-describedby=\"caption-attachment-381\" style=\"width: 300px\" class=\"wp-caption aligncenter\"><a href=\"http:\/\/evileu.de\/oddballs\/wp-content\/uploads\/2016\/12\/tripatwruecken.jpg\"><img decoding=\"async\" loading=\"lazy\" class=\"wp-image-381 size-full\" src=\"http:\/\/evileu.de\/oddballs\/wp-content\/uploads\/2016\/12\/tripatwruecken.jpg\" alt=\"trip around the world ruecken\" width=\"300\" height=\"400\" srcset=\"https:\/\/evileu.de\/oddballs\/wp-content\/uploads\/2016\/12\/tripatwruecken.jpg 300w, https:\/\/evileu.de\/oddballs\/wp-content\/uploads\/2016\/12\/tripatwruecken-225x300.jpg 225w, https:\/\/evileu.de\/oddballs\/wp-content\/uploads\/2016\/12\/tripatwruecken-18x24.jpg 18w, https:\/\/evileu.de\/oddballs\/wp-content\/uploads\/2016\/12\/tripatwruecken-27x36.jpg 27w, https:\/\/evileu.de\/oddballs\/wp-content\/uploads\/2016\/12\/tripatwruecken-36x48.jpg 36w\" sizes=\"(max-width: 300px) 100vw, 300px\" \/><\/a><figcaption id=\"caption-attachment-381\" class=\"wp-caption-text\">trip around the world ruecken<\/figcaption><\/figure>\n<p>Hier habe ich die Blenden besonders sorgf\u00e4ltig gearbeitet, das sieht echt klasse aus (Eigenlob ;), war aber nicht schwer, weil man bei dem kraus Gestrickten einfach aus den Randmaschen je 1 Mache f\u00fcr die Blende herausstrickt :<\/p>\n<figure id=\"attachment_383\" aria-describedby=\"caption-attachment-383\" style=\"width: 400px\" class=\"wp-caption aligncenter\"><a href=\"http:\/\/evileu.de\/oddballs\/wp-content\/uploads\/2016\/12\/tripatwdetail.jpg\"><img decoding=\"async\" loading=\"lazy\" class=\"wp-image-383 size-full\" src=\"http:\/\/evileu.de\/oddballs\/wp-content\/uploads\/2016\/12\/tripatwdetail.jpg\" alt=\"trip around the world detail\" width=\"400\" height=\"533\" srcset=\"https:\/\/evileu.de\/oddballs\/wp-content\/uploads\/2016\/12\/tripatwdetail.jpg 400w, https:\/\/evileu.de\/oddballs\/wp-content\/uploads\/2016\/12\/tripatwdetail-225x300.jpg 225w, https:\/\/evileu.de\/oddballs\/wp-content\/uploads\/2016\/12\/tripatwdetail-18x24.jpg 18w, https:\/\/evileu.de\/oddballs\/wp-content\/uploads\/2016\/12\/tripatwdetail-27x36.jpg 27w, https:\/\/evileu.de\/oddballs\/wp-content\/uploads\/2016\/12\/tripatwdetail-36x48.jpg 36w\" sizes=\"(max-width: 400px) 100vw, 400px\" \/><\/a><figcaption id=\"caption-attachment-383\" class=\"wp-caption-text\">trip around the world detail<\/figcaption><\/figure>\n<h2>Kupferb\u00e4ndchen<\/h2>\n<p>Jetzt kommt ganz was anderes: ein Sommerj\u00e4ckchen\u00a0 aus einem besonders h\u00fcbschen kupferfarbenen Baumwoll-B\u00e4ndchengarn. Das hab ich in der warmen Jahreszeit andauernd an, das Material ist sch\u00f6n luftig, das geht auch an warmen Tagen:<\/p>\n<figure id=\"attachment_387\" aria-describedby=\"caption-attachment-387\" style=\"width: 400px\" class=\"wp-caption aligncenter\"><a href=\"http:\/\/evileu.de\/oddballs\/wp-content\/uploads\/2016\/12\/kupferbaendchen.jpg\"><img decoding=\"async\" loading=\"lazy\" class=\"wp-image-387 size-full\" src=\"http:\/\/evileu.de\/oddballs\/wp-content\/uploads\/2016\/12\/kupferbaendchen.jpg\" alt=\"kupferbaendchen\" width=\"400\" height=\"336\" srcset=\"https:\/\/evileu.de\/oddballs\/wp-content\/uploads\/2016\/12\/kupferbaendchen.jpg 400w, https:\/\/evileu.de\/oddballs\/wp-content\/uploads\/2016\/12\/kupferbaendchen-300x252.jpg 300w, https:\/\/evileu.de\/oddballs\/wp-content\/uploads\/2016\/12\/kupferbaendchen-24x20.jpg 24w, https:\/\/evileu.de\/oddballs\/wp-content\/uploads\/2016\/12\/kupferbaendchen-36x30.jpg 36w, https:\/\/evileu.de\/oddballs\/wp-content\/uploads\/2016\/12\/kupferbaendchen-48x40.jpg 48w\" sizes=\"(max-width: 400px) 100vw, 400px\" \/><\/a><figcaption id=\"caption-attachment-387\" class=\"wp-caption-text\">kupferbaendchen<\/figcaption><\/figure>\n<p>Die Konstruktion ist ein bi\u00dfchen tricky, ich habe erst die Ajourstreifen f\u00fcr die \u00c4rmel-Oberseiten gestrickt, dann die Unterseiten der \u00c4rmel und\u00a0 Vorder- Und R\u00fcckenteil kraus rechts am St\u00fcck drangestrickt. War ein bi\u00dfchen ein Gefiesel, aber das Jackerl hat letztendlich eine super Pa\u00dfform gekriegt \ud83d\ude42<\/p>\n<h2>Ajour in Baumwolle<\/h2>\n<p>Hier kommt noch mein Lieblings-Sommerj\u00e4ckchen, das trage ich in der hei\u00dfen Jahreszeit fast t\u00e4glich. Es ist aus mercerisierter Baumwolle in verschiedenen Loch- und Netzmustern gestrickt, ist ganz leicht und luftig und man kann es in der Maschine waschen, das Garn (hab ich im Sonderangebot erstanden) ist eine ganz tolle, sehr strapazierf\u00e4hige Qualit\u00e4t. Irgendwann mach ich&#8217;s auch noch perfekt und n\u00e4he Kn\u00f6pfe dran&#8230;<\/p>\n<figure id=\"attachment_389\" aria-describedby=\"caption-attachment-389\" style=\"width: 1200px\" class=\"wp-caption aligncenter\"><a href=\"http:\/\/evileu.de\/oddballs\/wp-content\/uploads\/2016\/12\/ajourbw-vorne.jpg\"><img decoding=\"async\" loading=\"lazy\" class=\"wp-image-389 size-full\" src=\"http:\/\/evileu.de\/oddballs\/wp-content\/uploads\/2016\/12\/ajourbw-vorne.jpg\" alt=\"ajour baumwolle\" width=\"1200\" height=\"1600\" srcset=\"https:\/\/evileu.de\/oddballs\/wp-content\/uploads\/2016\/12\/ajourbw-vorne.jpg 1200w, https:\/\/evileu.de\/oddballs\/wp-content\/uploads\/2016\/12\/ajourbw-vorne-225x300.jpg 225w, https:\/\/evileu.de\/oddballs\/wp-content\/uploads\/2016\/12\/ajourbw-vorne-768x1024.jpg 768w, https:\/\/evileu.de\/oddballs\/wp-content\/uploads\/2016\/12\/ajourbw-vorne-18x24.jpg 18w, https:\/\/evileu.de\/oddballs\/wp-content\/uploads\/2016\/12\/ajourbw-vorne-27x36.jpg 27w, https:\/\/evileu.de\/oddballs\/wp-content\/uploads\/2016\/12\/ajourbw-vorne-36x48.jpg 36w\" sizes=\"(max-width: 1200px) 100vw, 1200px\" \/><\/a><figcaption id=\"caption-attachment-389\" class=\"wp-caption-text\">ajour baumwolle<\/figcaption><\/figure>\n<figure id=\"attachment_390\" aria-describedby=\"caption-attachment-390\" style=\"width: 1200px\" class=\"wp-caption aligncenter\"><a href=\"http:\/\/evileu.de\/oddballs\/wp-content\/uploads\/2016\/12\/ajourbw-ruecken.jpg\"><img decoding=\"async\" loading=\"lazy\" class=\"wp-image-390 size-full\" src=\"http:\/\/evileu.de\/oddballs\/wp-content\/uploads\/2016\/12\/ajourbw-ruecken.jpg\" alt=\"ajour baumwolle ruecken\" width=\"1200\" height=\"1600\" srcset=\"https:\/\/evileu.de\/oddballs\/wp-content\/uploads\/2016\/12\/ajourbw-ruecken.jpg 1200w, https:\/\/evileu.de\/oddballs\/wp-content\/uploads\/2016\/12\/ajourbw-ruecken-225x300.jpg 225w, https:\/\/evileu.de\/oddballs\/wp-content\/uploads\/2016\/12\/ajourbw-ruecken-768x1024.jpg 768w, https:\/\/evileu.de\/oddballs\/wp-content\/uploads\/2016\/12\/ajourbw-ruecken-18x24.jpg 18w, https:\/\/evileu.de\/oddballs\/wp-content\/uploads\/2016\/12\/ajourbw-ruecken-27x36.jpg 27w, https:\/\/evileu.de\/oddballs\/wp-content\/uploads\/2016\/12\/ajourbw-ruecken-36x48.jpg 36w\" sizes=\"(max-width: 1200px) 100vw, 1200px\" \/><\/a><figcaption id=\"caption-attachment-390\" class=\"wp-caption-text\">ajour-ruecken<\/figcaption><\/figure>\n","protected":false},"excerpt":{"rendered":"<p>F\u00fcr Jacken gilt eigentlich das selbe, was ich schon f\u00fcr Pullover gesagt habe: aus dicker Schurwolle gestrickt sind sie mir eigentlich f\u00fcr drinnen zu warm, ich hab sie selten an, obwohl ich da schon ein paar besonders sch\u00f6ne Exemplare habe. Ma\u00dfwerk Den Anfang macht hier mal ein nach Horst Schulz Patchwork-gestricktes Teil, das ich &#8222;Ma\u00dfwerk&#8220; &hellip; <a href=\"https:\/\/evileu.de\/oddballs\/galerie\/jacken\/\" class=\"more-link\"><span class=\"screen-reader-text\">Jacken<\/span> weiterlesen <span class=\"meta-nav\">&rarr;<\/span><\/a><\/p>\n","protected":false},"author":1,"featured_media":0,"parent":278,"menu_order":4,"comment_status":"open","ping_status":"closed","template":"","meta":[],"_links":{"self":[{"href":"https:\/\/evileu.de\/oddballs\/wp-json\/wp\/v2\/pages\/375"}],"collection":[{"href":"https:\/\/evileu.de\/oddballs\/wp-json\/wp\/v2\/pages"}],"about":[{"href":"https:\/\/evileu.de\/oddballs\/wp-json\/wp\/v2\/types\/page"}],"author":[{"embeddable":true,"href":"https:\/\/evileu.de\/oddballs\/wp-json\/wp\/v2\/users\/1"}],"replies":[{"embeddable":true,"href":"https:\/\/evileu.de\/oddballs\/wp-json\/wp\/v2\/comments?post=375"}],"version-history":[{"count":7,"href":"https:\/\/evileu.de\/oddballs\/wp-json\/wp\/v2\/pages\/375\/revisions"}],"predecessor-version":[{"id":696,"href":"https:\/\/evileu.de\/oddballs\/wp-json\/wp\/v2\/pages\/375\/revisions\/696"}],"up":[{"embeddable":true,"href":"https:\/\/evileu.de\/oddballs\/wp-json\/wp\/v2\/pages\/278"}],"wp:attachment":[{"href":"https:\/\/evileu.de\/oddballs\/wp-json\/wp\/v2\/media?parent=375"}],"curies":[{"name":"wp","href":"https:\/\/api.w.org\/{rel}","templated":true}]}}