{"id":359,"date":"2016-12-02T10:44:21","date_gmt":"2016-12-02T09:44:21","guid":{"rendered":"http:\/\/evileu.de\/oddballs\/?page_id=359"},"modified":"2018-11-23T07:02:14","modified_gmt":"2018-11-23T06:02:14","slug":"pullover","status":"publish","type":"page","link":"https:\/\/evileu.de\/oddballs\/galerie\/pullover\/","title":{"rendered":"Pullover"},"content":{"rendered":"<h2>Pullover: sch\u00f6n, aber so warm!<\/h2>\n<p>Pullover trage ich eher selten, sind sind mir f\u00fcr drinnen zu warm, und die \u00c4rmel sind mir immer im Weg. Ich habe aber ein paar Lieblingsst\u00fccke, die ich nach draussen anziehe wenn es richtig kalt ist, f\u00fcr Winterspazierg\u00e4nge oder auf den Weihnachtsmarkt. Ich bevorzuge Ragllanpullover, da sitzen die \u00c4rmel so gut, es schoppt sich nicht so unter den Achseln. Es gibt daf\u00fcr die geniale Methode RVO=&#8220;Raglan von oben&#8220;, hier habe ich daf\u00fcr <a href=\"http:\/\/evileu.de\/oddballs\/besondere-handarbeitstechniken\/raglan-von-oben-rvo\/\">eine Anleitung<\/a> eingestellt. Aber hier kommen erstmal meine Lieblingspullover.<\/p>\n<h2>Fleur de Lys<\/h2>\n<p>Dieser hier ist mein allerliebster Begleiter f\u00fcr richtig kalte Wintertage, er ist aus fast reiner Natur-Schafwolle mit 6er Nadeln sch\u00f6n mollig gestrickt. Das Rankenmuster war zwar etwas aufw\u00e4ndig zum abz\u00e4hlen, aber ich finde es auch ganz besonders sch\u00f6n. Der Schnitt ist ein klassischer Raglan am St\u00fcck, der sitzt hervorragend und man kriegt auch noch eine Jacke oder einen Mantel dr\u00fcber.<\/p>\n<figure id=\"attachment_360\" aria-describedby=\"caption-attachment-360\" style=\"width: 400px\" class=\"wp-caption aligncenter\"><a href=\"http:\/\/evileu.de\/oddballs\/wp-content\/uploads\/2016\/12\/fleurdelys.jpg\"><img decoding=\"async\" loading=\"lazy\" class=\"wp-image-360 size-full\" src=\"http:\/\/evileu.de\/oddballs\/wp-content\/uploads\/2016\/12\/fleurdelys.jpg\" alt=\"fleur de lys\" width=\"400\" height=\"515\" srcset=\"https:\/\/evileu.de\/oddballs\/wp-content\/uploads\/2016\/12\/fleurdelys.jpg 400w, https:\/\/evileu.de\/oddballs\/wp-content\/uploads\/2016\/12\/fleurdelys-233x300.jpg 233w, https:\/\/evileu.de\/oddballs\/wp-content\/uploads\/2016\/12\/fleurdelys-19x24.jpg 19w, https:\/\/evileu.de\/oddballs\/wp-content\/uploads\/2016\/12\/fleurdelys-28x36.jpg 28w, https:\/\/evileu.de\/oddballs\/wp-content\/uploads\/2016\/12\/fleurdelys-37x48.jpg 37w\" sizes=\"(max-width: 400px) 100vw, 400px\" \/><\/a><figcaption id=\"caption-attachment-360\" class=\"wp-caption-text\">fleur de lys<\/figcaption><\/figure>\n<h2>Raglan von oben goldbunt<\/h2>\n<p>Der n\u00e4chste Pulli ist ein RVO (=Raglan von oben), und da hab ich mich mit den Jaquardmustern mal so richtig ausgetobt. Durch die zweif\u00e4dige Verarbeitung ist der Pullover sehr dicht und warm, und damit auch nur was f\u00fcr richtig kalte Tage und Draussen.<\/p>\n<figure id=\"attachment_361\" aria-describedby=\"caption-attachment-361\" style=\"width: 400px\" class=\"wp-caption aligncenter\"><a href=\"http:\/\/evileu.de\/oddballs\/wp-content\/uploads\/2016\/12\/goldbunt.jpg\"><img decoding=\"async\" loading=\"lazy\" class=\"size-full wp-image-361\" src=\"http:\/\/evileu.de\/oddballs\/wp-content\/uploads\/2016\/12\/goldbunt.jpg\" alt=\"goldbunt\" width=\"400\" height=\"353\" srcset=\"https:\/\/evileu.de\/oddballs\/wp-content\/uploads\/2016\/12\/goldbunt.jpg 400w, https:\/\/evileu.de\/oddballs\/wp-content\/uploads\/2016\/12\/goldbunt-300x265.jpg 300w, https:\/\/evileu.de\/oddballs\/wp-content\/uploads\/2016\/12\/goldbunt-24x21.jpg 24w, https:\/\/evileu.de\/oddballs\/wp-content\/uploads\/2016\/12\/goldbunt-36x32.jpg 36w, https:\/\/evileu.de\/oddballs\/wp-content\/uploads\/2016\/12\/goldbunt-48x42.jpg 48w\" sizes=\"(max-width: 400px) 100vw, 400px\" \/><\/a><figcaption id=\"caption-attachment-361\" class=\"wp-caption-text\">goldbunt<\/figcaption><\/figure>\n<h2>Labyrinth<\/h2>\n<p>Jetzt kommt ein ganz verzwicktes Teil, das ist frei nach Horst Schulz in Topflappentechnik gestrickt. Ich habe ein superweiches Alpakagarn in Cognact\u00f6nen zusammen mit blaugr\u00fcner Sockenwolle doppelt genommen verstrickt, das war wesentlich unkomplizierter zu machen als es aussieht. Das Alpaka dehnt sich allerdings f\u00fcrchterlich nach allen Seiten, der Pulli w\u00e4chst beim Tragen in alle Richtungen, deswegen hab ich ihn nicht oft an.<\/p>\n<figure id=\"attachment_362\" aria-describedby=\"caption-attachment-362\" style=\"width: 400px\" class=\"wp-caption aligncenter\"><a href=\"http:\/\/evileu.de\/oddballs\/wp-content\/uploads\/2016\/12\/labyrinth.jpg\"><img decoding=\"async\" loading=\"lazy\" class=\"size-full wp-image-362\" src=\"http:\/\/evileu.de\/oddballs\/wp-content\/uploads\/2016\/12\/labyrinth.jpg\" alt=\"labyrinth\" width=\"400\" height=\"463\" srcset=\"https:\/\/evileu.de\/oddballs\/wp-content\/uploads\/2016\/12\/labyrinth.jpg 400w, https:\/\/evileu.de\/oddballs\/wp-content\/uploads\/2016\/12\/labyrinth-259x300.jpg 259w, https:\/\/evileu.de\/oddballs\/wp-content\/uploads\/2016\/12\/labyrinth-21x24.jpg 21w, https:\/\/evileu.de\/oddballs\/wp-content\/uploads\/2016\/12\/labyrinth-31x36.jpg 31w, https:\/\/evileu.de\/oddballs\/wp-content\/uploads\/2016\/12\/labyrinth-41x48.jpg 41w\" sizes=\"(max-width: 400px) 100vw, 400px\" \/><\/a><figcaption id=\"caption-attachment-362\" class=\"wp-caption-text\">labyrinth<\/figcaption><\/figure>\n<h2>Ajour ohne Schnickschnack: Irischmoos<\/h2>\n<p>Manchmal mag ichs auch ganz ohne Schnickschnack. Dieser kuschlige Pulli aus Wollchenille ist gro\u00df und weit genug f\u00fcr mich, und die \u00c4rmel sind extralang, weil ich so lange Arme habe und zu kurze \u00c4rmel hasse. Sonst ist nicht viel dran. Ein einfaches Ajourmuster, \u00fcberschnittene Schultern, V-Ausschnitt und feddisch.<br \/>\nNa ja, vielleicht h\u00e4tten die \u00c4rmel auch eine Idee k\u00fcrzer sein k\u00f6nnen. Das schaff ich immer wieder, mir zu lange \u00c4rmel zu stricken. Aber ich schlag sie lieber auf, als mit zu kurzen \u00c4rmeln rumzulaufen!<br \/>\nDer kommt immer in den Urlaubskoffer, gegen die steife Brise am Strand!<\/p>\n<figure id=\"attachment_370\" aria-describedby=\"caption-attachment-370\" style=\"width: 1200px\" class=\"wp-caption alignnone\"><a href=\"http:\/\/evileu.de\/oddballs\/wp-content\/uploads\/2016\/12\/irischmoos-1.jpg\"><img decoding=\"async\" loading=\"lazy\" class=\"wp-image-370 size-full\" src=\"http:\/\/evileu.de\/oddballs\/wp-content\/uploads\/2016\/12\/irischmoos-1.jpg\" alt=\"irischmoos\" width=\"1200\" height=\"1600\" srcset=\"https:\/\/evileu.de\/oddballs\/wp-content\/uploads\/2016\/12\/irischmoos-1.jpg 1200w, https:\/\/evileu.de\/oddballs\/wp-content\/uploads\/2016\/12\/irischmoos-1-225x300.jpg 225w, https:\/\/evileu.de\/oddballs\/wp-content\/uploads\/2016\/12\/irischmoos-1-768x1024.jpg 768w, https:\/\/evileu.de\/oddballs\/wp-content\/uploads\/2016\/12\/irischmoos-1-18x24.jpg 18w, https:\/\/evileu.de\/oddballs\/wp-content\/uploads\/2016\/12\/irischmoos-1-27x36.jpg 27w, https:\/\/evileu.de\/oddballs\/wp-content\/uploads\/2016\/12\/irischmoos-1-36x48.jpg 36w\" sizes=\"(max-width: 1200px) 100vw, 1200px\" \/><\/a><figcaption id=\"caption-attachment-370\" class=\"wp-caption-text\">irischmoos<\/figcaption><\/figure>\n<h2>Sommerpullover Meerschaum<\/h2>\n<p>Was hab ich an den hingenadelt! Das Ajourmuster erforderte soviel Aufmerksamkeit, dass da nix war von wegen Schnellstricken. Den schleppte ich wirklich schon lange durch die Gegend. Aber, was lange w\u00e4hrt&#8230;<\/p>\n<p>Das Garn ist Softwool von Schachenmayr, ein leichtes superweiches Garn in witziger Filzoptik. Auf der Banderole war Nadelst\u00e4rke 6-7 angegeben, aber das wurde mir zu lappig und das Muster hat sich verzogen. Also hab ich den halben Pulli nochmal aufgerippelt und mit 5er Nadeln neu gestrickt. Die Form ist einfach gerade mit angestrickten \u00c4rmeln (ich hasse \u00c4rmel-Einn\u00e4hen) und einem simplen V-Ausschnitt. Der Pulli ist sch\u00f6n weit und volumin\u00f6s, der ideale Dr\u00fcberzieher zum Reinkuscheln.<br \/>\nDie Farbe kommt auf den Fotos leider nicht so sch\u00f6n raus wie sie wirklich ist, in echt ist es ein sch\u00f6nes Wollwei\u00df mit einem leichten Naturton. Pa\u00dft ideal zu meiner sonstigen Sommergarderobe, ich trage ganz viel dunkle Braun- und Gr\u00fcnt\u00f6ne und auch oft Schwarz, da pa\u00dft das Wollweiss wunderbar.<\/p>\n<figure id=\"attachment_372\" aria-describedby=\"caption-attachment-372\" style=\"width: 1200px\" class=\"wp-caption aligncenter\"><a href=\"http:\/\/evileu.de\/oddballs\/wp-content\/uploads\/2016\/12\/wollweiss.jpg\"><img decoding=\"async\" loading=\"lazy\" class=\"size-full wp-image-372\" src=\"http:\/\/evileu.de\/oddballs\/wp-content\/uploads\/2016\/12\/wollweiss.jpg\" alt=\"wollweiss\" width=\"1200\" height=\"1600\" srcset=\"https:\/\/evileu.de\/oddballs\/wp-content\/uploads\/2016\/12\/wollweiss.jpg 1200w, https:\/\/evileu.de\/oddballs\/wp-content\/uploads\/2016\/12\/wollweiss-225x300.jpg 225w, https:\/\/evileu.de\/oddballs\/wp-content\/uploads\/2016\/12\/wollweiss-768x1024.jpg 768w, https:\/\/evileu.de\/oddballs\/wp-content\/uploads\/2016\/12\/wollweiss-18x24.jpg 18w, https:\/\/evileu.de\/oddballs\/wp-content\/uploads\/2016\/12\/wollweiss-27x36.jpg 27w, https:\/\/evileu.de\/oddballs\/wp-content\/uploads\/2016\/12\/wollweiss-36x48.jpg 36w\" sizes=\"(max-width: 1200px) 100vw, 1200px\" \/><\/a><figcaption id=\"caption-attachment-372\" class=\"wp-caption-text\">wollweiss<\/figcaption><\/figure>\n<h2>Schlusswort<\/h2>\n<p>So, das war es eigentlich schon mit den Pullis, die ich auch anziehe. Ich k\u00f6nnt ja schummeln und noch welche mit dazutun, die ich nie anhabe, aber das finde ich unsportlich.<\/p>\n<p>Ich habe \u00fcbrigens aus mindestens 3 meiner zu warmen Winterpullis mit der <a href=\"http:\/\/evileu.de\/oddballs\/besondere-handarbeitstechniken\/norwegerjacke-aufgeschnitten-fuer-mutige\/\">Cut&amp;Sew-Technik<\/a> Jacken gemacht, die trage ich eher, weil man sie sich nicht \u00fcber den Kopf wursteln mu\u00df. Aber f\u00fcr Jacken gibt es jetzt dann gleich eine eigene Seite!<\/p>\n","protected":false},"excerpt":{"rendered":"<p>Pullover: sch\u00f6n, aber so warm! Pullover trage ich eher selten, sind sind mir f\u00fcr drinnen zu warm, und die \u00c4rmel sind mir immer im Weg. Ich habe aber ein paar Lieblingsst\u00fccke, die ich nach draussen anziehe wenn es richtig kalt ist, f\u00fcr Winterspazierg\u00e4nge oder auf den Weihnachtsmarkt. Ich bevorzuge Ragllanpullover, da sitzen die \u00c4rmel so &hellip; <a href=\"https:\/\/evileu.de\/oddballs\/galerie\/pullover\/\" class=\"more-link\"><span class=\"screen-reader-text\">Pullover<\/span> weiterlesen <span class=\"meta-nav\">&rarr;<\/span><\/a><\/p>\n","protected":false},"author":1,"featured_media":0,"parent":278,"menu_order":3,"comment_status":"open","ping_status":"closed","template":"","meta":[],"_links":{"self":[{"href":"https:\/\/evileu.de\/oddballs\/wp-json\/wp\/v2\/pages\/359"}],"collection":[{"href":"https:\/\/evileu.de\/oddballs\/wp-json\/wp\/v2\/pages"}],"about":[{"href":"https:\/\/evileu.de\/oddballs\/wp-json\/wp\/v2\/types\/page"}],"author":[{"embeddable":true,"href":"https:\/\/evileu.de\/oddballs\/wp-json\/wp\/v2\/users\/1"}],"replies":[{"embeddable":true,"href":"https:\/\/evileu.de\/oddballs\/wp-json\/wp\/v2\/comments?post=359"}],"version-history":[{"count":9,"href":"https:\/\/evileu.de\/oddballs\/wp-json\/wp\/v2\/pages\/359\/revisions"}],"predecessor-version":[{"id":695,"href":"https:\/\/evileu.de\/oddballs\/wp-json\/wp\/v2\/pages\/359\/revisions\/695"}],"up":[{"embeddable":true,"href":"https:\/\/evileu.de\/oddballs\/wp-json\/wp\/v2\/pages\/278"}],"wp:attachment":[{"href":"https:\/\/evileu.de\/oddballs\/wp-json\/wp\/v2\/media?parent=359"}],"curies":[{"name":"wp","href":"https:\/\/api.w.org\/{rel}","templated":true}]}}