{"id":314,"date":"2016-12-01T04:45:58","date_gmt":"2016-12-01T03:45:58","guid":{"rendered":"http:\/\/evileu.de\/oddballs\/?page_id=314"},"modified":"2017-09-01T05:45:26","modified_gmt":"2017-09-01T03:45:26","slug":"farben-und-harmonie","status":"publish","type":"page","link":"https:\/\/evileu.de\/oddballs\/farben-und-harmonie\/","title":{"rendered":"Farben und Harmonie"},"content":{"rendered":"<h2>Ich male &#8211; auch mit Wolle<\/h2>\n<p>Ich bin hauptberuflich Malerin, von daher kenne ich mich nat\u00fcrlich mit Farben besonders gut aus. Ich bin auch ein echter Fan der Farbenlehre nach <a href=\"https:\/\/de.wikipedia.org\/wiki\/Johannes_Itten\">Dr. Johannes Itten<\/a>, der Mann war einfach genial und hat unter anderem die <a href=\"https:\/\/de.wikipedia.org\/wiki\/Farbtypenlehre\">Farbtypenlehre nach Jahreszeiten<\/a> begr\u00fcndet, Ich zitiere mal Wiki:<\/p>\n<p>&#8222;Die <b>Farbtypenlehre<\/b> ist eine Theorie, die anhand von <a title=\"Hautfarbe\" href=\"https:\/\/de.wikipedia.org\/wiki\/Hautfarbe\">Hautton<\/a>, <a title=\"Augenfarbe\" href=\"https:\/\/de.wikipedia.org\/wiki\/Augenfarbe\">Augen-<\/a> und <a class=\"mw-redirect\" title=\"Haarfarbe (Pigment)\" href=\"https:\/\/de.wikipedia.org\/wiki\/Haarfarbe_%28Pigment%29\">Haarfarbe<\/a> eine Zuordnung bestimmter Farbtabellen f\u00fcr <a title=\"Kleidung\" href=\"https:\/\/de.wikipedia.org\/wiki\/Kleidung\">Kleidung<\/a> und <a class=\"mw-redirect\" title=\"Kosmetika\" href=\"https:\/\/de.wikipedia.org\/wiki\/Kosmetika\">Make-Up<\/a>, aber zunehmend auch <a title=\"Innenarchitektur\" href=\"https:\/\/de.wikipedia.org\/wiki\/Innenarchitektur\">Innenarchitektur<\/a> herstellt. Damit soll das Aussehen eines bestimmten Menschen \u00fcber seine Zuordnung zu einem Farbtyp mit seinem \u00c4u\u00dferen und Lebensumfeld harmonieren. Beruflich wird die Anwendung dieser erweiterten Farbsysteme <b>Farbberatung<\/b> genannt, ein Teil der <a title=\"Farb- und Stilberatung\" href=\"https:\/\/de.wikipedia.org\/wiki\/Farb-_und_Stilberatung\">Farb- und Stilberatung<\/a>.&#8220;<\/p>\n<figure id=\"attachment_319\" aria-describedby=\"caption-attachment-319\" style=\"width: 150px\" class=\"wp-caption aligncenter\"><a href=\"http:\/\/evileu.de\/oddballs\/wp-content\/uploads\/2016\/12\/Farbkreis_Itten.png\"><img decoding=\"async\" loading=\"lazy\" class=\"wp-image-319 size-thumbnail\" src=\"http:\/\/evileu.de\/oddballs\/wp-content\/uploads\/2016\/12\/Farbkreis_Itten-150x150.png\" alt=\"farbkreis_itten\" width=\"150\" height=\"150\" srcset=\"https:\/\/evileu.de\/oddballs\/wp-content\/uploads\/2016\/12\/Farbkreis_Itten-150x150.png 150w, https:\/\/evileu.de\/oddballs\/wp-content\/uploads\/2016\/12\/Farbkreis_Itten-300x300.png 300w, https:\/\/evileu.de\/oddballs\/wp-content\/uploads\/2016\/12\/Farbkreis_Itten-24x24.png 24w, https:\/\/evileu.de\/oddballs\/wp-content\/uploads\/2016\/12\/Farbkreis_Itten-36x36.png 36w, https:\/\/evileu.de\/oddballs\/wp-content\/uploads\/2016\/12\/Farbkreis_Itten-48x48.png 48w, https:\/\/evileu.de\/oddballs\/wp-content\/uploads\/2016\/12\/Farbkreis_Itten.png 340w\" sizes=\"(max-width: 150px) 100vw, 150px\" \/><\/a><figcaption id=\"caption-attachment-319\" class=\"wp-caption-text\">farbkreis_itten<\/figcaption><\/figure>\n<p>Das klingt jetzt zwar schrecklich theoretisch, ist aber eigentlich ganz einfach und praktikabel anzuwenden. Wenn man einmal herausgefunden hat, welcher Farbtyp man ist &#8211; Fr\u00fchling, Sommer, Herbst oder Winter &#8211; kennt man &#8222;seine&#8220; Farben und w\u00e4hlt einfach Kleidung und Make-Up passend aus.\u00a0 Nie wieder ratlos vor dem Kleiderschrank, nie wieder Fehlk\u00e4ufe im Klamottengesch\u00e4ft! Man h\u00e4lt sich an seine pers\u00f6nliche Farbtabelle und ist damit immer typgerecht und harmonisch gestylt.<\/p>\n<h2>Herbst f\u00fcr mich<\/h2>\n<p>Ich bin ein Herbst-Typ, mir stehen alle Braun- und Naturt\u00f6ne besonders gut, und das sieht man auch an meinen Lieblingsklamotten:<\/p>\n<div id='gallery-1' class='gallery galleryid-314 gallery-columns-3 gallery-size-thumbnail'><figure class='gallery-item'>\n\t\t\t<div class='gallery-icon landscape'>\n\t\t\t\t<a href='https:\/\/evileu.de\/oddballs\/farben-und-harmonie\/herbst\/'><img width=\"120\" height=\"82\" src=\"https:\/\/evileu.de\/oddballs\/wp-content\/uploads\/2016\/12\/herbst.jpg\" class=\"attachment-thumbnail size-thumbnail\" alt=\"buche im herbst\" decoding=\"async\" loading=\"lazy\" aria-describedby=\"gallery-1-322\" srcset=\"https:\/\/evileu.de\/oddballs\/wp-content\/uploads\/2016\/12\/herbst.jpg 120w, https:\/\/evileu.de\/oddballs\/wp-content\/uploads\/2016\/12\/herbst-24x16.jpg 24w, https:\/\/evileu.de\/oddballs\/wp-content\/uploads\/2016\/12\/herbst-36x25.jpg 36w, https:\/\/evileu.de\/oddballs\/wp-content\/uploads\/2016\/12\/herbst-48x33.jpg 48w\" sizes=\"(max-width: 120px) 100vw, 120px\" \/><\/a>\n\t\t\t<\/div>\n\t\t\t\t<figcaption class='wp-caption-text gallery-caption' id='gallery-1-322'>\n\t\t\t\tbuche im herbst\n\t\t\t\t<\/figcaption><\/figure><figure class='gallery-item'>\n\t\t\t<div class='gallery-icon landscape'>\n\t\t\t\t<a href='https:\/\/evileu.de\/oddballs\/farben-und-harmonie\/ammerseethb\/'><img width=\"140\" height=\"105\" src=\"https:\/\/evileu.de\/oddballs\/wp-content\/uploads\/2016\/12\/ammerseethb.jpg\" class=\"attachment-thumbnail size-thumbnail\" alt=\"restekiste herbstfarben\" decoding=\"async\" loading=\"lazy\" aria-describedby=\"gallery-1-321\" srcset=\"https:\/\/evileu.de\/oddballs\/wp-content\/uploads\/2016\/12\/ammerseethb.jpg 140w, https:\/\/evileu.de\/oddballs\/wp-content\/uploads\/2016\/12\/ammerseethb-24x18.jpg 24w, https:\/\/evileu.de\/oddballs\/wp-content\/uploads\/2016\/12\/ammerseethb-36x27.jpg 36w, https:\/\/evileu.de\/oddballs\/wp-content\/uploads\/2016\/12\/ammerseethb-48x36.jpg 48w\" sizes=\"(max-width: 140px) 100vw, 140px\" \/><\/a>\n\t\t\t<\/div>\n\t\t\t\t<figcaption class='wp-caption-text gallery-caption' id='gallery-1-321'>\n\t\t\t\trestekiste herbstfarben\n\t\t\t\t<\/figcaption><\/figure><figure class='gallery-item'>\n\t\t\t<div class='gallery-icon portrait'>\n\t\t\t\t<a href='https:\/\/evileu.de\/oddballs\/muschelbraun\/'><img width=\"150\" height=\"150\" src=\"https:\/\/evileu.de\/oddballs\/wp-content\/uploads\/2016\/12\/muschelbraun-150x150.jpg\" class=\"attachment-thumbnail size-thumbnail\" alt=\"muscheln braun\" decoding=\"async\" loading=\"lazy\" aria-describedby=\"gallery-1-317\" \/><\/a>\n\t\t\t<\/div>\n\t\t\t\t<figcaption class='wp-caption-text gallery-caption' id='gallery-1-317'>\n\t\t\t\tmuscheln braun\n\t\t\t\t<\/figcaption><\/figure>\n\t\t<\/div>\n\n<h2>Welcher Farb-Typ bin ich?<\/h2>\n<p>Und wie findet man nun heraus, welcher Farbtyp man ist? Googlet mal in eurer Stadt unter &#8222;Farb- und Typberatung&#8220;, es gibt eigentlich \u00fcberall professionelle Anbieter\/innen. So eine Beratung macht ungeheuer Spa\u00df und bring einem wirklich Sicherheit \u00fcber den eigenen Stil, kostet allerdings auch meist so um die 150 \u20ac.<\/p>\n<p>Wer das Geld nicht ausgeben will, eine Farbberatung kann man auch kostenlos im Internet machen, schaut mal <a href=\"http:\/\/www.eu-infopoint.de\/\">hier bei eu-infopoint.de <\/a>oder fragt Tante Google.<\/p>\n<p>Es gibt auch sch\u00f6ne B\u00fccher zum Thema, da kann man sich selber farb- und stilberaten :D, am Besten zusammen mit einer oder mehreren Freundinnen. Ich nenne hier nur mal mein Lieblingsbuch, <a href=\"https:\/\/www.rebuy.de\/i,1427071\/buecher\/die-groe-farb-und-typberatung-mode-muster-farben-frisuren-make-up-schmuck-accessoires-und-duefte-fuer-jeden-typ-lisa-schneider?affltid=195&amp;mc=pla.google.kaufen_buecher.produktdaten&amp;ga.channel=pla&amp;utm_medium=pla&amp;gclid=CNXD46KR0tACFRA8Gwod0r4KBw#gut\">Die gro\u00dfe Farb-und Stilberatung von Lisa Schneider<\/a>, das ist noch gut antiquarisch erh\u00e4ltlich und kostet so ca. 20-30 \u20ac.<\/p>\n<figure id=\"attachment_323\" aria-describedby=\"caption-attachment-323\" style=\"width: 352px\" class=\"wp-caption aligncenter\"><a href=\"http:\/\/evileu.de\/oddballs\/wp-content\/uploads\/2016\/12\/schneider.jpg\"><img decoding=\"async\" loading=\"lazy\" class=\"wp-image-323 size-full\" src=\"http:\/\/evileu.de\/oddballs\/wp-content\/uploads\/2016\/12\/schneider.jpg\" alt=\"buch von lisa schneider\" width=\"352\" height=\"474\" srcset=\"https:\/\/evileu.de\/oddballs\/wp-content\/uploads\/2016\/12\/schneider.jpg 352w, https:\/\/evileu.de\/oddballs\/wp-content\/uploads\/2016\/12\/schneider-223x300.jpg 223w, https:\/\/evileu.de\/oddballs\/wp-content\/uploads\/2016\/12\/schneider-18x24.jpg 18w, https:\/\/evileu.de\/oddballs\/wp-content\/uploads\/2016\/12\/schneider-27x36.jpg 27w, https:\/\/evileu.de\/oddballs\/wp-content\/uploads\/2016\/12\/schneider-36x48.jpg 36w\" sizes=\"(max-width: 352px) 100vw, 352px\" \/><\/a><figcaption id=\"caption-attachment-323\" class=\"wp-caption-text\">schneider<\/figcaption><\/figure>\n<h2>Meine eigene Interpretation<\/h2>\n<p>Ich halte mich aber nie sklavisch an die &#8222;Reine Lehre&#8220;, daf\u00fcr bin ich viel zu sehr Malerin und habe meine eigenen Farblehre in meinen Bildern. Angeblich kann ein Herbst-Typ kein Blau tragen, stimmt aber gar nicht, man mu\u00df es nur richtig kombinieren, wie zum Beispiel hier auf diesem Herbstbild vom Ammersee:<\/p>\n<figure id=\"attachment_320\" aria-describedby=\"caption-attachment-320\" style=\"width: 300px\" class=\"wp-caption aligncenter\"><a href=\"http:\/\/evileu.de\/oddballs\/wp-content\/uploads\/2016\/12\/ammerseeherbst.jpg\"><img decoding=\"async\" loading=\"lazy\" class=\"wp-image-320 size-medium\" src=\"http:\/\/evileu.de\/oddballs\/wp-content\/uploads\/2016\/12\/ammerseeherbst-300x220.jpg\" alt=\"ammerseeherbst\" width=\"300\" height=\"220\" srcset=\"https:\/\/evileu.de\/oddballs\/wp-content\/uploads\/2016\/12\/ammerseeherbst-300x220.jpg 300w, https:\/\/evileu.de\/oddballs\/wp-content\/uploads\/2016\/12\/ammerseeherbst-24x18.jpg 24w, https:\/\/evileu.de\/oddballs\/wp-content\/uploads\/2016\/12\/ammerseeherbst-36x26.jpg 36w, https:\/\/evileu.de\/oddballs\/wp-content\/uploads\/2016\/12\/ammerseeherbst-48x35.jpg 48w, https:\/\/evileu.de\/oddballs\/wp-content\/uploads\/2016\/12\/ammerseeherbst.jpg 500w\" sizes=\"(max-width: 300px) 100vw, 300px\" \/><\/a><figcaption id=\"caption-attachment-320\" class=\"wp-caption-text\">ammerseeherbst<\/figcaption><\/figure>\n<p>Die passende Jacke dazu kennt ihr schon:<\/p>\n<figure id=\"attachment_267\" aria-describedby=\"caption-attachment-267\" style=\"width: 300px\" class=\"wp-caption aligncenter\"><a href=\"http:\/\/evileu.de\/oddballs\/wp-content\/uploads\/2016\/11\/DSCN0189.jpg\"><img decoding=\"async\" loading=\"lazy\" class=\"wp-image-267 size-medium\" src=\"http:\/\/evileu.de\/oddballs\/wp-content\/uploads\/2016\/11\/DSCN0189-300x225.jpg\" alt=\"ammersee-jacke\" width=\"300\" height=\"225\" srcset=\"https:\/\/evileu.de\/oddballs\/wp-content\/uploads\/2016\/11\/DSCN0189-300x225.jpg 300w, https:\/\/evileu.de\/oddballs\/wp-content\/uploads\/2016\/11\/DSCN0189-768x576.jpg 768w, https:\/\/evileu.de\/oddballs\/wp-content\/uploads\/2016\/11\/DSCN0189-1024x768.jpg 1024w, https:\/\/evileu.de\/oddballs\/wp-content\/uploads\/2016\/11\/DSCN0189-24x18.jpg 24w, https:\/\/evileu.de\/oddballs\/wp-content\/uploads\/2016\/11\/DSCN0189-36x27.jpg 36w, https:\/\/evileu.de\/oddballs\/wp-content\/uploads\/2016\/11\/DSCN0189-48x36.jpg 48w, https:\/\/evileu.de\/oddballs\/wp-content\/uploads\/2016\/11\/DSCN0189.jpg 1600w\" sizes=\"(max-width: 300px) 100vw, 300px\" \/><\/a><figcaption id=\"caption-attachment-267\" class=\"wp-caption-text\">ammersee-jacke<\/figcaption><\/figure>\n<p>Ebenso hei\u00dft es in der reinen Farbenlehre, Schwarz k\u00f6nnten nur Winter-Typen tragen, aber daran halte ich mich auch nicht, ich bin oft ganz Schwarz angezogen (K\u00fcnstlerin halt).\u00a0 Aber immer mit einem bunten Accessoire, einem farbigen Schmuckst\u00fcck oder einem bunten Schal oder Tuch.<\/p>\n<p>Hier zeige ich euch noch ein paar Beispiele f\u00fcr die anderen Jahreszeiten-Typen.<\/p>\n<h2>Der Fr\u00fchling<\/h2>\n<p>Das ist meine Lieblingsnichte:<\/p>\n<div id='gallery-2' class='gallery galleryid-314 gallery-columns-3 gallery-size-thumbnail'><figure class='gallery-item'>\n\t\t\t<div class='gallery-icon landscape'>\n\t\t\t\t<a href='https:\/\/evileu.de\/oddballs\/farben-und-harmonie\/fruehling-nymphalidae\/'><img width=\"150\" height=\"150\" src=\"https:\/\/evileu.de\/oddballs\/wp-content\/uploads\/2016\/12\/fruehling-nymphalidae-150x150.jpg\" class=\"attachment-thumbnail size-thumbnail\" alt=\"fruehlingschal\" decoding=\"async\" loading=\"lazy\" aria-describedby=\"gallery-2-325\" \/><\/a>\n\t\t\t<\/div>\n\t\t\t\t<figcaption class='wp-caption-text gallery-caption' id='gallery-2-325'>\n\t\t\t\tfruehlingschal\n\t\t\t\t<\/figcaption><\/figure><figure class='gallery-item'>\n\t\t\t<div class='gallery-icon landscape'>\n\t\t\t\t<a href='https:\/\/evileu.de\/oddballs\/farben-und-harmonie\/fruehlingsblumen\/'><img width=\"150\" height=\"150\" src=\"https:\/\/evileu.de\/oddballs\/wp-content\/uploads\/2016\/12\/fruehlingsblumen-150x150.jpg\" class=\"attachment-thumbnail size-thumbnail\" alt=\"fruehlingsblumen\" decoding=\"async\" loading=\"lazy\" \/><\/a>\n\t\t\t<\/div><\/figure>\n\t\t<\/div>\n\n<h2>Der Sommer<\/h2>\n<p>Meine Schwester und meine beste Freundin:<\/p>\n<div id='gallery-3' class='gallery galleryid-314 gallery-columns-3 gallery-size-thumbnail'><figure class='gallery-item'>\n\t\t\t<div class='gallery-icon landscape'>\n\t\t\t\t<a href='https:\/\/evileu.de\/oddballs\/farben-und-harmonie\/sommer\/'><img width=\"120\" height=\"82\" src=\"https:\/\/evileu.de\/oddballs\/wp-content\/uploads\/2016\/12\/sommer.jpg\" class=\"attachment-thumbnail size-thumbnail\" alt=\"walchensee im sommer\" decoding=\"async\" loading=\"lazy\" aria-describedby=\"gallery-3-327\" srcset=\"https:\/\/evileu.de\/oddballs\/wp-content\/uploads\/2016\/12\/sommer.jpg 120w, https:\/\/evileu.de\/oddballs\/wp-content\/uploads\/2016\/12\/sommer-24x16.jpg 24w, https:\/\/evileu.de\/oddballs\/wp-content\/uploads\/2016\/12\/sommer-36x25.jpg 36w, https:\/\/evileu.de\/oddballs\/wp-content\/uploads\/2016\/12\/sommer-48x33.jpg 48w\" sizes=\"(max-width: 120px) 100vw, 120px\" \/><\/a>\n\t\t\t<\/div>\n\t\t\t\t<figcaption class='wp-caption-text gallery-caption' id='gallery-3-327'>\n\t\t\t\twalchensee im sommer\n\t\t\t\t<\/figcaption><\/figure><figure class='gallery-item'>\n\t\t\t<div class='gallery-icon landscape'>\n\t\t\t\t<a href='https:\/\/evileu.de\/oddballs\/farben-und-harmonie\/sommereckerl\/'><img width=\"150\" height=\"150\" src=\"https:\/\/evileu.de\/oddballs\/wp-content\/uploads\/2016\/12\/sommereckerl-150x150.jpg\" class=\"attachment-thumbnail size-thumbnail\" alt=\"sommereckerl\" decoding=\"async\" loading=\"lazy\" aria-describedby=\"gallery-3-328\" \/><\/a>\n\t\t\t<\/div>\n\t\t\t\t<figcaption class='wp-caption-text gallery-caption' id='gallery-3-328'>\n\t\t\t\tsommereckerl\n\t\t\t\t<\/figcaption><\/figure>\n\t\t<\/div>\n\n<h2>Der Winter<\/h2>\n<p>Meine zweite beste Freundin:<\/p>\n<div id='gallery-4' class='gallery galleryid-314 gallery-columns-3 gallery-size-thumbnail'><figure class='gallery-item'>\n\t\t\t<div class='gallery-icon landscape'>\n\t\t\t\t<a href='https:\/\/evileu.de\/oddballs\/farben-und-harmonie\/dscn0193\/'><img width=\"150\" height=\"150\" src=\"https:\/\/evileu.de\/oddballs\/wp-content\/uploads\/2016\/12\/DSCN0193-150x150.jpg\" class=\"attachment-thumbnail size-thumbnail\" alt=\"winter tuch\" decoding=\"async\" loading=\"lazy\" aria-describedby=\"gallery-4-329\" \/><\/a>\n\t\t\t<\/div>\n\t\t\t\t<figcaption class='wp-caption-text gallery-caption' id='gallery-4-329'>\n\t\t\t\twinter tuch\n\t\t\t\t<\/figcaption><\/figure><figure class='gallery-item'>\n\t\t\t<div class='gallery-icon landscape'>\n\t\t\t\t<a href='https:\/\/evileu.de\/oddballs\/farben-und-harmonie\/winter\/'><img width=\"120\" height=\"90\" src=\"https:\/\/evileu.de\/oddballs\/wp-content\/uploads\/2016\/12\/winter.jpg\" class=\"attachment-thumbnail size-thumbnail\" alt=\"winter schneebedeckte berge\" decoding=\"async\" loading=\"lazy\" aria-describedby=\"gallery-4-330\" srcset=\"https:\/\/evileu.de\/oddballs\/wp-content\/uploads\/2016\/12\/winter.jpg 120w, https:\/\/evileu.de\/oddballs\/wp-content\/uploads\/2016\/12\/winter-24x18.jpg 24w, https:\/\/evileu.de\/oddballs\/wp-content\/uploads\/2016\/12\/winter-36x27.jpg 36w, https:\/\/evileu.de\/oddballs\/wp-content\/uploads\/2016\/12\/winter-48x36.jpg 48w\" sizes=\"(max-width: 120px) 100vw, 120px\" \/><\/a>\n\t\t\t<\/div>\n\t\t\t\t<figcaption class='wp-caption-text gallery-caption' id='gallery-4-330'>\n\t\t\t\twinter schneebedeckte berge\n\t\t\t\t<\/figcaption><\/figure>\n\t\t<\/div>\n\n<h2>Farbenlehre macht Spa\u00df!<\/h2>\n<p>Da ist was dran, oder? Farbenlehre macht einfach Spa\u00df, finde ich, und wenn man sich ein bi\u00dfchen daran orientiert, gelingen einem auch sch\u00f6ne, harmonische Farbzusammenstellungen f\u00fcr Stricksachen, die einem auch wirklich gut stehen.<\/p>\n","protected":false},"excerpt":{"rendered":"<p>Ich male &#8211; auch mit Wolle Ich bin hauptberuflich Malerin, von daher kenne ich mich nat\u00fcrlich mit Farben besonders gut aus. Ich bin auch ein echter Fan der Farbenlehre nach Dr. Johannes Itten, der Mann war einfach genial und hat unter anderem die Farbtypenlehre nach Jahreszeiten begr\u00fcndet, Ich zitiere mal Wiki: &#8222;Die Farbtypenlehre ist eine &hellip; <a href=\"https:\/\/evileu.de\/oddballs\/farben-und-harmonie\/\" class=\"more-link\"><span class=\"screen-reader-text\">Farben und Harmonie<\/span> weiterlesen <span class=\"meta-nav\">&rarr;<\/span><\/a><\/p>\n","protected":false},"author":1,"featured_media":0,"parent":0,"menu_order":6,"comment_status":"closed","ping_status":"closed","template":"","meta":[],"_links":{"self":[{"href":"https:\/\/evileu.de\/oddballs\/wp-json\/wp\/v2\/pages\/314"}],"collection":[{"href":"https:\/\/evileu.de\/oddballs\/wp-json\/wp\/v2\/pages"}],"about":[{"href":"https:\/\/evileu.de\/oddballs\/wp-json\/wp\/v2\/types\/page"}],"author":[{"embeddable":true,"href":"https:\/\/evileu.de\/oddballs\/wp-json\/wp\/v2\/users\/1"}],"replies":[{"embeddable":true,"href":"https:\/\/evileu.de\/oddballs\/wp-json\/wp\/v2\/comments?post=314"}],"version-history":[{"count":6,"href":"https:\/\/evileu.de\/oddballs\/wp-json\/wp\/v2\/pages\/314\/revisions"}],"predecessor-version":[{"id":697,"href":"https:\/\/evileu.de\/oddballs\/wp-json\/wp\/v2\/pages\/314\/revisions\/697"}],"wp:attachment":[{"href":"https:\/\/evileu.de\/oddballs\/wp-json\/wp\/v2\/media?parent=314"}],"curies":[{"name":"wp","href":"https:\/\/api.w.org\/{rel}","templated":true}]}}