{"id":292,"date":"2016-12-01T04:20:45","date_gmt":"2016-12-01T03:20:45","guid":{"rendered":"http:\/\/evileu.de\/oddballs\/?page_id=292"},"modified":"2018-11-23T07:02:14","modified_gmt":"2018-11-23T06:02:14","slug":"handschuhe","status":"publish","type":"page","link":"https:\/\/evileu.de\/oddballs\/galerie\/handschuhe\/","title":{"rendered":"Handschuhe"},"content":{"rendered":"<p>Ich trage am liebsten fingerlose Handschuhe oder Handstulpen, weil man die nicht immer aus- und anziehen mu\u00df, wenn man mit einem Schl\u00fcssel oder Portemonnaie herumfusseln muss. Auch f\u00fcr Raucher sind die sehr praktisch \ud83d\ude09<\/p>\n<p>Ich zeige euch mal hier nur die Bilder, viele Anleitungen f\u00fcr Stulpen und fingerlose Handschuhe findet ihr <a href=\"http:\/\/evileu.de\/oddballs\/alle_anleitungen\/handstulpen\/\">hier<\/a>.<\/p>\n<figure id=\"attachment_294\" aria-describedby=\"caption-attachment-294\" style=\"width: 1600px\" class=\"wp-caption aligncenter\"><a href=\"http:\/\/evileu.de\/oddballs\/wp-content\/uploads\/2016\/12\/bunteStulpen.jpg\"><img decoding=\"async\" loading=\"lazy\" class=\"wp-image-294 size-full\" src=\"http:\/\/evileu.de\/oddballs\/wp-content\/uploads\/2016\/12\/bunteStulpen.jpg\" alt=\"bunte stulpen\" width=\"1600\" height=\"1200\" srcset=\"https:\/\/evileu.de\/oddballs\/wp-content\/uploads\/2016\/12\/bunteStulpen.jpg 1600w, https:\/\/evileu.de\/oddballs\/wp-content\/uploads\/2016\/12\/bunteStulpen-300x225.jpg 300w, https:\/\/evileu.de\/oddballs\/wp-content\/uploads\/2016\/12\/bunteStulpen-768x576.jpg 768w, https:\/\/evileu.de\/oddballs\/wp-content\/uploads\/2016\/12\/bunteStulpen-1024x768.jpg 1024w, https:\/\/evileu.de\/oddballs\/wp-content\/uploads\/2016\/12\/bunteStulpen-24x18.jpg 24w, https:\/\/evileu.de\/oddballs\/wp-content\/uploads\/2016\/12\/bunteStulpen-36x27.jpg 36w, https:\/\/evileu.de\/oddballs\/wp-content\/uploads\/2016\/12\/bunteStulpen-48x36.jpg 48w\" sizes=\"(max-width: 1600px) 100vw, 1600px\" \/><\/a><figcaption id=\"caption-attachment-294\" class=\"wp-caption-text\">bunte stulpen<\/figcaption><\/figure>\n<figure id=\"attachment_295\" aria-describedby=\"caption-attachment-295\" style=\"width: 1600px\" class=\"wp-caption aligncenter\"><a href=\"http:\/\/evileu.de\/oddballs\/wp-content\/uploads\/2016\/12\/burgund-petrol.jpg\"><img decoding=\"async\" loading=\"lazy\" class=\"wp-image-295 size-full\" src=\"http:\/\/evileu.de\/oddballs\/wp-content\/uploads\/2016\/12\/burgund-petrol.jpg\" alt=\"burgund-petrol\" width=\"1600\" height=\"1200\" srcset=\"https:\/\/evileu.de\/oddballs\/wp-content\/uploads\/2016\/12\/burgund-petrol.jpg 1600w, https:\/\/evileu.de\/oddballs\/wp-content\/uploads\/2016\/12\/burgund-petrol-300x225.jpg 300w, https:\/\/evileu.de\/oddballs\/wp-content\/uploads\/2016\/12\/burgund-petrol-768x576.jpg 768w, https:\/\/evileu.de\/oddballs\/wp-content\/uploads\/2016\/12\/burgund-petrol-1024x768.jpg 1024w, https:\/\/evileu.de\/oddballs\/wp-content\/uploads\/2016\/12\/burgund-petrol-24x18.jpg 24w, https:\/\/evileu.de\/oddballs\/wp-content\/uploads\/2016\/12\/burgund-petrol-36x27.jpg 36w, https:\/\/evileu.de\/oddballs\/wp-content\/uploads\/2016\/12\/burgund-petrol-48x36.jpg 48w\" sizes=\"(max-width: 1600px) 100vw, 1600px\" \/><\/a><figcaption id=\"caption-attachment-295\" class=\"wp-caption-text\">burgund-petrol<\/figcaption><\/figure>\n<figure id=\"attachment_296\" aria-describedby=\"caption-attachment-296\" style=\"width: 1600px\" class=\"wp-caption aligncenter\"><a href=\"http:\/\/evileu.de\/oddballs\/wp-content\/uploads\/2016\/12\/faerie.jpg\"><img decoding=\"async\" loading=\"lazy\" class=\"wp-image-296 size-full\" src=\"http:\/\/evileu.de\/oddballs\/wp-content\/uploads\/2016\/12\/faerie.jpg\" alt=\"faerie\" width=\"1600\" height=\"1200\" srcset=\"https:\/\/evileu.de\/oddballs\/wp-content\/uploads\/2016\/12\/faerie.jpg 1600w, https:\/\/evileu.de\/oddballs\/wp-content\/uploads\/2016\/12\/faerie-300x225.jpg 300w, https:\/\/evileu.de\/oddballs\/wp-content\/uploads\/2016\/12\/faerie-768x576.jpg 768w, https:\/\/evileu.de\/oddballs\/wp-content\/uploads\/2016\/12\/faerie-1024x768.jpg 1024w, https:\/\/evileu.de\/oddballs\/wp-content\/uploads\/2016\/12\/faerie-24x18.jpg 24w, https:\/\/evileu.de\/oddballs\/wp-content\/uploads\/2016\/12\/faerie-36x27.jpg 36w, https:\/\/evileu.de\/oddballs\/wp-content\/uploads\/2016\/12\/faerie-48x36.jpg 48w\" sizes=\"(max-width: 1600px) 100vw, 1600px\" \/><\/a><figcaption id=\"caption-attachment-296\" class=\"wp-caption-text\">faerie<\/figcaption><\/figure>\n<figure id=\"attachment_297\" aria-describedby=\"caption-attachment-297\" style=\"width: 400px\" class=\"wp-caption aligncenter\"><a href=\"http:\/\/evileu.de\/oddballs\/wp-content\/uploads\/2016\/12\/fingerlos_patent.jpg\"><img decoding=\"async\" loading=\"lazy\" class=\"wp-image-297 size-full\" src=\"http:\/\/evileu.de\/oddballs\/wp-content\/uploads\/2016\/12\/fingerlos_patent.jpg\" alt=\"fingerlos mit patent\" width=\"400\" height=\"550\" srcset=\"https:\/\/evileu.de\/oddballs\/wp-content\/uploads\/2016\/12\/fingerlos_patent.jpg 400w, https:\/\/evileu.de\/oddballs\/wp-content\/uploads\/2016\/12\/fingerlos_patent-218x300.jpg 218w, https:\/\/evileu.de\/oddballs\/wp-content\/uploads\/2016\/12\/fingerlos_patent-17x24.jpg 17w, https:\/\/evileu.de\/oddballs\/wp-content\/uploads\/2016\/12\/fingerlos_patent-26x36.jpg 26w, https:\/\/evileu.de\/oddballs\/wp-content\/uploads\/2016\/12\/fingerlos_patent-35x48.jpg 35w\" sizes=\"(max-width: 400px) 100vw, 400px\" \/><\/a><figcaption id=\"caption-attachment-297\" class=\"wp-caption-text\">fingerlos mit patent<\/figcaption><\/figure>\n<figure id=\"attachment_298\" aria-describedby=\"caption-attachment-298\" style=\"width: 400px\" class=\"wp-caption aligncenter\"><a href=\"http:\/\/evileu.de\/oddballs\/wp-content\/uploads\/2016\/12\/fingerlosbraunrost.jpg\"><img decoding=\"async\" loading=\"lazy\" class=\"wp-image-298 size-full\" src=\"http:\/\/evileu.de\/oddballs\/wp-content\/uploads\/2016\/12\/fingerlosbraunrost.jpg\" alt=\"fingerlos braun rost\" width=\"400\" height=\"550\" srcset=\"https:\/\/evileu.de\/oddballs\/wp-content\/uploads\/2016\/12\/fingerlosbraunrost.jpg 400w, https:\/\/evileu.de\/oddballs\/wp-content\/uploads\/2016\/12\/fingerlosbraunrost-218x300.jpg 218w, https:\/\/evileu.de\/oddballs\/wp-content\/uploads\/2016\/12\/fingerlosbraunrost-17x24.jpg 17w, https:\/\/evileu.de\/oddballs\/wp-content\/uploads\/2016\/12\/fingerlosbraunrost-26x36.jpg 26w, https:\/\/evileu.de\/oddballs\/wp-content\/uploads\/2016\/12\/fingerlosbraunrost-35x48.jpg 35w\" sizes=\"(max-width: 400px) 100vw, 400px\" \/><\/a><figcaption id=\"caption-attachment-298\" class=\"wp-caption-text\">fingerlos braun rost<\/figcaption><\/figure>\n<figure id=\"attachment_299\" aria-describedby=\"caption-attachment-299\" style=\"width: 1600px\" class=\"wp-caption aligncenter\"><a href=\"http:\/\/evileu.de\/oddballs\/wp-content\/uploads\/2016\/12\/harlequine-1.jpg\"><img decoding=\"async\" loading=\"lazy\" class=\"wp-image-299 size-full\" src=\"http:\/\/evileu.de\/oddballs\/wp-content\/uploads\/2016\/12\/harlequine-1.jpg\" alt=\"harlequine\" width=\"1600\" height=\"1200\" srcset=\"https:\/\/evileu.de\/oddballs\/wp-content\/uploads\/2016\/12\/harlequine-1.jpg 1600w, https:\/\/evileu.de\/oddballs\/wp-content\/uploads\/2016\/12\/harlequine-1-300x225.jpg 300w, https:\/\/evileu.de\/oddballs\/wp-content\/uploads\/2016\/12\/harlequine-1-768x576.jpg 768w, https:\/\/evileu.de\/oddballs\/wp-content\/uploads\/2016\/12\/harlequine-1-1024x768.jpg 1024w, https:\/\/evileu.de\/oddballs\/wp-content\/uploads\/2016\/12\/harlequine-1-24x18.jpg 24w, https:\/\/evileu.de\/oddballs\/wp-content\/uploads\/2016\/12\/harlequine-1-36x27.jpg 36w, https:\/\/evileu.de\/oddballs\/wp-content\/uploads\/2016\/12\/harlequine-1-48x36.jpg 48w\" sizes=\"(max-width: 1600px) 100vw, 1600px\" \/><\/a><figcaption id=\"caption-attachment-299\" class=\"wp-caption-text\">harlequine<\/figcaption><\/figure>\n<figure id=\"attachment_300\" aria-describedby=\"caption-attachment-300\" style=\"width: 1600px\" class=\"wp-caption aligncenter\"><a href=\"http:\/\/evileu.de\/oddballs\/wp-content\/uploads\/2016\/12\/harlequine-pastell.jpg\"><img decoding=\"async\" loading=\"lazy\" class=\"wp-image-300 size-full\" src=\"http:\/\/evileu.de\/oddballs\/wp-content\/uploads\/2016\/12\/harlequine-pastell.jpg\" alt=\"harlequine pastell\" width=\"1600\" height=\"1200\" srcset=\"https:\/\/evileu.de\/oddballs\/wp-content\/uploads\/2016\/12\/harlequine-pastell.jpg 1600w, https:\/\/evileu.de\/oddballs\/wp-content\/uploads\/2016\/12\/harlequine-pastell-300x225.jpg 300w, https:\/\/evileu.de\/oddballs\/wp-content\/uploads\/2016\/12\/harlequine-pastell-768x576.jpg 768w, https:\/\/evileu.de\/oddballs\/wp-content\/uploads\/2016\/12\/harlequine-pastell-1024x768.jpg 1024w, https:\/\/evileu.de\/oddballs\/wp-content\/uploads\/2016\/12\/harlequine-pastell-24x18.jpg 24w, https:\/\/evileu.de\/oddballs\/wp-content\/uploads\/2016\/12\/harlequine-pastell-36x27.jpg 36w, https:\/\/evileu.de\/oddballs\/wp-content\/uploads\/2016\/12\/harlequine-pastell-48x36.jpg 48w\" sizes=\"(max-width: 1600px) 100vw, 1600px\" \/><\/a><figcaption id=\"caption-attachment-300\" class=\"wp-caption-text\">harlequine pastell<\/figcaption><\/figure>\n<figure id=\"attachment_301\" aria-describedby=\"caption-attachment-301\" style=\"width: 1600px\" class=\"wp-caption aligncenter\"><a href=\"http:\/\/evileu.de\/oddballs\/wp-content\/uploads\/2016\/12\/herbstblattl_grau.jpg\"><img decoding=\"async\" loading=\"lazy\" class=\"wp-image-301 size-full\" src=\"http:\/\/evileu.de\/oddballs\/wp-content\/uploads\/2016\/12\/herbstblattl_grau.jpg\" alt=\"herbstblattl grau\" width=\"1600\" height=\"1200\" srcset=\"https:\/\/evileu.de\/oddballs\/wp-content\/uploads\/2016\/12\/herbstblattl_grau.jpg 1600w, https:\/\/evileu.de\/oddballs\/wp-content\/uploads\/2016\/12\/herbstblattl_grau-300x225.jpg 300w, https:\/\/evileu.de\/oddballs\/wp-content\/uploads\/2016\/12\/herbstblattl_grau-768x576.jpg 768w, https:\/\/evileu.de\/oddballs\/wp-content\/uploads\/2016\/12\/herbstblattl_grau-1024x768.jpg 1024w, https:\/\/evileu.de\/oddballs\/wp-content\/uploads\/2016\/12\/herbstblattl_grau-24x18.jpg 24w, https:\/\/evileu.de\/oddballs\/wp-content\/uploads\/2016\/12\/herbstblattl_grau-36x27.jpg 36w, https:\/\/evileu.de\/oddballs\/wp-content\/uploads\/2016\/12\/herbstblattl_grau-48x36.jpg 48w\" sizes=\"(max-width: 1600px) 100vw, 1600px\" \/><\/a><figcaption id=\"caption-attachment-301\" class=\"wp-caption-text\">herbstblattl grau<\/figcaption><\/figure>\n<figure id=\"attachment_302\" aria-describedby=\"caption-attachment-302\" style=\"width: 1600px\" class=\"wp-caption aligncenter\"><a href=\"http:\/\/evileu.de\/oddballs\/wp-content\/uploads\/2016\/12\/herbstblattl_pink.jpg\"><img decoding=\"async\" loading=\"lazy\" class=\"wp-image-302 size-full\" src=\"http:\/\/evileu.de\/oddballs\/wp-content\/uploads\/2016\/12\/herbstblattl_pink.jpg\" alt=\"herbstblattl pink\" width=\"1600\" height=\"1200\" srcset=\"https:\/\/evileu.de\/oddballs\/wp-content\/uploads\/2016\/12\/herbstblattl_pink.jpg 1600w, https:\/\/evileu.de\/oddballs\/wp-content\/uploads\/2016\/12\/herbstblattl_pink-300x225.jpg 300w, https:\/\/evileu.de\/oddballs\/wp-content\/uploads\/2016\/12\/herbstblattl_pink-768x576.jpg 768w, https:\/\/evileu.de\/oddballs\/wp-content\/uploads\/2016\/12\/herbstblattl_pink-1024x768.jpg 1024w, https:\/\/evileu.de\/oddballs\/wp-content\/uploads\/2016\/12\/herbstblattl_pink-24x18.jpg 24w, https:\/\/evileu.de\/oddballs\/wp-content\/uploads\/2016\/12\/herbstblattl_pink-36x27.jpg 36w, https:\/\/evileu.de\/oddballs\/wp-content\/uploads\/2016\/12\/herbstblattl_pink-48x36.jpg 48w\" sizes=\"(max-width: 1600px) 100vw, 1600px\" \/><\/a><figcaption id=\"caption-attachment-302\" class=\"wp-caption-text\">herbstblattl pink<\/figcaption><\/figure>\n<figure id=\"attachment_303\" aria-describedby=\"caption-attachment-303\" style=\"width: 1600px\" class=\"wp-caption aligncenter\"><a href=\"http:\/\/evileu.de\/oddballs\/wp-content\/uploads\/2016\/12\/herbstblattl_stahlblau.jpg\"><img decoding=\"async\" loading=\"lazy\" class=\"wp-image-303 size-full\" src=\"http:\/\/evileu.de\/oddballs\/wp-content\/uploads\/2016\/12\/herbstblattl_stahlblau.jpg\" alt=\"herbstblattl stahlblau\" width=\"1600\" height=\"1200\" srcset=\"https:\/\/evileu.de\/oddballs\/wp-content\/uploads\/2016\/12\/herbstblattl_stahlblau.jpg 1600w, https:\/\/evileu.de\/oddballs\/wp-content\/uploads\/2016\/12\/herbstblattl_stahlblau-300x225.jpg 300w, https:\/\/evileu.de\/oddballs\/wp-content\/uploads\/2016\/12\/herbstblattl_stahlblau-768x576.jpg 768w, https:\/\/evileu.de\/oddballs\/wp-content\/uploads\/2016\/12\/herbstblattl_stahlblau-1024x768.jpg 1024w, https:\/\/evileu.de\/oddballs\/wp-content\/uploads\/2016\/12\/herbstblattl_stahlblau-24x18.jpg 24w, https:\/\/evileu.de\/oddballs\/wp-content\/uploads\/2016\/12\/herbstblattl_stahlblau-36x27.jpg 36w, https:\/\/evileu.de\/oddballs\/wp-content\/uploads\/2016\/12\/herbstblattl_stahlblau-48x36.jpg 48w\" sizes=\"(max-width: 1600px) 100vw, 1600px\" \/><\/a><figcaption id=\"caption-attachment-303\" class=\"wp-caption-text\">herbstblattl stahlblau<\/figcaption><\/figure>\n<figure id=\"attachment_304\" aria-describedby=\"caption-attachment-304\" style=\"width: 1600px\" class=\"wp-caption aligncenter\"><a href=\"http:\/\/evileu.de\/oddballs\/wp-content\/uploads\/2016\/12\/herbstblattl_weiss.jpg\"><img decoding=\"async\" loading=\"lazy\" class=\"wp-image-304 size-full\" src=\"http:\/\/evileu.de\/oddballs\/wp-content\/uploads\/2016\/12\/herbstblattl_weiss.jpg\" alt=\"herbstblattl weiss\" width=\"1600\" height=\"1200\" srcset=\"https:\/\/evileu.de\/oddballs\/wp-content\/uploads\/2016\/12\/herbstblattl_weiss.jpg 1600w, https:\/\/evileu.de\/oddballs\/wp-content\/uploads\/2016\/12\/herbstblattl_weiss-300x225.jpg 300w, https:\/\/evileu.de\/oddballs\/wp-content\/uploads\/2016\/12\/herbstblattl_weiss-768x576.jpg 768w, https:\/\/evileu.de\/oddballs\/wp-content\/uploads\/2016\/12\/herbstblattl_weiss-1024x768.jpg 1024w, https:\/\/evileu.de\/oddballs\/wp-content\/uploads\/2016\/12\/herbstblattl_weiss-24x18.jpg 24w, https:\/\/evileu.de\/oddballs\/wp-content\/uploads\/2016\/12\/herbstblattl_weiss-36x27.jpg 36w, https:\/\/evileu.de\/oddballs\/wp-content\/uploads\/2016\/12\/herbstblattl_weiss-48x36.jpg 48w\" sizes=\"(max-width: 1600px) 100vw, 1600px\" \/><\/a><figcaption id=\"caption-attachment-304\" class=\"wp-caption-text\">herbstblattl weiss<\/figcaption><\/figure>\n<figure id=\"attachment_305\" aria-describedby=\"caption-attachment-305\" style=\"width: 400px\" class=\"wp-caption aligncenter\"><a href=\"http:\/\/evileu.de\/oddballs\/wp-content\/uploads\/2016\/12\/pinkorange.jpg\"><img decoding=\"async\" loading=\"lazy\" class=\"wp-image-305 size-full\" src=\"http:\/\/evileu.de\/oddballs\/wp-content\/uploads\/2016\/12\/pinkorange.jpg\" alt=\"pink-orange\" width=\"400\" height=\"550\" srcset=\"https:\/\/evileu.de\/oddballs\/wp-content\/uploads\/2016\/12\/pinkorange.jpg 400w, https:\/\/evileu.de\/oddballs\/wp-content\/uploads\/2016\/12\/pinkorange-218x300.jpg 218w, https:\/\/evileu.de\/oddballs\/wp-content\/uploads\/2016\/12\/pinkorange-17x24.jpg 17w, https:\/\/evileu.de\/oddballs\/wp-content\/uploads\/2016\/12\/pinkorange-26x36.jpg 26w, https:\/\/evileu.de\/oddballs\/wp-content\/uploads\/2016\/12\/pinkorange-35x48.jpg 35w\" sizes=\"(max-width: 400px) 100vw, 400px\" \/><\/a><figcaption id=\"caption-attachment-305\" class=\"wp-caption-text\">pink-orange<\/figcaption><\/figure>\n<figure id=\"attachment_306\" aria-describedby=\"caption-attachment-306\" style=\"width: 1600px\" class=\"wp-caption aligncenter\"><a href=\"http:\/\/evileu.de\/oddballs\/wp-content\/uploads\/2016\/12\/splash.jpg\"><img decoding=\"async\" loading=\"lazy\" class=\"wp-image-306 size-full\" src=\"http:\/\/evileu.de\/oddballs\/wp-content\/uploads\/2016\/12\/splash.jpg\" alt=\"splash ganz bunt\" width=\"1600\" height=\"1200\" srcset=\"https:\/\/evileu.de\/oddballs\/wp-content\/uploads\/2016\/12\/splash.jpg 1600w, https:\/\/evileu.de\/oddballs\/wp-content\/uploads\/2016\/12\/splash-300x225.jpg 300w, https:\/\/evileu.de\/oddballs\/wp-content\/uploads\/2016\/12\/splash-768x576.jpg 768w, https:\/\/evileu.de\/oddballs\/wp-content\/uploads\/2016\/12\/splash-1024x768.jpg 1024w, https:\/\/evileu.de\/oddballs\/wp-content\/uploads\/2016\/12\/splash-24x18.jpg 24w, https:\/\/evileu.de\/oddballs\/wp-content\/uploads\/2016\/12\/splash-36x27.jpg 36w, https:\/\/evileu.de\/oddballs\/wp-content\/uploads\/2016\/12\/splash-48x36.jpg 48w\" sizes=\"(max-width: 1600px) 100vw, 1600px\" \/><\/a><figcaption id=\"caption-attachment-306\" class=\"wp-caption-text\">splash ganz bunt<\/figcaption><\/figure>\n","protected":false},"excerpt":{"rendered":"<p>Ich trage am liebsten fingerlose Handschuhe oder Handstulpen, weil man die nicht immer aus- und anziehen mu\u00df, wenn man mit einem Schl\u00fcssel oder Portemonnaie herumfusseln muss. Auch f\u00fcr Raucher sind die sehr praktisch \ud83d\ude09 Ich zeige euch mal hier nur die Bilder, viele Anleitungen f\u00fcr Stulpen und fingerlose Handschuhe findet ihr hier.<\/p>\n","protected":false},"author":1,"featured_media":0,"parent":278,"menu_order":1,"comment_status":"open","ping_status":"closed","template":"","meta":[],"_links":{"self":[{"href":"https:\/\/evileu.de\/oddballs\/wp-json\/wp\/v2\/pages\/292"}],"collection":[{"href":"https:\/\/evileu.de\/oddballs\/wp-json\/wp\/v2\/pages"}],"about":[{"href":"https:\/\/evileu.de\/oddballs\/wp-json\/wp\/v2\/types\/page"}],"author":[{"embeddable":true,"href":"https:\/\/evileu.de\/oddballs\/wp-json\/wp\/v2\/users\/1"}],"replies":[{"embeddable":true,"href":"https:\/\/evileu.de\/oddballs\/wp-json\/wp\/v2\/comments?post=292"}],"version-history":[{"count":3,"href":"https:\/\/evileu.de\/oddballs\/wp-json\/wp\/v2\/pages\/292\/revisions"}],"predecessor-version":[{"id":690,"href":"https:\/\/evileu.de\/oddballs\/wp-json\/wp\/v2\/pages\/292\/revisions\/690"}],"up":[{"embeddable":true,"href":"https:\/\/evileu.de\/oddballs\/wp-json\/wp\/v2\/pages\/278"}],"wp:attachment":[{"href":"https:\/\/evileu.de\/oddballs\/wp-json\/wp\/v2\/media?parent=292"}],"curies":[{"name":"wp","href":"https:\/\/api.w.org\/{rel}","templated":true}]}}