{"id":255,"date":"2016-11-30T16:32:22","date_gmt":"2016-11-30T15:32:22","guid":{"rendered":"http:\/\/evileu.de\/oddballs\/?page_id=255"},"modified":"2018-11-23T07:02:14","modified_gmt":"2018-11-23T06:02:14","slug":"patchworkstricken","status":"publish","type":"page","link":"https:\/\/evileu.de\/oddballs\/alle_anleitungen\/patchworkstricken\/","title":{"rendered":"Patchworkstricken"},"content":{"rendered":"<p>&nbsp;<\/p>\n<h2>Patchworkstricken allgemein<\/h2>\n<p>Patchworkstricken konnte meine Oma noch, die strickte f\u00fcr uns die sch\u00f6nsten bunten Kuscheldecken in Streifen- und Topflappentechnik. Aber die Kunst, wie man vielfarbige Muster ohne schreckliches Fadengewirr strickt, ist \u00fcber die Jahre in Vergessenheit geraten.<\/p>\n<figure id=\"attachment_258\" aria-describedby=\"caption-attachment-258\" style=\"width: 300px\" class=\"wp-caption aligncenter\"><a href=\"http:\/\/evileu.de\/oddballs\/wp-content\/uploads\/2016\/11\/gladiolenfarben.jpg\"><img decoding=\"async\" loading=\"lazy\" class=\"wp-image-258 size-medium\" src=\"http:\/\/evileu.de\/oddballs\/wp-content\/uploads\/2016\/11\/gladiolenfarben-300x225.jpg\" alt=\"patchwork gladiolenfarben\" width=\"300\" height=\"225\" srcset=\"https:\/\/evileu.de\/oddballs\/wp-content\/uploads\/2016\/11\/gladiolenfarben-300x225.jpg 300w, https:\/\/evileu.de\/oddballs\/wp-content\/uploads\/2016\/11\/gladiolenfarben-768x576.jpg 768w, https:\/\/evileu.de\/oddballs\/wp-content\/uploads\/2016\/11\/gladiolenfarben-1024x768.jpg 1024w, https:\/\/evileu.de\/oddballs\/wp-content\/uploads\/2016\/11\/gladiolenfarben-24x18.jpg 24w, https:\/\/evileu.de\/oddballs\/wp-content\/uploads\/2016\/11\/gladiolenfarben-36x27.jpg 36w, https:\/\/evileu.de\/oddballs\/wp-content\/uploads\/2016\/11\/gladiolenfarben-48x36.jpg 48w, https:\/\/evileu.de\/oddballs\/wp-content\/uploads\/2016\/11\/gladiolenfarben.jpg 1600w\" sizes=\"(max-width: 300px) 100vw, 300px\" \/><\/a><figcaption id=\"caption-attachment-258\" class=\"wp-caption-text\">patchwork gladiolenfarben<\/figcaption><\/figure>\n<h2>Horst Schulz, der Patchwork-Meister<\/h2>\n<p>Bis dann ca. 1995 Horst Schulz sein fantastisches Buch &#8222;Das neue Stricken&#8220; herausbrachte, und die alte Patchworkstrickmethode runderneute und mit seinen kreativen Ideen geradezu revolutionierte.<\/p>\n<figure id=\"attachment_257\" aria-describedby=\"caption-attachment-257\" style=\"width: 234px\" class=\"wp-caption aligncenter\"><a href=\"http:\/\/evileu.de\/oddballs\/wp-content\/uploads\/2016\/11\/schulz.jpg\"><img decoding=\"async\" loading=\"lazy\" class=\"wp-image-257 size-medium\" src=\"http:\/\/evileu.de\/oddballs\/wp-content\/uploads\/2016\/11\/schulz-234x300.jpg\" alt=\"schulz buch\" width=\"234\" height=\"300\" srcset=\"https:\/\/evileu.de\/oddballs\/wp-content\/uploads\/2016\/11\/schulz-234x300.jpg 234w, https:\/\/evileu.de\/oddballs\/wp-content\/uploads\/2016\/11\/schulz-19x24.jpg 19w, https:\/\/evileu.de\/oddballs\/wp-content\/uploads\/2016\/11\/schulz-28x36.jpg 28w, https:\/\/evileu.de\/oddballs\/wp-content\/uploads\/2016\/11\/schulz-37x48.jpg 37w, https:\/\/evileu.de\/oddballs\/wp-content\/uploads\/2016\/11\/schulz.jpg 370w\" sizes=\"(max-width: 234px) 100vw, 234px\" \/><\/a><figcaption id=\"caption-attachment-257\" class=\"wp-caption-text\">schulz buch<\/figcaption><\/figure>\n<p>Das Buch war ein Hit bei allen Handarbeitsfreundinnen, und Herrn Schulz&#8216; neue Strick-Kunst fand begeistertes Echo in den Frauenzeitschriften und in der Fachpresse. Es ist heute leider nur noch antiquarisch erh\u00e4ltlich, und wird auch zu ziemlich happigen Preisen gehandelt (ab ca. 30 \u20ac). Aber die Investition lohnt sich auf jeden Fall, Horst Schulz hat hier eine wahre Fundgrube an neuen, originellen und einfach wundersch\u00f6nen bunten Strickereien geschaffen, die sofort Lust aufs Nacharbeiten machen.<\/p>\n<figure id=\"attachment_259\" aria-describedby=\"caption-attachment-259\" style=\"width: 300px\" class=\"wp-caption aligncenter\"><a href=\"http:\/\/evileu.de\/oddballs\/wp-content\/uploads\/2016\/11\/wolfis-decke.jpg\"><img decoding=\"async\" loading=\"lazy\" class=\"wp-image-259 size-medium\" src=\"http:\/\/evileu.de\/oddballs\/wp-content\/uploads\/2016\/11\/wolfis-decke-300x225.jpg\" alt=\"wolfis patchworkdecke\" width=\"300\" height=\"225\" srcset=\"https:\/\/evileu.de\/oddballs\/wp-content\/uploads\/2016\/11\/wolfis-decke-300x225.jpg 300w, https:\/\/evileu.de\/oddballs\/wp-content\/uploads\/2016\/11\/wolfis-decke-768x576.jpg 768w, https:\/\/evileu.de\/oddballs\/wp-content\/uploads\/2016\/11\/wolfis-decke-1024x768.jpg 1024w, https:\/\/evileu.de\/oddballs\/wp-content\/uploads\/2016\/11\/wolfis-decke-24x18.jpg 24w, https:\/\/evileu.de\/oddballs\/wp-content\/uploads\/2016\/11\/wolfis-decke-36x27.jpg 36w, https:\/\/evileu.de\/oddballs\/wp-content\/uploads\/2016\/11\/wolfis-decke-48x36.jpg 48w, https:\/\/evileu.de\/oddballs\/wp-content\/uploads\/2016\/11\/wolfis-decke.jpg 1600w\" sizes=\"(max-width: 300px) 100vw, 300px\" \/><\/a><figcaption id=\"caption-attachment-259\" class=\"wp-caption-text\">wolfis patchworkdecke<\/figcaption><\/figure>\n<p>Ich m\u00f6chte euch hier ein paar von mir selbst geschriebene Anleitungen zum Patchworkstricken vorstellen, damit ihr mal einen Einblick in die Methode bekommt.\u00a0 Aber wenn euch diese Strickweise Spa\u00df macht und gef\u00e4llt, w\u00fcrde ich euch auf jeden Fall das Buch von Herrn Schulz ans Herz legen! Die Anschaffung lohnt sich, schon allein der tollen Fotos wegen.<\/p>\n<p><a href=\"http:\/\/evileu.de\/oddballs\/wp-content\/uploads\/2016\/11\/trenner_oddballs-1.jpg\"><img decoding=\"async\" loading=\"lazy\" class=\"aligncenter size-full wp-image-165\" src=\"http:\/\/evileu.de\/oddballs\/wp-content\/uploads\/2016\/11\/trenner_oddballs-1.jpg\" alt=\"trenner_oddballs\" width=\"800\" height=\"67\" srcset=\"https:\/\/evileu.de\/oddballs\/wp-content\/uploads\/2016\/11\/trenner_oddballs-1.jpg 800w, https:\/\/evileu.de\/oddballs\/wp-content\/uploads\/2016\/11\/trenner_oddballs-1-300x25.jpg 300w, https:\/\/evileu.de\/oddballs\/wp-content\/uploads\/2016\/11\/trenner_oddballs-1-768x64.jpg 768w, https:\/\/evileu.de\/oddballs\/wp-content\/uploads\/2016\/11\/trenner_oddballs-1-24x2.jpg 24w, https:\/\/evileu.de\/oddballs\/wp-content\/uploads\/2016\/11\/trenner_oddballs-1-36x3.jpg 36w, https:\/\/evileu.de\/oddballs\/wp-content\/uploads\/2016\/11\/trenner_oddballs-1-48x4.jpg 48w\" sizes=\"(max-width: 800px) 100vw, 800px\" \/><\/a><\/p>\n<h2>Streifentechnik<\/h2>\n<p>Die Streifentechnik ist die einfachste Patchwork-Stricktechnik und sehr Anf\u00e4ngertauglich. Wie sie prinzipiell funktioniert, erkl\u00e4re ich in dieser Anleitung:<\/p>\n<h3><a href=\"http:\/\/evileu.de\/oddballs\/wp-content\/uploads\/2016\/11\/AnleitungStreifen.pdf\">anleitungstreifen<\/a> als PDF.<\/h3>\n<h2>Die Restekiste<\/h2>\n<p>Ein Patchworkstrickzeug f\u00e4ngt bei mir immer mit einer Restekiste an, in der ich mir die Farben zusammenstelle. Das hier ist so eine Restekiste, und links im Bild seht ihr, wie das ganze dann in relativ breiten Streifen gestrickt ausah:<\/p>\n<figure id=\"attachment_263\" aria-describedby=\"caption-attachment-263\" style=\"width: 400px\" class=\"wp-caption aligncenter\"><a href=\"http:\/\/evileu.de\/oddballs\/wp-content\/uploads\/2016\/11\/ammersee.jpg\"><img decoding=\"async\" loading=\"lazy\" class=\"wp-image-263 size-full\" src=\"http:\/\/evileu.de\/oddballs\/wp-content\/uploads\/2016\/11\/ammersee.jpg\" alt=\"ammersee-restekiste\" width=\"400\" height=\"300\" srcset=\"https:\/\/evileu.de\/oddballs\/wp-content\/uploads\/2016\/11\/ammersee.jpg 400w, https:\/\/evileu.de\/oddballs\/wp-content\/uploads\/2016\/11\/ammersee-300x225.jpg 300w, https:\/\/evileu.de\/oddballs\/wp-content\/uploads\/2016\/11\/ammersee-24x18.jpg 24w, https:\/\/evileu.de\/oddballs\/wp-content\/uploads\/2016\/11\/ammersee-36x27.jpg 36w, https:\/\/evileu.de\/oddballs\/wp-content\/uploads\/2016\/11\/ammersee-48x36.jpg 48w\" sizes=\"(max-width: 400px) 100vw, 400px\" \/><\/a><figcaption id=\"caption-attachment-263\" class=\"wp-caption-text\">ammersee-restekiste<\/figcaption><\/figure>\n<p>Hier sehr ihr die fertige Jacke, man kann die Streifenf\u00fchrung gut erkennen:<\/p>\n<figure id=\"attachment_267\" aria-describedby=\"caption-attachment-267\" style=\"width: 300px\" class=\"wp-caption aligncenter\"><a href=\"http:\/\/evileu.de\/oddballs\/wp-content\/uploads\/2016\/11\/DSCN0189.jpg\"><img decoding=\"async\" loading=\"lazy\" class=\"wp-image-267 size-medium\" src=\"http:\/\/evileu.de\/oddballs\/wp-content\/uploads\/2016\/11\/DSCN0189-300x225.jpg\" alt=\"ammersee jacke\" width=\"300\" height=\"225\" srcset=\"https:\/\/evileu.de\/oddballs\/wp-content\/uploads\/2016\/11\/DSCN0189-300x225.jpg 300w, https:\/\/evileu.de\/oddballs\/wp-content\/uploads\/2016\/11\/DSCN0189-768x576.jpg 768w, https:\/\/evileu.de\/oddballs\/wp-content\/uploads\/2016\/11\/DSCN0189-1024x768.jpg 1024w, https:\/\/evileu.de\/oddballs\/wp-content\/uploads\/2016\/11\/DSCN0189-24x18.jpg 24w, https:\/\/evileu.de\/oddballs\/wp-content\/uploads\/2016\/11\/DSCN0189-36x27.jpg 36w, https:\/\/evileu.de\/oddballs\/wp-content\/uploads\/2016\/11\/DSCN0189-48x36.jpg 48w, https:\/\/evileu.de\/oddballs\/wp-content\/uploads\/2016\/11\/DSCN0189.jpg 1600w\" sizes=\"(max-width: 300px) 100vw, 300px\" \/><\/a><figcaption id=\"caption-attachment-267\" class=\"wp-caption-text\">ammersee jacke<\/figcaption><\/figure>\n<h2>Patchwork in Gladiolen-Farben<\/h2>\n<p>Man kann auch ganz schmale Streifen stricken, nur so 10, 12 Maschen breit, und daraus lassen sich die sch\u00f6nsten Patchworkmuster zusammenstellen. Hier eine Jacke, deren Farben ich bei einem Strau\u00df Gladiolen abgeschaut habe:<\/p>\n<figure id=\"attachment_265\" aria-describedby=\"caption-attachment-265\" style=\"width: 225px\" class=\"wp-caption aligncenter\"><a href=\"http:\/\/evileu.de\/oddballs\/wp-content\/uploads\/2016\/11\/DSCN0278.jpg\"><img decoding=\"async\" loading=\"lazy\" class=\"wp-image-265 size-medium\" src=\"http:\/\/evileu.de\/oddballs\/wp-content\/uploads\/2016\/11\/DSCN0278-225x300.jpg\" alt=\"gladiolen\" width=\"225\" height=\"300\" srcset=\"https:\/\/evileu.de\/oddballs\/wp-content\/uploads\/2016\/11\/DSCN0278-225x300.jpg 225w, https:\/\/evileu.de\/oddballs\/wp-content\/uploads\/2016\/11\/DSCN0278-768x1024.jpg 768w, https:\/\/evileu.de\/oddballs\/wp-content\/uploads\/2016\/11\/DSCN0278-18x24.jpg 18w, https:\/\/evileu.de\/oddballs\/wp-content\/uploads\/2016\/11\/DSCN0278-27x36.jpg 27w, https:\/\/evileu.de\/oddballs\/wp-content\/uploads\/2016\/11\/DSCN0278-36x48.jpg 36w, https:\/\/evileu.de\/oddballs\/wp-content\/uploads\/2016\/11\/DSCN0278.jpg 1200w\" sizes=\"(max-width: 225px) 100vw, 225px\" \/><\/a><figcaption id=\"caption-attachment-265\" class=\"wp-caption-text\">gladiolen<\/figcaption><\/figure>\n<h2>Patchwork Trip around the world<\/h2>\n<p>Und hier ein besonders sch\u00f6nes St\u00fcck, das ich nach einem traditionellen Stoff-Patchworkmuster gestaltet habe, einem &#8222;Trip around the world&#8220;:<\/p>\n<figure id=\"attachment_266\" aria-describedby=\"caption-attachment-266\" style=\"width: 225px\" class=\"wp-caption aligncenter\"><a href=\"http:\/\/evileu.de\/oddballs\/wp-content\/uploads\/2016\/11\/tatw.jpg\"><img decoding=\"async\" loading=\"lazy\" class=\"wp-image-266 size-medium\" src=\"http:\/\/evileu.de\/oddballs\/wp-content\/uploads\/2016\/11\/tatw-225x300.jpg\" alt=\"jacke trip around the world\" width=\"225\" height=\"300\" srcset=\"https:\/\/evileu.de\/oddballs\/wp-content\/uploads\/2016\/11\/tatw-225x300.jpg 225w, https:\/\/evileu.de\/oddballs\/wp-content\/uploads\/2016\/11\/tatw-18x24.jpg 18w, https:\/\/evileu.de\/oddballs\/wp-content\/uploads\/2016\/11\/tatw-27x36.jpg 27w, https:\/\/evileu.de\/oddballs\/wp-content\/uploads\/2016\/11\/tatw-36x48.jpg 36w, https:\/\/evileu.de\/oddballs\/wp-content\/uploads\/2016\/11\/tatw.jpg 300w\" sizes=\"(max-width: 225px) 100vw, 225px\" \/><\/a><figcaption id=\"caption-attachment-266\" class=\"wp-caption-text\">jacke trip around the world<\/figcaption><\/figure>\n<p>Die Streifentechnik ist wirklich sehr leicht zu erlernen, und sehr zu empfehlen wenn man das Patchworkstricken neu ausprobieren m\u00f6chte.<\/p>\n<p><a href=\"http:\/\/evileu.de\/oddballs\/wp-content\/uploads\/2016\/11\/trenner_oddballs-1.jpg\"><img decoding=\"async\" loading=\"lazy\" class=\"aligncenter size-full wp-image-165\" src=\"http:\/\/evileu.de\/oddballs\/wp-content\/uploads\/2016\/11\/trenner_oddballs-1.jpg\" alt=\"trenner_oddballs\" width=\"800\" height=\"67\" srcset=\"https:\/\/evileu.de\/oddballs\/wp-content\/uploads\/2016\/11\/trenner_oddballs-1.jpg 800w, https:\/\/evileu.de\/oddballs\/wp-content\/uploads\/2016\/11\/trenner_oddballs-1-300x25.jpg 300w, https:\/\/evileu.de\/oddballs\/wp-content\/uploads\/2016\/11\/trenner_oddballs-1-768x64.jpg 768w, https:\/\/evileu.de\/oddballs\/wp-content\/uploads\/2016\/11\/trenner_oddballs-1-24x2.jpg 24w, https:\/\/evileu.de\/oddballs\/wp-content\/uploads\/2016\/11\/trenner_oddballs-1-36x3.jpg 36w, https:\/\/evileu.de\/oddballs\/wp-content\/uploads\/2016\/11\/trenner_oddballs-1-48x4.jpg 48w\" sizes=\"(max-width: 800px) 100vw, 800px\" \/><\/a><\/p>\n<h2>Simples Rautenmuster<\/h2>\n<p>Ein anderes einfaches, f\u00fcr Anf\u00e4nger geeignetes Patchworkmuster sind kraus gestrickte &#8222;Topflappen&#8220; oder Rauten:<\/p>\n<figure id=\"attachment_269\" aria-describedby=\"caption-attachment-269\" style=\"width: 640px\" class=\"wp-caption aligncenter\"><a href=\"http:\/\/evileu.de\/oddballs\/wp-content\/uploads\/2016\/11\/DSCN0040.jpg\"><img decoding=\"async\" loading=\"lazy\" class=\"wp-image-269 size-full\" src=\"http:\/\/evileu.de\/oddballs\/wp-content\/uploads\/2016\/11\/DSCN0040.jpg\" alt=\"rauten krausgestrickt\" width=\"640\" height=\"480\" srcset=\"https:\/\/evileu.de\/oddballs\/wp-content\/uploads\/2016\/11\/DSCN0040.jpg 640w, https:\/\/evileu.de\/oddballs\/wp-content\/uploads\/2016\/11\/DSCN0040-300x225.jpg 300w, https:\/\/evileu.de\/oddballs\/wp-content\/uploads\/2016\/11\/DSCN0040-24x18.jpg 24w, https:\/\/evileu.de\/oddballs\/wp-content\/uploads\/2016\/11\/DSCN0040-36x27.jpg 36w, https:\/\/evileu.de\/oddballs\/wp-content\/uploads\/2016\/11\/DSCN0040-48x36.jpg 48w\" sizes=\"(max-width: 640px) 100vw, 640px\" \/><\/a><figcaption id=\"caption-attachment-269\" class=\"wp-caption-text\">rauten kraus<\/figcaption><\/figure>\n<p>Das eignet sich prima mit etwas dickerere Wolle f\u00fcr eine Decke, durch das dichte Rippengestrick wird das St\u00fcck sch\u00f6n kuschelig weich und warm, und es rollt oder zipfelt nix.<\/p>\n<p>Eine ganz genaue Anleitung f\u00fcr die krausen Rauten mit Step-by-Step-Fotos findet ihr hier<\/p>\n<h3><a href=\"http:\/\/evileu.de\/oddballs\/wp-content\/uploads\/2016\/11\/AnleitungPatchworkRauten.pdf\">anleitung patchwork rauten<\/a> als PDF.<\/h3>\n<p><a href=\"http:\/\/evileu.de\/oddballs\/wp-content\/uploads\/2016\/11\/trenner_oddballs.jpg\"><img decoding=\"async\" loading=\"lazy\" class=\"aligncenter size-full wp-image-81\" src=\"http:\/\/evileu.de\/oddballs\/wp-content\/uploads\/2016\/11\/trenner_oddballs.jpg\" alt=\"trenner_oddballs\" width=\"800\" height=\"67\" srcset=\"https:\/\/evileu.de\/oddballs\/wp-content\/uploads\/2016\/11\/trenner_oddballs.jpg 800w, https:\/\/evileu.de\/oddballs\/wp-content\/uploads\/2016\/11\/trenner_oddballs-300x25.jpg 300w, https:\/\/evileu.de\/oddballs\/wp-content\/uploads\/2016\/11\/trenner_oddballs-768x64.jpg 768w, https:\/\/evileu.de\/oddballs\/wp-content\/uploads\/2016\/11\/trenner_oddballs-24x2.jpg 24w, https:\/\/evileu.de\/oddballs\/wp-content\/uploads\/2016\/11\/trenner_oddballs-36x3.jpg 36w, https:\/\/evileu.de\/oddballs\/wp-content\/uploads\/2016\/11\/trenner_oddballs-48x4.jpg 48w\" sizes=\"(max-width: 800px) 100vw, 800px\" \/><\/a><\/p>\n<h2>Mehrfarbiges <strong>Rautenmuster<\/strong><\/h2>\n<p>Dieses sch\u00f6ne Rautenmuster ist etwas f\u00fcr schon etwas fortgeschrittenere Patchworkfans. Es wechseln sich glatt rechts gestrickte Reihen mit krausen Reihen ab, dadurch bekommt das Gestrick eine ganz tolle plastische Struktur. Ich finde es am Sch\u00f6nsten, wenn man die bunten Rauten in einer Farbfamilie arbeitet:<\/p>\n<figure id=\"attachment_272\" aria-describedby=\"caption-attachment-272\" style=\"width: 225px\" class=\"wp-caption aligncenter\"><a href=\"http:\/\/evileu.de\/oddballs\/wp-content\/uploads\/2016\/11\/rauten-braun.jpg\"><img decoding=\"async\" loading=\"lazy\" class=\"wp-image-272 size-medium\" src=\"http:\/\/evileu.de\/oddballs\/wp-content\/uploads\/2016\/11\/rauten-braun-225x300.jpg\" alt=\"weste rauten braun\" width=\"225\" height=\"300\" srcset=\"https:\/\/evileu.de\/oddballs\/wp-content\/uploads\/2016\/11\/rauten-braun-225x300.jpg 225w, https:\/\/evileu.de\/oddballs\/wp-content\/uploads\/2016\/11\/rauten-braun-768x1024.jpg 768w, https:\/\/evileu.de\/oddballs\/wp-content\/uploads\/2016\/11\/rauten-braun-18x24.jpg 18w, https:\/\/evileu.de\/oddballs\/wp-content\/uploads\/2016\/11\/rauten-braun-27x36.jpg 27w, https:\/\/evileu.de\/oddballs\/wp-content\/uploads\/2016\/11\/rauten-braun-36x48.jpg 36w, https:\/\/evileu.de\/oddballs\/wp-content\/uploads\/2016\/11\/rauten-braun.jpg 1200w\" sizes=\"(max-width: 225px) 100vw, 225px\" \/><\/a><figcaption id=\"caption-attachment-272\" class=\"wp-caption-text\">weste rauten braun<\/figcaption><\/figure>\n<p>Man kann sich auch die Farben von einem anderen Kleidungsst\u00fcck abschauen. Hier habe ich den buntgebl\u00fcmten Stoff vom Oberteil meines Sommerdirndls als Farbvorlage genommen und mir eine passende Weste gestrickt:<\/p>\n<figure id=\"attachment_273\" aria-describedby=\"caption-attachment-273\" style=\"width: 225px\" class=\"wp-caption aligncenter\"><a href=\"http:\/\/evileu.de\/oddballs\/wp-content\/uploads\/2016\/11\/rauten-dirndl.jpg\"><img decoding=\"async\" loading=\"lazy\" class=\"wp-image-273 size-medium\" src=\"http:\/\/evileu.de\/oddballs\/wp-content\/uploads\/2016\/11\/rauten-dirndl-225x300.jpg\" alt=\"rauten passend zum dirndl\" width=\"225\" height=\"300\" srcset=\"https:\/\/evileu.de\/oddballs\/wp-content\/uploads\/2016\/11\/rauten-dirndl-225x300.jpg 225w, https:\/\/evileu.de\/oddballs\/wp-content\/uploads\/2016\/11\/rauten-dirndl-768x1024.jpg 768w, https:\/\/evileu.de\/oddballs\/wp-content\/uploads\/2016\/11\/rauten-dirndl-18x24.jpg 18w, https:\/\/evileu.de\/oddballs\/wp-content\/uploads\/2016\/11\/rauten-dirndl-27x36.jpg 27w, https:\/\/evileu.de\/oddballs\/wp-content\/uploads\/2016\/11\/rauten-dirndl-36x48.jpg 36w, https:\/\/evileu.de\/oddballs\/wp-content\/uploads\/2016\/11\/rauten-dirndl.jpg 1200w\" sizes=\"(max-width: 225px) 100vw, 225px\" \/><\/a><figcaption id=\"caption-attachment-273\" class=\"wp-caption-text\">rauten dirndl<\/figcaption><\/figure>\n<p>Hier seht ihr die ganze Weste zum Dirndl, fehlen nur noch die Blenden, die werden als Letztes drangestrickt:<\/p>\n<figure id=\"attachment_274\" aria-describedby=\"caption-attachment-274\" style=\"width: 225px\" class=\"wp-caption aligncenter\"><a href=\"http:\/\/evileu.de\/oddballs\/wp-content\/uploads\/2016\/11\/DSCN0501.jpg\"><img decoding=\"async\" loading=\"lazy\" class=\"wp-image-274 size-medium\" src=\"http:\/\/evileu.de\/oddballs\/wp-content\/uploads\/2016\/11\/DSCN0501-225x300.jpg\" alt=\"weste dirndl ganz\" width=\"225\" height=\"300\" srcset=\"https:\/\/evileu.de\/oddballs\/wp-content\/uploads\/2016\/11\/DSCN0501-225x300.jpg 225w, https:\/\/evileu.de\/oddballs\/wp-content\/uploads\/2016\/11\/DSCN0501-768x1024.jpg 768w, https:\/\/evileu.de\/oddballs\/wp-content\/uploads\/2016\/11\/DSCN0501-18x24.jpg 18w, https:\/\/evileu.de\/oddballs\/wp-content\/uploads\/2016\/11\/DSCN0501-27x36.jpg 27w, https:\/\/evileu.de\/oddballs\/wp-content\/uploads\/2016\/11\/DSCN0501-36x48.jpg 36w, https:\/\/evileu.de\/oddballs\/wp-content\/uploads\/2016\/11\/DSCN0501.jpg 1200w\" sizes=\"(max-width: 225px) 100vw, 225px\" \/><\/a><figcaption id=\"caption-attachment-274\" class=\"wp-caption-text\">weste dirndl ganz<\/figcaption><\/figure>\n<p>Die detaillierte Anleitung f\u00fcr die mehrfarbigen Rauten mit vielen step-by-step-Fotos findet ihr hier:<\/p>\n<h3><a href=\"http:\/\/evileu.de\/oddballs\/wp-content\/uploads\/2016\/11\/PatchworkRauten.pdf\">patchwork rauten als PDF<\/a><\/h3>\n<p>Viel Spa\u00df beim Nacharbeiten, aber Vorsicht: Patchworkstricken macht s\u00fcchtig!<\/p>\n<p><a href=\"http:\/\/evileu.de\/oddballs\/wp-content\/uploads\/2016\/11\/trenner_oddballs-1.jpg\"><img decoding=\"async\" loading=\"lazy\" class=\"aligncenter size-full wp-image-165\" src=\"http:\/\/evileu.de\/oddballs\/wp-content\/uploads\/2016\/11\/trenner_oddballs-1.jpg\" alt=\"trenner_oddballs\" width=\"800\" height=\"67\" srcset=\"https:\/\/evileu.de\/oddballs\/wp-content\/uploads\/2016\/11\/trenner_oddballs-1.jpg 800w, https:\/\/evileu.de\/oddballs\/wp-content\/uploads\/2016\/11\/trenner_oddballs-1-300x25.jpg 300w, https:\/\/evileu.de\/oddballs\/wp-content\/uploads\/2016\/11\/trenner_oddballs-1-768x64.jpg 768w, https:\/\/evileu.de\/oddballs\/wp-content\/uploads\/2016\/11\/trenner_oddballs-1-24x2.jpg 24w, https:\/\/evileu.de\/oddballs\/wp-content\/uploads\/2016\/11\/trenner_oddballs-1-36x3.jpg 36w, https:\/\/evileu.de\/oddballs\/wp-content\/uploads\/2016\/11\/trenner_oddballs-1-48x4.jpg 48w\" sizes=\"(max-width: 800px) 100vw, 800px\" \/><\/a><\/p>\n<h2>Vierfarbiges Muschelmuster nach Horst Schulz<\/h2>\n<p>Das wundersch\u00f6ne vierfarbige Muschelmuster hat Horst Schulz in seinem genialen Buch \u201eDas neue Stricken\u201c vorgestellt. Ich habe es gr\u00fcndlich \u00fcberarbeitet und vereinfacht, so dass es leichter zu stricken ist. Man sollte allerdings schon etwas Erfahrung im Patchworkstricken haben, ehe man es ausprobiert.<\/p>\n<p>Hier klicken f\u00fcr die Anleitung:\u00a0<a href=\"http:\/\/evileu.de\/oddballs\/wp-content\/uploads\/2016\/11\/Vierfarbige_Muscheln.pdf\">Vierfarbige_Muscheln<\/a><\/p>\n<figure id=\"attachment_954\" aria-describedby=\"caption-attachment-954\" style=\"width: 1200px\" class=\"wp-caption aligncenter\"><a href=\"http:\/\/evileu.de\/oddballs\/wp-content\/uploads\/2017\/10\/Muschelweste.jpg\"><img decoding=\"async\" loading=\"lazy\" class=\"size-full wp-image-954\" src=\"http:\/\/evileu.de\/oddballs\/wp-content\/uploads\/2017\/10\/Muschelweste.jpg\" alt=\"Muschelweste\" width=\"1200\" height=\"1600\" srcset=\"https:\/\/evileu.de\/oddballs\/wp-content\/uploads\/2017\/10\/Muschelweste.jpg 1200w, https:\/\/evileu.de\/oddballs\/wp-content\/uploads\/2017\/10\/Muschelweste-225x300.jpg 225w, https:\/\/evileu.de\/oddballs\/wp-content\/uploads\/2017\/10\/Muschelweste-768x1024.jpg 768w\" sizes=\"(max-width: 1200px) 100vw, 1200px\" \/><\/a><figcaption id=\"caption-attachment-954\" class=\"wp-caption-text\">Muschelweste<\/figcaption><\/figure>\n<p>&nbsp;<\/p>\n<h2>Urmis Weste<\/h2>\n<p>Das wundersch\u00f6ne vierfarbige Muschelmuster eignet sich hervorragend f\u00fcr eine warme Weste, man muss nur bei der Konstruktion ein bisschen erfinderisch sein, damit die Arml\u00f6cher und der Ausschnitt auch passen. Wer das Muschelmuster schon sehr gut kennt kann sich das selber zusammenreimen, f\u00fcr alle anderen habe ich hier einmal eine ganz genaue Anleitung geschrieben, wie man die Weste konstruiert.<\/p>\n<p>Ich stricke sonst eigentlich immer mit bunt gemischten Wollresten, hier habe ich ausnahmsweise einmal nur zwei Garne verwendet, n\u00e4mlich die Boston und die Silenzio von Schachenmayr DMC. Das hat den Vorteil, dass man die Weste sehr gut nachstricken kann, wenn man das selbe Garn verwendet. Da haut dann auch die Maschenprobe hin, und die Pa\u00dfform stimmt.<\/p>\n<figure id=\"attachment_1094\" aria-describedby=\"caption-attachment-1094\" style=\"width: 1704px\" class=\"wp-caption aligncenter\"><a href=\"http:\/\/evileu.de\/oddballs\/wp-content\/uploads\/2016\/10\/urmiweste.jpg\"><img decoding=\"async\" loading=\"lazy\" id=\"longdesc-return-1094\" class=\"size-full wp-image-1094\" tabindex=\"-1\" src=\"http:\/\/evileu.de\/oddballs\/wp-content\/uploads\/2016\/10\/urmiweste.jpg\" alt=\"urmiweste\" width=\"1704\" height=\"2272\" longdesc=\"http:\/\/evileu.de\/oddballs?longdesc=1094&amp;referrer=255\" srcset=\"https:\/\/evileu.de\/oddballs\/wp-content\/uploads\/2016\/10\/urmiweste.jpg 1704w, https:\/\/evileu.de\/oddballs\/wp-content\/uploads\/2016\/10\/urmiweste-225x300.jpg 225w, https:\/\/evileu.de\/oddballs\/wp-content\/uploads\/2016\/10\/urmiweste-768x1024.jpg 768w\" sizes=\"(max-width: 1704px) 100vw, 1704px\" \/><\/a><figcaption id=\"caption-attachment-1094\" class=\"wp-caption-text\">urmiweste<\/figcaption><\/figure>\n<p><a href=\"http:\/\/evileu.de\/oddballs\/wp-content\/uploads\/2016\/10\/deutsch_urmis_weste.pdf\">deutsch_urmis_weste<\/a><\/p>\n","protected":false},"excerpt":{"rendered":"<p>&nbsp; Patchworkstricken allgemein Patchworkstricken konnte meine Oma noch, die strickte f\u00fcr uns die sch\u00f6nsten bunten Kuscheldecken in Streifen- und Topflappentechnik. Aber die Kunst, wie man vielfarbige Muster ohne schreckliches Fadengewirr strickt, ist \u00fcber die Jahre in Vergessenheit geraten. Horst Schulz, der Patchwork-Meister Bis dann ca. 1995 Horst Schulz sein fantastisches Buch &#8222;Das neue Stricken&#8220; herausbrachte, &hellip; <a href=\"https:\/\/evileu.de\/oddballs\/alle_anleitungen\/patchworkstricken\/\" class=\"more-link\"><span class=\"screen-reader-text\">Patchworkstricken<\/span> weiterlesen <span class=\"meta-nav\">&rarr;<\/span><\/a><\/p>\n","protected":false},"author":1,"featured_media":0,"parent":2,"menu_order":5,"comment_status":"open","ping_status":"closed","template":"","meta":[],"_links":{"self":[{"href":"https:\/\/evileu.de\/oddballs\/wp-json\/wp\/v2\/pages\/255"}],"collection":[{"href":"https:\/\/evileu.de\/oddballs\/wp-json\/wp\/v2\/pages"}],"about":[{"href":"https:\/\/evileu.de\/oddballs\/wp-json\/wp\/v2\/types\/page"}],"author":[{"embeddable":true,"href":"https:\/\/evileu.de\/oddballs\/wp-json\/wp\/v2\/users\/1"}],"replies":[{"embeddable":true,"href":"https:\/\/evileu.de\/oddballs\/wp-json\/wp\/v2\/comments?post=255"}],"version-history":[{"count":10,"href":"https:\/\/evileu.de\/oddballs\/wp-json\/wp\/v2\/pages\/255\/revisions"}],"predecessor-version":[{"id":1103,"href":"https:\/\/evileu.de\/oddballs\/wp-json\/wp\/v2\/pages\/255\/revisions\/1103"}],"up":[{"embeddable":true,"href":"https:\/\/evileu.de\/oddballs\/wp-json\/wp\/v2\/pages\/2"}],"wp:attachment":[{"href":"https:\/\/evileu.de\/oddballs\/wp-json\/wp\/v2\/media?parent=255"}],"curies":[{"name":"wp","href":"https:\/\/api.w.org\/{rel}","templated":true}]}}