{"id":210,"date":"2016-11-28T13:42:47","date_gmt":"2016-11-28T12:42:47","guid":{"rendered":"http:\/\/evileu.de\/oddballs\/?page_id=210"},"modified":"2019-09-05T15:32:46","modified_gmt":"2019-09-05T13:32:46","slug":"fuer-koenner-entrelac-das-flechtmuster","status":"publish","type":"page","link":"https:\/\/evileu.de\/oddballs\/alle_anleitungen\/fuer-koenner-entrelac-das-flechtmuster\/","title":{"rendered":"F\u00fcr K\u00f6nner: Entrelac, das Flechtmuster"},"content":{"rendered":"<p>&nbsp;<\/p>\n<h2>Allgemeines zu Entrelac<\/h2>\n<p>Entrelac (frz. \u201everwoben\u201c) ist eine Stricktechnik, die eine au\u00dfergew\u00f6hnliche Struktur ergibt. Sie eignet sich hervorragend, um verschiedenerlei Garnreste zu verarbeiten. Man kann Pullover, Decken, Kissen, Schals, Socken und alles m\u00f6gliche mit dieser Technik stricken. Man kann sogar nur eine einzige Garnsorte verwenden, in einer Farbe, und die Textur ist immer noch ganz etwas besonderes. Besonders sch\u00f6n sieht es auch aus, wenn man ein Verlaufsgarn nimmt:<\/p>\n<figure id=\"attachment_212\" aria-describedby=\"caption-attachment-212\" style=\"width: 320px\" class=\"wp-caption aligncenter\"><a href=\"http:\/\/evileu.de\/oddballs\/wp-content\/uploads\/2016\/11\/entrelac_gerade.jpg\"><img decoding=\"async\" loading=\"lazy\" class=\"wp-image-212 size-full\" src=\"http:\/\/evileu.de\/oddballs\/wp-content\/uploads\/2016\/11\/entrelac_gerade.jpg\" alt=\"entrelac gerade\" width=\"320\" height=\"240\" srcset=\"https:\/\/evileu.de\/oddballs\/wp-content\/uploads\/2016\/11\/entrelac_gerade.jpg 320w, https:\/\/evileu.de\/oddballs\/wp-content\/uploads\/2016\/11\/entrelac_gerade-300x225.jpg 300w, https:\/\/evileu.de\/oddballs\/wp-content\/uploads\/2016\/11\/entrelac_gerade-24x18.jpg 24w, https:\/\/evileu.de\/oddballs\/wp-content\/uploads\/2016\/11\/entrelac_gerade-36x27.jpg 36w, https:\/\/evileu.de\/oddballs\/wp-content\/uploads\/2016\/11\/entrelac_gerade-48x36.jpg 48w\" sizes=\"(max-width: 320px) 100vw, 320px\" \/><\/a><figcaption id=\"caption-attachment-212\" class=\"wp-caption-text\">entrelac gerade<\/figcaption><\/figure>\n<h2>Entrelac gerade<\/h2>\n<p>Hier kommt zun\u00e4chst einmal die Anleitung f\u00fcr gerade hochgestricktes Entrelac. Sie ist sehr umfangreich, mit ganz genauen step-by-step-Fotos, denn Entrelac ist nicht gerade einfach zu stricken. Aber wenn man sich genau an die Anleitung h\u00e4lt, klappt es garantiert, das verspreche ich euch!<\/p>\n<h3><a href=\"http:\/\/evileu.de\/oddballs\/wp-content\/uploads\/2016\/11\/EntrelacGerade.pdf\">entrelac gerade als PDF<\/a><\/h3>\n<p><a href=\"http:\/\/evileu.de\/oddballs\/wp-content\/uploads\/2016\/11\/trenner_oddballs-1.jpg\"><img decoding=\"async\" loading=\"lazy\" class=\"aligncenter size-full wp-image-165\" src=\"http:\/\/evileu.de\/oddballs\/wp-content\/uploads\/2016\/11\/trenner_oddballs-1.jpg\" alt=\"trenner_oddballs\" width=\"800\" height=\"67\" srcset=\"https:\/\/evileu.de\/oddballs\/wp-content\/uploads\/2016\/11\/trenner_oddballs-1.jpg 800w, https:\/\/evileu.de\/oddballs\/wp-content\/uploads\/2016\/11\/trenner_oddballs-1-300x25.jpg 300w, https:\/\/evileu.de\/oddballs\/wp-content\/uploads\/2016\/11\/trenner_oddballs-1-768x64.jpg 768w, https:\/\/evileu.de\/oddballs\/wp-content\/uploads\/2016\/11\/trenner_oddballs-1-24x2.jpg 24w, https:\/\/evileu.de\/oddballs\/wp-content\/uploads\/2016\/11\/trenner_oddballs-1-36x3.jpg 36w, https:\/\/evileu.de\/oddballs\/wp-content\/uploads\/2016\/11\/trenner_oddballs-1-48x4.jpg 48w\" sizes=\"(max-width: 800px) 100vw, 800px\" \/><\/a><\/p>\n<h2>Entrelac f\u00fcr Dreieckst\u00fccher<\/h2>\n<p>Man kann im Entrelac-Muster aber auch sehr, sehr sch\u00f6ne Dreieckst\u00fccher stricken:<\/p>\n<figure id=\"attachment_214\" aria-describedby=\"caption-attachment-214\" style=\"width: 400px\" class=\"wp-caption aligncenter\"><a href=\"http:\/\/evileu.de\/oddballs\/wp-content\/uploads\/2016\/11\/mehrpinkorange.jpg\"><img decoding=\"async\" loading=\"lazy\" class=\"wp-image-214 size-full\" src=\"http:\/\/evileu.de\/oddballs\/wp-content\/uploads\/2016\/11\/mehrpinkorange.jpg\" alt=\"dreieckstuch pink und orange\" width=\"400\" height=\"299\" srcset=\"https:\/\/evileu.de\/oddballs\/wp-content\/uploads\/2016\/11\/mehrpinkorange.jpg 400w, https:\/\/evileu.de\/oddballs\/wp-content\/uploads\/2016\/11\/mehrpinkorange-300x224.jpg 300w, https:\/\/evileu.de\/oddballs\/wp-content\/uploads\/2016\/11\/mehrpinkorange-24x18.jpg 24w, https:\/\/evileu.de\/oddballs\/wp-content\/uploads\/2016\/11\/mehrpinkorange-36x27.jpg 36w, https:\/\/evileu.de\/oddballs\/wp-content\/uploads\/2016\/11\/mehrpinkorange-48x36.jpg 48w\" sizes=\"(max-width: 400px) 100vw, 400px\" \/><\/a><figcaption id=\"caption-attachment-214\" class=\"wp-caption-text\">dreieckstuch pink und orange<\/figcaption><\/figure>\n<p>Wie das geht, habe ich ebenfalls sehr genau beschrieben, mit vielen Fotos und auch Tipps zum Finishing.<\/p>\n<figure id=\"attachment_215\" aria-describedby=\"caption-attachment-215\" style=\"width: 889px\" class=\"wp-caption aligncenter\"><a href=\"http:\/\/evileu.de\/oddballs\/wp-content\/uploads\/2016\/11\/Pfeile.jpg\"><img decoding=\"async\" loading=\"lazy\" class=\"wp-image-215 size-full\" src=\"http:\/\/evileu.de\/oddballs\/wp-content\/uploads\/2016\/11\/Pfeile.jpg\" alt=\"entrelac anleitungsbild mit pfeilen\" width=\"889\" height=\"937\" srcset=\"https:\/\/evileu.de\/oddballs\/wp-content\/uploads\/2016\/11\/Pfeile.jpg 889w, https:\/\/evileu.de\/oddballs\/wp-content\/uploads\/2016\/11\/Pfeile-285x300.jpg 285w, https:\/\/evileu.de\/oddballs\/wp-content\/uploads\/2016\/11\/Pfeile-768x809.jpg 768w, https:\/\/evileu.de\/oddballs\/wp-content\/uploads\/2016\/11\/Pfeile-24x24.jpg 24w, https:\/\/evileu.de\/oddballs\/wp-content\/uploads\/2016\/11\/Pfeile-34x36.jpg 34w, https:\/\/evileu.de\/oddballs\/wp-content\/uploads\/2016\/11\/Pfeile-46x48.jpg 46w\" sizes=\"(max-width: 889px) 100vw, 889px\" \/><\/a><figcaption id=\"caption-attachment-215\" class=\"wp-caption-text\">entrelac anleitungsbild mit pfeilen<\/figcaption><\/figure>\n<p>Hier kommt die Anleitung f\u00fcr Entrelac f\u00fcr Dreieckst\u00fccher:<\/p>\n<p>Neu! Komplett neu \u00fcberarbeitet, mit vielen neuen Fotos!<\/p>\n<h3><a href=\"http:\/\/evileu.de\/oddballs\/wp-content\/uploads\/2016\/10\/entrelacDreieck_2019.pdf\">entrelacDreieck_2019<\/a>\u00a0als PDF<\/h3>\n<p>Ich w\u00fcnsche viel Erfolg beim Ausprobieren dieses tollen traditionellen Meisterinnen-Musters!<\/p>\n<p><a href=\"http:\/\/evileu.de\/oddballs\/wp-content\/uploads\/2016\/11\/trenner_oddballs-1.jpg\"><img decoding=\"async\" loading=\"lazy\" class=\"aligncenter size-full wp-image-165\" src=\"http:\/\/evileu.de\/oddballs\/wp-content\/uploads\/2016\/11\/trenner_oddballs-1.jpg\" alt=\"trenner_oddballs\" width=\"800\" height=\"67\" srcset=\"https:\/\/evileu.de\/oddballs\/wp-content\/uploads\/2016\/11\/trenner_oddballs-1.jpg 800w, https:\/\/evileu.de\/oddballs\/wp-content\/uploads\/2016\/11\/trenner_oddballs-1-300x25.jpg 300w, https:\/\/evileu.de\/oddballs\/wp-content\/uploads\/2016\/11\/trenner_oddballs-1-768x64.jpg 768w, https:\/\/evileu.de\/oddballs\/wp-content\/uploads\/2016\/11\/trenner_oddballs-1-24x2.jpg 24w, https:\/\/evileu.de\/oddballs\/wp-content\/uploads\/2016\/11\/trenner_oddballs-1-36x3.jpg 36w, https:\/\/evileu.de\/oddballs\/wp-content\/uploads\/2016\/11\/trenner_oddballs-1-48x4.jpg 48w\" sizes=\"(max-width: 800px) 100vw, 800px\" \/><\/a><\/p>\n","protected":false},"excerpt":{"rendered":"<p>&nbsp; Allgemeines zu Entrelac Entrelac (frz. \u201everwoben\u201c) ist eine Stricktechnik, die eine au\u00dfergew\u00f6hnliche Struktur ergibt. Sie eignet sich hervorragend, um verschiedenerlei Garnreste zu verarbeiten. Man kann Pullover, Decken, Kissen, Schals, Socken und alles m\u00f6gliche mit dieser Technik stricken. Man kann sogar nur eine einzige Garnsorte verwenden, in einer Farbe, und die Textur ist immer noch &hellip; <a href=\"https:\/\/evileu.de\/oddballs\/alle_anleitungen\/fuer-koenner-entrelac-das-flechtmuster\/\" class=\"more-link\"><span class=\"screen-reader-text\">F\u00fcr K\u00f6nner: Entrelac, das Flechtmuster<\/span> weiterlesen <span class=\"meta-nav\">&rarr;<\/span><\/a><\/p>\n","protected":false},"author":1,"featured_media":0,"parent":2,"menu_order":4,"comment_status":"open","ping_status":"closed","template":"","meta":[],"_links":{"self":[{"href":"https:\/\/evileu.de\/oddballs\/wp-json\/wp\/v2\/pages\/210"}],"collection":[{"href":"https:\/\/evileu.de\/oddballs\/wp-json\/wp\/v2\/pages"}],"about":[{"href":"https:\/\/evileu.de\/oddballs\/wp-json\/wp\/v2\/types\/page"}],"author":[{"embeddable":true,"href":"https:\/\/evileu.de\/oddballs\/wp-json\/wp\/v2\/users\/1"}],"replies":[{"embeddable":true,"href":"https:\/\/evileu.de\/oddballs\/wp-json\/wp\/v2\/comments?post=210"}],"version-history":[{"count":7,"href":"https:\/\/evileu.de\/oddballs\/wp-json\/wp\/v2\/pages\/210\/revisions"}],"predecessor-version":[{"id":1319,"href":"https:\/\/evileu.de\/oddballs\/wp-json\/wp\/v2\/pages\/210\/revisions\/1319"}],"up":[{"embeddable":true,"href":"https:\/\/evileu.de\/oddballs\/wp-json\/wp\/v2\/pages\/2"}],"wp:attachment":[{"href":"https:\/\/evileu.de\/oddballs\/wp-json\/wp\/v2\/media?parent=210"}],"curies":[{"name":"wp","href":"https:\/\/api.w.org\/{rel}","templated":true}]}}