{"id":20,"date":"2016-10-30T04:14:49","date_gmt":"2016-10-30T03:14:49","guid":{"rendered":"http:\/\/evileu.de\/oddballs\/?page_id=20"},"modified":"2024-02-17T11:48:01","modified_gmt":"2024-02-17T10:48:01","slug":"startseite","status":"publish","type":"page","link":"https:\/\/evileu.de\/oddballs\/","title":{"rendered":"Herzlich Willkommen"},"content":{"rendered":"<h2>Liebe Freundinnen und Freunde meiner Handarbeitsseiten,<\/h2>\n<h2>das kostenlose eBook ist jetzt erh\u00e4ltlich!<\/h2>\n<p>Mein neues eBook \u201cPatchwork Stricken und H\u00e4keln mit Evi Silvia Leu\u201d ist <strong>JETZT<\/strong> erh\u00e4ltlich!<a href=\"http:\/\/evileu.de\/oddballs\/wp-content\/uploads\/2024\/02\/Titelbild.jpg\"><img decoding=\"async\" loading=\"lazy\" class=\"aligncenter size-medium wp-image-1539\" src=\"http:\/\/evileu.de\/oddballs\/wp-content\/uploads\/2024\/02\/Titelbild-223x300.jpg\" alt=\"Titelbild\" width=\"223\" height=\"300\" srcset=\"https:\/\/evileu.de\/oddballs\/wp-content\/uploads\/2024\/02\/Titelbild-223x300.jpg 223w, https:\/\/evileu.de\/oddballs\/wp-content\/uploads\/2024\/02\/Titelbild.jpg 387w\" sizes=\"(max-width: 223px) 100vw, 223px\" \/><\/a><br \/>\nUnd die absolute Sensation: Ich verteile es <strong>KOSTENLOS<\/strong>!<br \/>\nWenn ihr ein Exemplar haben m\u00f6chtet, schreibt mir eine eMail an <a href=\"mailto:evi.s.leu@gmx.de\">evi.s.leu@gmx.de<\/a> und sagt mir, ob ihr es in Deutsch oder Englisch (oder beides) haben m\u00f6chtet. Ich freue mich auf eure Zuschriften!<\/p>\n<p>Wenn euch das Buch gef\u00e4llt und ihr euch f\u00fcr die Arbeit und den Aufwand erkenntlich zeigen wollt, bitte ich um eine kleine Spende in meinem Namen an den <a href=\"https:\/\/www.bundesverband-kinderhospiz.de\/\">Kinderhospizverein<\/a> . Schreibt einfach &#8222;von Evi Silvia Leu&#8220; in den Verwendungszweck der \u00dcberweisung, dann weiss man wo es herkommt.<\/p>\n<h2>Mein Newsletter ist da!<\/h2>\n<p>Ich habe etwas Neues f\u00fcr euch: mein nagelneuer Newsletter f\u00fcr diese Homepage ist fertig!<\/p>\n<p><a href=\"http:\/\/evileu.de\/oddballs\/wp-content\/uploads\/2024\/02\/screenshot_newsletter.jpg\"><img decoding=\"async\" loading=\"lazy\" class=\"aligncenter size-medium wp-image-1525\" src=\"http:\/\/evileu.de\/oddballs\/wp-content\/uploads\/2024\/02\/screenshot_newsletter-300x125.jpg\" alt=\"screenshot newsletter\" width=\"300\" height=\"125\" srcset=\"https:\/\/evileu.de\/oddballs\/wp-content\/uploads\/2024\/02\/screenshot_newsletter-300x125.jpg 300w, https:\/\/evileu.de\/oddballs\/wp-content\/uploads\/2024\/02\/screenshot_newsletter-768x320.jpg 768w, https:\/\/evileu.de\/oddballs\/wp-content\/uploads\/2024\/02\/screenshot_newsletter.jpg 784w\" sizes=\"(max-width: 300px) 100vw, 300px\" \/><\/a><\/p>\n<p>Die erste Ausgabe kann hier als PDF heruntergeladen werden:<\/p>\n<p><a href=\"http:\/\/evileu.de\/oddballs\/wp-content\/uploads\/2024\/02\/InselfischTelegraf.pdf\" target=\"_blank\" rel=\"noopener\">Inselfisch Telegraf\u00a0Ausgabe 1 Februar 2024<\/a><\/p>\n<p>Mit dem Newsletter verpa\u00dft ihr keine interessanten Inhalte mehr. Ich halte euch auf dem Laufenden wenn es Neues vom Inselfisch gibt, sei es hier auf den Oddballs Handarbeitsseiten, im beliebten <a href=\"https:\/\/evileu.de\/inselfisch-kochbuch\/\">Inselfisch-Kochbuch<\/a> oder auf sonst einem meiner vielen Blogs. Viel Spa\u00df und Freude beim Schm\u00f6kern!<\/p>\n<h2>Anleitung Herbstblattl aktualisert<\/h2>\n<p>Ich bin freundlicherweise darauf hingewiesen worden, dass die Anleitung f\u00fcr die gestrickten Handstulpen &#8222;Herbstblattl&#8220; einen Fehler enthielt. Ich hatte versehentlich eine Schemazeichnung f\u00fcr das Ajourmuster eingestellt, die nat\u00fcrlich f\u00fcr Handarbeitsfreundinnen mit Handicap so nicht brauchbar war. Das ist jetzt korrigiert, ich habe das Ajourmuster Reihe f\u00fcr Reihe w\u00f6rtlich beschrieben, jetzt kann man es gut nachstricken.\u00a0 Hier findet ihr die \u00fcberarbeitete Version:<\/p>\n<p><a href=\"http:\/\/evileu.de\/oddballs\/wp-content\/uploads\/2016\/10\/Herbstblattl_Inselfisch_bf.pdf\">Herbstblattl_Inselfisch_bf<\/a><\/p>\n<figure id=\"attachment_303\" aria-describedby=\"caption-attachment-303\" style=\"width: 1600px\" class=\"wp-caption aligncenter\"><a href=\"http:\/\/evileu.de\/oddballs\/wp-content\/uploads\/2016\/12\/herbstblattl_stahlblau.jpg\"><img decoding=\"async\" loading=\"lazy\" class=\"size-full wp-image-303\" src=\"http:\/\/evileu.de\/oddballs\/wp-content\/uploads\/2016\/12\/herbstblattl_stahlblau.jpg\" alt=\"Herbstblattl stahlblau\" width=\"1600\" height=\"1200\" srcset=\"https:\/\/evileu.de\/oddballs\/wp-content\/uploads\/2016\/12\/herbstblattl_stahlblau.jpg 1600w, https:\/\/evileu.de\/oddballs\/wp-content\/uploads\/2016\/12\/herbstblattl_stahlblau-300x225.jpg 300w, https:\/\/evileu.de\/oddballs\/wp-content\/uploads\/2016\/12\/herbstblattl_stahlblau-768x576.jpg 768w, https:\/\/evileu.de\/oddballs\/wp-content\/uploads\/2016\/12\/herbstblattl_stahlblau-1024x768.jpg 1024w, https:\/\/evileu.de\/oddballs\/wp-content\/uploads\/2016\/12\/herbstblattl_stahlblau-24x18.jpg 24w, https:\/\/evileu.de\/oddballs\/wp-content\/uploads\/2016\/12\/herbstblattl_stahlblau-36x27.jpg 36w, https:\/\/evileu.de\/oddballs\/wp-content\/uploads\/2016\/12\/herbstblattl_stahlblau-48x36.jpg 48w\" sizes=\"(max-width: 1600px) 100vw, 1600px\" \/><\/a><figcaption id=\"caption-attachment-303\" class=\"wp-caption-text\">Herbstblattl stahlblau<\/figcaption><\/figure>\n<h2>Oddballs\u00a0ist jetzt\u00a0<strong>barrierefrei<\/strong>!<\/h2>\n<p>Also, nicht ganz barierrefrei, daf\u00fcr sind die Anforderungen zu hoch, das kann ich als Privatperson und einzelne Programmiererin gar nicht verwirklichen.\u00a0Aber\u00a0<strong>barrierearm und gut zug\u00e4nglich, <\/strong>das sind diese Seiten jetzt auf jeden Fall! Und ich bin mit den barrierefreien PDFs auch schon gut weitergekommen, es gibt jetzt schon eine h\u00fcbsche Auswahl.<\/p>\n<h2>Meine neuesten Projekte<\/h2>\n<p>Ich habe einen Haufen neue Projekte in der Warteschlange, ihr k\u00f6nnt gespannt sein, was es demn\u00e4chst alles Neues gibt! Schaut rein ins <a href=\"http:\/\/evileu.de\/oddballs\/handarbeits-tagebuch\/\">Handarbeitstagebuch<\/a>, da findet ihr meine neuesten Werke!<\/p>\n<figure id=\"attachment_674\" aria-describedby=\"caption-attachment-674\" style=\"width: 120px\" class=\"wp-caption aligncenter\"><a href=\"http:\/\/evileu.de\/oddballs\/wp-content\/uploads\/2016\/10\/logooddie.gif\"><img decoding=\"async\" loading=\"lazy\" class=\"size-full wp-image-674\" src=\"http:\/\/evileu.de\/oddballs\/wp-content\/uploads\/2016\/10\/logooddie.gif\" alt=\"Logo Oddie das Wollkn\u00e4uel\" width=\"120\" height=\"120\" srcset=\"https:\/\/evileu.de\/oddballs\/wp-content\/uploads\/2016\/10\/logooddie.gif 120w, https:\/\/evileu.de\/oddballs\/wp-content\/uploads\/2016\/10\/logooddie-24x24.gif 24w, https:\/\/evileu.de\/oddballs\/wp-content\/uploads\/2016\/10\/logooddie-36x36.gif 36w, https:\/\/evileu.de\/oddballs\/wp-content\/uploads\/2016\/10\/logooddie-48x48.gif 48w\" sizes=\"(max-width: 120px) 100vw, 120px\" \/><\/a><figcaption id=\"caption-attachment-674\" class=\"wp-caption-text\">Logo Oddie das Wollkn\u00e4uel<\/figcaption><\/figure>\n<h2><\/h2>\n<h2>Schreibt mir eine Nachricht<\/h2>\n<p>Habt ihr Fragen, W\u00fcnsche, Anregungen? Kommt ihr mit einer Anleitung nicht klar, oder habt ihr irgendwo einen Fehler entdeckt? Dann schreibt mir eine E-Mail, ich habe immer ein offenes Ohr f\u00fcr Fragen rund ums Thema Handarbeiten. Ihr erreicht mich unter <a href=\"mailto:evi.s.leu@gmx.de\">evi.s.leu@gmx.de<\/a>. Ich freue mich \u00fcber jede Zuschrift und antworte baldm\u00f6glichst!<\/p>\n<p>Und nun viel Spa\u00df auf meiner bunten Oddballs-Seite und gutes Gelingen f\u00fcr&#8217;s Nacharbeiten!<\/p>\n<p>Eure Evi , auch bekannt als inselfisch<\/p>\n<figure id=\"attachment_1124\" aria-describedby=\"caption-attachment-1124\" style=\"width: 575px\" class=\"wp-caption aligncenter\"><a href=\"http:\/\/evileu.de\/oddballs\/wp-content\/uploads\/2016\/10\/inselfisch.jpg\"><img decoding=\"async\" loading=\"lazy\" id=\"longdesc-return-1124\" class=\"size-full wp-image-1124\" tabindex=\"-1\" src=\"http:\/\/evileu.de\/oddballs\/wp-content\/uploads\/2016\/10\/inselfisch.jpg\" alt=\"inselfisch\" width=\"575\" height=\"768\" longdesc=\"http:\/\/evileu.de\/oddballs?longdesc=1124&amp;referrer=20\" srcset=\"https:\/\/evileu.de\/oddballs\/wp-content\/uploads\/2016\/10\/inselfisch.jpg 575w, https:\/\/evileu.de\/oddballs\/wp-content\/uploads\/2016\/10\/inselfisch-225x300.jpg 225w\" sizes=\"(max-width: 575px) 100vw, 575px\" \/><\/a><figcaption id=\"caption-attachment-1124\" class=\"wp-caption-text\">inselfisch<\/figcaption><\/figure>\n<figure id=\"attachment_1127\" aria-describedby=\"caption-attachment-1127\" style=\"width: 1141px\" class=\"wp-caption aligncenter\"><a href=\"http:\/\/evileu.de\/oddballs\/wp-content\/uploads\/2016\/10\/fisch_mit_insel-1.jpg\"><img decoding=\"async\" loading=\"lazy\" id=\"longdesc-return-1127\" class=\"size-full wp-image-1127\" tabindex=\"-1\" src=\"http:\/\/evileu.de\/oddballs\/wp-content\/uploads\/2016\/10\/fisch_mit_insel-1.jpg\" alt=\"fisch_mit_insel\" width=\"1141\" height=\"1560\" longdesc=\"http:\/\/evileu.de\/oddballs?longdesc=1127&amp;referrer=20\" srcset=\"https:\/\/evileu.de\/oddballs\/wp-content\/uploads\/2016\/10\/fisch_mit_insel-1.jpg 1141w, https:\/\/evileu.de\/oddballs\/wp-content\/uploads\/2016\/10\/fisch_mit_insel-1-219x300.jpg 219w, https:\/\/evileu.de\/oddballs\/wp-content\/uploads\/2016\/10\/fisch_mit_insel-1-768x1050.jpg 768w, https:\/\/evileu.de\/oddballs\/wp-content\/uploads\/2016\/10\/fisch_mit_insel-1-749x1024.jpg 749w\" sizes=\"(max-width: 1141px) 100vw, 1141px\" \/><\/a><figcaption id=\"caption-attachment-1127\" class=\"wp-caption-text\">fisch_mit_insel<\/figcaption><\/figure>\n","protected":false},"excerpt":{"rendered":"<p>Liebe Freundinnen und Freunde meiner Handarbeitsseiten, das kostenlose eBook ist jetzt erh\u00e4ltlich! Mein neues eBook \u201cPatchwork Stricken und H\u00e4keln mit Evi Silvia Leu\u201d ist JETZT erh\u00e4ltlich! Und die absolute Sensation: Ich verteile es KOSTENLOS! Wenn ihr ein Exemplar haben m\u00f6chtet, schreibt mir eine eMail an evi.s.leu@gmx.de und sagt mir, ob ihr es in Deutsch oder &hellip; <a href=\"https:\/\/evileu.de\/oddballs\/\" class=\"more-link\"><span class=\"screen-reader-text\">Herzlich Willkommen<\/span> weiterlesen <span class=\"meta-nav\">&rarr;<\/span><\/a><\/p>\n","protected":false},"author":1,"featured_media":0,"parent":0,"menu_order":0,"comment_status":"open","ping_status":"closed","template":"","meta":[],"_links":{"self":[{"href":"https:\/\/evileu.de\/oddballs\/wp-json\/wp\/v2\/pages\/20"}],"collection":[{"href":"https:\/\/evileu.de\/oddballs\/wp-json\/wp\/v2\/pages"}],"about":[{"href":"https:\/\/evileu.de\/oddballs\/wp-json\/wp\/v2\/types\/page"}],"author":[{"embeddable":true,"href":"https:\/\/evileu.de\/oddballs\/wp-json\/wp\/v2\/users\/1"}],"replies":[{"embeddable":true,"href":"https:\/\/evileu.de\/oddballs\/wp-json\/wp\/v2\/comments?post=20"}],"version-history":[{"count":71,"href":"https:\/\/evileu.de\/oddballs\/wp-json\/wp\/v2\/pages\/20\/revisions"}],"predecessor-version":[{"id":1547,"href":"https:\/\/evileu.de\/oddballs\/wp-json\/wp\/v2\/pages\/20\/revisions\/1547"}],"wp:attachment":[{"href":"https:\/\/evileu.de\/oddballs\/wp-json\/wp\/v2\/media?parent=20"}],"curies":[{"name":"wp","href":"https:\/\/api.w.org\/{rel}","templated":true}]}}