{"id":179,"date":"2016-11-27T14:12:57","date_gmt":"2016-11-27T13:12:57","guid":{"rendered":"http:\/\/evileu.de\/oddballs\/?page_id=179"},"modified":"2018-11-23T07:02:14","modified_gmt":"2018-11-23T06:02:14","slug":"granny-squares","status":"publish","type":"page","link":"https:\/\/evileu.de\/oddballs\/alle_anleitungen\/granny-squares\/","title":{"rendered":"Granny Squares"},"content":{"rendered":"<div data-canvas-width=\"294.79980084111173\"><a href=\"http:\/\/evileu.de\/oddballs\/wp-content\/uploads\/2016\/11\/trenner_oddballs-1.jpg\"><img decoding=\"async\" loading=\"lazy\" class=\"aligncenter size-full wp-image-165\" src=\"http:\/\/evileu.de\/oddballs\/wp-content\/uploads\/2016\/11\/trenner_oddballs-1.jpg\" alt=\"trenner_oddballs\" width=\"800\" height=\"67\" srcset=\"https:\/\/evileu.de\/oddballs\/wp-content\/uploads\/2016\/11\/trenner_oddballs-1.jpg 800w, https:\/\/evileu.de\/oddballs\/wp-content\/uploads\/2016\/11\/trenner_oddballs-1-300x25.jpg 300w, https:\/\/evileu.de\/oddballs\/wp-content\/uploads\/2016\/11\/trenner_oddballs-1-768x64.jpg 768w, https:\/\/evileu.de\/oddballs\/wp-content\/uploads\/2016\/11\/trenner_oddballs-1-24x2.jpg 24w, https:\/\/evileu.de\/oddballs\/wp-content\/uploads\/2016\/11\/trenner_oddballs-1-36x3.jpg 36w, https:\/\/evileu.de\/oddballs\/wp-content\/uploads\/2016\/11\/trenner_oddballs-1-48x4.jpg 48w\" sizes=\"(max-width: 800px) 100vw, 800px\" \/><\/a><\/div>\n<h2 data-canvas-width=\"294.79980084111173\">Allgemeines zu Granny Squares<\/h2>\n<div data-canvas-width=\"294.79980084111173\"><\/div>\n<div data-canvas-width=\"294.79980084111173\">\n<p>Granny Squares sind h\u00fcbsch anzusehen, leicht zu H\u00e4keln und vielseitig verwendbar.<\/p>\n<figure id=\"attachment_185\" aria-describedby=\"caption-attachment-185\" style=\"width: 1600px\" class=\"wp-caption aligncenter\"><a href=\"http:\/\/evileu.de\/oddballs\/wp-content\/uploads\/2016\/11\/babydecke_regenbogen.jpg\"><img decoding=\"async\" loading=\"lazy\" class=\"wp-image-185 size-full\" src=\"http:\/\/evileu.de\/oddballs\/wp-content\/uploads\/2016\/11\/babydecke_regenbogen.jpg\" alt=\"babydecke regenbogen\" width=\"1600\" height=\"1200\" srcset=\"https:\/\/evileu.de\/oddballs\/wp-content\/uploads\/2016\/11\/babydecke_regenbogen.jpg 1600w, https:\/\/evileu.de\/oddballs\/wp-content\/uploads\/2016\/11\/babydecke_regenbogen-300x225.jpg 300w, https:\/\/evileu.de\/oddballs\/wp-content\/uploads\/2016\/11\/babydecke_regenbogen-768x576.jpg 768w, https:\/\/evileu.de\/oddballs\/wp-content\/uploads\/2016\/11\/babydecke_regenbogen-1024x768.jpg 1024w, https:\/\/evileu.de\/oddballs\/wp-content\/uploads\/2016\/11\/babydecke_regenbogen-24x18.jpg 24w, https:\/\/evileu.de\/oddballs\/wp-content\/uploads\/2016\/11\/babydecke_regenbogen-36x27.jpg 36w, https:\/\/evileu.de\/oddballs\/wp-content\/uploads\/2016\/11\/babydecke_regenbogen-48x36.jpg 48w\" sizes=\"(max-width: 1600px) 100vw, 1600px\" \/><\/a><figcaption id=\"caption-attachment-185\" class=\"wp-caption-text\">babydecke regenbogen<\/figcaption><\/figure>\n<div data-canvas-width=\"256.3970306514197\">Wie man ein Granny Square h\u00e4kelt, das beschreibe ich nicht noch mal extra, daf\u00fcr gibt es zig Anleitungen im Netz, z.B. hier<a href=\"https:\/\/ribbelmonster.de\/granny-square-klassisch-im-quadrat\"> beim Ribbelmonster<\/a>. Googlet aber auch einfach mal, da gibt es wirklich eine Riesenauswahl!<\/div>\n<\/div>\n<div data-canvas-width=\"256.3970306514197\">\n<figure id=\"attachment_181\" aria-describedby=\"caption-attachment-181\" style=\"width: 1600px\" class=\"wp-caption aligncenter\"><a href=\"http:\/\/evileu.de\/oddballs\/wp-content\/uploads\/2016\/11\/granny_delight.jpg\"><img decoding=\"async\" loading=\"lazy\" class=\"wp-image-181 size-full\" src=\"http:\/\/evileu.de\/oddballs\/wp-content\/uploads\/2016\/11\/granny_delight.jpg\" alt=\"granny aus drops delight\" width=\"1600\" height=\"1200\" srcset=\"https:\/\/evileu.de\/oddballs\/wp-content\/uploads\/2016\/11\/granny_delight.jpg 1600w, https:\/\/evileu.de\/oddballs\/wp-content\/uploads\/2016\/11\/granny_delight-300x225.jpg 300w, https:\/\/evileu.de\/oddballs\/wp-content\/uploads\/2016\/11\/granny_delight-768x576.jpg 768w, https:\/\/evileu.de\/oddballs\/wp-content\/uploads\/2016\/11\/granny_delight-1024x768.jpg 1024w, https:\/\/evileu.de\/oddballs\/wp-content\/uploads\/2016\/11\/granny_delight-24x18.jpg 24w, https:\/\/evileu.de\/oddballs\/wp-content\/uploads\/2016\/11\/granny_delight-36x27.jpg 36w, https:\/\/evileu.de\/oddballs\/wp-content\/uploads\/2016\/11\/granny_delight-48x36.jpg 48w\" sizes=\"(max-width: 1600px) 100vw, 1600px\" \/><\/a><figcaption id=\"caption-attachment-181\" class=\"wp-caption-text\">granny aus drops delight<\/figcaption><\/figure>\n<h2>Granny Squares zusammenh\u00e4keln<\/h2>\n<\/div>\n<div data-canvas-width=\"294.79980084111173\">\n<div data-canvas-width=\"256.3970306514197\">Wenn nur das leidige Zusammenn\u00e4hen nicht w\u00e4re\u2026 mu\u00df nicht sein! Man kann die Squares einfach zusammenh\u00e4keln, das geht fix und wird sehr exakt, weil Masche auf Masche passt.<\/div>\n<div data-canvas-width=\"256.3970306514197\">\n<div data-canvas-width=\"288.7968144859344\">Ich beschreibe das Zusammenh\u00e4keln hier mal genau Schritt f\u00fcr Schritt, damit das auch klappt:<\/div>\n<h3 data-canvas-width=\"288.7968144859344\"><a href=\"http:\/\/evileu.de\/oddballs\/wp-content\/uploads\/2016\/11\/grannys_zusammenhaekeln.pdf\">grannys_zusammenhaekeln<\/a> als PDF<\/h3>\n<div data-canvas-width=\"288.7968144859344\"><a href=\"http:\/\/evileu.de\/oddballs\/wp-content\/uploads\/2016\/11\/trenner_oddballs-1.jpg\"><img decoding=\"async\" loading=\"lazy\" class=\"aligncenter size-full wp-image-165\" src=\"http:\/\/evileu.de\/oddballs\/wp-content\/uploads\/2016\/11\/trenner_oddballs-1.jpg\" alt=\"trenner_oddballs\" width=\"800\" height=\"67\" srcset=\"https:\/\/evileu.de\/oddballs\/wp-content\/uploads\/2016\/11\/trenner_oddballs-1.jpg 800w, https:\/\/evileu.de\/oddballs\/wp-content\/uploads\/2016\/11\/trenner_oddballs-1-300x25.jpg 300w, https:\/\/evileu.de\/oddballs\/wp-content\/uploads\/2016\/11\/trenner_oddballs-1-768x64.jpg 768w, https:\/\/evileu.de\/oddballs\/wp-content\/uploads\/2016\/11\/trenner_oddballs-1-24x2.jpg 24w, https:\/\/evileu.de\/oddballs\/wp-content\/uploads\/2016\/11\/trenner_oddballs-1-36x3.jpg 36w, https:\/\/evileu.de\/oddballs\/wp-content\/uploads\/2016\/11\/trenner_oddballs-1-48x4.jpg 48w\" sizes=\"(max-width: 800px) 100vw, 800px\" \/><\/a><\/div>\n<h2 data-canvas-width=\"288.7968144859344\">Granny Squares f\u00fcr Dreieckst\u00fccher<\/h2>\n<div data-canvas-width=\"288.7968144859344\"><\/div>\n<div data-canvas-width=\"288.7968144859344\">Das Dreier-St\u00e4bchenmuster der Granny Squares kann man auch f\u00fcr gr\u00f6ssere Strickteile verwenden, man kann sogar besonders gut ganze gro\u00dfe Dreieckst\u00fccher damit h\u00e4keln, die werden wunderbar weich und und anschmiegsam, und sind ganz einfach zu arbeiten. Ich mache sie gern mehrfarbig, so wie hier:<\/div>\n<div data-canvas-width=\"288.7968144859344\">\n<figure id=\"attachment_196\" aria-describedby=\"caption-attachment-196\" style=\"width: 225px\" class=\"wp-caption aligncenter\"><a href=\"http:\/\/evileu.de\/oddballs\/wp-content\/uploads\/2016\/11\/violetta.jpg\"><img decoding=\"async\" loading=\"lazy\" class=\"wp-image-196 size-medium\" src=\"http:\/\/evileu.de\/oddballs\/wp-content\/uploads\/2016\/11\/violetta-225x300.jpg\" alt=\"violetta\" width=\"225\" height=\"300\" srcset=\"https:\/\/evileu.de\/oddballs\/wp-content\/uploads\/2016\/11\/violetta-225x300.jpg 225w, https:\/\/evileu.de\/oddballs\/wp-content\/uploads\/2016\/11\/violetta-768x1024.jpg 768w, https:\/\/evileu.de\/oddballs\/wp-content\/uploads\/2016\/11\/violetta-18x24.jpg 18w, https:\/\/evileu.de\/oddballs\/wp-content\/uploads\/2016\/11\/violetta-27x36.jpg 27w, https:\/\/evileu.de\/oddballs\/wp-content\/uploads\/2016\/11\/violetta-36x48.jpg 36w, https:\/\/evileu.de\/oddballs\/wp-content\/uploads\/2016\/11\/violetta.jpg 1200w\" sizes=\"(max-width: 225px) 100vw, 225px\" \/><\/a><figcaption id=\"caption-attachment-196\" class=\"wp-caption-text\">violetta<\/figcaption><\/figure>\n<\/div>\n<\/div>\n<div data-canvas-width=\"256.3970306514197\">\u00a0Oder auch mal ganz bun:<\/div>\n<div data-canvas-width=\"256.3970306514197\">\n<figure id=\"attachment_197\" aria-describedby=\"caption-attachment-197\" style=\"width: 225px\" class=\"wp-caption aligncenter\"><a href=\"http:\/\/evileu.de\/oddballs\/wp-content\/uploads\/2016\/11\/granny_bunt.jpg\"><img decoding=\"async\" loading=\"lazy\" class=\"wp-image-197 size-medium\" src=\"http:\/\/evileu.de\/oddballs\/wp-content\/uploads\/2016\/11\/granny_bunt-225x300.jpg\" alt=\"granny bunt\" width=\"225\" height=\"300\" srcset=\"https:\/\/evileu.de\/oddballs\/wp-content\/uploads\/2016\/11\/granny_bunt-225x300.jpg 225w, https:\/\/evileu.de\/oddballs\/wp-content\/uploads\/2016\/11\/granny_bunt-768x1024.jpg 768w, https:\/\/evileu.de\/oddballs\/wp-content\/uploads\/2016\/11\/granny_bunt-18x24.jpg 18w, https:\/\/evileu.de\/oddballs\/wp-content\/uploads\/2016\/11\/granny_bunt-27x36.jpg 27w, https:\/\/evileu.de\/oddballs\/wp-content\/uploads\/2016\/11\/granny_bunt-36x48.jpg 36w, https:\/\/evileu.de\/oddballs\/wp-content\/uploads\/2016\/11\/granny_bunt.jpg 1200w\" sizes=\"(max-width: 225px) 100vw, 225px\" \/><\/a><figcaption id=\"caption-attachment-197\" class=\"wp-caption-text\">granny bunt<\/figcaption><\/figure>\n<p>Ich zeig euch mal die H\u00e4kelschrift, das geht wirklich einfach:<\/p>\n<figure id=\"attachment_199\" aria-describedby=\"caption-attachment-199\" style=\"width: 848px\" class=\"wp-caption aligncenter\"><a href=\"http:\/\/evileu.de\/oddballs\/wp-content\/uploads\/2016\/11\/grannysquare.jpg\"><img decoding=\"async\" loading=\"lazy\" class=\"wp-image-199 size-full\" src=\"http:\/\/evileu.de\/oddballs\/wp-content\/uploads\/2016\/11\/grannysquare.jpg\" alt=\"grannysquare haekelschrift\" width=\"848\" height=\"591\" srcset=\"https:\/\/evileu.de\/oddballs\/wp-content\/uploads\/2016\/11\/grannysquare.jpg 848w, https:\/\/evileu.de\/oddballs\/wp-content\/uploads\/2016\/11\/grannysquare-300x209.jpg 300w, https:\/\/evileu.de\/oddballs\/wp-content\/uploads\/2016\/11\/grannysquare-768x535.jpg 768w, https:\/\/evileu.de\/oddballs\/wp-content\/uploads\/2016\/11\/grannysquare-24x17.jpg 24w, https:\/\/evileu.de\/oddballs\/wp-content\/uploads\/2016\/11\/grannysquare-36x25.jpg 36w, https:\/\/evileu.de\/oddballs\/wp-content\/uploads\/2016\/11\/grannysquare-48x33.jpg 48w\" sizes=\"(max-width: 848px) 100vw, 848px\" \/><\/a><figcaption id=\"caption-attachment-199\" class=\"wp-caption-text\">grannysquare haekelschrift<\/figcaption><\/figure>\n<p>Die ganz genaue Anleitung f\u00fcr so ein grosses Granny-Tuch findet ihr hier:<\/p>\n<h3><a href=\"http:\/\/evileu.de\/oddballs\/wp-content\/uploads\/2016\/11\/GrannySquare_inselfisch.pdf\">grannysquare_inselfisch<\/a> als PDF.<\/h3>\n<p><a href=\"http:\/\/evileu.de\/oddballs\/wp-content\/uploads\/2016\/11\/trenner_oddballs-1.jpg\"><img decoding=\"async\" loading=\"lazy\" class=\"aligncenter size-full wp-image-165\" src=\"http:\/\/evileu.de\/oddballs\/wp-content\/uploads\/2016\/11\/trenner_oddballs-1.jpg\" alt=\"trenner_oddballs\" width=\"800\" height=\"67\" srcset=\"https:\/\/evileu.de\/oddballs\/wp-content\/uploads\/2016\/11\/trenner_oddballs-1.jpg 800w, https:\/\/evileu.de\/oddballs\/wp-content\/uploads\/2016\/11\/trenner_oddballs-1-300x25.jpg 300w, https:\/\/evileu.de\/oddballs\/wp-content\/uploads\/2016\/11\/trenner_oddballs-1-768x64.jpg 768w, https:\/\/evileu.de\/oddballs\/wp-content\/uploads\/2016\/11\/trenner_oddballs-1-24x2.jpg 24w, https:\/\/evileu.de\/oddballs\/wp-content\/uploads\/2016\/11\/trenner_oddballs-1-36x3.jpg 36w, https:\/\/evileu.de\/oddballs\/wp-content\/uploads\/2016\/11\/trenner_oddballs-1-48x4.jpg 48w\" sizes=\"(max-width: 800px) 100vw, 800px\" \/><\/a><\/p>\n<h2>Granny Square Poncho<\/h2>\n<p>Das Granny-Square Prinzip geht auch prima f\u00fcr einen Poncho, der wird in Runden geh\u00e4kelt:<\/p>\n<figure id=\"attachment_202\" aria-describedby=\"caption-attachment-202\" style=\"width: 1600px\" class=\"wp-caption aligncenter\"><a href=\"http:\/\/evileu.de\/oddballs\/wp-content\/uploads\/2016\/11\/DSCN0871.jpg\"><img decoding=\"async\" loading=\"lazy\" class=\"size-full wp-image-202\" src=\"http:\/\/evileu.de\/oddballs\/wp-content\/uploads\/2016\/11\/DSCN0871.jpg\" alt=\"granny-poncho\" width=\"1600\" height=\"1200\" srcset=\"https:\/\/evileu.de\/oddballs\/wp-content\/uploads\/2016\/11\/DSCN0871.jpg 1600w, https:\/\/evileu.de\/oddballs\/wp-content\/uploads\/2016\/11\/DSCN0871-300x225.jpg 300w, https:\/\/evileu.de\/oddballs\/wp-content\/uploads\/2016\/11\/DSCN0871-768x576.jpg 768w, https:\/\/evileu.de\/oddballs\/wp-content\/uploads\/2016\/11\/DSCN0871-1024x768.jpg 1024w, https:\/\/evileu.de\/oddballs\/wp-content\/uploads\/2016\/11\/DSCN0871-24x18.jpg 24w, https:\/\/evileu.de\/oddballs\/wp-content\/uploads\/2016\/11\/DSCN0871-36x27.jpg 36w, https:\/\/evileu.de\/oddballs\/wp-content\/uploads\/2016\/11\/DSCN0871-48x36.jpg 48w\" sizes=\"(max-width: 1600px) 100vw, 1600px\" \/><\/a><figcaption id=\"caption-attachment-202\" class=\"wp-caption-text\">granny-poncho<\/figcaption><\/figure>\n<p>Die ganz genaue Anleitung findet ihr hier<\/p>\n<h3><a href=\"http:\/\/evileu.de\/oddballs\/wp-content\/uploads\/2016\/11\/Poncho_inselfisch.pdf\">poncho_inselfisch<\/a> als PDF<\/h3>\n<p><a href=\"http:\/\/evileu.de\/oddballs\/wp-content\/uploads\/2016\/11\/trenner_oddballs-1.jpg\"><img decoding=\"async\" loading=\"lazy\" class=\"aligncenter size-full wp-image-165\" src=\"http:\/\/evileu.de\/oddballs\/wp-content\/uploads\/2016\/11\/trenner_oddballs-1.jpg\" alt=\"trenner_oddballs\" width=\"800\" height=\"67\" srcset=\"https:\/\/evileu.de\/oddballs\/wp-content\/uploads\/2016\/11\/trenner_oddballs-1.jpg 800w, https:\/\/evileu.de\/oddballs\/wp-content\/uploads\/2016\/11\/trenner_oddballs-1-300x25.jpg 300w, https:\/\/evileu.de\/oddballs\/wp-content\/uploads\/2016\/11\/trenner_oddballs-1-768x64.jpg 768w, https:\/\/evileu.de\/oddballs\/wp-content\/uploads\/2016\/11\/trenner_oddballs-1-24x2.jpg 24w, https:\/\/evileu.de\/oddballs\/wp-content\/uploads\/2016\/11\/trenner_oddballs-1-36x3.jpg 36w, https:\/\/evileu.de\/oddballs\/wp-content\/uploads\/2016\/11\/trenner_oddballs-1-48x4.jpg 48w\" sizes=\"(max-width: 800px) 100vw, 800px\" \/><\/a><\/p>\n<h2>Granny Square gerade<\/h2>\n<p>Zu guter Letzt zeige ich euch noch, wie man das Granny-Muster auch geradeaus h\u00e4keln kann, das ist ideal f\u00fcr luftige Schals f\u00fcr&#8217;s Fr\u00fchjahr und die \u00dcbergangszeit:<\/p>\n<figure id=\"attachment_204\" aria-describedby=\"caption-attachment-204\" style=\"width: 1600px\" class=\"wp-caption aligncenter\"><a href=\"http:\/\/evileu.de\/oddballs\/wp-content\/uploads\/2016\/11\/DSCN0777.jpg\"><img decoding=\"async\" loading=\"lazy\" class=\"size-full wp-image-204\" src=\"http:\/\/evileu.de\/oddballs\/wp-content\/uploads\/2016\/11\/DSCN0777.jpg\" alt=\"granny-schal\" width=\"1600\" height=\"1200\" srcset=\"https:\/\/evileu.de\/oddballs\/wp-content\/uploads\/2016\/11\/DSCN0777.jpg 1600w, https:\/\/evileu.de\/oddballs\/wp-content\/uploads\/2016\/11\/DSCN0777-300x225.jpg 300w, https:\/\/evileu.de\/oddballs\/wp-content\/uploads\/2016\/11\/DSCN0777-768x576.jpg 768w, https:\/\/evileu.de\/oddballs\/wp-content\/uploads\/2016\/11\/DSCN0777-1024x768.jpg 1024w, https:\/\/evileu.de\/oddballs\/wp-content\/uploads\/2016\/11\/DSCN0777-24x18.jpg 24w, https:\/\/evileu.de\/oddballs\/wp-content\/uploads\/2016\/11\/DSCN0777-36x27.jpg 36w, https:\/\/evileu.de\/oddballs\/wp-content\/uploads\/2016\/11\/DSCN0777-48x36.jpg 48w\" sizes=\"(max-width: 1600px) 100vw, 1600px\" \/><\/a><figcaption id=\"caption-attachment-204\" class=\"wp-caption-text\">granny-schal<\/figcaption><\/figure>\n<p>Hier kommt die Anleitung f\u00fcr den Schal:<\/p>\n<h3><a href=\"http:\/\/evileu.de\/oddballs\/wp-content\/uploads\/2016\/11\/AnleitungGrannyschal.pdf\">anleitung grannyschal als PDF<\/a><\/h3>\n<p><a href=\"http:\/\/evileu.de\/oddballs\/wp-content\/uploads\/2016\/11\/trenner_oddballs-1.jpg\"><img decoding=\"async\" loading=\"lazy\" class=\"aligncenter size-full wp-image-165\" src=\"http:\/\/evileu.de\/oddballs\/wp-content\/uploads\/2016\/11\/trenner_oddballs-1.jpg\" alt=\"trenner_oddballs\" width=\"800\" height=\"67\" srcset=\"https:\/\/evileu.de\/oddballs\/wp-content\/uploads\/2016\/11\/trenner_oddballs-1.jpg 800w, https:\/\/evileu.de\/oddballs\/wp-content\/uploads\/2016\/11\/trenner_oddballs-1-300x25.jpg 300w, https:\/\/evileu.de\/oddballs\/wp-content\/uploads\/2016\/11\/trenner_oddballs-1-768x64.jpg 768w, https:\/\/evileu.de\/oddballs\/wp-content\/uploads\/2016\/11\/trenner_oddballs-1-24x2.jpg 24w, https:\/\/evileu.de\/oddballs\/wp-content\/uploads\/2016\/11\/trenner_oddballs-1-36x3.jpg 36w, https:\/\/evileu.de\/oddballs\/wp-content\/uploads\/2016\/11\/trenner_oddballs-1-48x4.jpg 48w\" sizes=\"(max-width: 800px) 100vw, 800px\" \/><\/a><\/p>\n<p>Und nun viel Vergn\u00fcgen beim Granny-H\u00e4keln!<\/p>\n<\/div>\n<\/div>\n","protected":false},"excerpt":{"rendered":"<p>Allgemeines zu Granny Squares Granny Squares sind h\u00fcbsch anzusehen, leicht zu H\u00e4keln und vielseitig verwendbar. Wie man ein Granny Square h\u00e4kelt, das beschreibe ich nicht noch mal extra, daf\u00fcr gibt es zig Anleitungen im Netz, z.B. hier beim Ribbelmonster. Googlet aber auch einfach mal, da gibt es wirklich eine Riesenauswahl! Granny Squares zusammenh\u00e4keln Wenn nur &hellip; <a href=\"https:\/\/evileu.de\/oddballs\/alle_anleitungen\/granny-squares\/\" class=\"more-link\"><span class=\"screen-reader-text\">Granny Squares<\/span> weiterlesen <span class=\"meta-nav\">&rarr;<\/span><\/a><\/p>\n","protected":false},"author":1,"featured_media":0,"parent":2,"menu_order":3,"comment_status":"open","ping_status":"closed","template":"","meta":[],"_links":{"self":[{"href":"https:\/\/evileu.de\/oddballs\/wp-json\/wp\/v2\/pages\/179"}],"collection":[{"href":"https:\/\/evileu.de\/oddballs\/wp-json\/wp\/v2\/pages"}],"about":[{"href":"https:\/\/evileu.de\/oddballs\/wp-json\/wp\/v2\/types\/page"}],"author":[{"embeddable":true,"href":"https:\/\/evileu.de\/oddballs\/wp-json\/wp\/v2\/users\/1"}],"replies":[{"embeddable":true,"href":"https:\/\/evileu.de\/oddballs\/wp-json\/wp\/v2\/comments?post=179"}],"version-history":[{"count":10,"href":"https:\/\/evileu.de\/oddballs\/wp-json\/wp\/v2\/pages\/179\/revisions"}],"predecessor-version":[{"id":685,"href":"https:\/\/evileu.de\/oddballs\/wp-json\/wp\/v2\/pages\/179\/revisions\/685"}],"up":[{"embeddable":true,"href":"https:\/\/evileu.de\/oddballs\/wp-json\/wp\/v2\/pages\/2"}],"wp:attachment":[{"href":"https:\/\/evileu.de\/oddballs\/wp-json\/wp\/v2\/media?parent=179"}],"curies":[{"name":"wp","href":"https:\/\/api.w.org\/{rel}","templated":true}]}}