{"id":153,"date":"2016-11-27T11:28:47","date_gmt":"2016-11-27T10:28:47","guid":{"rendered":"http:\/\/evileu.de\/oddballs\/?page_id=153"},"modified":"2018-11-23T07:02:14","modified_gmt":"2018-11-23T06:02:14","slug":"handymonster-und-tierisches","status":"publish","type":"page","link":"https:\/\/evileu.de\/oddballs\/alle_anleitungen\/handymonster-und-tierisches\/","title":{"rendered":"Handymonster und Tierisches"},"content":{"rendered":"<p>Hier stelle ich euch eine Reihe von knuffigen Handymonstern und sonstigen Kleintieren vor. Die sind schnell gemacht und geben prima kleine Geschenke ab!<\/p>\n<p><a href=\"http:\/\/evileu.de\/oddballs\/wp-content\/uploads\/2016\/11\/trenner_oddballs.jpg\"><img decoding=\"async\" loading=\"lazy\" class=\"aligncenter wp-image-81 size-full\" src=\"http:\/\/evileu.de\/oddballs\/wp-content\/uploads\/2016\/11\/trenner_oddballs.jpg\" alt=\"trenner_oddballs\" width=\"800\" height=\"67\" srcset=\"https:\/\/evileu.de\/oddballs\/wp-content\/uploads\/2016\/11\/trenner_oddballs.jpg 800w, https:\/\/evileu.de\/oddballs\/wp-content\/uploads\/2016\/11\/trenner_oddballs-300x25.jpg 300w, https:\/\/evileu.de\/oddballs\/wp-content\/uploads\/2016\/11\/trenner_oddballs-768x64.jpg 768w, https:\/\/evileu.de\/oddballs\/wp-content\/uploads\/2016\/11\/trenner_oddballs-24x2.jpg 24w, https:\/\/evileu.de\/oddballs\/wp-content\/uploads\/2016\/11\/trenner_oddballs-36x3.jpg 36w, https:\/\/evileu.de\/oddballs\/wp-content\/uploads\/2016\/11\/trenner_oddballs-48x4.jpg 48w\" sizes=\"(max-width: 800px) 100vw, 800px\" \/><\/a><\/p>\n<h2>Handymonster a la Inselfisch<\/h2>\n<figure id=\"attachment_155\" aria-describedby=\"caption-attachment-155\" style=\"width: 4016px\" class=\"wp-caption aligncenter\"><a href=\"http:\/\/evileu.de\/oddballs\/wp-content\/uploads\/2016\/11\/Handymonster.jpg\"><img decoding=\"async\" loading=\"lazy\" class=\"size-full wp-image-155\" src=\"http:\/\/evileu.de\/oddballs\/wp-content\/uploads\/2016\/11\/Handymonster.jpg\" alt=\"handymonster\" width=\"4016\" height=\"1224\" srcset=\"https:\/\/evileu.de\/oddballs\/wp-content\/uploads\/2016\/11\/Handymonster.jpg 4016w, https:\/\/evileu.de\/oddballs\/wp-content\/uploads\/2016\/11\/Handymonster-300x91.jpg 300w, https:\/\/evileu.de\/oddballs\/wp-content\/uploads\/2016\/11\/Handymonster-768x234.jpg 768w, https:\/\/evileu.de\/oddballs\/wp-content\/uploads\/2016\/11\/Handymonster-1024x312.jpg 1024w, https:\/\/evileu.de\/oddballs\/wp-content\/uploads\/2016\/11\/Handymonster-24x7.jpg 24w, https:\/\/evileu.de\/oddballs\/wp-content\/uploads\/2016\/11\/Handymonster-36x11.jpg 36w, https:\/\/evileu.de\/oddballs\/wp-content\/uploads\/2016\/11\/Handymonster-48x15.jpg 48w\" sizes=\"(max-width: 4016px) 100vw, 4016px\" \/><\/a><figcaption id=\"caption-attachment-155\" class=\"wp-caption-text\">handymonster<\/figcaption><\/figure>\n<p>Handymonster sehen super-knuffig aus, sch\u00fctzen dein Handy vor Schmutz und Kratzern und sind ein ganz individuelles witziges Accessoire. Sie sind auch schnell gestrickt und eignen sich prima als kleine Geschenke!<br \/>\nSie lassen sich aus nahezu jeder Wolle anfertigen, man muss halt so viele Maschen anschlagen, wie das Handy breit ist, und in der H\u00f6he zweimal die L\u00e4nge des Handys + 1-2cm f\u00fcr die Lippe stricken. Ich habs hier mal f\u00fcr 5er Nadeln ausgerechnet, aber das l\u00e4sst sich leicht je nach Garnst\u00e4rke und Handygr\u00f6sse abwandeln.<\/p>\n<p>Handymonster sehen aus Fransengarn besonders lustig aus:<\/p>\n<figure id=\"attachment_156\" aria-describedby=\"caption-attachment-156\" style=\"width: 300px\" class=\"wp-caption aligncenter\"><a href=\"http:\/\/evileu.de\/oddballs\/wp-content\/uploads\/2016\/11\/fransengarn_weiss.jpg\"><img decoding=\"async\" loading=\"lazy\" class=\"wp-image-156 size-medium\" src=\"http:\/\/evileu.de\/oddballs\/wp-content\/uploads\/2016\/11\/fransengarn_weiss-300x225.jpg\" alt=\"fransengarn weiss\" width=\"300\" height=\"225\" srcset=\"https:\/\/evileu.de\/oddballs\/wp-content\/uploads\/2016\/11\/fransengarn_weiss-300x225.jpg 300w, https:\/\/evileu.de\/oddballs\/wp-content\/uploads\/2016\/11\/fransengarn_weiss-768x576.jpg 768w, https:\/\/evileu.de\/oddballs\/wp-content\/uploads\/2016\/11\/fransengarn_weiss-1024x768.jpg 1024w, https:\/\/evileu.de\/oddballs\/wp-content\/uploads\/2016\/11\/fransengarn_weiss-24x18.jpg 24w, https:\/\/evileu.de\/oddballs\/wp-content\/uploads\/2016\/11\/fransengarn_weiss-36x27.jpg 36w, https:\/\/evileu.de\/oddballs\/wp-content\/uploads\/2016\/11\/fransengarn_weiss-48x36.jpg 48w\" sizes=\"(max-width: 300px) 100vw, 300px\" \/><\/a><figcaption id=\"caption-attachment-156\" class=\"wp-caption-text\">fransengarn weiss<\/figcaption><\/figure>\n<p>Aber auch geringelt sind sie sehr nett:<\/p>\n<figure id=\"attachment_157\" aria-describedby=\"caption-attachment-157\" style=\"width: 300px\" class=\"wp-caption aligncenter\"><a href=\"http:\/\/evileu.de\/oddballs\/wp-content\/uploads\/2016\/11\/ringel.jpg\"><img decoding=\"async\" loading=\"lazy\" class=\"wp-image-157 size-medium\" src=\"http:\/\/evileu.de\/oddballs\/wp-content\/uploads\/2016\/11\/ringel-300x225.jpg\" alt=\"ringel\" width=\"300\" height=\"225\" srcset=\"https:\/\/evileu.de\/oddballs\/wp-content\/uploads\/2016\/11\/ringel-300x225.jpg 300w, https:\/\/evileu.de\/oddballs\/wp-content\/uploads\/2016\/11\/ringel-768x576.jpg 768w, https:\/\/evileu.de\/oddballs\/wp-content\/uploads\/2016\/11\/ringel-1024x768.jpg 1024w, https:\/\/evileu.de\/oddballs\/wp-content\/uploads\/2016\/11\/ringel-24x18.jpg 24w, https:\/\/evileu.de\/oddballs\/wp-content\/uploads\/2016\/11\/ringel-36x27.jpg 36w, https:\/\/evileu.de\/oddballs\/wp-content\/uploads\/2016\/11\/ringel-48x36.jpg 48w\" sizes=\"(max-width: 300px) 100vw, 300px\" \/><\/a><figcaption id=\"caption-attachment-157\" class=\"wp-caption-text\">ringel<\/figcaption><\/figure>\n<p>Und nur unifarben ist auch h\u00fcbsch:<\/p>\n<figure id=\"attachment_158\" aria-describedby=\"caption-attachment-158\" style=\"width: 300px\" class=\"wp-caption aligncenter\"><a href=\"http:\/\/evileu.de\/oddballs\/wp-content\/uploads\/2016\/11\/tuerkis.jpg\"><img decoding=\"async\" loading=\"lazy\" class=\"wp-image-158 size-medium\" src=\"http:\/\/evileu.de\/oddballs\/wp-content\/uploads\/2016\/11\/tuerkis-300x225.jpg\" alt=\"tuerkis uni\" width=\"300\" height=\"225\" srcset=\"https:\/\/evileu.de\/oddballs\/wp-content\/uploads\/2016\/11\/tuerkis-300x225.jpg 300w, https:\/\/evileu.de\/oddballs\/wp-content\/uploads\/2016\/11\/tuerkis-24x18.jpg 24w, https:\/\/evileu.de\/oddballs\/wp-content\/uploads\/2016\/11\/tuerkis-36x27.jpg 36w, https:\/\/evileu.de\/oddballs\/wp-content\/uploads\/2016\/11\/tuerkis-48x36.jpg 48w, https:\/\/evileu.de\/oddballs\/wp-content\/uploads\/2016\/11\/tuerkis.jpg 600w\" sizes=\"(max-width: 300px) 100vw, 300px\" \/><\/a><figcaption id=\"caption-attachment-158\" class=\"wp-caption-text\">tuerkis uni<\/figcaption><\/figure>\n<p>Handymonster kann man per Hand oder auch auf der Maschine stricken, man braucht ja nur ein Rechteck in glatt-rechts, das geht ganz einfach.<\/p>\n<h3><a href=\"http:\/\/evileu.de\/oddballs\/wp-content\/uploads\/2016\/11\/handymonster.pdf\">handymonster<\/a> als PDF<\/h3>\n<p><a href=\"http:\/\/evileu.de\/oddballs\/wp-content\/uploads\/2016\/11\/trenner_oddballs.jpg\"><img decoding=\"async\" loading=\"lazy\" class=\"aligncenter size-full wp-image-81\" src=\"http:\/\/evileu.de\/oddballs\/wp-content\/uploads\/2016\/11\/trenner_oddballs.jpg\" alt=\"trenner_oddballs\" width=\"800\" height=\"67\" srcset=\"https:\/\/evileu.de\/oddballs\/wp-content\/uploads\/2016\/11\/trenner_oddballs.jpg 800w, https:\/\/evileu.de\/oddballs\/wp-content\/uploads\/2016\/11\/trenner_oddballs-300x25.jpg 300w, https:\/\/evileu.de\/oddballs\/wp-content\/uploads\/2016\/11\/trenner_oddballs-768x64.jpg 768w, https:\/\/evileu.de\/oddballs\/wp-content\/uploads\/2016\/11\/trenner_oddballs-24x2.jpg 24w, https:\/\/evileu.de\/oddballs\/wp-content\/uploads\/2016\/11\/trenner_oddballs-36x3.jpg 36w, https:\/\/evileu.de\/oddballs\/wp-content\/uploads\/2016\/11\/trenner_oddballs-48x4.jpg 48w\" sizes=\"(max-width: 800px) 100vw, 800px\" \/><\/a><\/p>\n<h2 class=\"rsp_hidden\">Ohren und Nasen f\u00fcr Kuscheltiere<\/h2>\n<p>Handymonster kann man auch mit \u00d6hrchen versehen, und Nasen k\u00f6nnen Sie auch noch kriegen, am besten in sch\u00f6nen leuchtenden Farben. Daf\u00fcr h\u00e4kle ich einen kleinen \u201eKnubbel\u201c aus zusammen abgemaschten St\u00e4bchen und n\u00e4he den dann mit ein paar Stichen auf.<\/p>\n<figure id=\"attachment_164\" aria-describedby=\"caption-attachment-164\" style=\"width: 640px\" class=\"wp-caption aligncenter\"><a href=\"http:\/\/evileu.de\/oddballs\/wp-content\/uploads\/2016\/11\/mit_ohren_medium2.jpg\"><img decoding=\"async\" loading=\"lazy\" class=\"wp-image-164 size-full\" src=\"http:\/\/evileu.de\/oddballs\/wp-content\/uploads\/2016\/11\/mit_ohren_medium2.jpg\" alt=\"mit ohren\" width=\"640\" height=\"480\" srcset=\"https:\/\/evileu.de\/oddballs\/wp-content\/uploads\/2016\/11\/mit_ohren_medium2.jpg 640w, https:\/\/evileu.de\/oddballs\/wp-content\/uploads\/2016\/11\/mit_ohren_medium2-300x225.jpg 300w, https:\/\/evileu.de\/oddballs\/wp-content\/uploads\/2016\/11\/mit_ohren_medium2-24x18.jpg 24w, https:\/\/evileu.de\/oddballs\/wp-content\/uploads\/2016\/11\/mit_ohren_medium2-36x27.jpg 36w, https:\/\/evileu.de\/oddballs\/wp-content\/uploads\/2016\/11\/mit_ohren_medium2-48x36.jpg 48w\" sizes=\"(max-width: 640px) 100vw, 640px\" \/><\/a><figcaption id=\"caption-attachment-164\" class=\"wp-caption-text\">mit ohren<\/figcaption><\/figure>\n<p>Die Anleitung f\u00fcr die Knubbel ist hier:<\/p>\n<h3><a href=\"http:\/\/evileu.de\/oddballs\/wp-content\/uploads\/2016\/10\/ohren_oder_nasen.pdf\">ohren_oder_nasen<\/a> als PDF<\/h3>\n<p><a href=\"http:\/\/evileu.de\/oddballs\/wp-content\/uploads\/2016\/11\/trenner_oddballs-1.jpg\"><img decoding=\"async\" loading=\"lazy\" class=\"aligncenter size-full wp-image-165\" src=\"http:\/\/evileu.de\/oddballs\/wp-content\/uploads\/2016\/11\/trenner_oddballs-1.jpg\" alt=\"trenner_oddballs\" width=\"800\" height=\"67\" srcset=\"https:\/\/evileu.de\/oddballs\/wp-content\/uploads\/2016\/11\/trenner_oddballs-1.jpg 800w, https:\/\/evileu.de\/oddballs\/wp-content\/uploads\/2016\/11\/trenner_oddballs-1-300x25.jpg 300w, https:\/\/evileu.de\/oddballs\/wp-content\/uploads\/2016\/11\/trenner_oddballs-1-768x64.jpg 768w, https:\/\/evileu.de\/oddballs\/wp-content\/uploads\/2016\/11\/trenner_oddballs-1-24x2.jpg 24w, https:\/\/evileu.de\/oddballs\/wp-content\/uploads\/2016\/11\/trenner_oddballs-1-36x3.jpg 36w, https:\/\/evileu.de\/oddballs\/wp-content\/uploads\/2016\/11\/trenner_oddballs-1-48x4.jpg 48w\" sizes=\"(max-width: 800px) 100vw, 800px\" \/><\/a><\/p>\n<h2 class=\"rsp_hidden\">Augen f\u00fcr Kuscheltiere<\/h2>\n<figure id=\"attachment_167\" aria-describedby=\"caption-attachment-167\" style=\"width: 320px\" class=\"wp-caption aligncenter\"><a href=\"http:\/\/evileu.de\/oddballs\/wp-content\/uploads\/2016\/11\/tierchen_small2.jpg\"><img decoding=\"async\" loading=\"lazy\" class=\"wp-image-167 size-full\" src=\"http:\/\/evileu.de\/oddballs\/wp-content\/uploads\/2016\/11\/tierchen_small2.jpg\" alt=\"tierchen mit augen\" width=\"320\" height=\"240\" srcset=\"https:\/\/evileu.de\/oddballs\/wp-content\/uploads\/2016\/11\/tierchen_small2.jpg 320w, https:\/\/evileu.de\/oddballs\/wp-content\/uploads\/2016\/11\/tierchen_small2-300x225.jpg 300w, https:\/\/evileu.de\/oddballs\/wp-content\/uploads\/2016\/11\/tierchen_small2-24x18.jpg 24w, https:\/\/evileu.de\/oddballs\/wp-content\/uploads\/2016\/11\/tierchen_small2-36x27.jpg 36w, https:\/\/evileu.de\/oddballs\/wp-content\/uploads\/2016\/11\/tierchen_small2-48x36.jpg 48w\" sizes=\"(max-width: 320px) 100vw, 320px\" \/><\/a><figcaption id=\"caption-attachment-167\" class=\"wp-caption-text\">tierchen mit augen<\/figcaption><\/figure>\n<div class=\"notes markdown core_item_content__text_block\">\n<p>Ich stricke viel kleine Tierchen (meistens f\u00fcr caritative Zwecke), und da braucht man immer mal ein paar Augen, damit die kleinen Kerlchen auch sehen und gesehen werden. Man kann Glas- oder Plastikaugen fertig kaufen (teuer) , man kann Kn\u00f6pfe aufn\u00e4hen (auch nicht schlecht), oder man kann sich die Guckerchen einfach selber herstellen. F\u00fcr Augen von ca. 1,5 cm Durchmesser nehme ich Sockenwolle wei\u00df 4-f\u00e4dig und h\u00e4kle mit einer 2,5er Nadel. Man braucht dann noch einen Rest Sockenwolle f\u00fcr die Pupille, ich nehme meistens schwarz, aber man kann nat\u00fcrlich auch blaue oder sonstwie bunte \u00c4uglein arbeiten.<\/p>\n<p>Die Fotos sind leider etwas unscharf geworden, weil ich so nah rangehen mu\u00dfte, das macht meine kleine Nikon nicht so gerne. Aber das Prinzip ist trotzdem gut zu erkennen!<\/p>\n<p>Hier ist die Anleitung:<\/p>\n<h3><a href=\"http:\/\/evileu.de\/oddballs\/wp-content\/uploads\/2016\/10\/augen.pdf\">augen<\/a> als PDF<\/h3>\n<p><a href=\"http:\/\/evileu.de\/oddballs\/wp-content\/uploads\/2016\/11\/trenner_oddballs-1.jpg\"><img decoding=\"async\" loading=\"lazy\" class=\"aligncenter size-full wp-image-165\" src=\"http:\/\/evileu.de\/oddballs\/wp-content\/uploads\/2016\/11\/trenner_oddballs-1.jpg\" alt=\"trenner_oddballs\" width=\"800\" height=\"67\" srcset=\"https:\/\/evileu.de\/oddballs\/wp-content\/uploads\/2016\/11\/trenner_oddballs-1.jpg 800w, https:\/\/evileu.de\/oddballs\/wp-content\/uploads\/2016\/11\/trenner_oddballs-1-300x25.jpg 300w, https:\/\/evileu.de\/oddballs\/wp-content\/uploads\/2016\/11\/trenner_oddballs-1-768x64.jpg 768w, https:\/\/evileu.de\/oddballs\/wp-content\/uploads\/2016\/11\/trenner_oddballs-1-24x2.jpg 24w, https:\/\/evileu.de\/oddballs\/wp-content\/uploads\/2016\/11\/trenner_oddballs-1-36x3.jpg 36w, https:\/\/evileu.de\/oddballs\/wp-content\/uploads\/2016\/11\/trenner_oddballs-1-48x4.jpg 48w\" sizes=\"(max-width: 800px) 100vw, 800px\" \/><\/a><\/p>\n<h2>Babysniffer nach Birgit Schneggart<\/h2>\n<figure id=\"attachment_169\" aria-describedby=\"caption-attachment-169\" style=\"width: 1600px\" class=\"wp-caption aligncenter\"><a href=\"http:\/\/evileu.de\/oddballs\/wp-content\/uploads\/2016\/11\/Babysniffer_9.jpg\"><img decoding=\"async\" loading=\"lazy\" class=\"wp-image-169 size-full\" src=\"http:\/\/evileu.de\/oddballs\/wp-content\/uploads\/2016\/11\/Babysniffer_9.jpg\" alt=\"babysniffer\" width=\"1600\" height=\"1200\" srcset=\"https:\/\/evileu.de\/oddballs\/wp-content\/uploads\/2016\/11\/Babysniffer_9.jpg 1600w, https:\/\/evileu.de\/oddballs\/wp-content\/uploads\/2016\/11\/Babysniffer_9-300x225.jpg 300w, https:\/\/evileu.de\/oddballs\/wp-content\/uploads\/2016\/11\/Babysniffer_9-768x576.jpg 768w, https:\/\/evileu.de\/oddballs\/wp-content\/uploads\/2016\/11\/Babysniffer_9-1024x768.jpg 1024w, https:\/\/evileu.de\/oddballs\/wp-content\/uploads\/2016\/11\/Babysniffer_9-24x18.jpg 24w, https:\/\/evileu.de\/oddballs\/wp-content\/uploads\/2016\/11\/Babysniffer_9-36x27.jpg 36w, https:\/\/evileu.de\/oddballs\/wp-content\/uploads\/2016\/11\/Babysniffer_9-48x36.jpg 48w\" sizes=\"(max-width: 1600px) 100vw, 1600px\" \/><\/a><figcaption id=\"caption-attachment-169\" class=\"wp-caption-text\">babysniffer<\/figcaption><\/figure>\n<\/div>\n<p>Ich stricke schon lange die drolligen kleinen Babysniffer von Birgit Schneggart, hier ist ihre tolle <a href=\"http:\/\/www.ravelry.com\/patterns\/library\/baby-trumpet-sniffer\">Anleitung f\u00fcr Baby-Trumpet-Sniffer.<\/a><\/p>\n<p>Ich stricke meine Snifferchen in Serie f\u00fcr einen guten Zweck, die gehen alle an Trostteddy e.V. f\u00fcr die Klinik-Clowns. Ihr k\u00f6nnt sie gerne f\u00fcr den <strong>privaten Gebrauch<\/strong> oder ebenfalls <strong>f\u00fcr einen guten Zweck<\/strong> nacharbeiten, aber die <strong>kommerzielle Nutzung ist nicht gestattet<\/strong>. Birgit und ich danken euch f\u00fcr die Beachtung dieses Hinweises!<br \/>\nN\u00e4here Informationen zu Handarbeiten f\u00fcr einen guten Zweck findet ihr auch im deutschsprachigen Forum \u201e<a href=\"http:\/\/www.ravelry.com\/groups\/handarbeiten-fur-caritative-einrichtungen\">Handarbeiten f\u00fcr caritative Einrichtungen<\/a>\u201c<\/p>\n<figure id=\"attachment_170\" aria-describedby=\"caption-attachment-170\" style=\"width: 320px\" class=\"wp-caption aligncenter\"><a href=\"http:\/\/evileu.de\/oddballs\/wp-content\/uploads\/2016\/11\/babysniffer_10-1.jpg\"><img decoding=\"async\" loading=\"lazy\" class=\"wp-image-170 size-full\" src=\"http:\/\/evileu.de\/oddballs\/wp-content\/uploads\/2016\/11\/babysniffer_10-1.jpg\" alt=\"babysniffer f\u00fcr trostteddy e.v.\" width=\"320\" height=\"240\" srcset=\"https:\/\/evileu.de\/oddballs\/wp-content\/uploads\/2016\/11\/babysniffer_10-1.jpg 320w, https:\/\/evileu.de\/oddballs\/wp-content\/uploads\/2016\/11\/babysniffer_10-1-300x225.jpg 300w, https:\/\/evileu.de\/oddballs\/wp-content\/uploads\/2016\/11\/babysniffer_10-1-24x18.jpg 24w, https:\/\/evileu.de\/oddballs\/wp-content\/uploads\/2016\/11\/babysniffer_10-1-36x27.jpg 36w, https:\/\/evileu.de\/oddballs\/wp-content\/uploads\/2016\/11\/babysniffer_10-1-48x36.jpg 48w\" sizes=\"(max-width: 320px) 100vw, 320px\" \/><\/a><figcaption id=\"caption-attachment-170\" class=\"wp-caption-text\">babysniffer f\u00fcr trostteddy e.v.<\/figcaption><\/figure>\n<h2>Babysniffer auf der Strickmaschine<\/h2>\n<p>Weil ich prinzipiell ein bisschen faul bin, hab ich mir ausget\u00fcftelt wie ich die kleinen Kerlchen arbeitssparend auf der Strickmaschine herstellen kann. Ich stricke mit einer alten Singer Memo II, es sollte aber auch auf jedem anderen Doppelbettger\u00e4t gehen, Hauptsache<br \/>\ndie Maschine kann einen runden Schlauch stricken. Es wird ein bisschen Erfahrung auf der Strickmaschine vorausgesetzt, aber bei Fragen k\u00f6nnt ihr mich gerne kontaktieren.<br \/>\nIch verwende Sockenwolle 4fach (LL ca. 420m\/100g), besonders geeignet sind Garne, die einen lustigen Ringel-Farbverlauf haben, das ergibt putzig bunte Snifferchen.<\/p>\n<p>Hier ist die Anleitung f\u00fcr Strickmaschine:<\/p>\n<h3>\n<a href=\"http:\/\/evileu.de\/oddballs\/wp-content\/uploads\/2016\/11\/BabysnifferStrickmaschine.pdf\">babysniffer_strickmaschine<\/a> als PDF<\/h3>\n<p><a href=\"http:\/\/evileu.de\/oddballs\/wp-content\/uploads\/2016\/11\/trenner_oddballs-1.jpg\"><img decoding=\"async\" loading=\"lazy\" class=\"aligncenter size-full wp-image-165\" src=\"http:\/\/evileu.de\/oddballs\/wp-content\/uploads\/2016\/11\/trenner_oddballs-1.jpg\" alt=\"trenner_oddballs\" width=\"800\" height=\"67\" srcset=\"https:\/\/evileu.de\/oddballs\/wp-content\/uploads\/2016\/11\/trenner_oddballs-1.jpg 800w, https:\/\/evileu.de\/oddballs\/wp-content\/uploads\/2016\/11\/trenner_oddballs-1-300x25.jpg 300w, https:\/\/evileu.de\/oddballs\/wp-content\/uploads\/2016\/11\/trenner_oddballs-1-768x64.jpg 768w, https:\/\/evileu.de\/oddballs\/wp-content\/uploads\/2016\/11\/trenner_oddballs-1-24x2.jpg 24w, https:\/\/evileu.de\/oddballs\/wp-content\/uploads\/2016\/11\/trenner_oddballs-1-36x3.jpg 36w, https:\/\/evileu.de\/oddballs\/wp-content\/uploads\/2016\/11\/trenner_oddballs-1-48x4.jpg 48w\" sizes=\"(max-width: 800px) 100vw, 800px\" \/><\/a><\/p>\n<h2>Miezekatze a la Inselfisch<\/h2>\n<p>Diese Anleitung habe ich mir aus mehreren im Internet kursierenden Anleitungen zusammenklam\u00fcsert und auf glatt-rechts umgerechnet. Au\u00dferdem habe ich ein \u201eSchn\u00e4uzchen\u201c eingebaut, weil mir die platten Katzengesichter nicht so gut gefallen haben.<\/p>\n<figure id=\"attachment_173\" aria-describedby=\"caption-attachment-173\" style=\"width: 4608px\" class=\"wp-caption aligncenter\"><a href=\"http:\/\/evileu.de\/oddballs\/wp-content\/uploads\/2016\/11\/2_miezen.jpg\"><img decoding=\"async\" loading=\"lazy\" class=\"wp-image-173 size-full\" src=\"http:\/\/evileu.de\/oddballs\/wp-content\/uploads\/2016\/11\/2_miezen.jpg\" alt=\"zwei miezen\" width=\"4608\" height=\"3456\" srcset=\"https:\/\/evileu.de\/oddballs\/wp-content\/uploads\/2016\/11\/2_miezen.jpg 4608w, https:\/\/evileu.de\/oddballs\/wp-content\/uploads\/2016\/11\/2_miezen-300x225.jpg 300w, https:\/\/evileu.de\/oddballs\/wp-content\/uploads\/2016\/11\/2_miezen-768x576.jpg 768w, https:\/\/evileu.de\/oddballs\/wp-content\/uploads\/2016\/11\/2_miezen-1024x768.jpg 1024w, https:\/\/evileu.de\/oddballs\/wp-content\/uploads\/2016\/11\/2_miezen-24x18.jpg 24w, https:\/\/evileu.de\/oddballs\/wp-content\/uploads\/2016\/11\/2_miezen-36x27.jpg 36w, https:\/\/evileu.de\/oddballs\/wp-content\/uploads\/2016\/11\/2_miezen-48x36.jpg 48w\" sizes=\"(max-width: 4608px) 100vw, 4608px\" \/><\/a><figcaption id=\"caption-attachment-173\" class=\"wp-caption-text\">2 miezen<\/figcaption><\/figure>\n<p><strong>Anleitung f\u00fcr:<\/strong> Spielzeug \u00a0\u00a0\u00a0 <strong>Garn:<\/strong> Sockenwolle 4f\u00e4dig \u00a0\u00a0\u00a0 <strong>Handarbeitsart:<\/strong> Stricken<br \/>\n<strong>Maschenprobe:<\/strong> nicht n\u00f6tig \u00a0\u00a0\u00a0 <strong>Nadelst\u00e4rke:<\/strong> 2-2,5<\/p>\n<p>Hier kommt die Anleitung<\/p>\n<h3><a href=\"http:\/\/evileu.de\/oddballs\/wp-content\/uploads\/2016\/11\/Miezekatze.pdf\">miezekatze<\/a> als PDF<\/h3>\n<p><a href=\"http:\/\/evileu.de\/oddballs\/wp-content\/uploads\/2016\/11\/trenner_oddballs-1.jpg\"><img decoding=\"async\" loading=\"lazy\" class=\"aligncenter size-full wp-image-165\" src=\"http:\/\/evileu.de\/oddballs\/wp-content\/uploads\/2016\/11\/trenner_oddballs-1.jpg\" alt=\"trenner_oddballs\" width=\"800\" height=\"67\" srcset=\"https:\/\/evileu.de\/oddballs\/wp-content\/uploads\/2016\/11\/trenner_oddballs-1.jpg 800w, https:\/\/evileu.de\/oddballs\/wp-content\/uploads\/2016\/11\/trenner_oddballs-1-300x25.jpg 300w, https:\/\/evileu.de\/oddballs\/wp-content\/uploads\/2016\/11\/trenner_oddballs-1-768x64.jpg 768w, https:\/\/evileu.de\/oddballs\/wp-content\/uploads\/2016\/11\/trenner_oddballs-1-24x2.jpg 24w, https:\/\/evileu.de\/oddballs\/wp-content\/uploads\/2016\/11\/trenner_oddballs-1-36x3.jpg 36w, https:\/\/evileu.de\/oddballs\/wp-content\/uploads\/2016\/11\/trenner_oddballs-1-48x4.jpg 48w\" sizes=\"(max-width: 800px) 100vw, 800px\" \/><\/a><\/p>\n","protected":false},"excerpt":{"rendered":"<p>Hier stelle ich euch eine Reihe von knuffigen Handymonstern und sonstigen Kleintieren vor. Die sind schnell gemacht und geben prima kleine Geschenke ab! Handymonster a la Inselfisch Handymonster sehen super-knuffig aus, sch\u00fctzen dein Handy vor Schmutz und Kratzern und sind ein ganz individuelles witziges Accessoire. Sie sind auch schnell gestrickt und eignen sich prima als &hellip; <a href=\"https:\/\/evileu.de\/oddballs\/alle_anleitungen\/handymonster-und-tierisches\/\" class=\"more-link\"><span class=\"screen-reader-text\">Handymonster und Tierisches<\/span> weiterlesen <span class=\"meta-nav\">&rarr;<\/span><\/a><\/p>\n","protected":false},"author":1,"featured_media":0,"parent":2,"menu_order":2,"comment_status":"open","ping_status":"closed","template":"","meta":[],"_links":{"self":[{"href":"https:\/\/evileu.de\/oddballs\/wp-json\/wp\/v2\/pages\/153"}],"collection":[{"href":"https:\/\/evileu.de\/oddballs\/wp-json\/wp\/v2\/pages"}],"about":[{"href":"https:\/\/evileu.de\/oddballs\/wp-json\/wp\/v2\/types\/page"}],"author":[{"embeddable":true,"href":"https:\/\/evileu.de\/oddballs\/wp-json\/wp\/v2\/users\/1"}],"replies":[{"embeddable":true,"href":"https:\/\/evileu.de\/oddballs\/wp-json\/wp\/v2\/comments?post=153"}],"version-history":[{"count":10,"href":"https:\/\/evileu.de\/oddballs\/wp-json\/wp\/v2\/pages\/153\/revisions"}],"predecessor-version":[{"id":684,"href":"https:\/\/evileu.de\/oddballs\/wp-json\/wp\/v2\/pages\/153\/revisions\/684"}],"up":[{"embeddable":true,"href":"https:\/\/evileu.de\/oddballs\/wp-json\/wp\/v2\/pages\/2"}],"wp:attachment":[{"href":"https:\/\/evileu.de\/oddballs\/wp-json\/wp\/v2\/media?parent=153"}],"curies":[{"name":"wp","href":"https:\/\/api.w.org\/{rel}","templated":true}]}}