{"id":1212,"date":"2018-11-13T07:43:06","date_gmt":"2018-11-13T06:43:06","guid":{"rendered":"http:\/\/evileu.de\/oddballs\/?page_id=1212"},"modified":"2018-11-23T07:02:14","modified_gmt":"2018-11-23T06:02:14","slug":"gehaekelte-augen-fuer-handymonster-oder-andere-kuscheltiere","status":"publish","type":"page","link":"https:\/\/evileu.de\/oddballs\/modelle-zum-nachstricken-aus-wolle-von-supergarne\/gehaekelte-augen-fuer-handymonster-oder-andere-kuscheltiere\/","title":{"rendered":"Geh\u00e4kelte Augen"},"content":{"rendered":"<p>Ich stricke viel kleine Tierchen, und da braucht man immer mal ein paar Augen, damit die kleinen Kerlchen auch sehen und gesehen werden.\u00a0 Man kann Glas- oder Plastikaugen fertig kaufen (teuer) , man kann Kn\u00f6pfe aufn\u00e4hen (auch nicht schlecht), oder man kann sich die Guckerchen einfach selber herstellen. F\u00fcr Augen von ca. 1,5 cm Durchmesser nehme ich Sockenwolle Aktiv wei\u00df 4-f\u00e4dig und h\u00e4kle mit einer 2,5er Nadel. Man braucht dann noch einen Rest Sockenwolle f\u00fcr die Pupille, ich nehme meistens schwarz, aber man kann nat\u00fcrlich auch blaue oder sonst wie bunte \u00c4uglein arbeiten.<\/p>\n<figure id=\"attachment_1213\" aria-describedby=\"caption-attachment-1213\" style=\"width: 300px\" class=\"wp-caption aligncenter\"><a href=\"http:\/\/evileu.de\/oddballs\/wp-content\/uploads\/2018\/11\/tierchen.jpg\"><img decoding=\"async\" loading=\"lazy\" id=\"longdesc-return-1213\" class=\"size-full wp-image-1213\" tabindex=\"-1\" src=\"http:\/\/evileu.de\/oddballs\/wp-content\/uploads\/2018\/11\/tierchen.jpg\" alt=\"tierchen\" width=\"300\" height=\"225\" longdesc=\"http:\/\/evileu.de\/oddballs?longdesc=1213&amp;referrer=1212\" \/><\/a><figcaption id=\"caption-attachment-1213\" class=\"wp-caption-text\">tierchen<\/figcaption><\/figure>\n<p>Die Anleitung gibt es hier als PDF zum Download:<\/p>\n<h2><a href=\"http:\/\/evileu.de\/oddballs\/wp-content\/uploads\/2018\/11\/augen_evi_und_supergarne.pdf\">augen_evi_und_supergarne<\/a><\/h2>\n","protected":false},"excerpt":{"rendered":"<p>Ich stricke viel kleine Tierchen, und da braucht man immer mal ein paar Augen, damit die kleinen Kerlchen auch sehen und gesehen werden.\u00a0 Man kann Glas- oder Plastikaugen fertig kaufen (teuer) , man kann Kn\u00f6pfe aufn\u00e4hen (auch nicht schlecht), oder man kann sich die Guckerchen einfach selber herstellen. F\u00fcr Augen von ca. 1,5 cm Durchmesser &hellip; <a href=\"https:\/\/evileu.de\/oddballs\/modelle-zum-nachstricken-aus-wolle-von-supergarne\/gehaekelte-augen-fuer-handymonster-oder-andere-kuscheltiere\/\" class=\"more-link\"><span class=\"screen-reader-text\">Geh\u00e4kelte Augen<\/span> weiterlesen <span class=\"meta-nav\">&rarr;<\/span><\/a><\/p>\n","protected":false},"author":1,"featured_media":0,"parent":109,"menu_order":1,"comment_status":"open","ping_status":"closed","template":"","meta":[],"_links":{"self":[{"href":"https:\/\/evileu.de\/oddballs\/wp-json\/wp\/v2\/pages\/1212"}],"collection":[{"href":"https:\/\/evileu.de\/oddballs\/wp-json\/wp\/v2\/pages"}],"about":[{"href":"https:\/\/evileu.de\/oddballs\/wp-json\/wp\/v2\/types\/page"}],"author":[{"embeddable":true,"href":"https:\/\/evileu.de\/oddballs\/wp-json\/wp\/v2\/users\/1"}],"replies":[{"embeddable":true,"href":"https:\/\/evileu.de\/oddballs\/wp-json\/wp\/v2\/comments?post=1212"}],"version-history":[{"count":2,"href":"https:\/\/evileu.de\/oddballs\/wp-json\/wp\/v2\/pages\/1212\/revisions"}],"predecessor-version":[{"id":1217,"href":"https:\/\/evileu.de\/oddballs\/wp-json\/wp\/v2\/pages\/1212\/revisions\/1217"}],"up":[{"embeddable":true,"href":"https:\/\/evileu.de\/oddballs\/wp-json\/wp\/v2\/pages\/109"}],"wp:attachment":[{"href":"https:\/\/evileu.de\/oddballs\/wp-json\/wp\/v2\/media?parent=1212"}],"curies":[{"name":"wp","href":"https:\/\/api.w.org\/{rel}","templated":true}]}}