{"id":1203,"date":"2018-11-12T07:59:35","date_gmt":"2018-11-12T06:59:35","guid":{"rendered":"http:\/\/evileu.de\/oddballs\/?page_id=1203"},"modified":"2018-11-23T07:02:14","modified_gmt":"2018-11-23T06:02:14","slug":"handymonster-aus-sockenwolle-aktiv-4-fach","status":"publish","type":"page","link":"https:\/\/evileu.de\/oddballs\/modelle-zum-nachstricken-aus-wolle-von-supergarne\/handymonster-aus-sockenwolle-aktiv-4-fach\/","title":{"rendered":"Handymonster aus Sockenwolle Aktiv 4-fach"},"content":{"rendered":"<p>Handymonster sehen super-knuffig aus, sch\u00fctzen dein Handy vor Schmutz und Kratzern und sind ein ganz individuelles witziges Accessoire. Sie sind auch schnell gestrickt und eignen sich prima als kleine Geschenke! Ganz prima eignen sich hier die Reste, die oft beim Sockenstricken \u00fcbrigbleiben, man braucht f\u00fcr ein Monsterchen nur 15-20 Gramm Wolle.<\/p>\n<figure id=\"attachment_1204\" aria-describedby=\"caption-attachment-1204\" style=\"width: 1600px\" class=\"wp-caption aligncenter\"><a href=\"http:\/\/evileu.de\/oddballs\/wp-content\/uploads\/2018\/11\/3_monsterchen.jpg\"><img decoding=\"async\" loading=\"lazy\" id=\"longdesc-return-1204\" class=\"size-full wp-image-1204\" tabindex=\"-1\" src=\"http:\/\/evileu.de\/oddballs\/wp-content\/uploads\/2018\/11\/3_monsterchen.jpg\" alt=\"3_monsterchen\" width=\"1600\" height=\"1200\" longdesc=\"http:\/\/evileu.de\/oddballs?longdesc=1204&amp;referrer=1203\" srcset=\"https:\/\/evileu.de\/oddballs\/wp-content\/uploads\/2018\/11\/3_monsterchen.jpg 1600w, https:\/\/evileu.de\/oddballs\/wp-content\/uploads\/2018\/11\/3_monsterchen-300x225.jpg 300w, https:\/\/evileu.de\/oddballs\/wp-content\/uploads\/2018\/11\/3_monsterchen-768x576.jpg 768w, https:\/\/evileu.de\/oddballs\/wp-content\/uploads\/2018\/11\/3_monsterchen-1024x768.jpg 1024w\" sizes=\"(max-width: 1600px) 100vw, 1600px\" \/><\/a><figcaption id=\"caption-attachment-1204\" class=\"wp-caption-text\">3_monsterchen<\/figcaption><\/figure>\n<p>Sie lassen sich aus nahezu jeder Wolle anfertigen, man muss halt so viele Maschen anschlagen, wie das Handy breit ist, und in der H\u00f6he zweimal die L\u00e4nge des Handys + 1-2cm f\u00fcr die Lippe stricken. Ich habs hier mal f\u00fcr die Sockenwolle Aktiv 4f\u00e4dig doppelt genommen ausgerechnet, aber das l\u00e4sst sich leicht je nach Garnst\u00e4rke und Handygr\u00f6sse abwandeln.<\/p>\n<p>Hier ist die Anleitung als PDF zum Download:<\/p>\n<h2><a href=\"http:\/\/evileu.de\/oddballs\/wp-content\/uploads\/2018\/11\/handymonster_evi_und_supergarne.pdf\">handymonster_evi_und_supergarne<\/a><\/h2>\n","protected":false},"excerpt":{"rendered":"<p>Handymonster sehen super-knuffig aus, sch\u00fctzen dein Handy vor Schmutz und Kratzern und sind ein ganz individuelles witziges Accessoire. Sie sind auch schnell gestrickt und eignen sich prima als kleine Geschenke! Ganz prima eignen sich hier die Reste, die oft beim Sockenstricken \u00fcbrigbleiben, man braucht f\u00fcr ein Monsterchen nur 15-20 Gramm Wolle. Sie lassen sich aus &hellip; <a href=\"https:\/\/evileu.de\/oddballs\/modelle-zum-nachstricken-aus-wolle-von-supergarne\/handymonster-aus-sockenwolle-aktiv-4-fach\/\" class=\"more-link\"><span class=\"screen-reader-text\">Handymonster aus Sockenwolle Aktiv 4-fach<\/span> weiterlesen <span class=\"meta-nav\">&rarr;<\/span><\/a><\/p>\n","protected":false},"author":1,"featured_media":0,"parent":109,"menu_order":0,"comment_status":"open","ping_status":"closed","template":"","meta":[],"_links":{"self":[{"href":"https:\/\/evileu.de\/oddballs\/wp-json\/wp\/v2\/pages\/1203"}],"collection":[{"href":"https:\/\/evileu.de\/oddballs\/wp-json\/wp\/v2\/pages"}],"about":[{"href":"https:\/\/evileu.de\/oddballs\/wp-json\/wp\/v2\/types\/page"}],"author":[{"embeddable":true,"href":"https:\/\/evileu.de\/oddballs\/wp-json\/wp\/v2\/users\/1"}],"replies":[{"embeddable":true,"href":"https:\/\/evileu.de\/oddballs\/wp-json\/wp\/v2\/comments?post=1203"}],"version-history":[{"count":4,"href":"https:\/\/evileu.de\/oddballs\/wp-json\/wp\/v2\/pages\/1203\/revisions"}],"predecessor-version":[{"id":1209,"href":"https:\/\/evileu.de\/oddballs\/wp-json\/wp\/v2\/pages\/1203\/revisions\/1209"}],"up":[{"embeddable":true,"href":"https:\/\/evileu.de\/oddballs\/wp-json\/wp\/v2\/pages\/109"}],"wp:attachment":[{"href":"https:\/\/evileu.de\/oddballs\/wp-json\/wp\/v2\/media?parent=1203"}],"curies":[{"name":"wp","href":"https:\/\/api.w.org\/{rel}","templated":true}]}}