{"id":109,"date":"2016-11-26T19:23:11","date_gmt":"2016-11-26T18:23:11","guid":{"rendered":"http:\/\/evileu.de\/oddballs\/?page_id=109"},"modified":"2018-11-23T07:02:14","modified_gmt":"2018-11-23T06:02:14","slug":"modelle-zum-nachstricken-aus-wolle-von-supergarne","status":"publish","type":"page","link":"https:\/\/evileu.de\/oddballs\/modelle-zum-nachstricken-aus-wolle-von-supergarne\/","title":{"rendered":"Modelle zum Nachstricken aus Wolle von Supergarne"},"content":{"rendered":"<h2>Meine Kooperation mit Supergarne<\/h2>\n<p>Ich freue mich sehr, hier meine Zusammenarbeit mit der Firma <a href=\"https:\/\/www.supergarne.com\/\">Supergarne<\/a> vorstellen zu k\u00f6nnen. Supergarne betreibt bereits seit 2006 einen sehr erfolgreichen Online-Wolle-Shop\u00a0 mit \u00fcber 50.000 zufriedenen Kundinnen. Supergarne \u00fcberzeugt mit einem breitgef\u00e4cherten Angebot feiner Handarbeitsgarne in bester Qualit\u00e4t zu ausgesprochen g\u00fcnstigen Preisen. Die Firma ist ein Familienbetrieb und bietet neben Wolle zum Stricken, Filzen und F\u00e4rben auch fachkundige und kompetente pers\u00f6nliche Beratung an.<\/p>\n<figure id=\"attachment_1196\" aria-describedby=\"caption-attachment-1196\" style=\"width: 484px\" class=\"wp-caption aligncenter\"><a href=\"http:\/\/evileu.de\/oddballs\/wp-content\/uploads\/2016\/11\/supergarne_logo.jpg\"><img decoding=\"async\" loading=\"lazy\" id=\"longdesc-return-1196\" class=\"size-full wp-image-1196\" tabindex=\"-1\" src=\"http:\/\/evileu.de\/oddballs\/wp-content\/uploads\/2016\/11\/supergarne_logo.jpg\" alt=\"supergarne_logo\" width=\"484\" height=\"114\" longdesc=\"http:\/\/evileu.de\/oddballs?longdesc=1196&amp;referrer=109\" srcset=\"https:\/\/evileu.de\/oddballs\/wp-content\/uploads\/2016\/11\/supergarne_logo.jpg 484w, https:\/\/evileu.de\/oddballs\/wp-content\/uploads\/2016\/11\/supergarne_logo-300x71.jpg 300w\" sizes=\"(max-width: 484px) 100vw, 484px\" \/><\/a><figcaption id=\"caption-attachment-1196\" class=\"wp-caption-text\">supergarne_logo<\/figcaption><\/figure>\n<p>Ich bin dort schon lange zufriedene Kundin und habe bereits viele Modelle aus Wolle von Supergarne gestrickt. Dabei begeistert mich die fantastische Farbauswahl, die hervorragende Qualit\u00e4t der Wolle, und das absolut tolle Preis-Leistungsverh\u00e4ltnis. Auch der Service stimmt, der Versand erfolgt in der Regel innerhalb 2-3 Werktagen, und bei Fragen steht das Team von Supergarne jederzeit per E-Mail zur Verf\u00fcgung.<\/p>\n<h2>Modelle aus Wolle von Supergarne<\/h2>\n<p>In Zusammenarbeit mit dem Supergarne-Team stelle ich hier Strickmodelle zum Nacharbeiten vor,\u00a0 die aus Wolle von Supergarne gestrickt sind. Ich werde bei jedem Modell die Qualit\u00e4t,\u00a0 die ben\u00f6tigte Menge und die Farben genau angeben, damit ihr euch die Wolle f\u00fcr euer Wunschmodell im <a href=\"https:\/\/www.supergarne.com\/\">Supergarne-Shop<\/a> direkt bestellen k\u00f6nnt. Das Team von Supergarne l\u00e4\u00dft alle meine Leserinnen herzlich gr\u00fc\u00dfen und freut sich auf euch als neue Kundinnen!<\/p>\n<p>Auf diesem Bild zeige ich euch einmal eine Farbauswahl der tollen <a href=\"https:\/\/www.supergarne.com\/Aktiv+4-fach+UNI,i25.htm\">Sockenwolle Aktiv 4-fach Uni<\/a>, diese ist in \u00fcber 50 Farbt\u00f6nen erh\u00e4ltlich:<\/p>\n<figure id=\"attachment_1199\" aria-describedby=\"caption-attachment-1199\" style=\"width: 1200px\" class=\"wp-caption aligncenter\"><a href=\"http:\/\/evileu.de\/oddballs\/wp-content\/uploads\/2016\/11\/palette.jpg\"><img decoding=\"async\" loading=\"lazy\" id=\"longdesc-return-1199\" class=\"size-full wp-image-1199\" tabindex=\"-1\" src=\"http:\/\/evileu.de\/oddballs\/wp-content\/uploads\/2016\/11\/palette.jpg\" alt=\"Sockenwolle Aktiv\" width=\"1200\" height=\"1600\" longdesc=\"http:\/\/evileu.de\/oddballs?longdesc=1199&amp;referrer=109\" srcset=\"https:\/\/evileu.de\/oddballs\/wp-content\/uploads\/2016\/11\/palette.jpg 1200w, https:\/\/evileu.de\/oddballs\/wp-content\/uploads\/2016\/11\/palette-225x300.jpg 225w, https:\/\/evileu.de\/oddballs\/wp-content\/uploads\/2016\/11\/palette-768x1024.jpg 768w\" sizes=\"(max-width: 1200px) 100vw, 1200px\" \/><\/a><figcaption id=\"caption-attachment-1199\" class=\"wp-caption-text\">Sockenwolle Aktiv<\/figcaption><\/figure>\n","protected":false},"excerpt":{"rendered":"<p>Meine Kooperation mit Supergarne Ich freue mich sehr, hier meine Zusammenarbeit mit der Firma Supergarne vorstellen zu k\u00f6nnen. Supergarne betreibt bereits seit 2006 einen sehr erfolgreichen Online-Wolle-Shop\u00a0 mit \u00fcber 50.000 zufriedenen Kundinnen. Supergarne \u00fcberzeugt mit einem breitgef\u00e4cherten Angebot feiner Handarbeitsgarne in bester Qualit\u00e4t zu ausgesprochen g\u00fcnstigen Preisen. Die Firma ist ein Familienbetrieb und bietet neben &hellip; <a href=\"https:\/\/evileu.de\/oddballs\/modelle-zum-nachstricken-aus-wolle-von-supergarne\/\" class=\"more-link\"><span class=\"screen-reader-text\">Modelle zum Nachstricken aus Wolle von Supergarne<\/span> weiterlesen <span class=\"meta-nav\">&rarr;<\/span><\/a><\/p>\n","protected":false},"author":1,"featured_media":0,"parent":0,"menu_order":0,"comment_status":"open","ping_status":"closed","template":"","meta":[],"_links":{"self":[{"href":"https:\/\/evileu.de\/oddballs\/wp-json\/wp\/v2\/pages\/109"}],"collection":[{"href":"https:\/\/evileu.de\/oddballs\/wp-json\/wp\/v2\/pages"}],"about":[{"href":"https:\/\/evileu.de\/oddballs\/wp-json\/wp\/v2\/types\/page"}],"author":[{"embeddable":true,"href":"https:\/\/evileu.de\/oddballs\/wp-json\/wp\/v2\/users\/1"}],"replies":[{"embeddable":true,"href":"https:\/\/evileu.de\/oddballs\/wp-json\/wp\/v2\/comments?post=109"}],"version-history":[{"count":14,"href":"https:\/\/evileu.de\/oddballs\/wp-json\/wp\/v2\/pages\/109\/revisions"}],"predecessor-version":[{"id":1202,"href":"https:\/\/evileu.de\/oddballs\/wp-json\/wp\/v2\/pages\/109\/revisions\/1202"}],"wp:attachment":[{"href":"https:\/\/evileu.de\/oddballs\/wp-json\/wp\/v2\/media?parent=109"}],"curies":[{"name":"wp","href":"https:\/\/api.w.org\/{rel}","templated":true}]}}