{"id":82,"date":"2016-11-16T17:34:46","date_gmt":"2016-11-16T16:34:46","guid":{"rendered":"http:\/\/evileu.de\/inselfisch-kochbuch\/?page_id=82"},"modified":"2016-11-16T17:36:09","modified_gmt":"2016-11-16T16:36:09","slug":"meine-amerikanische-koch-bibel-the-joy-of-cooking","status":"publish","type":"page","link":"https:\/\/evileu.de\/inselfisch-kochbuch\/meine-lieblings-kochbuecher\/meine-amerikanische-koch-bibel-the-joy-of-cooking\/","title":{"rendered":"Meine amerikanische Koch-Bibel: Joy of Cooking"},"content":{"rendered":"<p>Was das bayrische Kochbuch bei uns, das ist &#8222;Joy of Cooking&#8220; von Irma S. Rombauer in Amerika. Ein umfassendes Nachschlagewerk mit weit \u00fcber 4000 Rezepten, mit umfassendem Index und Stichwortverzeichnis, mit hunderten von Grundrezepten, unz\u00e4hligen praktischen Tipps und Themen von A wie Abendessen bis Z wie Zuppa Romana. Der dicke W\u00e4lzer ist auch ganz s\u00fc\u00df illustriert, mit Schwarzwei\u00df-Zeichnungen aus den 40er\/50er Jahren, die sind sehr appetitlich anzusehen. Diese hier zeigt zum Beispiel, wie man in einen Eisblock eine Sch\u00fcssel f\u00fcr die Bowle hineinbekommt:<\/p>\n<div id=\"attachment_85\" style=\"width: 289px\" class=\"wp-caption alignnone\"><img aria-describedby=\"caption-attachment-85\" decoding=\"async\" loading=\"lazy\" class=\"wp-image-85 size-medium\" src=\"http:\/\/evileu.de\/inselfisch-kochbuch\/wp-content\/uploads\/2016\/11\/ice-punch-bowl-279x300.jpg\" alt=\"ice-punch-bowl\" width=\"279\" height=\"300\" srcset=\"https:\/\/evileu.de\/inselfisch-kochbuch\/wp-content\/uploads\/2016\/11\/ice-punch-bowl-279x300.jpg 279w, https:\/\/evileu.de\/inselfisch-kochbuch\/wp-content\/uploads\/2016\/11\/ice-punch-bowl-768x827.jpg 768w, https:\/\/evileu.de\/inselfisch-kochbuch\/wp-content\/uploads\/2016\/11\/ice-punch-bowl-624x672.jpg 624w, https:\/\/evileu.de\/inselfisch-kochbuch\/wp-content\/uploads\/2016\/11\/ice-punch-bowl.jpg 861w\" sizes=\"(max-width: 279px) 100vw, 279px\" \/><p id=\"caption-attachment-85\" class=\"wp-caption-text\">ice-punch-bowl<\/p><\/div>\n<p>Die Rombauers (man merkt es schon am Namen) sind eine deutschst\u00e4mmige Familie, und lustigerweise stehen im &#8222;Joy&#8220; auch jede Menge deutscher Nationalgerichte und amerikanisierte Abwandlungen davon. Da gibt es zum Beispiel den sagenhaften &#8222;Sauerbrated Meat Loaf&#8220;, das ist der uramerikanische Meat Loaf (Hackbraten) mit einer s\u00fc\u00dfsauren Sauce wie beim deutschen Sauerbraten. Schmeckt \u00fcbrigens sehr lecker \ud83d\ude42<\/p>\n<p>The Joy ist auch ein ganz wunderbares Lesebuch, die Vorw\u00f6rter zu den einzelnen Kapiteln sind gespickt mit Anekdoten aus dem Leben der Autorin in der 1. H\u00e4lfte des 20. Jahrhunderts, und auch bei vielen Rezepten finden sich Hist\u00f6rchen und witzige Begebenheiten, so da\u00df das Rezepte-Lesen zu einem unterhaltsamen kulinarisch-literarischen Ausflug in fr\u00fchere Zeiten wird. Die besondere St\u00e4rke des Joy, so finde ich jedenfalls, sind die vielen Rezepte und unz\u00e4hligen Tipps f\u00fcr gr\u00f6ssere Feste. Schlie\u00dflich kocht man ja nicht jeden Tag f\u00fcr 40 oder 100 Personen, da braucht man schon zuverl\u00e4ssig gelingsichere Gerichte und handfeste Tipps f\u00fcr die Vorbereitungsarbeiten, damit das Fest nicht in Stre\u00df ausartet.<\/p>\n<p>Mein erstes Exemplar, eine Taschenbuchausgabe von Joy, bekam ich in den fr\u00fchen 90er Jahren von einer amerikanischen Freundin zu Weihnachten geschenkt, und ich hab es seitdem so viel benutzt, da\u00df es jetzt buchst\u00e4blich auseinanderf\u00e4llt:<\/p>\n<div id=\"attachment_87\" style=\"width: 1210px\" class=\"wp-caption alignnone\"><img aria-describedby=\"caption-attachment-87\" decoding=\"async\" loading=\"lazy\" class=\"size-full wp-image-87\" src=\"http:\/\/evileu.de\/inselfisch-kochbuch\/wp-content\/uploads\/2016\/11\/joy-of-cooking.jpg\" alt=\"joy-of-cooking\" width=\"1200\" height=\"1600\" srcset=\"https:\/\/evileu.de\/inselfisch-kochbuch\/wp-content\/uploads\/2016\/11\/joy-of-cooking.jpg 1200w, https:\/\/evileu.de\/inselfisch-kochbuch\/wp-content\/uploads\/2016\/11\/joy-of-cooking-225x300.jpg 225w, https:\/\/evileu.de\/inselfisch-kochbuch\/wp-content\/uploads\/2016\/11\/joy-of-cooking-768x1024.jpg 768w, https:\/\/evileu.de\/inselfisch-kochbuch\/wp-content\/uploads\/2016\/11\/joy-of-cooking-624x832.jpg 624w\" sizes=\"(max-width: 1200px) 100vw, 1200px\" \/><p id=\"caption-attachment-87\" class=\"wp-caption-text\">joy-of-cooking<\/p><\/div>\n<p>Ich habe mir gerade ein neues Exemplar bestellt, diesmal ein Hardcover, das sollte eine Weile l\u00e4nger halten. Es kostet so um die 25 \u20ac und ist jeden Cent davon wert! Englisch mu\u00df man halt k\u00f6nnen, und die Umrechnungstabelle von &#8222;Cups&#8220; und &#8222;Spoons&#8220; auf Liter und Gramm braucht man auch andauernd. Aber das gute alte Joy ist halt ein wirklich wertvolles Nachschlagewerk, und wer die ungeheure Vielfalt und den Ideenreichtum der authentischen amerikanischen K\u00fcche n\u00e4her kennenlernen m\u00f6chte, wird an dem dicken W\u00e4lzer seine helle Freude haben!<\/p>\n","protected":false},"excerpt":{"rendered":"<p>Was das bayrische Kochbuch bei uns, das ist &#8222;Joy of Cooking&#8220; von Irma S. Rombauer in Amerika. Ein umfassendes Nachschlagewerk mit weit \u00fcber 4000 Rezepten, mit umfassendem Index und Stichwortverzeichnis, mit hunderten von Grundrezepten, unz\u00e4hligen praktischen Tipps und Themen von A wie Abendessen bis Z wie Zuppa Romana. Der dicke W\u00e4lzer ist auch ganz s\u00fc\u00df [&hellip;]<\/p>\n","protected":false},"author":1,"featured_media":0,"parent":72,"menu_order":1,"comment_status":"closed","ping_status":"closed","template":"","meta":[],"_links":{"self":[{"href":"https:\/\/evileu.de\/inselfisch-kochbuch\/wp-json\/wp\/v2\/pages\/82"}],"collection":[{"href":"https:\/\/evileu.de\/inselfisch-kochbuch\/wp-json\/wp\/v2\/pages"}],"about":[{"href":"https:\/\/evileu.de\/inselfisch-kochbuch\/wp-json\/wp\/v2\/types\/page"}],"author":[{"embeddable":true,"href":"https:\/\/evileu.de\/inselfisch-kochbuch\/wp-json\/wp\/v2\/users\/1"}],"replies":[{"embeddable":true,"href":"https:\/\/evileu.de\/inselfisch-kochbuch\/wp-json\/wp\/v2\/comments?post=82"}],"version-history":[{"count":5,"href":"https:\/\/evileu.de\/inselfisch-kochbuch\/wp-json\/wp\/v2\/pages\/82\/revisions"}],"predecessor-version":[{"id":89,"href":"https:\/\/evileu.de\/inselfisch-kochbuch\/wp-json\/wp\/v2\/pages\/82\/revisions\/89"}],"up":[{"embeddable":true,"href":"https:\/\/evileu.de\/inselfisch-kochbuch\/wp-json\/wp\/v2\/pages\/72"}],"wp:attachment":[{"href":"https:\/\/evileu.de\/inselfisch-kochbuch\/wp-json\/wp\/v2\/media?parent=82"}],"curies":[{"name":"wp","href":"https:\/\/api.w.org\/{rel}","templated":true}]}}