{"id":72,"date":"2016-11-15T17:03:09","date_gmt":"2016-11-15T16:03:09","guid":{"rendered":"http:\/\/evileu.de\/inselfisch-kochbuch\/?page_id=72"},"modified":"2016-11-15T17:03:09","modified_gmt":"2016-11-15T16:03:09","slug":"meine-lieblings-kochbuecher","status":"publish","type":"page","link":"https:\/\/evileu.de\/inselfisch-kochbuch\/meine-lieblings-kochbuecher\/","title":{"rendered":"Meine Lieblings-Kochb\u00fccher"},"content":{"rendered":"<p>Ich habe eigentlich gar nicht so viele Kochb\u00fccher. Den meisten Platz in meinem Kochbuch-Regal nimmt meine Sammlung von alten Meine-Familie-und-Ich Kochheften aus den 80er Jahren ein, die w\u00fcrde ich um kein Geld der Welt hergeben! Daneben stehen eigentlich nur noch ein paar Standardwerke, zu denen ich immer wieder greife, und die werde ich hier in loser Folge vorstellen.<\/p>\n<p>Neue Kochb\u00fccher kommen bei mir selten ins Haus, heutzutage findet man ja jedes Rezept auch im Internet. Nur wenn mir ein Kochbuch ganz besonders gut gef\u00e4llt, witzig geschrieben und informativ ist, und wom\u00f6glich noch sch\u00f6n fotografiert ist, wird es in meine Sammlung aufgenommen, aber das passiert ganz selten. Eigentlich koche ich seit vielen, vielen Jahren immer nach den gleichen B\u00fcchern, und ich und meine G\u00e4ste sind&#8217;s zufrieden \ud83d\ude00<\/p>\n","protected":false},"excerpt":{"rendered":"<p>Ich habe eigentlich gar nicht so viele Kochb\u00fccher. Den meisten Platz in meinem Kochbuch-Regal nimmt meine Sammlung von alten Meine-Familie-und-Ich Kochheften aus den 80er Jahren ein, die w\u00fcrde ich um kein Geld der Welt hergeben! Daneben stehen eigentlich nur noch ein paar Standardwerke, zu denen ich immer wieder greife, und die werde ich hier in [&hellip;]<\/p>\n","protected":false},"author":1,"featured_media":0,"parent":0,"menu_order":4,"comment_status":"closed","ping_status":"closed","template":"","meta":[],"_links":{"self":[{"href":"https:\/\/evileu.de\/inselfisch-kochbuch\/wp-json\/wp\/v2\/pages\/72"}],"collection":[{"href":"https:\/\/evileu.de\/inselfisch-kochbuch\/wp-json\/wp\/v2\/pages"}],"about":[{"href":"https:\/\/evileu.de\/inselfisch-kochbuch\/wp-json\/wp\/v2\/types\/page"}],"author":[{"embeddable":true,"href":"https:\/\/evileu.de\/inselfisch-kochbuch\/wp-json\/wp\/v2\/users\/1"}],"replies":[{"embeddable":true,"href":"https:\/\/evileu.de\/inselfisch-kochbuch\/wp-json\/wp\/v2\/comments?post=72"}],"version-history":[{"count":1,"href":"https:\/\/evileu.de\/inselfisch-kochbuch\/wp-json\/wp\/v2\/pages\/72\/revisions"}],"predecessor-version":[{"id":73,"href":"https:\/\/evileu.de\/inselfisch-kochbuch\/wp-json\/wp\/v2\/pages\/72\/revisions\/73"}],"wp:attachment":[{"href":"https:\/\/evileu.de\/inselfisch-kochbuch\/wp-json\/wp\/v2\/media?parent=72"}],"curies":[{"name":"wp","href":"https:\/\/api.w.org\/{rel}","templated":true}]}}