{"id":1929,"date":"2018-10-26T04:36:49","date_gmt":"2018-10-26T02:36:49","guid":{"rendered":"http:\/\/evileu.de\/inselfisch-kochbuch\/?page_id=1929"},"modified":"2018-11-11T05:31:02","modified_gmt":"2018-11-11T04:31:02","slug":"inselfisch-tv-barrierefreie-kochvideos","status":"publish","type":"page","link":"https:\/\/evileu.de\/inselfisch-kochbuch\/inselfisch-tv-barrierefreie-kochvideos\/","title":{"rendered":"Inselfisch TV barrierefreie Kochvideos"},"content":{"rendered":"<h2>Der Inselfisch macht jetzt auch barrierefreie Koch-Videos!<\/h2>\n<p>Sie k\u00f6nnen alle meine Koch-Videos auf meinem YouTube-Kanal &#8222;Evi Silvia Leu&#8220; ansehen, ich\u00a0habe sie aber auch alle hier aufgelistet. Meine Videos sind mit kompletter Audiodeskription ausgestattet, ausserdem bleiben die einzelnen Bilder lange genug stehen, dass man sie sich in aller Ruhe anschauen kann. Ich liste hier die Videotitel alphabetisch auf, zu jedem Eintrag gibt es einen Link auf das Rezept im Inselfisch-Kochbuch und einen Download-Link f\u00fcr die gezippte MP4-Datei. Viel Spa\u00df beim Schauen, H\u00f6ren &amp; Nachkochen!<\/p>\n<h2>A<\/h2>\n<h3>Apple Pie (gedeckter Apfelkuchen)<\/h3>\n<p>Link zum Rezept:\u00a0<a href=\"http:\/\/evileu.de\/inselfisch-kochbuch\/2017\/10\/28\/apple-pie\/\">Apple Pie<\/a><\/p>\n<p>Video als ZIP-Datei herunterladen:\u00a0<a href=\"http:\/\/evileu.de\/inselfisch-kochbuch\/wp-content\/uploads\/2018\/10\/apple_pie.zip\">apple_pie.zip<\/a><\/p>\n<h2>C<\/h2>\n<h3>Chicken Wings BBQ<\/h3>\n<p>Link zum Rezept: <a href=\"http:\/\/evileu.de\/inselfisch-kochbuch\/2016\/12\/27\/spareribs-und-chicken-wings-bbq-bei-kaeptn-jack-sparrow\/\">Chicken Wings<br \/>\n<\/a><\/p>\n<p>Video als ZIP-Datei herunterladen: <a href=\"http:\/\/evileu.de\/inselfisch-kochbuch\/wp-content\/uploads\/2018\/10\/chicken_wings.zip\">chicken_wings<\/a><\/p>\n<p>&nbsp;<\/p>\n<h2>G<\/h2>\n<h3>Gegrillte marinierte Paprika<\/h3>\n<p>Link zum Rezept:\u00a0<a href=\"http:\/\/evileu.de\/inselfisch-kochbuch\/2016\/11\/28\/marinierte-gegrillte-paprika\/\">Gegrillte marinierte Paprika<\/a><\/p>\n<p>Video als ZIP-Datei herunterladen:\u00a0<a href=\"http:\/\/evileu.de\/inselfisch-kochbuch\/wp-content\/uploads\/2018\/10\/gegrillte_paprika_mit_ton.zip\">gegrillte_paprika_mit_ton<\/a><\/p>\n<h2>H<\/h2>\n<h3>H\u00fchnerleber im Weinsafterl<\/h3>\n<p>Link zum Rezept:<a href=\"http:\/\/evileu.de\/inselfisch-kochbuch\/2018\/10\/07\/huehnerleberragout-mit-pilzen-im-weinsafterl\/\"> H\u00fchnerleber im Weinsafterl<\/a><\/p>\n<p>Video als ZIP-Datei herunterladen:\u00a0<a href=\"http:\/\/evileu.de\/inselfisch-kochbuch\/wp-content\/uploads\/2018\/10\/huehnerleber_im_weinsafterl.zip\">huehnerleber_im_weinsafterl<\/a><\/p>\n<h2>M<\/h2>\n<h3>Muskathendl<\/h3>\n<p>Link zum Rezept: <a href=\"http:\/\/evileu.de\/inselfisch-kochbuch\/2018\/10\/05\/muskathendl-feinwuerzige-delikatesse-auch-fuer-singles\/\">Muskathendl<\/a><\/p>\n<p>Video als ZIP-Datei herunterladen:\u00a0<a href=\"http:\/\/evileu.de\/inselfisch-kochbuch\/wp-content\/uploads\/2018\/10\/muskathendl.zip\">muskathendl<\/a><\/p>\n<h2>O<\/h2>\n<h3>Orangen-Zitronen-Kuchen<\/h3>\n<p>Link zum Rezept: <a href=\"http:\/\/evileu.de\/inselfisch-kochbuch\/2016\/12\/18\/orangen-zitronen-kuchen\/\">Orangen-Zitronen-Kuchen<\/a><\/p>\n<p>Video als ZIP-Datei herunterladen:\u00a0<a href=\"http:\/\/evileu.de\/inselfisch-kochbuch\/wp-content\/uploads\/2018\/10\/orangen_zitronen_kuchen.zip\">orangen_zitronen_kuchen<\/a><\/p>\n<h3>S<\/h3>\n<h3>Salzgem\u00fcse<\/h3>\n<p>Link zum Rezept: <a href=\"http:\/\/evileu.de\/inselfisch-kochbuch\/2018\/10\/27\/salzgemuese\/\">Salzgem\u00fcse<\/a><\/p>\n<p>Video als ZIP-Datei herunterladen: <a href=\"http:\/\/evileu.de\/inselfisch-kochbuch\/wp-content\/uploads\/2018\/10\/salzgemuese-1.zip\">salzgemuese.zip<\/a><\/p>\n<h3>Schlachtsch\u00fcssel<\/h3>\n<p>Link zum Rezept: <a href=\"http:\/\/evileu.de\/inselfisch-kochbuch\/2017\/11\/15\/schlachtschuessel-so-gelingts-auch-anfaengern\/\">Schlachtsch\u00fcssel<\/a><\/p>\n<p>Video als ZIP-Datei herunterladen:\u00a0<a href=\"http:\/\/evileu.de\/inselfisch-kochbuch\/wp-content\/uploads\/2018\/10\/schlachtplatte.zip\">schlachtplatte<\/a><\/p>\n<h2>Z<\/h2>\n<h3>Zucchini sott&#8217;olio<\/h3>\n<p>Link zum Rezept:<a href=\"http:\/\/evileu.de\/inselfisch-kochbuch\/2017\/07\/08\/zucchini-sottolio-antipasti\/\">Zucchini sott&#8217;olio<\/a><\/p>\n<p>Video als ZIP-Datei herunterladen:\u00a0<a href=\"http:\/\/evileu.de\/inselfisch-kochbuch\/wp-content\/uploads\/2018\/10\/zucchini_sottoilo.zip\">zucchini_sottoilo<\/a><\/p>\n","protected":false},"excerpt":{"rendered":"<p>Der Inselfisch macht jetzt auch barrierefreie Koch-Videos! Sie k\u00f6nnen alle meine Koch-Videos auf meinem YouTube-Kanal &#8222;Evi Silvia Leu&#8220; ansehen, ich\u00a0habe sie aber auch alle hier aufgelistet. Meine Videos sind mit kompletter Audiodeskription ausgestattet, ausserdem bleiben die einzelnen Bilder lange genug stehen, dass man sie sich in aller Ruhe anschauen kann. Ich liste hier die Videotitel [&hellip;]<\/p>\n","protected":false},"author":1,"featured_media":0,"parent":0,"menu_order":0,"comment_status":"closed","ping_status":"closed","template":"","meta":[],"_links":{"self":[{"href":"https:\/\/evileu.de\/inselfisch-kochbuch\/wp-json\/wp\/v2\/pages\/1929"}],"collection":[{"href":"https:\/\/evileu.de\/inselfisch-kochbuch\/wp-json\/wp\/v2\/pages"}],"about":[{"href":"https:\/\/evileu.de\/inselfisch-kochbuch\/wp-json\/wp\/v2\/types\/page"}],"author":[{"embeddable":true,"href":"https:\/\/evileu.de\/inselfisch-kochbuch\/wp-json\/wp\/v2\/users\/1"}],"replies":[{"embeddable":true,"href":"https:\/\/evileu.de\/inselfisch-kochbuch\/wp-json\/wp\/v2\/comments?post=1929"}],"version-history":[{"count":21,"href":"https:\/\/evileu.de\/inselfisch-kochbuch\/wp-json\/wp\/v2\/pages\/1929\/revisions"}],"predecessor-version":[{"id":1981,"href":"https:\/\/evileu.de\/inselfisch-kochbuch\/wp-json\/wp\/v2\/pages\/1929\/revisions\/1981"}],"wp:attachment":[{"href":"https:\/\/evileu.de\/inselfisch-kochbuch\/wp-json\/wp\/v2\/media?parent=1929"}],"curies":[{"name":"wp","href":"https:\/\/api.w.org\/{rel}","templated":true}]}}