{"id":1754,"date":"2017-12-26T17:18:47","date_gmt":"2017-12-26T16:18:47","guid":{"rendered":"http:\/\/evileu.de\/inselfisch-kochbuch\/?page_id=1754"},"modified":"2017-12-26T17:18:47","modified_gmt":"2017-12-26T16:18:47","slug":"was-man-zum-kochen-braucht-die-zutaten","status":"publish","type":"page","link":"https:\/\/evileu.de\/inselfisch-kochbuch\/was-man-zum-kochen-braucht-die-zutaten\/","title":{"rendered":"Was man zum kochen braucht &#8211; die Zutaten"},"content":{"rendered":"<h2>Die Zutaten-Kategorien<\/h2>\n<p>Ein bi\u00dfchen Statistik muss sein: ich habe die im Inselfisch-Kochbuch am \u00f6ftesten verwendeten Zutaten in 9 Kategorien eingeteilt und nach der H\u00e4ufigkeit ihrer Verwendung sortiert, dabei ist diese Liste herausgekommen:<\/p>\n<ul>\n<li>\u00a0\u00a0\u00a0 Gem\u00fcse<\/li>\n<li>\u00a0\u00a0\u00a0 Fleisch und Wurst<\/li>\n<li>\u00a0\u00a0\u00a0 Milchprodukte und K\u00e4se<\/li>\n<li>\u00a0\u00a0\u00a0 Gew\u00fcrze<\/li>\n<li>\u00a0\u00a0\u00a0 Aus dem Vorrat<\/li>\n<li>\u00a0\u00a0\u00a0 Obst<\/li>\n<li>\u00a0\u00a0\u00a0 Kr\u00e4uter<\/li>\n<li>\u00a0\u00a0\u00a0 Fisch und Meeresfr\u00fcchte<\/li>\n<li>\u00a0\u00a0\u00a0 Alkoholische Getr\u00e4nke<\/li>\n<\/ul>\n<p>Die werde ich mir der Reihe nach vornehmen, und zu jeder Zutatenkategorie eine eigene Seite erstellen, in der ich die Verwendung n\u00e4her erl\u00e4utere und auch Einkaufstipps gebe. Und das wars auch schon mit der Statistik, ich lege gleich mal los!<\/p>\n","protected":false},"excerpt":{"rendered":"<p>Die Zutaten-Kategorien Ein bi\u00dfchen Statistik muss sein: ich habe die im Inselfisch-Kochbuch am \u00f6ftesten verwendeten Zutaten in 9 Kategorien eingeteilt und nach der H\u00e4ufigkeit ihrer Verwendung sortiert, dabei ist diese Liste herausgekommen: \u00a0\u00a0\u00a0 Gem\u00fcse \u00a0\u00a0\u00a0 Fleisch und Wurst \u00a0\u00a0\u00a0 Milchprodukte und K\u00e4se \u00a0\u00a0\u00a0 Gew\u00fcrze \u00a0\u00a0\u00a0 Aus dem Vorrat \u00a0\u00a0\u00a0 Obst \u00a0\u00a0\u00a0 Kr\u00e4uter \u00a0\u00a0\u00a0 Fisch und [&hellip;]<\/p>\n","protected":false},"author":1,"featured_media":0,"parent":0,"menu_order":9,"comment_status":"closed","ping_status":"closed","template":"","meta":[],"_links":{"self":[{"href":"https:\/\/evileu.de\/inselfisch-kochbuch\/wp-json\/wp\/v2\/pages\/1754"}],"collection":[{"href":"https:\/\/evileu.de\/inselfisch-kochbuch\/wp-json\/wp\/v2\/pages"}],"about":[{"href":"https:\/\/evileu.de\/inselfisch-kochbuch\/wp-json\/wp\/v2\/types\/page"}],"author":[{"embeddable":true,"href":"https:\/\/evileu.de\/inselfisch-kochbuch\/wp-json\/wp\/v2\/users\/1"}],"replies":[{"embeddable":true,"href":"https:\/\/evileu.de\/inselfisch-kochbuch\/wp-json\/wp\/v2\/comments?post=1754"}],"version-history":[{"count":1,"href":"https:\/\/evileu.de\/inselfisch-kochbuch\/wp-json\/wp\/v2\/pages\/1754\/revisions"}],"predecessor-version":[{"id":1755,"href":"https:\/\/evileu.de\/inselfisch-kochbuch\/wp-json\/wp\/v2\/pages\/1754\/revisions\/1755"}],"wp:attachment":[{"href":"https:\/\/evileu.de\/inselfisch-kochbuch\/wp-json\/wp\/v2\/media?parent=1754"}],"curies":[{"name":"wp","href":"https:\/\/api.w.org\/{rel}","templated":true}]}}