{"id":102,"date":"2016-11-17T03:33:28","date_gmt":"2016-11-17T02:33:28","guid":{"rendered":"http:\/\/evileu.de\/inselfisch-kochbuch\/?page_id=102"},"modified":"2019-09-08T12:12:40","modified_gmt":"2019-09-08T10:12:40","slug":"ueber-den-inselfisch","status":"publish","type":"page","link":"https:\/\/evileu.de\/inselfisch-kochbuch\/ueber-den-inselfisch\/","title":{"rendered":"\u00dcber den Inselfisch"},"content":{"rendered":"<p>Wer ist eigentlich dieser Inselfisch? Der Inselfisch ist mein Nick auf vielen Webseiten und Foren.\u00a0 Der Inselfisch ist ausserdem der beste Freund vom kleinen Sterndl und der Sterndl-Oma, und er ist sehr gescheit und kennt sich mit vielen Dingen aus. Unter anderem kocht er sehr gut und schmackhaft und hat mir seine besten Rezepte verraten.<\/p>\n<p>Wer die Rezepte nachkochen m\u00f6chte, mu\u00df kein Meisterkoch sein. Wir kochen gut, aber sehr bodenst\u00e4ndig, und auch exotischere Rezepte (Chinesisches Pfannengericht, Satay, Putencurry etc.) sind so genau beschrieben, da\u00df man sie leicht kochen kann. Dann mal los, und viel Spa\u00df beim St\u00f6bern!<\/p>\n<article id=\"post-19\" class=\"post-19 page type-page status-publish hentry\">\n<div class=\"entry-content\">\n<div id=\"attachment_22\" class=\"wp-caption alignnone\">\n<div id=\"attachment_5\" style=\"width: 285px\" class=\"wp-caption alignnone\"><img aria-describedby=\"caption-attachment-5\" decoding=\"async\" loading=\"lazy\" class=\"size-full wp-image-5\" src=\"http:\/\/evileu.de\/inselfisch-kochbuch\/wp-content\/uploads\/2016\/10\/don_capesce.jpg\" alt=\"inselfisch\" width=\"275\" height=\"499\" srcset=\"https:\/\/evileu.de\/inselfisch-kochbuch\/wp-content\/uploads\/2016\/10\/don_capesce.jpg 275w, https:\/\/evileu.de\/inselfisch-kochbuch\/wp-content\/uploads\/2016\/10\/don_capesce-165x300.jpg 165w\" sizes=\"(max-width: 275px) 100vw, 275px\" \/><p id=\"caption-attachment-5\" class=\"wp-caption-text\">inselfisch<\/p><\/div>\n<\/div>\n<\/div>\n<footer class=\"entry-meta\">\n<div id=\"respond\" class=\"comment-respond\">\n<form id=\"commentform\" class=\"comment-form\" action=\"http:\/\/evileu.de\/inselfisch-kochbuch\/wp-comments-post.php\" method=\"post\">\n<p class=\"comment-form-comment\"><label for=\"comment\">Kommentar<\/label> <textarea id=\"comment\" cols=\"45\" maxlength=\"65525\" name=\"0c8a5-comment\" required=\"required\" rows=\"8\"><\/textarea><\/p>\n<\/form>\n<\/div>\n<\/footer>\n<\/article>\n<div id=\"primary\" class=\"site-content\"><\/div>\n<div id=\"secondary\" class=\"widget-area\">\n<aside id=\"visitor-counter\" class=\"widget\">\n<h2 class=\"visitor-counter-heading\"><a href=\"http:\/\/visitorcounterplugin.com\">Besucherstatistik<\/a><\/h2>\n<div class=\"visitor-counter-content\">Heute: 32<br \/>\nGestern: 108<br \/>\nDiese Woche: 327<br \/>\nDiesen Monat: 1562<br \/>\nTotal: 1915<br \/>\nAktuell Online: 41<\/div>\n<\/aside>\n<aside id=\"search-2\" class=\"widget widget_search\">\n<form id=\"searchform\" class=\"searchform\" action=\"http:\/\/evileu.de\/inselfisch-kochbuch\/\" method=\"get\">\n<div><label class=\"screen-reader-text\" for=\"s\">Suche nach:<\/label> <input id=\"s\" name=\"s\" type=\"text\" value=\"\" \/><\/div>\n<\/form>\n<\/aside>\n<\/div>\n<div id=\"main\" class=\"wrapper\">\n<div id=\"secondary\" class=\"widget-area\">\n<aside id=\"recent-posts-2\" class=\"widget widget_recent_entries\">\n<h3 class=\"widget-title\">Neueste Beitr\u00e4ge<\/h3>\n<ul>\n<li><a href=\"http:\/\/evileu.de\/inselfisch-kochbuch\/2016\/11\/17\/nuss-striezel-hefeteig\/\">Nu\u00df-Striezel (Hefeteig)<\/a><\/li>\n<li><a href=\"http:\/\/evileu.de\/inselfisch-kochbuch\/2016\/11\/17\/mittelfester-hefeteig-grundrezept\/\">Mittelfester Hefeteig (Grundrezept)<\/a><\/li>\n<li><a href=\"http:\/\/evileu.de\/inselfisch-kochbuch\/2016\/10\/30\/etwas-warmes-braucht-der-mensch-sangria-punsch\/\">Etwas Warmes braucht der Mensch: Sangria-Punsch<\/a><\/li>\n<li><a href=\"http:\/\/evileu.de\/inselfisch-kochbuch\/2016\/10\/30\/bowle-a-la-madame-babette-das-rezept-zum-titelbild\/\">Bowle a la Madame Babette \u2013 das Rezept zum Titelbild<\/a><\/li>\n<li><a href=\"http:\/\/evileu.de\/inselfisch-kochbuch\/2016\/10\/30\/rezeptsammlung-fruehstueck\/\">Rezeptsammlung: Fr\u00fchst\u00fcck<\/a><\/li>\n<\/ul>\n<\/aside>\n<aside id=\"recent-comments-2\" class=\"widget widget_recent_comments\">\n<h3 class=\"widget-title\">Neueste Kommentare<\/h3>\n<ul id=\"recentcomments\"><\/ul>\n<\/aside>\n<aside id=\"categories-2\" class=\"widget widget_categories\">\n<h3 class=\"widget-title\">Kategorien<\/h3>\n<ul>\n<li class=\"cat-item cat-item-1\"><a href=\"http:\/\/evileu.de\/inselfisch-kochbuch\/category\/allgemein\/\">Allgemein<\/a><\/li>\n<li class=\"cat-item cat-item-2\"><a href=\"http:\/\/evileu.de\/inselfisch-kochbuch\/category\/asia-kueche\/\">Asia-K\u00fcche<\/a><\/li>\n<li class=\"cat-item cat-item-14\"><a href=\"http:\/\/evileu.de\/inselfisch-kochbuch\/category\/backwerk\/\">Backwerk<\/a><\/li>\n<li class=\"cat-item cat-item-6\"><a href=\"http:\/\/evileu.de\/inselfisch-kochbuch\/category\/fleisch\/\">Fleisch<\/a><\/li>\n<li class=\"cat-item cat-item-12\"><a href=\"http:\/\/evileu.de\/inselfisch-kochbuch\/category\/fuer-kinder\/\">F\u00fcr Kinder<\/a><\/li>\n<li class=\"cat-item cat-item-13\"><a href=\"http:\/\/evileu.de\/inselfisch-kochbuch\/category\/fuer-knofi-fans\/\">F\u00fcr Knofi-Fans<\/a><\/li>\n<li class=\"cat-item cat-item-4\"><a href=\"http:\/\/evileu.de\/inselfisch-kochbuch\/category\/gefluegel\/\">Gefl\u00fcgel<\/a><\/li>\n<li class=\"cat-item cat-item-3\"><a href=\"http:\/\/evileu.de\/inselfisch-kochbuch\/category\/gemuese\/\">Gem\u00fcse<\/a><\/li>\n<li class=\"cat-item cat-item-7\"><a href=\"http:\/\/evileu.de\/inselfisch-kochbuch\/category\/joschis-cocktailbar\/\">Joschis Cocktailbar<\/a><\/li>\n<li class=\"cat-item cat-item-9\"><a href=\"http:\/\/evileu.de\/inselfisch-kochbuch\/category\/mittelmeerkueche\/\">Mittelmeerk\u00fcche<\/a><\/li>\n<li class=\"cat-item cat-item-8\"><a href=\"http:\/\/evileu.de\/inselfisch-kochbuch\/category\/plauderei\/\">Plauderei<\/a><\/li>\n<li class=\"cat-item cat-item-10\"><a href=\"http:\/\/evileu.de\/inselfisch-kochbuch\/category\/rezeptsammlungen\/\">Rezeptsammlungen<\/a><\/li>\n<li class=\"cat-item cat-item-5\"><a href=\"http:\/\/evileu.de\/inselfisch-kochbuch\/category\/saucen\/\">Saucen<\/a><\/li>\n<li class=\"cat-item cat-item-11\"><a href=\"http:\/\/evileu.de\/inselfisch-kochbuch\/category\/vegetarisch\/\">Vegetarisch<\/a><\/li>\n<\/ul>\n<\/aside>\n<aside id=\"wlwi-2\" class=\"widget widget_wlwi\">\n<h3 class=\"widget-title\">Zur\u00fcck zur Startseite<\/h3>\n<ul class=\"links_with_icons\">\n<li class=\"link_with_icon\"><a href=\"http:\/\/evileu.de\/\" target=\"_blank\">Zur\u00fcck zur Startseite<\/a><\/li>\n<\/ul>\n<\/aside>\n<aside id=\"meta-2\" class=\"widget widget_meta\">\n<h3 class=\"widget-title\">Meta<\/h3>\n<ul>\n<li><a href=\"http:\/\/evileu.de\/inselfisch-kochbuch\/wp-admin\/\">Administration<\/a><\/li>\n<li><a href=\"http:\/\/evileu.de\/inselfisch-kochbuch\/wp-login.php?action=logout&amp;_wpnonce=96ca08acce\">Abmelden<\/a><\/li>\n<li><a href=\"http:\/\/evileu.de\/inselfisch-kochbuch\/feed\/\">Beitrags-Feed (<abbr title=\"Really Simple Syndication\">RSS<\/abbr>)<\/a><\/li>\n<li><a href=\"http:\/\/evileu.de\/inselfisch-kochbuch\/comments\/feed\/\">Kommentare als <abbr title=\"Really Simple Syndication\">RSS<\/abbr><\/a><\/li>\n<li><a title=\"Powered by WordPress, state-of-the-art semantic personal publishing platform.\" href=\"https:\/\/wordpress.org\/\">WordPress.org<\/a><\/li>\n<\/ul>\n<\/aside>\n<\/div>\n<\/div>\n","protected":false},"excerpt":{"rendered":"<p>Wer ist eigentlich dieser Inselfisch? Der Inselfisch ist mein Nick auf vielen Webseiten und Foren.\u00a0 Der Inselfisch ist ausserdem der beste Freund vom kleinen Sterndl und der Sterndl-Oma, und er ist sehr gescheit und kennt sich mit vielen Dingen aus. Unter anderem kocht er sehr gut und schmackhaft und hat mir seine besten Rezepte verraten. [&hellip;]<\/p>\n","protected":false},"author":1,"featured_media":0,"parent":0,"menu_order":4,"comment_status":"closed","ping_status":"closed","template":"","meta":[],"_links":{"self":[{"href":"https:\/\/evileu.de\/inselfisch-kochbuch\/wp-json\/wp\/v2\/pages\/102"}],"collection":[{"href":"https:\/\/evileu.de\/inselfisch-kochbuch\/wp-json\/wp\/v2\/pages"}],"about":[{"href":"https:\/\/evileu.de\/inselfisch-kochbuch\/wp-json\/wp\/v2\/types\/page"}],"author":[{"embeddable":true,"href":"https:\/\/evileu.de\/inselfisch-kochbuch\/wp-json\/wp\/v2\/users\/1"}],"replies":[{"embeddable":true,"href":"https:\/\/evileu.de\/inselfisch-kochbuch\/wp-json\/wp\/v2\/comments?post=102"}],"version-history":[{"count":4,"href":"https:\/\/evileu.de\/inselfisch-kochbuch\/wp-json\/wp\/v2\/pages\/102\/revisions"}],"predecessor-version":[{"id":2050,"href":"https:\/\/evileu.de\/inselfisch-kochbuch\/wp-json\/wp\/v2\/pages\/102\/revisions\/2050"}],"wp:attachment":[{"href":"https:\/\/evileu.de\/inselfisch-kochbuch\/wp-json\/wp\/v2\/media?parent=102"}],"curies":[{"name":"wp","href":"https:\/\/api.w.org\/{rel}","templated":true}]}}