{"id":83,"date":"2024-02-21T16:59:48","date_gmt":"2024-02-21T15:59:48","guid":{"rendered":"https:\/\/evileu.de\/geschenkboutique\/?page_id=83"},"modified":"2024-02-22T11:48:16","modified_gmt":"2024-02-22T10:48:16","slug":"rucksacktascherl","status":"publish","type":"page","link":"https:\/\/evileu.de\/geschenkboutique\/rucksacktascherl\/","title":{"rendered":"Rucksacktascherl"},"content":{"rendered":"<p><img loading=\"lazy\" decoding=\"async\" class=\"alignnone wp-image-84 size-large\" src=\"https:\/\/evileu.de\/geschenkboutique\/wp-content\/uploads\/2024\/02\/Rucksacktascherl-1024x681.jpg\" alt=\"Rucksacktascherl\" width=\"474\" height=\"315\" srcset=\"https:\/\/evileu.de\/geschenkboutique\/wp-content\/uploads\/2024\/02\/Rucksacktascherl-1024x681.jpg 1024w, https:\/\/evileu.de\/geschenkboutique\/wp-content\/uploads\/2024\/02\/Rucksacktascherl-300x200.jpg 300w, https:\/\/evileu.de\/geschenkboutique\/wp-content\/uploads\/2024\/02\/Rucksacktascherl-768x511.jpg 768w, https:\/\/evileu.de\/geschenkboutique\/wp-content\/uploads\/2024\/02\/Rucksacktascherl.jpg 1236w\" sizes=\"auto, (max-width: 474px) 100vw, 474px\" \/><\/p>\n<p>Rucksacktascherl passen ideal zum Trachtenoutfit, sehen aber auch zu l\u00e4ssigen Klamotten super witzig aus. Sie sind gerade so gro\u00df dass der Geldbeutel, der Schl\u00fcssel und das Handy hineinpassen. Da ich sie aus z.T. Vintage Stoffen gen\u00e4ht habe, sind allesamt Unikate, es gibt kein Tascherl zweimal. Der Verschluss ist ein stabiles Lederb\u00e4ndchen mit Knopf, an der langen Zugkordel kann man es sich \u00fcber die Schulter h\u00e4ngen. Wenn sie ihre Lieblingsfarbe nicht finden, ich n\u00e4he auch auf Bestellung (ohne Aufpreis!), dann gibt es aber ein paar Tage Lieferzeit.<\/p>\n<p>Ein Rucksacktascherl kostet 20 \u20ac, den Versand im wattierten Umschlag per Briefpost berechne ich mit 3 \u20ac.<\/p>\n","protected":false},"excerpt":{"rendered":"<p>Rucksacktascherl passen ideal zum Trachtenoutfit, sehen aber auch zu l\u00e4ssigen Klamotten super witzig aus. Sie sind gerade so gro\u00df dass der Geldbeutel, der Schl\u00fcssel und das Handy hineinpassen. Da ich sie aus z.T. Vintage Stoffen gen\u00e4ht habe, sind allesamt Unikate, es gibt kein Tascherl zweimal. Der Verschluss ist ein stabiles Lederb\u00e4ndchen mit Knopf, an der &hellip; <a href=\"https:\/\/evileu.de\/geschenkboutique\/rucksacktascherl\/\" class=\"more-link\"><span class=\"screen-reader-text\">Rucksacktascherl<\/span> weiterlesen <span class=\"meta-nav\">&rarr;<\/span><\/a><\/p>\n","protected":false},"author":1,"featured_media":0,"parent":0,"menu_order":6,"comment_status":"closed","ping_status":"closed","template":"","meta":{"footnotes":""},"class_list":["post-83","page","type-page","status-publish","hentry"],"_links":{"self":[{"href":"https:\/\/evileu.de\/geschenkboutique\/wp-json\/wp\/v2\/pages\/83","targetHints":{"allow":["GET"]}}],"collection":[{"href":"https:\/\/evileu.de\/geschenkboutique\/wp-json\/wp\/v2\/pages"}],"about":[{"href":"https:\/\/evileu.de\/geschenkboutique\/wp-json\/wp\/v2\/types\/page"}],"author":[{"embeddable":true,"href":"https:\/\/evileu.de\/geschenkboutique\/wp-json\/wp\/v2\/users\/1"}],"replies":[{"embeddable":true,"href":"https:\/\/evileu.de\/geschenkboutique\/wp-json\/wp\/v2\/comments?post=83"}],"version-history":[{"count":2,"href":"https:\/\/evileu.de\/geschenkboutique\/wp-json\/wp\/v2\/pages\/83\/revisions"}],"predecessor-version":[{"id":111,"href":"https:\/\/evileu.de\/geschenkboutique\/wp-json\/wp\/v2\/pages\/83\/revisions\/111"}],"wp:attachment":[{"href":"https:\/\/evileu.de\/geschenkboutique\/wp-json\/wp\/v2\/media?parent=83"}],"curies":[{"name":"wp","href":"https:\/\/api.w.org\/{rel}","templated":true}]}}