{"id":76,"date":"2024-02-21T16:47:08","date_gmt":"2024-02-21T15:47:08","guid":{"rendered":"https:\/\/evileu.de\/geschenkboutique\/?page_id=76"},"modified":"2025-10-13T15:52:28","modified_gmt":"2025-10-13T13:52:28","slug":"babysniffer","status":"publish","type":"page","link":"https:\/\/evileu.de\/geschenkboutique\/babysniffer\/","title":{"rendered":"Babysniffer"},"content":{"rendered":"<p><img loading=\"lazy\" decoding=\"async\" class=\"alignnone wp-image-77 size-full\" src=\"https:\/\/evileu.de\/geschenkboutique\/wp-content\/uploads\/2024\/02\/4-Snifferle.jpg\" alt=\"4 Snifferle\" width=\"640\" height=\"480\" srcset=\"https:\/\/evileu.de\/geschenkboutique\/wp-content\/uploads\/2024\/02\/4-Snifferle.jpg 640w, https:\/\/evileu.de\/geschenkboutique\/wp-content\/uploads\/2024\/02\/4-Snifferle-300x225.jpg 300w\" sizes=\"auto, (max-width: 640px) 100vw, 640px\" \/><\/p>\n<p>BabySniffer sind eine Erfindung meiner guten Bekannten Birgit Schneggart. Nicht nur Kinder lieben die drolligen kleinen Kerlchen, die so herrlich treudoof gucken! Sie sind winzig klein (7-8cm) und werden von mir aus feinem vierf\u00e4digen Garn in den sch\u00f6nsten Farben gestrickt. Jedes Snifferle ist ein Unikat, sie erhalten einen in \u00dcberraschungsfarbe, je nachdem was ich gerade gestrickt habe.<\/p>\n<p>Birgit m\u00f6chte, dass man sie nur f\u00fcr caritative Zwecke nacharbeitet, deswegen geht der Reinerl\u00f6s f\u00fcr die Snifferle an caritative Einrichtungen, ich behalte nur die Kosten f\u00fcr Porto und Verpackung.<\/p>\n<p>Ein Snifferle kostet 7 \u20ac, dazu kommen 3 \u20ac f\u00fcr Porto und Verpackung. In einen wattierten Umschlag passen bis zu drei Snifferle rein, das geht mit einmaligen Versandkosten.<\/p>\n<p><img loading=\"lazy\" decoding=\"async\" class=\"alignnone wp-image-78 size-full\" src=\"https:\/\/evileu.de\/geschenkboutique\/wp-content\/uploads\/2024\/02\/DSCN0700_medium2.jpg\" alt=\"Gr\u00f6\u00dfenvergleich\" width=\"640\" height=\"480\" srcset=\"https:\/\/evileu.de\/geschenkboutique\/wp-content\/uploads\/2024\/02\/DSCN0700_medium2.jpg 640w, https:\/\/evileu.de\/geschenkboutique\/wp-content\/uploads\/2024\/02\/DSCN0700_medium2-300x225.jpg 300w\" sizes=\"auto, (max-width: 640px) 100vw, 640px\" \/><\/p>\n<p>&nbsp;<\/p>\n","protected":false},"excerpt":{"rendered":"<p>BabySniffer sind eine Erfindung meiner guten Bekannten Birgit Schneggart. Nicht nur Kinder lieben die drolligen kleinen Kerlchen, die so herrlich treudoof gucken! Sie sind winzig klein (7-8cm) und werden von mir aus feinem vierf\u00e4digen Garn in den sch\u00f6nsten Farben gestrickt. Jedes Snifferle ist ein Unikat, sie erhalten einen in \u00dcberraschungsfarbe, je nachdem was ich gerade &hellip; <a href=\"https:\/\/evileu.de\/geschenkboutique\/babysniffer\/\" class=\"more-link\"><span class=\"screen-reader-text\">Babysniffer<\/span> weiterlesen <span class=\"meta-nav\">&rarr;<\/span><\/a><\/p>\n","protected":false},"author":1,"featured_media":0,"parent":0,"menu_order":5,"comment_status":"closed","ping_status":"closed","template":"","meta":{"footnotes":""},"class_list":["post-76","page","type-page","status-publish","hentry"],"_links":{"self":[{"href":"https:\/\/evileu.de\/geschenkboutique\/wp-json\/wp\/v2\/pages\/76","targetHints":{"allow":["GET"]}}],"collection":[{"href":"https:\/\/evileu.de\/geschenkboutique\/wp-json\/wp\/v2\/pages"}],"about":[{"href":"https:\/\/evileu.de\/geschenkboutique\/wp-json\/wp\/v2\/types\/page"}],"author":[{"embeddable":true,"href":"https:\/\/evileu.de\/geschenkboutique\/wp-json\/wp\/v2\/users\/1"}],"replies":[{"embeddable":true,"href":"https:\/\/evileu.de\/geschenkboutique\/wp-json\/wp\/v2\/comments?post=76"}],"version-history":[{"count":5,"href":"https:\/\/evileu.de\/geschenkboutique\/wp-json\/wp\/v2\/pages\/76\/revisions"}],"predecessor-version":[{"id":252,"href":"https:\/\/evileu.de\/geschenkboutique\/wp-json\/wp\/v2\/pages\/76\/revisions\/252"}],"wp:attachment":[{"href":"https:\/\/evileu.de\/geschenkboutique\/wp-json\/wp\/v2\/media?parent=76"}],"curies":[{"name":"wp","href":"https:\/\/api.w.org\/{rel}","templated":true}]}}