{"id":70,"date":"2024-02-21T16:18:37","date_gmt":"2024-02-21T15:18:37","guid":{"rendered":"https:\/\/evileu.de\/geschenkboutique\/?page_id=70"},"modified":"2024-03-07T02:51:20","modified_gmt":"2024-03-07T01:51:20","slug":"preisliste","status":"publish","type":"page","link":"https:\/\/evileu.de\/geschenkboutique\/preisliste\/","title":{"rendered":"Preisliste"},"content":{"rendered":"<p>Ich vergebe g\u00fcnstige Pauschalpreise f\u00fcr bestimmte Kategorien, so kosten z.B. alle Herbstblattl das Paar 20 \u20ac, unabh\u00e4ngig von Ausf\u00fchrung und Material. Diese Fixpreise gelten wie folgt:<\/p>\n<p>Vodoo-B\u00e4rchen Paar 40 \u20ac, Versand im P\u00e4ckchen 6 \u20ac<\/p>\n<p>Herbstblattl\u00a0 Paar 20 \u20ac, Versand im wattierten Umschlag 3 \u20ac<\/p>\n<p>Handstulpen\u00a0 Paar 18 \u20ac, Versand im wattierten Umschlag 3 \u20ac<\/p>\n<p>Rucksacktascherl 20 \u20ac,\u00a0 Versand im wattierten Umschlag 3 \u20ac<\/p>\n<p>Wollm\u00e4use 7 \u20ac, Versand im wattierten Umschlag 3 \u20ac<\/p>\n<p>kleine Grolle 7 \u20ac, Versand in stabiler Tasche 4 \u20ac<\/p>\n<p>Was nicht in diese Kategorien f\u00e4llt, ist in den meisten F\u00e4llen einzeln Preis ausgezeichnet. Wenn sie keinen Preis finden k\u00f6nnen, schreiben sie mir eine kurze E-Mail mit dem Namen ihres Wunsch-Geschenkartikels, ich antworte dann schnellstm\u00f6glich.<\/p>\n","protected":false},"excerpt":{"rendered":"<p>Ich vergebe g\u00fcnstige Pauschalpreise f\u00fcr bestimmte Kategorien, so kosten z.B. alle Herbstblattl das Paar 20 \u20ac, unabh\u00e4ngig von Ausf\u00fchrung und Material. Diese Fixpreise gelten wie folgt: Vodoo-B\u00e4rchen Paar 40 \u20ac, Versand im P\u00e4ckchen 6 \u20ac Herbstblattl\u00a0 Paar 20 \u20ac, Versand im wattierten Umschlag 3 \u20ac Handstulpen\u00a0 Paar 18 \u20ac, Versand im wattierten Umschlag 3 \u20ac &hellip; <a href=\"https:\/\/evileu.de\/geschenkboutique\/preisliste\/\" class=\"more-link\"><span class=\"screen-reader-text\">Preisliste<\/span> weiterlesen <span class=\"meta-nav\">&rarr;<\/span><\/a><\/p>\n","protected":false},"author":1,"featured_media":0,"parent":0,"menu_order":19,"comment_status":"closed","ping_status":"closed","template":"","meta":{"footnotes":""},"class_list":["post-70","page","type-page","status-publish","hentry"],"_links":{"self":[{"href":"https:\/\/evileu.de\/geschenkboutique\/wp-json\/wp\/v2\/pages\/70","targetHints":{"allow":["GET"]}}],"collection":[{"href":"https:\/\/evileu.de\/geschenkboutique\/wp-json\/wp\/v2\/pages"}],"about":[{"href":"https:\/\/evileu.de\/geschenkboutique\/wp-json\/wp\/v2\/types\/page"}],"author":[{"embeddable":true,"href":"https:\/\/evileu.de\/geschenkboutique\/wp-json\/wp\/v2\/users\/1"}],"replies":[{"embeddable":true,"href":"https:\/\/evileu.de\/geschenkboutique\/wp-json\/wp\/v2\/comments?post=70"}],"version-history":[{"count":8,"href":"https:\/\/evileu.de\/geschenkboutique\/wp-json\/wp\/v2\/pages\/70\/revisions"}],"predecessor-version":[{"id":215,"href":"https:\/\/evileu.de\/geschenkboutique\/wp-json\/wp\/v2\/pages\/70\/revisions\/215"}],"wp:attachment":[{"href":"https:\/\/evileu.de\/geschenkboutique\/wp-json\/wp\/v2\/media?parent=70"}],"curies":[{"name":"wp","href":"https:\/\/api.w.org\/{rel}","templated":true}]}}