{"id":49,"date":"2024-02-21T13:47:45","date_gmt":"2024-02-21T12:47:45","guid":{"rendered":"https:\/\/evileu.de\/geschenkboutique\/?page_id=49"},"modified":"2024-02-22T15:53:28","modified_gmt":"2024-02-22T14:53:28","slug":"herbstblattl","status":"publish","type":"page","link":"https:\/\/evileu.de\/geschenkboutique\/herbstblattl\/","title":{"rendered":"Herbstblattl"},"content":{"rendered":"<p><img loading=\"lazy\" decoding=\"async\" class=\"alignnone wp-image-50 size-large\" src=\"https:\/\/evileu.de\/geschenkboutique\/wp-content\/uploads\/2024\/02\/HerbstblattlPink-1024x768.jpg\" alt=\"HerbstblattlPink\" width=\"474\" height=\"356\" srcset=\"https:\/\/evileu.de\/geschenkboutique\/wp-content\/uploads\/2024\/02\/HerbstblattlPink-1024x768.jpg 1024w, https:\/\/evileu.de\/geschenkboutique\/wp-content\/uploads\/2024\/02\/HerbstblattlPink-300x225.jpg 300w, https:\/\/evileu.de\/geschenkboutique\/wp-content\/uploads\/2024\/02\/HerbstblattlPink-768x576.jpg 768w, https:\/\/evileu.de\/geschenkboutique\/wp-content\/uploads\/2024\/02\/HerbstblattlPink-1536x1152.jpg 1536w, https:\/\/evileu.de\/geschenkboutique\/wp-content\/uploads\/2024\/02\/HerbstblattlPink.jpg 1600w\" sizes=\"auto, (max-width: 474px) 100vw, 474px\" \/><\/p>\n<p>Die Herbstblattl mit dem sch\u00f6nen Ajourmuster auf dem Handr\u00fccken habe ich selbst entworfen. Sie sind ebenso attraktiv wie praktisch, man hat die Finger frei f\u00fcr Schl\u00fcssel, Geldbeutel und Smartphone und hat trotzdem warme H\u00e4nde. Die Herbstblattl passen auf H\u00e4nde Gr\u00f6\u00dfe M-L. Ich habe sie in vielen sch\u00f6nen Farben vorr\u00e4tig, stricke sie aber auch gern in ihrer Wunschfarbe. Die Herbstblattl sind aus hochwertiger 75 % Schurwolle mit 25 % Polyacryl, das macht sie weich, leicht, warm und trotzdem strapazierf\u00e4hig. Sie sind maschinenwaschbar bei 30 Grad im Wollwaschgang mit Schonschleudern.<\/p>\n<p>Ein Paar Herbstblattl kostet 17 \u20ac, F\u00fcr den Versand im wattierten Umschlag per Briefpost berechne ich pauschal 3 \u20ac f\u00fcr Porto und Verpackung.\u00a0 Pro Umschlag kann nur ein Paar versendet werden.<\/p>\n<p><img loading=\"lazy\" decoding=\"async\" class=\"alignnone size-medium wp-image-51\" src=\"https:\/\/evileu.de\/geschenkboutique\/wp-content\/uploads\/2024\/02\/burgund-petrol-300x225.jpg\" alt=\"\" width=\"300\" height=\"225\" srcset=\"https:\/\/evileu.de\/geschenkboutique\/wp-content\/uploads\/2024\/02\/burgund-petrol-300x225.jpg 300w, https:\/\/evileu.de\/geschenkboutique\/wp-content\/uploads\/2024\/02\/burgund-petrol-1024x768.jpg 1024w, https:\/\/evileu.de\/geschenkboutique\/wp-content\/uploads\/2024\/02\/burgund-petrol-768x576.jpg 768w, https:\/\/evileu.de\/geschenkboutique\/wp-content\/uploads\/2024\/02\/burgund-petrol-1536x1152.jpg 1536w, https:\/\/evileu.de\/geschenkboutique\/wp-content\/uploads\/2024\/02\/burgund-petrol.jpg 1600w\" sizes=\"auto, (max-width: 300px) 100vw, 300px\" \/> <img loading=\"lazy\" decoding=\"async\" class=\"alignnone size-medium wp-image-52\" src=\"https:\/\/evileu.de\/geschenkboutique\/wp-content\/uploads\/2024\/02\/herbstblattl_weiss-300x225.jpg\" alt=\"\" width=\"300\" height=\"225\" srcset=\"https:\/\/evileu.de\/geschenkboutique\/wp-content\/uploads\/2024\/02\/herbstblattl_weiss-300x225.jpg 300w, https:\/\/evileu.de\/geschenkboutique\/wp-content\/uploads\/2024\/02\/herbstblattl_weiss-1024x768.jpg 1024w, https:\/\/evileu.de\/geschenkboutique\/wp-content\/uploads\/2024\/02\/herbstblattl_weiss-768x576.jpg 768w, https:\/\/evileu.de\/geschenkboutique\/wp-content\/uploads\/2024\/02\/herbstblattl_weiss-1536x1152.jpg 1536w, https:\/\/evileu.de\/geschenkboutique\/wp-content\/uploads\/2024\/02\/herbstblattl_weiss.jpg 1600w\" sizes=\"auto, (max-width: 300px) 100vw, 300px\" \/><\/p>\n<p>&nbsp;<\/p>\n","protected":false},"excerpt":{"rendered":"<p>Die Herbstblattl mit dem sch\u00f6nen Ajourmuster auf dem Handr\u00fccken habe ich selbst entworfen. Sie sind ebenso attraktiv wie praktisch, man hat die Finger frei f\u00fcr Schl\u00fcssel, Geldbeutel und Smartphone und hat trotzdem warme H\u00e4nde. Die Herbstblattl passen auf H\u00e4nde Gr\u00f6\u00dfe M-L. Ich habe sie in vielen sch\u00f6nen Farben vorr\u00e4tig, stricke sie aber auch gern in &hellip; <a href=\"https:\/\/evileu.de\/geschenkboutique\/herbstblattl\/\" class=\"more-link\"><span class=\"screen-reader-text\">Herbstblattl<\/span> weiterlesen <span class=\"meta-nav\">&rarr;<\/span><\/a><\/p>\n","protected":false},"author":1,"featured_media":0,"parent":0,"menu_order":4,"comment_status":"closed","ping_status":"closed","template":"","meta":{"footnotes":""},"class_list":["post-49","page","type-page","status-publish","hentry"],"_links":{"self":[{"href":"https:\/\/evileu.de\/geschenkboutique\/wp-json\/wp\/v2\/pages\/49","targetHints":{"allow":["GET"]}}],"collection":[{"href":"https:\/\/evileu.de\/geschenkboutique\/wp-json\/wp\/v2\/pages"}],"about":[{"href":"https:\/\/evileu.de\/geschenkboutique\/wp-json\/wp\/v2\/types\/page"}],"author":[{"embeddable":true,"href":"https:\/\/evileu.de\/geschenkboutique\/wp-json\/wp\/v2\/users\/1"}],"replies":[{"embeddable":true,"href":"https:\/\/evileu.de\/geschenkboutique\/wp-json\/wp\/v2\/comments?post=49"}],"version-history":[{"count":5,"href":"https:\/\/evileu.de\/geschenkboutique\/wp-json\/wp\/v2\/pages\/49\/revisions"}],"predecessor-version":[{"id":114,"href":"https:\/\/evileu.de\/geschenkboutique\/wp-json\/wp\/v2\/pages\/49\/revisions\/114"}],"wp:attachment":[{"href":"https:\/\/evileu.de\/geschenkboutique\/wp-json\/wp\/v2\/media?parent=49"}],"curies":[{"name":"wp","href":"https:\/\/api.w.org\/{rel}","templated":true}]}}