{"id":35,"date":"2024-02-21T12:07:53","date_gmt":"2024-02-21T11:07:53","guid":{"rendered":"https:\/\/evileu.de\/geschenkboutique\/?page_id=35"},"modified":"2025-11-02T16:55:08","modified_gmt":"2025-11-02T15:55:08","slug":"vodoo-baerchen","status":"publish","type":"page","link":"https:\/\/evileu.de\/geschenkboutique\/vodoo-baerchen\/","title":{"rendered":"Vodoo-B\u00e4rchen"},"content":{"rendered":"<p><img loading=\"lazy\" decoding=\"async\" class=\"alignnone wp-image-36 size-full\" src=\"https:\/\/evileu.de\/geschenkboutique\/wp-content\/uploads\/2024\/02\/Vodoobaerchen-schwarzweiss.jpg\" alt=\"Vodoo-B\u00e4rchen\" width=\"593\" height=\"480\" srcset=\"https:\/\/evileu.de\/geschenkboutique\/wp-content\/uploads\/2024\/02\/Vodoobaerchen-schwarzweiss.jpg 593w, https:\/\/evileu.de\/geschenkboutique\/wp-content\/uploads\/2024\/02\/Vodoobaerchen-schwarzweiss-300x243.jpg 300w\" sizes=\"auto, (max-width: 593px) 100vw, 593px\" \/><\/p>\n<p>Vodoo-B\u00e4rchen sind kosmische Blitzableiter und hilfreich in vielen Krisensituationen. Sie leiten das schlechte Karma ab, das helle B\u00e4rchen nach oben, das dunkle B\u00e4rchen nach unten. Es gibt sie deswegen nur als P\u00e4rchen. Man darf sie nicht trennen, das w\u00e4re schlechtes Juju und nicht ratsam.<\/p>\n<p>Die B\u00e4rchen sind aus hochwertiger 75 % Schurwolle mit 25 % Polyester gestrickt und mit strapazierf\u00e4higer Polyesterwatte gef\u00fcllt.\u00a0 Im Fall des Falles kann man sie auch in der Maschine waschen. Sie sind ca. 18-20 cm gross. Es gibt sie in schwarz\/weiss und in verschiedenen hell\/dunkel Farben, besonders sch\u00f6n sind die speziellen Rainbow-B\u00e4rchen, die aus leuchtend farbiger Regenbogenwolle mit einem hellen bzw. dunklen Farbton kombiniert gestrickt werden.<\/p>\n<p><img loading=\"lazy\" decoding=\"async\" class=\"alignnone wp-image-42 size-full\" src=\"https:\/\/evileu.de\/geschenkboutique\/wp-content\/uploads\/2024\/02\/Herz.jpg\" alt=\"Herz\" width=\"640\" height=\"480\" srcset=\"https:\/\/evileu.de\/geschenkboutique\/wp-content\/uploads\/2024\/02\/Herz.jpg 640w, https:\/\/evileu.de\/geschenkboutique\/wp-content\/uploads\/2024\/02\/Herz-300x225.jpg 300w\" sizes=\"auto, (max-width: 640px) 100vw, 640px\" \/><\/p>\n<p>Die Vodoo-B\u00e4rchen werden nur paarweise abgegeben und kosten 20 \u20ac das P\u00e4rle.\u00a0 F\u00fcr den Versand als P\u00e4ckchen per DHL berechne ich pauschal 6 \u20ac f\u00fcr Porto und Verpackung.<\/p>\n","protected":false},"excerpt":{"rendered":"<p>Vodoo-B\u00e4rchen sind kosmische Blitzableiter und hilfreich in vielen Krisensituationen. Sie leiten das schlechte Karma ab, das helle B\u00e4rchen nach oben, das dunkle B\u00e4rchen nach unten. Es gibt sie deswegen nur als P\u00e4rchen. Man darf sie nicht trennen, das w\u00e4re schlechtes Juju und nicht ratsam. Die B\u00e4rchen sind aus hochwertiger 75 % Schurwolle mit 25 % &hellip; <a href=\"https:\/\/evileu.de\/geschenkboutique\/vodoo-baerchen\/\" class=\"more-link\"><span class=\"screen-reader-text\">Vodoo-B\u00e4rchen<\/span> weiterlesen <span class=\"meta-nav\">&rarr;<\/span><\/a><\/p>\n","protected":false},"author":1,"featured_media":0,"parent":0,"menu_order":3,"comment_status":"closed","ping_status":"closed","template":"","meta":{"footnotes":""},"class_list":["post-35","page","type-page","status-publish","hentry"],"_links":{"self":[{"href":"https:\/\/evileu.de\/geschenkboutique\/wp-json\/wp\/v2\/pages\/35","targetHints":{"allow":["GET"]}}],"collection":[{"href":"https:\/\/evileu.de\/geschenkboutique\/wp-json\/wp\/v2\/pages"}],"about":[{"href":"https:\/\/evileu.de\/geschenkboutique\/wp-json\/wp\/v2\/types\/page"}],"author":[{"embeddable":true,"href":"https:\/\/evileu.de\/geschenkboutique\/wp-json\/wp\/v2\/users\/1"}],"replies":[{"embeddable":true,"href":"https:\/\/evileu.de\/geschenkboutique\/wp-json\/wp\/v2\/comments?post=35"}],"version-history":[{"count":8,"href":"https:\/\/evileu.de\/geschenkboutique\/wp-json\/wp\/v2\/pages\/35\/revisions"}],"predecessor-version":[{"id":257,"href":"https:\/\/evileu.de\/geschenkboutique\/wp-json\/wp\/v2\/pages\/35\/revisions\/257"}],"wp:attachment":[{"href":"https:\/\/evileu.de\/geschenkboutique\/wp-json\/wp\/v2\/media?parent=35"}],"curies":[{"name":"wp","href":"https:\/\/api.w.org\/{rel}","templated":true}]}}