{"id":259,"date":"2025-11-15T13:42:28","date_gmt":"2025-11-15T12:42:28","guid":{"rendered":"https:\/\/evileu.de\/geschenkboutique\/?page_id=259"},"modified":"2025-11-15T15:58:15","modified_gmt":"2025-11-15T14:58:15","slug":"kleine-miezekatzen","status":"publish","type":"page","link":"https:\/\/evileu.de\/geschenkboutique\/kleine-miezekatzen\/","title":{"rendered":"Kleine Miezekatzen"},"content":{"rendered":"<p>Kleine Miezekatzen sind von Natur aus sonnige Gem\u00fcter und stimmen ihr ganze Umgebung fr\u00f6hlich. Sie umarmen die ganze Welt und verbreiten helle Stimmung \u00fcberall. Sie haben es gern, wenn man sie am B\u00e4uchlein krault und zwischen den Ohren streichelt, und schnurren ganz wohlig wenn sie geknuddelt werden. Kleine Miezekatzen sind Gl\u00fccksbringer und Stimmungsaufheller, und \u00fcberall besonders n\u00fctzlich wo Tr\u00fcbsinn droht. Denn wo kleine Miezekatzen zuhause sind, hat Tr\u00fcbsal keine Chance!<\/p>\n<p><img loading=\"lazy\" decoding=\"async\" class=\"alignnone size-medium wp-image-261\" src=\"https:\/\/evileu.de\/geschenkboutique\/wp-content\/uploads\/2025\/11\/Roeschen-225x300.jpg\" alt=\"R\u00f6schen\" width=\"225\" height=\"300\" srcset=\"https:\/\/evileu.de\/geschenkboutique\/wp-content\/uploads\/2025\/11\/Roeschen-225x300.jpg 225w, https:\/\/evileu.de\/geschenkboutique\/wp-content\/uploads\/2025\/11\/Roeschen-768x1024.jpg 768w, https:\/\/evileu.de\/geschenkboutique\/wp-content\/uploads\/2025\/11\/Roeschen-1152x1536.jpg 1152w, https:\/\/evileu.de\/geschenkboutique\/wp-content\/uploads\/2025\/11\/Roeschen-1536x2048.jpg 1536w, https:\/\/evileu.de\/geschenkboutique\/wp-content\/uploads\/2025\/11\/Roeschen-scaled.jpg 1920w\" sizes=\"auto, (max-width: 225px) 100vw, 225px\" \/><\/p>\n<p>R\u00f6schen ist Arzthelferin und hilft in der Praxis von Frau Dr. B.<\/p>\n<p><img loading=\"lazy\" decoding=\"async\" class=\"alignnone size-medium wp-image-262\" src=\"https:\/\/evileu.de\/geschenkboutique\/wp-content\/uploads\/2025\/11\/flori-225x300.jpg\" alt=\"flori\" width=\"225\" height=\"300\" srcset=\"https:\/\/evileu.de\/geschenkboutique\/wp-content\/uploads\/2025\/11\/flori-225x300.jpg 225w, https:\/\/evileu.de\/geschenkboutique\/wp-content\/uploads\/2025\/11\/flori-768x1024.jpg 768w, https:\/\/evileu.de\/geschenkboutique\/wp-content\/uploads\/2025\/11\/flori-1152x1536.jpg 1152w, https:\/\/evileu.de\/geschenkboutique\/wp-content\/uploads\/2025\/11\/flori-1536x2048.jpg 1536w, https:\/\/evileu.de\/geschenkboutique\/wp-content\/uploads\/2025\/11\/flori-scaled.jpg 1920w\" sizes=\"auto, (max-width: 225px) 100vw, 225px\" \/><\/p>\n<p>Flori ist ein gstandener bairischer M\u00e4usef\u00e4nger und ist der kleine Bruder vom R\u00f6schen.<\/p>\n<p><img loading=\"lazy\" decoding=\"async\" class=\"alignnone size-medium wp-image-263\" src=\"https:\/\/evileu.de\/geschenkboutique\/wp-content\/uploads\/2025\/11\/lavendolina-225x300.jpg\" alt=\"lavendolina\" width=\"225\" height=\"300\" srcset=\"https:\/\/evileu.de\/geschenkboutique\/wp-content\/uploads\/2025\/11\/lavendolina-225x300.jpg 225w, https:\/\/evileu.de\/geschenkboutique\/wp-content\/uploads\/2025\/11\/lavendolina-768x1024.jpg 768w, https:\/\/evileu.de\/geschenkboutique\/wp-content\/uploads\/2025\/11\/lavendolina-1152x1536.jpg 1152w, https:\/\/evileu.de\/geschenkboutique\/wp-content\/uploads\/2025\/11\/lavendolina-1536x2048.jpg 1536w, https:\/\/evileu.de\/geschenkboutique\/wp-content\/uploads\/2025\/11\/lavendolina-scaled.jpg 1920w\" sizes=\"auto, (max-width: 225px) 100vw, 225px\" \/><\/p>\n<p>Lavendolina kommt aus Frankreich und ist als Au Pair hier. Sie spricht schon sehr gut bairisch.<\/p>\n<p><img loading=\"lazy\" decoding=\"async\" class=\"alignnone size-medium wp-image-264\" src=\"https:\/\/evileu.de\/geschenkboutique\/wp-content\/uploads\/2025\/11\/limonellie-225x300.jpg\" alt=\"limonellie\" width=\"225\" height=\"300\" srcset=\"https:\/\/evileu.de\/geschenkboutique\/wp-content\/uploads\/2025\/11\/limonellie-225x300.jpg 225w, https:\/\/evileu.de\/geschenkboutique\/wp-content\/uploads\/2025\/11\/limonellie-rotated.jpg 480w\" sizes=\"auto, (max-width: 225px) 100vw, 225px\" \/><\/p>\n<p>Limonellie ist die Cousine aus Italien, sie ist mit dem Zug \u00fcber den Brenner gekommen.<\/p>\n<p><img loading=\"lazy\" decoding=\"async\" class=\"alignnone size-medium wp-image-265\" src=\"https:\/\/evileu.de\/geschenkboutique\/wp-content\/uploads\/2025\/11\/tom-225x300.jpg\" alt=\"major tom\" width=\"225\" height=\"300\" srcset=\"https:\/\/evileu.de\/geschenkboutique\/wp-content\/uploads\/2025\/11\/tom-225x300.jpg 225w, https:\/\/evileu.de\/geschenkboutique\/wp-content\/uploads\/2025\/11\/tom-rotated.jpg 480w\" sizes=\"auto, (max-width: 225px) 100vw, 225px\" \/><\/p>\n<p>Major Tom ist v\u00f6llig losgel\u00f6st. Er fliegt zu Chrys und freut sich schon auf die coole Gesellschaft.<\/p>\n<p><img loading=\"lazy\" decoding=\"async\" class=\"alignnone size-medium wp-image-266\" src=\"https:\/\/evileu.de\/geschenkboutique\/wp-content\/uploads\/2025\/11\/rosie-225x300.jpg\" alt=\"rosie\" width=\"225\" height=\"300\" srcset=\"https:\/\/evileu.de\/geschenkboutique\/wp-content\/uploads\/2025\/11\/rosie-225x300.jpg 225w, https:\/\/evileu.de\/geschenkboutique\/wp-content\/uploads\/2025\/11\/rosie-rotated.jpg 480w\" sizes=\"auto, (max-width: 225px) 100vw, 225px\" \/><\/p>\n<p>Rosie kommt von der gr\u00fcnen Insel und arbeitet in der G\u00e4rtnerei. Dort h\u00e4lt sie die Gew\u00e4chsh\u00e4user mausfrei.<\/p>\n<p><img loading=\"lazy\" decoding=\"async\" class=\"alignnone size-medium wp-image-267\" src=\"https:\/\/evileu.de\/geschenkboutique\/wp-content\/uploads\/2025\/11\/Sonny-225x300.jpg\" alt=\"sonny\" width=\"225\" height=\"300\" srcset=\"https:\/\/evileu.de\/geschenkboutique\/wp-content\/uploads\/2025\/11\/Sonny-225x300.jpg 225w, https:\/\/evileu.de\/geschenkboutique\/wp-content\/uploads\/2025\/11\/Sonny-768x1024.jpg 768w, https:\/\/evileu.de\/geschenkboutique\/wp-content\/uploads\/2025\/11\/Sonny-1152x1536.jpg 1152w, https:\/\/evileu.de\/geschenkboutique\/wp-content\/uploads\/2025\/11\/Sonny-1536x2048.jpg 1536w, https:\/\/evileu.de\/geschenkboutique\/wp-content\/uploads\/2025\/11\/Sonny-scaled.jpg 1920w\" sizes=\"auto, (max-width: 225px) 100vw, 225px\" \/><\/p>\n<p>Sonny ist als Austauschsch\u00fcler \u00fcber den gro\u00dfen Teich gekommen. Er macht hier sein Abitur und m\u00f6chte an der LMU studieren.<\/p>\n<p><img loading=\"lazy\" decoding=\"async\" class=\"alignnone size-medium wp-image-268\" src=\"https:\/\/evileu.de\/geschenkboutique\/wp-content\/uploads\/2025\/11\/lilli-225x300.jpg\" alt=\"lilli\" width=\"225\" height=\"300\" srcset=\"https:\/\/evileu.de\/geschenkboutique\/wp-content\/uploads\/2025\/11\/lilli-225x300.jpg 225w, https:\/\/evileu.de\/geschenkboutique\/wp-content\/uploads\/2025\/11\/lilli-768x1024.jpg 768w, https:\/\/evileu.de\/geschenkboutique\/wp-content\/uploads\/2025\/11\/lilli-1152x1536.jpg 1152w, https:\/\/evileu.de\/geschenkboutique\/wp-content\/uploads\/2025\/11\/lilli-1536x2048.jpg 1536w, https:\/\/evileu.de\/geschenkboutique\/wp-content\/uploads\/2025\/11\/lilli-scaled.jpg 1920w\" sizes=\"auto, (max-width: 225px) 100vw, 225px\" \/><\/p>\n<p>Lilli ist die Stadionkatze. Sie ist auf dem gr\u00fcnen Rasen zuhause und hat noch nie ein Spiel vers\u00e4umt.<\/p>\n<p><img loading=\"lazy\" decoding=\"async\" class=\"alignnone size-medium wp-image-269\" src=\"https:\/\/evileu.de\/geschenkboutique\/wp-content\/uploads\/2025\/11\/toni-225x300.jpg\" alt=\"toni\" width=\"225\" height=\"300\" srcset=\"https:\/\/evileu.de\/geschenkboutique\/wp-content\/uploads\/2025\/11\/toni-225x300.jpg 225w, https:\/\/evileu.de\/geschenkboutique\/wp-content\/uploads\/2025\/11\/toni-rotated.jpg 480w\" sizes=\"auto, (max-width: 225px) 100vw, 225px\" \/><\/p>\n<p>Toni kommt jeden Herbst aus S\u00fcdtirol und hilft hier beim Maronibrater in der Weissenburger Strasse, direkt beim Haidhauser Weihnachtsmarkt.<\/p>\n<p><img loading=\"lazy\" decoding=\"async\" class=\"alignnone size-medium wp-image-274\" src=\"https:\/\/evileu.de\/geschenkboutique\/wp-content\/uploads\/2025\/11\/Ali-225x300.jpg\" alt=\"ali\" width=\"225\" height=\"300\" srcset=\"https:\/\/evileu.de\/geschenkboutique\/wp-content\/uploads\/2025\/11\/Ali-225x300.jpg 225w, https:\/\/evileu.de\/geschenkboutique\/wp-content\/uploads\/2025\/11\/Ali-rotated.jpg 480w\" sizes=\"auto, (max-width: 225px) 100vw, 225px\" \/><\/p>\n<p>Prinz Ali ist ein echter Perser und wohnt in Nymphenburg. Der Schlo\u00dfpark ist sein Revier.<\/p>\n","protected":false},"excerpt":{"rendered":"<p>Kleine Miezekatzen sind von Natur aus sonnige Gem\u00fcter und stimmen ihr ganze Umgebung fr\u00f6hlich. Sie umarmen die ganze Welt und verbreiten helle Stimmung \u00fcberall. Sie haben es gern, wenn man sie am B\u00e4uchlein krault und zwischen den Ohren streichelt, und schnurren ganz wohlig wenn sie geknuddelt werden. Kleine Miezekatzen sind Gl\u00fccksbringer und Stimmungsaufheller, und \u00fcberall &hellip; <a href=\"https:\/\/evileu.de\/geschenkboutique\/kleine-miezekatzen\/\" class=\"more-link\"><span class=\"screen-reader-text\">Kleine Miezekatzen<\/span> weiterlesen <span class=\"meta-nav\">&rarr;<\/span><\/a><\/p>\n","protected":false},"author":1,"featured_media":0,"parent":0,"menu_order":11,"comment_status":"closed","ping_status":"closed","template":"","meta":{"footnotes":""},"class_list":["post-259","page","type-page","status-publish","hentry"],"_links":{"self":[{"href":"https:\/\/evileu.de\/geschenkboutique\/wp-json\/wp\/v2\/pages\/259","targetHints":{"allow":["GET"]}}],"collection":[{"href":"https:\/\/evileu.de\/geschenkboutique\/wp-json\/wp\/v2\/pages"}],"about":[{"href":"https:\/\/evileu.de\/geschenkboutique\/wp-json\/wp\/v2\/types\/page"}],"author":[{"embeddable":true,"href":"https:\/\/evileu.de\/geschenkboutique\/wp-json\/wp\/v2\/users\/1"}],"replies":[{"embeddable":true,"href":"https:\/\/evileu.de\/geschenkboutique\/wp-json\/wp\/v2\/comments?post=259"}],"version-history":[{"count":5,"href":"https:\/\/evileu.de\/geschenkboutique\/wp-json\/wp\/v2\/pages\/259\/revisions"}],"predecessor-version":[{"id":275,"href":"https:\/\/evileu.de\/geschenkboutique\/wp-json\/wp\/v2\/pages\/259\/revisions\/275"}],"wp:attachment":[{"href":"https:\/\/evileu.de\/geschenkboutique\/wp-json\/wp\/v2\/media?parent=259"}],"curies":[{"name":"wp","href":"https:\/\/api.w.org\/{rel}","templated":true}]}}