{"id":210,"date":"2024-03-07T02:50:13","date_gmt":"2024-03-07T01:50:13","guid":{"rendered":"https:\/\/evileu.de\/geschenkboutique\/?page_id=210"},"modified":"2025-11-02T13:48:20","modified_gmt":"2025-11-02T12:48:20","slug":"kleine-grolle","status":"publish","type":"page","link":"https:\/\/evileu.de\/geschenkboutique\/kleine-grolle\/","title":{"rendered":"Kleine Grolle"},"content":{"rendered":"<p><img loading=\"lazy\" decoding=\"async\" class=\"alignnone size-medium wp-image-213\" src=\"https:\/\/evileu.de\/geschenkboutique\/wp-content\/uploads\/2024\/03\/ein-kleiner-GRoll-225x300.jpg\" alt=\"ein kleiner GRoll\" width=\"225\" height=\"300\" srcset=\"https:\/\/evileu.de\/geschenkboutique\/wp-content\/uploads\/2024\/03\/ein-kleiner-GRoll-225x300.jpg 225w, https:\/\/evileu.de\/geschenkboutique\/wp-content\/uploads\/2024\/03\/ein-kleiner-GRoll.jpg 480w\" sizes=\"auto, (max-width: 225px) 100vw, 225px\" \/><\/p>\n<p>Kleine Grolle muss man hegen und pflegen, man n\u00e4hrt und verh\u00e4tschelt sie, so da\u00df sie recht lange bei einem bleiben und sich wohlf\u00fchlen und gedeihen. Kleine Grolle haben riesengrosse Glubschaugen, so dass ihnen nichts entgeht, und sie haben eine gro\u00dfe Klappe und sind manchmal ein bisschen vorlaut. Kleine Grolle gibt es in grau und braun, also so Kieselsteinfarben. <img loading=\"lazy\" decoding=\"async\" class=\"alignnone size-medium wp-image-212\" src=\"https:\/\/evileu.de\/geschenkboutique\/wp-content\/uploads\/2024\/03\/4_monsterchen-300x225.jpg\" alt=\"4 kleine grolle\" width=\"300\" height=\"225\" srcset=\"https:\/\/evileu.de\/geschenkboutique\/wp-content\/uploads\/2024\/03\/4_monsterchen-300x225.jpg 300w, https:\/\/evileu.de\/geschenkboutique\/wp-content\/uploads\/2024\/03\/4_monsterchen-1024x768.jpg 1024w, https:\/\/evileu.de\/geschenkboutique\/wp-content\/uploads\/2024\/03\/4_monsterchen-768x576.jpg 768w, https:\/\/evileu.de\/geschenkboutique\/wp-content\/uploads\/2024\/03\/4_monsterchen-1536x1152.jpg 1536w, https:\/\/evileu.de\/geschenkboutique\/wp-content\/uploads\/2024\/03\/4_monsterchen.jpg 1600w\" sizes=\"auto, (max-width: 300px) 100vw, 300px\" \/><\/p>\n<p>Man hat aber auch schon bunte kleine Grolle gesehen, die sind f\u00fcr Kinder und f\u00fcr Leute, die eine Aufmunterung brauchen.<\/p>\n<p><img loading=\"lazy\" decoding=\"async\" class=\"alignnone size-medium wp-image-254\" src=\"https:\/\/evileu.de\/geschenkboutique\/wp-content\/uploads\/2025\/11\/Regenbogengrolle-300x100.jpg\" alt=\"Regenbogengrolle\" width=\"300\" height=\"100\" srcset=\"https:\/\/evileu.de\/geschenkboutique\/wp-content\/uploads\/2025\/11\/Regenbogengrolle-300x100.jpg 300w, https:\/\/evileu.de\/geschenkboutique\/wp-content\/uploads\/2025\/11\/Regenbogengrolle.jpg 640w\" sizes=\"auto, (max-width: 300px) 100vw, 300px\" \/><\/p>\n<p>Kleine Grolle sind mit Wollresten gef\u00fcllt und man kann sie auch mal an die Wand pfeffern oder ordentlich knautschen, die k\u00f6nnen das ab.<\/p>\n<p>Ein kleiner Groll kostet 7 \u20ac, dazu kommen 4 \u20ac f\u00fcr den Versand in einer stabilen Versandtasche mit der normalen Post als Warensendung.<\/p>\n","protected":false},"excerpt":{"rendered":"<p>Kleine Grolle muss man hegen und pflegen, man n\u00e4hrt und verh\u00e4tschelt sie, so da\u00df sie recht lange bei einem bleiben und sich wohlf\u00fchlen und gedeihen. Kleine Grolle haben riesengrosse Glubschaugen, so dass ihnen nichts entgeht, und sie haben eine gro\u00dfe Klappe und sind manchmal ein bisschen vorlaut. Kleine Grolle gibt es in grau und braun, &hellip; <a href=\"https:\/\/evileu.de\/geschenkboutique\/kleine-grolle\/\" class=\"more-link\"><span class=\"screen-reader-text\">Kleine Grolle<\/span> weiterlesen <span class=\"meta-nav\">&rarr;<\/span><\/a><\/p>\n","protected":false},"author":1,"featured_media":0,"parent":0,"menu_order":10,"comment_status":"closed","ping_status":"closed","template":"","meta":{"footnotes":""},"class_list":["post-210","page","type-page","status-publish","hentry"],"_links":{"self":[{"href":"https:\/\/evileu.de\/geschenkboutique\/wp-json\/wp\/v2\/pages\/210","targetHints":{"allow":["GET"]}}],"collection":[{"href":"https:\/\/evileu.de\/geschenkboutique\/wp-json\/wp\/v2\/pages"}],"about":[{"href":"https:\/\/evileu.de\/geschenkboutique\/wp-json\/wp\/v2\/types\/page"}],"author":[{"embeddable":true,"href":"https:\/\/evileu.de\/geschenkboutique\/wp-json\/wp\/v2\/users\/1"}],"replies":[{"embeddable":true,"href":"https:\/\/evileu.de\/geschenkboutique\/wp-json\/wp\/v2\/comments?post=210"}],"version-history":[{"count":5,"href":"https:\/\/evileu.de\/geschenkboutique\/wp-json\/wp\/v2\/pages\/210\/revisions"}],"predecessor-version":[{"id":256,"href":"https:\/\/evileu.de\/geschenkboutique\/wp-json\/wp\/v2\/pages\/210\/revisions\/256"}],"wp:attachment":[{"href":"https:\/\/evileu.de\/geschenkboutique\/wp-json\/wp\/v2\/media?parent=210"}],"curies":[{"name":"wp","href":"https:\/\/api.w.org\/{rel}","templated":true}]}}