{"id":136,"date":"2024-02-24T08:39:20","date_gmt":"2024-02-24T07:39:20","guid":{"rendered":"https:\/\/evileu.de\/geschenkboutique\/?page_id=136"},"modified":"2024-02-24T08:42:09","modified_gmt":"2024-02-24T07:42:09","slug":"julias-wollmaeuse","status":"publish","type":"page","link":"https:\/\/evileu.de\/geschenkboutique\/julias-wollmaeuse\/","title":{"rendered":"Julia&#8217;s Wollm\u00e4use"},"content":{"rendered":"<p><img loading=\"lazy\" decoding=\"async\" class=\"alignnone size-medium wp-image-137\" src=\"https:\/\/evileu.de\/geschenkboutique\/wp-content\/uploads\/2024\/02\/Maus-Pink-300x259.jpg\" alt=\"Maus Pink\" width=\"300\" height=\"259\" srcset=\"https:\/\/evileu.de\/geschenkboutique\/wp-content\/uploads\/2024\/02\/Maus-Pink-300x259.jpg 300w, https:\/\/evileu.de\/geschenkboutique\/wp-content\/uploads\/2024\/02\/Maus-Pink.jpg 557w\" sizes=\"auto, (max-width: 300px) 100vw, 300px\" \/><\/p>\n<p>Meine gute Freundin Julia Arend hat mir erlaubt, ihre zauberhaften Wollm\u00e4use f\u00fcr den exklusiven Verkauf in der Geschenkboutique nachzustricken. Besuchen sie <a href=\"https:\/\/julia-arend-handgestrickt.de\/\">Julia&#8217;s Homepage<\/a>, dort finden sich ausser zwei entz\u00fcckenden Wollmaus-Fotostories auch die Anleitungen zum Nachstricken!<\/p>\n<p>Es gibt graue und braune M\u00e4use:<\/p>\n<p><img loading=\"lazy\" decoding=\"async\" class=\"alignnone size-medium wp-image-138\" src=\"https:\/\/evileu.de\/geschenkboutique\/wp-content\/uploads\/2024\/02\/meinemaeuse-300x122.jpg\" alt=\"meinem\u00e4use\" width=\"300\" height=\"122\" srcset=\"https:\/\/evileu.de\/geschenkboutique\/wp-content\/uploads\/2024\/02\/meinemaeuse-300x122.jpg 300w, https:\/\/evileu.de\/geschenkboutique\/wp-content\/uploads\/2024\/02\/meinemaeuse.jpg 637w\" sizes=\"auto, (max-width: 300px) 100vw, 300px\" \/><\/p>\n<p>Und es gibt fr\u00f6hlich bunte Regenbogenm\u00e4use:<\/p>\n<p><img loading=\"lazy\" decoding=\"async\" class=\"alignnone size-medium wp-image-139\" src=\"https:\/\/evileu.de\/geschenkboutique\/wp-content\/uploads\/2024\/02\/Regenbogenmaeuse-300x150.png\" alt=\"Regenbogenm\u00e4use\" width=\"300\" height=\"150\" srcset=\"https:\/\/evileu.de\/geschenkboutique\/wp-content\/uploads\/2024\/02\/Regenbogenmaeuse-300x150.png 300w, https:\/\/evileu.de\/geschenkboutique\/wp-content\/uploads\/2024\/02\/Regenbogenmaeuse.png 519w\" sizes=\"auto, (max-width: 300px) 100vw, 300px\" \/><\/p>\n<p>Die M\u00e4use werden von mir aus feinem hochwertigen Markengarn gestrickt. Sie sind winzig (ca. 3-4 cm hoch) und eignen sich toll als aufmunterndes kleines Geschenk, um jemanden den man mag zum Schmunzeln zu bringen. Sie tummeln sich gern auf Schreibtischen und Nachttischen, auch in dekorierten Blumen-Schalen wurden sie schon gesichtet!<\/p>\n<p>Eine Wollmaus kostet 7 \u20ac, dazu kommen 3 \u20ac Versand per Briefpost im wattierten Umschlag. In einen Umschlag passen bis zu 3 M\u00e4use, der Versand wird dann nur einmal berechnet.<\/p>\n<p><img loading=\"lazy\" decoding=\"async\" class=\"alignnone size-medium wp-image-140\" src=\"https:\/\/evileu.de\/geschenkboutique\/wp-content\/uploads\/2024\/02\/DSCN0192-300x225.jpg\" alt=\"Gr\u00f6\u00dfenvergleich Feuerzeug\" width=\"300\" height=\"225\" srcset=\"https:\/\/evileu.de\/geschenkboutique\/wp-content\/uploads\/2024\/02\/DSCN0192-300x225.jpg 300w, https:\/\/evileu.de\/geschenkboutique\/wp-content\/uploads\/2024\/02\/DSCN0192-1024x768.jpg 1024w, https:\/\/evileu.de\/geschenkboutique\/wp-content\/uploads\/2024\/02\/DSCN0192-768x576.jpg 768w, https:\/\/evileu.de\/geschenkboutique\/wp-content\/uploads\/2024\/02\/DSCN0192-1536x1152.jpg 1536w, https:\/\/evileu.de\/geschenkboutique\/wp-content\/uploads\/2024\/02\/DSCN0192.jpg 1600w\" sizes=\"auto, (max-width: 300px) 100vw, 300px\" \/><\/p>\n","protected":false},"excerpt":{"rendered":"<p>Meine gute Freundin Julia Arend hat mir erlaubt, ihre zauberhaften Wollm\u00e4use f\u00fcr den exklusiven Verkauf in der Geschenkboutique nachzustricken. Besuchen sie Julia&#8217;s Homepage, dort finden sich ausser zwei entz\u00fcckenden Wollmaus-Fotostories auch die Anleitungen zum Nachstricken! Es gibt graue und braune M\u00e4use: Und es gibt fr\u00f6hlich bunte Regenbogenm\u00e4use: Die M\u00e4use werden von mir aus feinem hochwertigen &hellip; <a href=\"https:\/\/evileu.de\/geschenkboutique\/julias-wollmaeuse\/\" class=\"more-link\"><span class=\"screen-reader-text\">Julia&#8217;s Wollm\u00e4use<\/span> weiterlesen <span class=\"meta-nav\">&rarr;<\/span><\/a><\/p>\n","protected":false},"author":1,"featured_media":0,"parent":0,"menu_order":8,"comment_status":"closed","ping_status":"closed","template":"","meta":{"footnotes":""},"class_list":["post-136","page","type-page","status-publish","hentry"],"_links":{"self":[{"href":"https:\/\/evileu.de\/geschenkboutique\/wp-json\/wp\/v2\/pages\/136","targetHints":{"allow":["GET"]}}],"collection":[{"href":"https:\/\/evileu.de\/geschenkboutique\/wp-json\/wp\/v2\/pages"}],"about":[{"href":"https:\/\/evileu.de\/geschenkboutique\/wp-json\/wp\/v2\/types\/page"}],"author":[{"embeddable":true,"href":"https:\/\/evileu.de\/geschenkboutique\/wp-json\/wp\/v2\/users\/1"}],"replies":[{"embeddable":true,"href":"https:\/\/evileu.de\/geschenkboutique\/wp-json\/wp\/v2\/comments?post=136"}],"version-history":[{"count":2,"href":"https:\/\/evileu.de\/geschenkboutique\/wp-json\/wp\/v2\/pages\/136\/revisions"}],"predecessor-version":[{"id":142,"href":"https:\/\/evileu.de\/geschenkboutique\/wp-json\/wp\/v2\/pages\/136\/revisions\/142"}],"wp:attachment":[{"href":"https:\/\/evileu.de\/geschenkboutique\/wp-json\/wp\/v2\/media?parent=136"}],"curies":[{"name":"wp","href":"https:\/\/api.w.org\/{rel}","templated":true}]}}